{"id":39605,"date":"2025-08-17T23:31:09","date_gmt":"2025-08-17T20:31:09","guid":{"rendered":"https:\/\/bionia.bio\/?post_type=product&#038;p=39605"},"modified":"2025-08-17T23:52:29","modified_gmt":"2025-08-17T20:52:29","slug":"ghimbir-bio-pudra-%e2%84%ae-150-g","status":"publish","type":"product","link":"https:\/\/bionia.bio\/ro\/product\/ghimbir-bio-pudra-%e2%84%ae-150-g\/","title":{"rendered":"GHIMBIR BIO pudr\u0103 \u2013 \u212e 150 g"},"content":{"rendered":"<p data-start=\"33\" data-end=\"75\"><strong data-start=\"33\" data-end=\"73\">GHIMBIR BIO pudr\u0103, BIO GINGER powder<\/strong><\/p>\n<p data-start=\"77\" data-end=\"109\"><em><strong data-start=\"77\" data-end=\"107\">Zingiber officinale Roscoe<\/strong><\/em><\/p>\n<p data-start=\"111\" data-end=\"211\">F\u0102R\u0102 OMG. F\u0102R\u0102 gluten. F\u0102R\u0102 alergeni. F\u0102R\u0102 radia\u021bii ionizante. F\u0103r\u0103 aditivi \u0219i conservan\u021bi. Vegan.<\/p>\n<p data-start=\"213\" data-end=\"509\">Ghimbrul bio (Zingiber officinale) este r\u0103d\u0103cin\u0103 uscat\u0103 m\u0103cinat\u0103, folosit\u0103 tradi\u021bional \u00een medicina natural\u0103 pentru sus\u021binerea sistemului digestiv, a imunit\u0103\u021bii \u0219i men\u021binerea vitalit\u0103\u021bii. Con\u021bine substan\u021be bioactive naturale, precum gingeroli \u0219i shogaoli, care contribuie la bun\u0103starea general\u0103.<\/p>\n<p data-start=\"511\" data-end=\"616\"><strong data-start=\"511\" data-end=\"527\">Ingrediente:<\/strong> 100% r\u0103d\u0103cin\u0103 de ghimbir* pudr\u0103. \u212e 150 g<br data-start=\"568\" data-end=\"571\" \/>*Produs provenit din agricultur\u0103 ecologic\u0103.<\/p>\n<p data-start=\"618\" data-end=\"671\"><strong data-start=\"618\" data-end=\"647\">Doza zilnic\u0103 recomandat\u0103:<\/strong> 1\u20132 linguri\u021be (2\u20134 g)<\/p>\n<div class=\"_tableContainer_1rjym_1\">\n<div class=\"_tableWrapper_1rjym_13 group flex w-fit flex-col-reverse\" tabindex=\"-1\">\n<table class=\"w-fit min-w-(--thread-content-width)\" data-start=\"673\" data-end=\"915\">\n<thead data-start=\"673\" data-end=\"727\">\n<tr data-start=\"673\" data-end=\"727\">\n<th data-start=\"673\" data-end=\"702\" data-col-size=\"md\">Cantitate per doz\u0103 zilnic\u0103<\/th>\n<th data-start=\"702\" data-end=\"708\" data-col-size=\"sm\">2 g<\/th>\n<th data-start=\"708\" data-end=\"714\" data-col-size=\"sm\">4 g<\/th>\n<th data-start=\"714\" data-end=\"727\" data-col-size=\"sm\">per 100 g<\/th>\n<\/tr>\n<\/thead>\n<tbody data-start=\"783\" data-end=\"915\">\n<tr data-start=\"783\" data-end=\"852\">\n<td data-start=\"783\" data-end=\"831\" data-col-size=\"md\">Pudr\u0103 de ghimbir (Zingiber officinale Roscoe)<\/td>\n<td data-col-size=\"sm\" data-start=\"831\" data-end=\"837\">2 g<\/td>\n<td data-col-size=\"sm\" data-start=\"837\" data-end=\"843\">4 g<\/td>\n<td data-col-size=\"sm\" data-start=\"843\" data-end=\"852\">100 g<\/td>\n<\/tr>\n<tr data-start=\"853\" data-end=\"915\">\n<td data-start=\"853\" data-end=\"883\" data-col-size=\"md\">Mangan** (con\u021binut natural)<\/td>\n<td data-col-size=\"sm\" data-start=\"883\" data-end=\"894\">~0,66 mg<\/td>\n<td data-col-size=\"sm\" data-start=\"894\" data-end=\"905\">~1,32 mg<\/td>\n<td data-col-size=\"sm\" data-start=\"905\" data-end=\"915\">~33 mg<\/td>\n<\/tr>\n<\/tbody>\n<\/table>\n<\/div>\n<\/div>\n<p data-start=\"917\" data-end=\"1143\"><strong data-start=\"917\" data-end=\"951\">Valori nutri\u021bionale per 100 g:<\/strong><br data-start=\"951\" data-end=\"954\" \/>Energie: 1452 kJ \/ 347 kcal<br data-start=\"981\" data-end=\"984\" \/>Gr\u0103simi: 6,23 g<br data-start=\"999\" data-end=\"1002\" \/>\u2013 din care acizi gra\u0219i satura\u021bi: 2,32 g<br data-start=\"1041\" data-end=\"1044\" \/>Carbohidra\u021bi: 70 g<br data-start=\"1062\" data-end=\"1065\" \/>\u2013 din care zaharuri: 3,2 g<br data-start=\"1091\" data-end=\"1094\" \/>Fibre: 12,5 g<br data-start=\"1107\" data-end=\"1110\" \/>Proteine: 5,68 g<br data-start=\"1126\" data-end=\"1129\" \/>Sare: 0,02 g<\/p>\n<p data-start=\"1145\" data-end=\"1175\"><strong data-start=\"1145\" data-end=\"1173\">Destina\u021bie \u0219i beneficii:<\/strong><\/p>\n<p data-start=\"1177\" data-end=\"1271\">Pudra de ghimbir bio de la Bionia furnizeaz\u0103 o combina\u021bie de substan\u021be bioactive \u0219i sus\u021bine:<\/p>\n<ul data-start=\"1272\" data-end=\"1404\">\n<li data-start=\"1272\" data-end=\"1344\">\n<p data-start=\"1274\" data-end=\"1344\">Func\u021bionarea normal\u0103 a sistemului digestiv, \u00een special a stomacului;<\/p>\n<\/li>\n<li data-start=\"1345\" data-end=\"1381\">\n<p data-start=\"1347\" data-end=\"1381\">Ameliorarea senza\u021biei de grea\u021b\u0103;<\/p>\n<\/li>\n<li data-start=\"1382\" data-end=\"1404\">\n<p data-start=\"1384\" data-end=\"1404\">Sistemul imunitar.<\/p>\n<\/li>\n<\/ul>\n<p data-start=\"1406\" data-end=\"1466\"><strong data-start=\"1406\" data-end=\"1435\">Doza zilnic\u0103 recomandat\u0103:<\/strong> 2\u20134 g pe zi (1\u20132 linguri\u021be).<\/p>\n<p data-start=\"1468\" data-end=\"1631\"><strong data-start=\"1468\" data-end=\"1498\">Instruc\u021biuni de utilizare:<\/strong> Produsul se administreaz\u0103 pe cale oral\u0103, dizolvat \u00een ap\u0103, smoothie, ceai sau alimente. Poate fi consumat \u00een orice moment al zilei.<\/p>\n<p data-start=\"1633\" data-end=\"1927\"><strong data-start=\"1633\" data-end=\"1645\">Aten\u021bie:<\/strong> Nu dep\u0103\u0219i\u021bi doza zilnic\u0103 recomandat\u0103! Nu \u00eenlocuie\u0219te o alimenta\u021bie variat\u0103. Se recomand\u0103 ca supliment alimentar. Produsul nu este medicament. P\u0103stra\u021bi-l \u00eentr-un loc uscat \u0219i r\u0103coros, la temperaturi de p\u00e2n\u0103 la 25\u00b0C, ferit de lumina direct\u0103 a soarelui \u0219i la \u00eendem\u00e2na copiilor mici.<\/p>\n<p data-start=\"1929\" data-end=\"1952\"><strong data-start=\"1929\" data-end=\"1945\">Provenien\u021b\u0103:<\/strong> Peru<\/p>\n","protected":false},"excerpt":{"rendered":"<p data-start=\"33\" data-end=\"75\"><strong data-start=\"33\" data-end=\"73\">GHIMBIR BIO pudr\u0103, BIO GINGER powder<\/strong><\/p>\n<p data-start=\"77\" data-end=\"109\"><em><strong data-start=\"77\" data-end=\"107\">Zingiber officinale Roscoe<\/strong><\/em><\/p>\n<p data-start=\"111\" data-end=\"211\">F\u0102R\u0102 OMG. F\u0102R\u0102 gluten. F\u0102R\u0102 alergeni. F\u0102R\u0102 radia\u021bii ionizante. F\u0103r\u0103 aditivi \u0219i conservan\u021bi. Vegan.<\/p>\n<p data-start=\"213\" data-end=\"307\">Pudra de ghimbir bio de la Bionia furnizeaz\u0103 o combina\u021bie de substan\u021be bioactive \u0219i sus\u021bine:<\/p>\n<ul data-start=\"308\" data-end=\"440\">\n<li data-start=\"308\" data-end=\"380\">\n<p data-start=\"310\" data-end=\"380\">Func\u021bionarea normal\u0103 a <strong>sistemului digestiv<\/strong>, \u00een special a <strong>stomacului<\/strong>;<\/p>\n<\/li>\n<li data-start=\"381\" data-end=\"417\">\n<p data-start=\"383\" data-end=\"417\"><strong>Ameliorarea senza\u021biei de grea\u021b\u0103<\/strong>;<\/p>\n<\/li>\n<li data-start=\"418\" data-end=\"440\">\n<p data-start=\"420\" data-end=\"440\"><strong>Sistemul imunitar<\/strong>.<\/p>\n<\/li>\n<\/ul>\n<p data-start=\"442\" data-end=\"727\">Ghimbrul bio (Zingiber officinale) este r\u0103d\u0103cin\u0103 uscat\u0103 m\u0103cinat\u0103, folosit\u0103 tradi\u021bional \u00een medicina natural\u0103 pentru sus\u021binerea digestiei, a imunit\u0103\u021bii \u0219i men\u021binerea vitalit\u0103\u021bii. Con\u021bine substan\u021be bioactive naturale precum gingeroli \u0219i shogaoli, care contribuie la bun\u0103starea general\u0103.<\/p>\n<p data-start=\"729\" data-end=\"752\"><strong data-start=\"729\" data-end=\"745\">Provenien\u021b\u0103:<\/strong> Peru<\/p>\n","protected":false},"featured_media":39619,"comment_status":"closed","ping_status":"closed","template":"","meta":{"wds_primary_product_brand":0,"wds_primary_product_cat":0},"product_brand":[1376],"product_cat":[343,342],"product_tag":[1074,1106],"class_list":{"0":"post-39605","1":"product","2":"type-product","3":"status-publish","4":"has-post-thumbnail","6":"product_brand-bionia","7":"product_cat-bionia-bio-products-ro","8":"product_cat-bionia-premium-ro","9":"product_tag-bionia-ro","10":"product_tag-immune-system-ro","12":"first","13":"instock","14":"shipping-taxable","15":"purchasable","16":"product-type-simple"},"_links":{"self":[{"href":"https:\/\/bionia.bio\/ro\/wp-json\/wp\/v2\/product\/39605","targetHints":{"allow":["GET"]}}],"collection":[{"href":"https:\/\/bionia.bio\/ro\/wp-json\/wp\/v2\/product"}],"about":[{"href":"https:\/\/bionia.bio\/ro\/wp-json\/wp\/v2\/types\/product"}],"replies":[{"embeddable":true,"href":"https:\/\/bionia.bio\/ro\/wp-json\/wp\/v2\/comments?post=39605"}],"wp:featuredmedia":[{"embeddable":true,"href":"https:\/\/bionia.bio\/ro\/wp-json\/wp\/v2\/media\/39619"}],"wp:attachment":[{"href":"https:\/\/bionia.bio\/ro\/wp-json\/wp\/v2\/media?parent=39605"}],"wp:term":[{"taxonomy":"product_brand","embeddable":true,"href":"https:\/\/bionia.bio\/ro\/wp-json\/wp\/v2\/product_brand?post=39605"},{"taxonomy":"product_cat","embeddable":true,"href":"https:\/\/bionia.bio\/ro\/wp-json\/wp\/v2\/product_cat?post=39605"},{"taxonomy":"product_tag","embeddable":true,"href":"https:\/\/bionia.bio\/ro\/wp-json\/wp\/v2\/product_tag?post=39605"}],"curies":[{"name":"wp","href":"https:\/\/api.w.org\/{rel}","templated":true}]}}