{"id":39590,"date":"2025-08-17T21:55:30","date_gmt":"2025-08-17T18:55:30","guid":{"rendered":"https:\/\/bionia.bio\/?post_type=product&#038;p=39590"},"modified":"2025-08-17T22:19:11","modified_gmt":"2025-08-17T19:19:11","slug":"scortisoara-ceylon-bio-adevarata-pudra-%e2%84%ae-150-g","status":"publish","type":"product","link":"https:\/\/bionia.bio\/ro\/product\/scortisoara-ceylon-bio-adevarata-pudra-%e2%84%ae-150-g\/","title":{"rendered":"Scor\u021bi\u0219oar\u0103 Ceylon BIO (adev\u0103rat\u0103) pudr\u0103 \u2013 \u212e 150 g"},"content":{"rendered":"<p data-start=\"33\" data-end=\"114\"><strong data-start=\"33\" data-end=\"112\">Scor\u021bi\u0219oar\u0103 Ceylon BIO (adev\u0103rat\u0103) pudr\u0103, BIO CEYLON (True) CINNAMON powder<\/strong><\/p>\n<p data-start=\"116\" data-end=\"138\"><em><strong data-start=\"116\" data-end=\"136\">Cinnamomum verum<\/strong><\/em><\/p>\n<p data-start=\"140\" data-end=\"215\">F\u0103r\u0103 OMG. F\u0103r\u0103 gluten. F\u0103r\u0103 alergeni. F\u0103r\u0103 aditivi \u0219i conservan\u021bi. Vegan.<\/p>\n<p data-start=\"217\" data-end=\"242\"><strong data-start=\"217\" data-end=\"240\">Supliment alimentar<\/strong><\/p>\n<p data-start=\"244\" data-end=\"781\">Principala substan\u021b\u0103 activ\u0103 din scor\u021bi\u0219oara de Ceylon (Cinnamomum verum) este cinamaldehida, care reprezint\u0103 aproximativ 50\u201363% din uleiul s\u0103u esen\u021bial. Spre deosebire de scor\u021bi\u0219oara obi\u0219nuit\u0103 (Cassia), scor\u021bi\u0219oara de Ceylon are un con\u021binut sc\u0103zut de cumarin\u0103 \u0219i este potrivit\u0103 pentru consum pe termen lung. Acest supliment alimentar con\u021bine 100% coaj\u0103 de scor\u021bi\u0219oar\u0103 de Ceylon m\u0103cinat\u0103 \u2013 o surs\u0103 natural\u0103 de polifenoli \u0219i mangan, care contribuie la metabolismul energetic normal \u0219i la protec\u021bia celulelor \u00eempotriva stresului oxidativ.<\/p>\n<p data-start=\"783\" data-end=\"898\"><strong data-start=\"783\" data-end=\"799\">Ingrediente:<\/strong> 100% scor\u021bi\u0219oar\u0103 de Ceylon pudr\u0103 <em>Cinnamomum verum<\/em>*. \u212e 150 g<br data-start=\"859\" data-end=\"862\" \/>*Produs din agricultur\u0103 ecologic\u0103.<\/p>\n<p data-start=\"900\" data-end=\"951\"><strong data-start=\"900\" data-end=\"929\">Doza zilnic\u0103 recomandat\u0103:<\/strong> 1 linguri\u021b\u0103 (3\u20135 g)<\/p>\n<div class=\"_tableContainer_1rjym_1\">\n<div class=\"_tableWrapper_1rjym_13 group flex w-fit flex-col-reverse\" tabindex=\"-1\">\n<table class=\"w-fit min-w-(--thread-content-width)\" data-start=\"953\" data-end=\"1298\">\n<thead data-start=\"953\" data-end=\"1018\">\n<tr data-start=\"953\" data-end=\"1018\">\n<th data-start=\"953\" data-end=\"973\" data-col-size=\"md\">Cantitate per 3 g<\/th>\n<th data-start=\"973\" data-end=\"993\" data-col-size=\"sm\">Cantitate per 5 g<\/th>\n<th data-start=\"993\" data-end=\"1018\" data-col-size=\"sm\">Cantitate per 100 g<\/th>\n<\/tr>\n<\/thead>\n<tbody data-start=\"1084\" data-end=\"1298\">\n<tr data-start=\"1084\" data-end=\"1168\">\n<td data-start=\"1084\" data-end=\"1145\" data-col-size=\"md\">Pudr\u0103 de coaj\u0103 de scor\u021bi\u0219oar\u0103 de Ceylon (Cinnamomum verum)<\/td>\n<td data-col-size=\"sm\" data-start=\"1145\" data-end=\"1151\">3 g<\/td>\n<td data-col-size=\"sm\" data-start=\"1151\" data-end=\"1157\">5 g<\/td>\n<\/tr>\n<tr data-start=\"1169\" data-end=\"1233\">\n<td data-start=\"1169\" data-end=\"1199\" data-col-size=\"md\">Mangan** (con\u021binut natural)<\/td>\n<td data-col-size=\"sm\" data-start=\"1199\" data-end=\"1210\">~0,51 mg<\/td>\n<td data-col-size=\"sm\" data-start=\"1210\" data-end=\"1221\">~0,85 mg<\/td>\n<\/tr>\n<tr data-start=\"1234\" data-end=\"1298\">\n<td data-start=\"1234\" data-end=\"1263\" data-col-size=\"md\">Cumarina (con\u021binut sc\u0103zut)<\/td>\n<td data-col-size=\"sm\" data-start=\"1263\" data-end=\"1275\">&lt; 0,12 mg<\/td>\n<td data-col-size=\"sm\" data-start=\"1275\" data-end=\"1286\">&lt; 0,2 mg<\/td>\n<\/tr>\n<\/tbody>\n<\/table>\n<\/div>\n<\/div>\n<p data-start=\"1300\" data-end=\"1531\"><strong data-start=\"1300\" data-end=\"1335\">Valoare nutri\u021bional\u0103 per 100 g:<\/strong><br data-start=\"1335\" data-end=\"1338\" \/>Valoare energetic\u0103: 1033 kJ \/ 247 kcal<br data-start=\"1376\" data-end=\"1379\" \/>Gr\u0103simi: 1,20 g<br data-start=\"1394\" data-end=\"1397\" \/>\u2013 din care acizi gra\u0219i satura\u021bi: 0,3 g<br data-start=\"1435\" data-end=\"1438\" \/>Carbohidra\u021bi: 81 g<br data-start=\"1456\" data-end=\"1459\" \/>\u2013 din care zaharuri: 2,2 g<br data-start=\"1485\" data-end=\"1488\" \/>Fibre: 53 g<br data-start=\"1499\" data-end=\"1502\" \/>Proteine: 4 g<br data-start=\"1515\" data-end=\"1518\" \/>Sare: 0,1 g<\/p>\n<p data-start=\"1533\" data-end=\"1664\"><strong data-start=\"1533\" data-end=\"1568\">Vitamine \u0219i minerale per 100 g:<\/strong><br data-start=\"1568\" data-end=\"1571\" \/>Vitamina A: 295 UI<br data-start=\"1589\" data-end=\"1592\" \/>Vitamina C: 3,8 mg<br data-start=\"1610\" data-end=\"1613\" \/>Calciu: 1002 mg<br data-start=\"1628\" data-end=\"1631\" \/>Fier: 8,32 mg<br data-start=\"1644\" data-end=\"1647\" \/>Potasiu: 431 mg<\/p>\n<p data-start=\"1666\" data-end=\"1682\"><strong data-start=\"1666\" data-end=\"1680\">Beneficii:<\/strong><\/p>\n<p data-start=\"1684\" data-end=\"1805\">Scor\u021bi\u0219oara de Ceylon BIO pudr\u0103 de la Bionia furnizeaz\u0103 o combina\u021bie de cinamaldehid\u0103, polifenoli \u0219i mangan \u0219i sus\u021bine:<\/p>\n<ul data-start=\"1806\" data-end=\"2013\">\n<li data-start=\"1806\" data-end=\"1877\">\n<p data-start=\"1808\" data-end=\"1877\"><strong>Controlul optim al glicemiei<\/strong> (suport pentru metabolismul glucozei);<\/p>\n<\/li>\n<li data-start=\"1878\" data-end=\"1928\">\n<p data-start=\"1880\" data-end=\"1928\">S\u0103n\u0103tatea <strong>cardiovascular\u0103 \u0219i profilul lipidic<\/strong>;<\/p>\n<\/li>\n<li data-start=\"1929\" data-end=\"1973\">\n<p data-start=\"1931\" data-end=\"1973\">Activitatea <strong>antioxidant\u0103<\/strong> a organismului;<\/p>\n<\/li>\n<li data-start=\"1974\" data-end=\"2013\">\n<p data-start=\"1976\" data-end=\"2013\"><strong>Metabolismul<\/strong> \u0219i s\u0103n\u0103tatea general\u0103.<\/p>\n<\/li>\n<\/ul>\n<p data-start=\"2015\" data-end=\"2184\"><strong data-start=\"2015\" data-end=\"2039\">Mod de administrare:<\/strong> Doza zilnic\u0103 recomandat\u0103: 3\u20135 g pe zi (1\u20132 linguri\u021be). Produsul se ia oral cu lichid sau \u00een iaurt. Poate fi consumat \u00een orice moment al zilei.<\/p>\n<p data-start=\"2186\" data-end=\"2543\">Nu dep\u0103\u0219i\u021bi doza zilnic\u0103 recomandat\u0103! Nu se utilizeaz\u0103 ca substitut al unei alimenta\u021bii variate. Se recomand\u0103 ca supliment alimentar \u00een cadrul dietei zilnice. Produsul nu este medicament. A se p\u0103stra \u00eentr-un loc uscat \u0219i r\u0103coros, la o temperatur\u0103 de max. 30\u00b0C \u0219i umiditate relativ\u0103 sub 50%, ferit de lumina direct\u0103 a soarelui \u0219i la \u00eendem\u00e2na copiilor mici.<\/p>\n<p data-start=\"2545\" data-end=\"2569\"><strong data-start=\"2545\" data-end=\"2557\">Origine:<\/strong> Sri Lanka<\/p>\n","protected":false},"excerpt":{"rendered":"<p data-start=\"33\" data-end=\"114\"><strong data-start=\"33\" data-end=\"112\">Scor\u021bi\u0219oar\u0103 Ceylon BIO (adev\u0103rat\u0103) pudr\u0103, BIO CEYLON (True) CINNAMON powder<\/strong><\/p>\n<p data-start=\"116\" data-end=\"191\">F\u0103r\u0103 OMG. F\u0103r\u0103 gluten. F\u0103r\u0103 alergeni. F\u0103r\u0103 aditivi \u0219i conservan\u021bi. Vegan.<\/p>\n<p data-start=\"193\" data-end=\"314\">Scor\u021bi\u0219oara de Ceylon BIO pudr\u0103 de la Bionia furnizeaz\u0103 o combina\u021bie de cinamaldehid\u0103, polifenoli \u0219i mangan \u0219i sus\u021bine:<\/p>\n<ul data-start=\"315\" data-end=\"523\">\n<li data-start=\"315\" data-end=\"387\">\n<p data-start=\"317\" data-end=\"387\">Controlul optim al glicemiei (sprijin pentru metabolismul glucozei);<\/p>\n<\/li>\n<li data-start=\"388\" data-end=\"438\">\n<p data-start=\"390\" data-end=\"438\">S\u0103n\u0103tatea cardiovascular\u0103 \u0219i profilul lipidic;<\/p>\n<\/li>\n<li data-start=\"439\" data-end=\"483\">\n<p data-start=\"441\" data-end=\"483\">Activitatea antioxidant\u0103 a organismului;<\/p>\n<\/li>\n<li data-start=\"484\" data-end=\"523\">\n<p data-start=\"486\" data-end=\"523\">Metabolismul \u0219i s\u0103n\u0103tatea general\u0103.<\/p>\n<\/li>\n<\/ul>\n<p data-start=\"525\" data-end=\"1058\">Principala substan\u021b\u0103 activ\u0103 din scor\u021bi\u0219oara de Ceylon (Cinnamomum verum) este cinamaldehida, care reprezint\u0103 aproximativ 50\u201363% din uleiul esen\u021bial. Spre deosebire de scor\u021bi\u0219oara obi\u0219nuit\u0103 (Cassia), scor\u021bi\u0219oara de Ceylon are un con\u021binut sc\u0103zut de cumarin\u0103 \u0219i este potrivit\u0103 pentru consum pe termen lung. Acest supliment alimentar con\u021bine 100% coaj\u0103 de scor\u021bi\u0219oar\u0103 de Ceylon m\u0103cinat\u0103 \u2013 o surs\u0103 natural\u0103 de polifenoli \u0219i mangan, care contribuie la metabolismul energetic normal \u0219i la protec\u021bia celulelor \u00eempotriva stresului oxidativ.<\/p>\n<p data-start=\"1060\" data-end=\"1281\"><strong data-start=\"1060\" data-end=\"1104\">Instruc\u021biuni de utilizare \u0219i depozitare:<\/strong> Se combin\u0103 ideal cu shake-uri, deserturi crude \u0219i produse de patiserie. A se p\u0103stra \u00eentr-un loc uscat \u0219i r\u0103coros, la o temperatur\u0103 de max. 30\u00b0C \u0219i umiditate relativ\u0103 sub 50%.<\/p>\n<p data-start=\"1283\" data-end=\"1307\"><strong data-start=\"1283\" data-end=\"1295\">Origine:<\/strong> Sri Lanka<\/p>\n","protected":false},"featured_media":39622,"comment_status":"closed","ping_status":"closed","template":"","meta":{"wds_primary_product_brand":0,"wds_primary_product_cat":0},"product_brand":[1376],"product_cat":[343,342],"product_tag":[1074,1114,1106,1406],"class_list":{"0":"post-39590","1":"product","2":"type-product","3":"status-publish","4":"has-post-thumbnail","6":"product_brand-bionia","7":"product_cat-bionia-bio-products-ro","8":"product_cat-bionia-premium-ro","9":"product_tag-bionia-ro","10":"product_tag-cardiovascular-health-ro","11":"product_tag-immune-system-ro","12":"product_tag-oxidative-stress-ro","14":"first","15":"instock","16":"shipping-taxable","17":"purchasable","18":"product-type-simple"},"_links":{"self":[{"href":"https:\/\/bionia.bio\/ro\/wp-json\/wp\/v2\/product\/39590","targetHints":{"allow":["GET"]}}],"collection":[{"href":"https:\/\/bionia.bio\/ro\/wp-json\/wp\/v2\/product"}],"about":[{"href":"https:\/\/bionia.bio\/ro\/wp-json\/wp\/v2\/types\/product"}],"replies":[{"embeddable":true,"href":"https:\/\/bionia.bio\/ro\/wp-json\/wp\/v2\/comments?post=39590"}],"wp:featuredmedia":[{"embeddable":true,"href":"https:\/\/bionia.bio\/ro\/wp-json\/wp\/v2\/media\/39622"}],"wp:attachment":[{"href":"https:\/\/bionia.bio\/ro\/wp-json\/wp\/v2\/media?parent=39590"}],"wp:term":[{"taxonomy":"product_brand","embeddable":true,"href":"https:\/\/bionia.bio\/ro\/wp-json\/wp\/v2\/product_brand?post=39590"},{"taxonomy":"product_cat","embeddable":true,"href":"https:\/\/bionia.bio\/ro\/wp-json\/wp\/v2\/product_cat?post=39590"},{"taxonomy":"product_tag","embeddable":true,"href":"https:\/\/bionia.bio\/ro\/wp-json\/wp\/v2\/product_tag?post=39590"}],"curies":[{"name":"wp","href":"https:\/\/api.w.org\/{rel}","templated":true}]}}