{"id":39583,"date":"2025-08-17T01:50:51","date_gmt":"2025-08-16T22:50:51","guid":{"rendered":"https:\/\/bionia.bio\/product\/organic-turmeric-powder-with-4-6-curcumin-%e2%84%ae-150-g\/"},"modified":"2025-08-17T01:57:31","modified_gmt":"2025-08-16T22:57:31","slug":"pulbere-organica-de-turmeric-cu-4-6-curcumina","status":"publish","type":"product","link":"https:\/\/bionia.bio\/ro\/product\/pulbere-organica-de-turmeric-cu-4-6-curcumina\/","title":{"rendered":"Pulbere organic\u0103 de turmeric cu 4\u20136% curcumin\u0103 \u2013 \u212e 150 g"},"content":{"rendered":"<p data-start=\"28\" data-end=\"91\"><strong data-start=\"28\" data-end=\"89\">Turmeric BIO pudr\u0103 cu 4\u20136% curcumin\u0103, BIO TURMERIC powder<\/strong><\/p>\n<p data-start=\"93\" data-end=\"115\"><strong data-start=\"93\" data-end=\"113\">Curcuma longa L.<\/strong><\/p>\n<p data-start=\"117\" data-end=\"192\">F\u0103r\u0103 OMG. F\u0103r\u0103 gluten. F\u0103r\u0103 alergeni. F\u0103r\u0103 aditivi \u0219i conservan\u021bi. Vegan.<\/p>\n<p data-start=\"194\" data-end=\"431\">Turmericul bio (Curcuma longa) este r\u0103d\u0103cin\u0103 m\u0103cinat\u0103, folosit\u0103 tradi\u021bional \u00een Ayurveda \u0219i medicina oriental\u0103. Con\u021bine curcuminoide, principalul fiind curcumina \u2013 un compus bine studiat, cu propriet\u0103\u021bi antioxidante \u0219i antiinflamatorii.<\/p>\n<p data-start=\"433\" data-end=\"548\"><strong data-start=\"433\" data-end=\"449\">Ingrediente:<\/strong> 100% r\u0103d\u0103cin\u0103 de turmeric* pudr\u0103 cu 4\u20136% curcumin\u0103. \u212e 150 g<br data-start=\"509\" data-end=\"512\" \/>*Produs din agricultur\u0103 ecologic\u0103.<\/p>\n<p data-start=\"550\" data-end=\"601\"><strong data-start=\"550\" data-end=\"579\">Doza zilnic\u0103 recomandat\u0103:<\/strong> 1 linguri\u021b\u0103 (3\u20135 g)<\/p>\n<div class=\"_tableContainer_1rjym_1\">\n<div class=\"_tableWrapper_1rjym_13 group flex w-fit flex-col-reverse\" tabindex=\"-1\">\n<table class=\"w-fit min-w-(--thread-content-width)\" data-start=\"602\" data-end=\"937\">\n<thead data-start=\"602\" data-end=\"674\">\n<tr data-start=\"602\" data-end=\"674\">\n<th data-start=\"602\" data-end=\"626\" data-col-size=\"md\">Cantitate pe doz\u0103 3 g<\/th>\n<th data-start=\"626\" data-end=\"650\" data-col-size=\"sm\">Cantitate pe doz\u0103 5 g<\/th>\n<th data-start=\"650\" data-end=\"674\" data-col-size=\"sm\">Cantitate la 100 g<\/th>\n<\/tr>\n<\/thead>\n<tbody data-start=\"742\" data-end=\"937\">\n<tr data-start=\"742\" data-end=\"813\">\n<td data-start=\"742\" data-end=\"790\" data-col-size=\"md\">Pudr\u0103 de turmeric (r\u0103d\u0103cin\u0103 Curcuma longa L.)<\/td>\n<td data-col-size=\"sm\" data-start=\"790\" data-end=\"796\">3 g<\/td>\n<td data-col-size=\"sm\" data-start=\"796\" data-end=\"802\">5 g<\/td>\n<\/tr>\n<tr data-start=\"814\" data-end=\"872\">\n<td data-start=\"814\" data-end=\"845\" data-col-size=\"md\">Curcumin\u0103 (con\u021binut natural)<\/td>\n<td data-col-size=\"sm\" data-start=\"845\" data-end=\"854\">150 mg<\/td>\n<td data-col-size=\"sm\" data-start=\"854\" data-end=\"863\">250 mg<\/td>\n<\/tr>\n<tr data-start=\"873\" data-end=\"937\">\n<td data-start=\"873\" data-end=\"903\" data-col-size=\"md\">Mangan** (con\u021binut natural)<\/td>\n<td data-col-size=\"sm\" data-start=\"903\" data-end=\"914\">~0,57 mg<\/td>\n<td data-col-size=\"sm\" data-start=\"914\" data-end=\"925\">~0,95 mg<\/td>\n<\/tr>\n<\/tbody>\n<\/table>\n<\/div>\n<\/div>\n<p data-start=\"939\" data-end=\"1163\"><strong data-start=\"939\" data-end=\"974\">Valoare nutri\u021bional\u0103 per 100 g:<\/strong><br data-start=\"974\" data-end=\"977\" \/>Energie: 1445 kJ \/ 341 kcal<br data-start=\"1004\" data-end=\"1007\" \/>Gr\u0103simi: 1,7 g<br data-start=\"1021\" data-end=\"1024\" \/>\u2013 din care acizi gra\u0219i satura\u021bi: 1,3 g<br data-start=\"1062\" data-end=\"1065\" \/>Carbohidra\u021bi: 76 g<br data-start=\"1083\" data-end=\"1086\" \/>\u2013 din care zaharuri: 3,2 g<br data-start=\"1112\" data-end=\"1115\" \/>Fibre: 12,5 g<br data-start=\"1128\" data-end=\"1131\" \/>Proteine: 5,3 g<br data-start=\"1146\" data-end=\"1149\" \/>Sare: 0,01 g<\/p>\n<p data-start=\"1165\" data-end=\"1312\"><strong data-start=\"1165\" data-end=\"1192\">Destina\u021bie \/ Beneficii:<\/strong><br data-start=\"1192\" data-end=\"1195\" \/>R\u0103d\u0103cina bio de turmeric pudr\u0103 de la Bionia furnizeaz\u0103 un amestec de 4\u20136% curcumin\u0103, polifenoli, mangan \u0219i sus\u021bine:<\/p>\n<ul data-start=\"1313\" data-end=\"1432\">\n<li data-start=\"1313\" data-end=\"1344\">\n<p data-start=\"1315\" data-end=\"1344\">Func\u021bia normal\u0103 a ficatului<\/p>\n<\/li>\n<li data-start=\"1345\" data-end=\"1379\">\n<p data-start=\"1347\" data-end=\"1379\">Men\u021binerea sistemului imunitar<\/p>\n<\/li>\n<li data-start=\"1380\" data-end=\"1432\">\n<p data-start=\"1382\" data-end=\"1432\">Protec\u021bia celulelor \u00eempotriva stresului oxidativ<\/p>\n<\/li>\n<\/ul>\n<p data-start=\"1434\" data-end=\"1670\"><strong data-start=\"1434\" data-end=\"1458\">Mod de administrare:<\/strong><br data-start=\"1458\" data-end=\"1461\" \/>Doza zilnic\u0103 recomandat\u0103: 3\u20135 g pe zi (1\u20132 linguri\u021be). Produsul se ia oral, cu lichid sau m\u00e2ncare. Se recomand\u0103 combinarea cu piper negru pentru a poten\u021ba efectul. Poate fi consumat \u00een orice moment al zilei.<\/p>\n<p data-start=\"1672\" data-end=\"1994\"><strong data-start=\"1672\" data-end=\"1689\">Instruc\u021biuni:<\/strong><br data-start=\"1689\" data-end=\"1692\" \/>Nu dep\u0103\u0219i\u021bi doza zilnic\u0103 recomandat\u0103. Nu se utilizeaz\u0103 ca substitut pentru o alimenta\u021bie variat\u0103. Se recomand\u0103 ca supliment alimentar. Produsul nu este medicament. A se p\u0103stra \u00eentr-un loc uscat \u0219i r\u0103coros, la temperaturi p\u00e2n\u0103 la 25\u00b0C, ferit de lumina direct\u0103 a soarelui, \u0219i la \u00eendem\u00e2na copiilor mici.<\/p>\n<p data-start=\"1996\" data-end=\"2014\" data-is-last-node=\"\" data-is-only-node=\"\"><strong data-start=\"1996\" data-end=\"2008\">Origine:<\/strong> India<\/p>\n","protected":false},"excerpt":{"rendered":"<p data-start=\"28\" data-end=\"91\"><strong data-start=\"28\" data-end=\"89\">Turmeric BIO pudr\u0103 cu 4\u20136% curcumin\u0103, BIO TURMERIC powder<\/strong><\/p>\n<p data-start=\"93\" data-end=\"115\"><strong data-start=\"93\" data-end=\"113\">Curcuma longa L.<\/strong><\/p>\n<p data-start=\"117\" data-end=\"192\">F\u0103r\u0103 OMG. F\u0103r\u0103 gluten. F\u0103r\u0103 alergeni. F\u0103r\u0103 aditivi \u0219i conservan\u021bi. Vegan.<\/p>\n<p data-start=\"194\" data-end=\"315\">R\u0103d\u0103cina bio de turmeric* pudr\u0103 de la Bionia furnizeaz\u0103 un amestec de 4\u20136% curcumin\u0103, polifenoli \u0219i mangan, \u0219i sus\u021bine:<\/p>\n<ul data-start=\"316\" data-end=\"435\">\n<li data-start=\"316\" data-end=\"347\">\n<p data-start=\"318\" data-end=\"347\">Func\u021bia normal\u0103 a ficatului<\/p>\n<\/li>\n<li data-start=\"348\" data-end=\"382\">\n<p data-start=\"350\" data-end=\"382\">Men\u021binerea sistemului imunitar<\/p>\n<\/li>\n<li data-start=\"383\" data-end=\"435\">\n<p data-start=\"385\" data-end=\"435\">Protec\u021bia celulelor \u00eempotriva stresului oxidativ<\/p>\n<\/li>\n<\/ul>\n<p data-start=\"437\" data-end=\"674\">Turmericul bio (Curcuma longa) este r\u0103d\u0103cin\u0103 m\u0103cinat\u0103, utilizat\u0103 tradi\u021bional \u00een Ayurveda \u0219i medicina oriental\u0103. Con\u021bine curcuminoide, principalul fiind curcumina \u2013 un compus bine studiat cu propriet\u0103\u021bi antioxidante \u0219i antiinflamatorii.<\/p>\n<p data-start=\"676\" data-end=\"770\">Se poate combina cu shake-uri, deserturi crude, produse de patiserie \u0219i alimente principale.<\/p>\n<p data-start=\"772\" data-end=\"790\" data-is-last-node=\"\" data-is-only-node=\"\"><strong data-start=\"772\" data-end=\"784\">Origine:<\/strong> India<\/p>\n","protected":false},"featured_media":39625,"comment_status":"closed","ping_status":"closed","template":"","meta":{"wds_primary_product_brand":0,"wds_primary_product_cat":0},"product_brand":[1376],"product_cat":[343,342],"product_tag":[1319,1074,1106,1404,1405,1406],"class_list":{"0":"post-39583","1":"product","2":"type-product","3":"status-publish","4":"has-post-thumbnail","6":"product_brand-bionia","7":"product_cat-bionia-bio-products-ro","8":"product_cat-bionia-premium-ro","9":"product_tag-4-6-curcumin","10":"product_tag-bionia-ro","11":"product_tag-immune-system-ro","12":"product_tag-liver-function-ro","13":"product_tag-organic-turmeric-powder-ro","14":"product_tag-oxidative-stress-ro","16":"first","17":"instock","18":"shipping-taxable","19":"purchasable","20":"product-type-simple"},"_links":{"self":[{"href":"https:\/\/bionia.bio\/ro\/wp-json\/wp\/v2\/product\/39583","targetHints":{"allow":["GET"]}}],"collection":[{"href":"https:\/\/bionia.bio\/ro\/wp-json\/wp\/v2\/product"}],"about":[{"href":"https:\/\/bionia.bio\/ro\/wp-json\/wp\/v2\/types\/product"}],"replies":[{"embeddable":true,"href":"https:\/\/bionia.bio\/ro\/wp-json\/wp\/v2\/comments?post=39583"}],"wp:featuredmedia":[{"embeddable":true,"href":"https:\/\/bionia.bio\/ro\/wp-json\/wp\/v2\/media\/39625"}],"wp:attachment":[{"href":"https:\/\/bionia.bio\/ro\/wp-json\/wp\/v2\/media?parent=39583"}],"wp:term":[{"taxonomy":"product_brand","embeddable":true,"href":"https:\/\/bionia.bio\/ro\/wp-json\/wp\/v2\/product_brand?post=39583"},{"taxonomy":"product_cat","embeddable":true,"href":"https:\/\/bionia.bio\/ro\/wp-json\/wp\/v2\/product_cat?post=39583"},{"taxonomy":"product_tag","embeddable":true,"href":"https:\/\/bionia.bio\/ro\/wp-json\/wp\/v2\/product_tag?post=39583"}],"curies":[{"name":"wp","href":"https:\/\/api.w.org\/{rel}","templated":true}]}}