{"id":39568,"date":"2025-08-17T01:29:36","date_gmt":"2025-08-16T22:29:36","guid":{"rendered":"https:\/\/bionia.bio\/product\/electrolytes-for-hydration-energy-%e2%84%ae-150-g\/"},"modified":"2025-08-19T00:14:00","modified_gmt":"2025-08-18T21:14:00","slug":"electroliti-pentru-hidratare-si-energie-%e2%84%ae-150-g","status":"publish","type":"product","link":"https:\/\/bionia.bio\/ro\/product\/electroliti-pentru-hidratare-si-energie-%e2%84%ae-150-g\/","title":{"rendered":"Electroli\u021bi pentru Hidratare \u0219i Energie \u2013 \u212e 150 g"},"content":{"rendered":"<p data-start=\"33\" data-end=\"114\"><strong data-start=\"33\" data-end=\"112\">Bionia\u00ae Electroli\u021bi \u2013 b\u0103utur\u0103 izotonic\u0103 pulbere pentru hidratare \u0219i energie<\/strong><\/p>\n<p data-start=\"116\" data-end=\"179\"><strong data-start=\"116\" data-end=\"177\">Bionia\u00ae Isotonic Electrolyte powder, Hydrate and energize<\/strong><\/p>\n<p data-start=\"181\" data-end=\"197\"><strong data-start=\"181\" data-end=\"195\">Arom\u0103 lime<\/strong><\/p>\n<p data-start=\"199\" data-end=\"280\">F\u0102R\u0102 OMG, F\u0103r\u0103 Gluten, F\u0103r\u0103 conservan\u021bi, F\u0103r\u0103 coloran\u021bi, F\u0103r\u0103 arome artificiale<\/p>\n<p data-start=\"282\" data-end=\"307\"><strong data-start=\"282\" data-end=\"305\">Supliment alimentar<\/strong><\/p>\n<p data-start=\"309\" data-end=\"398\">Sus\u021bine: hidratare, energie, echilibrul electrolitic, func\u021bia muscular\u0103, func\u021bia renal\u0103<\/p>\n<p data-start=\"400\" data-end=\"512\"><strong data-start=\"400\" data-end=\"416\">Ingrediente:<\/strong><br data-start=\"416\" data-end=\"419\" \/>Electroli\u021bi minerali: sodiu, potasiu, clor, magneziu, stevia.<br data-start=\"480\" data-end=\"483\" \/><strong data-start=\"483\" data-end=\"502\">Cantitate net\u0103:<\/strong> 150 g \u212e<\/p>\n<p data-start=\"514\" data-end=\"563\"><strong data-start=\"514\" data-end=\"531\">Doz\u0103 zilnic\u0103:<\/strong> 1 linguri\u021b\u0103 m\u0103sur\u0103toare (5 g)<\/p>\n<div class=\"_tableContainer_1rjym_1\">\n<div class=\"_tableWrapper_1rjym_13 group flex w-fit flex-col-reverse\" tabindex=\"-1\">\n<table class=\"w-fit min-w-(--thread-content-width)\" data-start=\"565\" data-end=\"979\">\n<thead data-start=\"565\" data-end=\"621\">\n<tr data-start=\"565\" data-end=\"621\">\n<th data-start=\"565\" data-end=\"598\" data-col-size=\"sm\">Cantitate per doz\u0103 zilnic\u0103 5 g<\/th>\n<th data-start=\"598\" data-end=\"621\" data-col-size=\"sm\">Cantitate per 100 g<\/th>\n<\/tr>\n<\/thead>\n<tbody data-start=\"675\" data-end=\"979\">\n<tr data-start=\"675\" data-end=\"735\">\n<td data-start=\"675\" data-end=\"708\" data-col-size=\"sm\">Clorur\u0103 de sodiu<\/td>\n<td data-col-size=\"sm\" data-start=\"708\" data-end=\"727\">0,5 g<\/td>\n<\/tr>\n<tr data-start=\"736\" data-end=\"796\">\n<td data-start=\"736\" data-end=\"769\" data-col-size=\"sm\">Citrate de sodiu<\/td>\n<td data-col-size=\"sm\" data-start=\"769\" data-end=\"788\">0,6 g<\/td>\n<\/tr>\n<tr data-start=\"797\" data-end=\"857\">\n<td data-start=\"797\" data-end=\"830\" data-col-size=\"sm\">Fosfat dicalicic<\/td>\n<td data-col-size=\"sm\" data-start=\"830\" data-end=\"849\">0,4 g<\/td>\n<\/tr>\n<tr data-start=\"858\" data-end=\"918\">\n<td data-start=\"858\" data-end=\"891\" data-col-size=\"sm\">Magneziu marin<\/td>\n<td data-col-size=\"sm\" data-start=\"891\" data-end=\"910\">0,1 g<\/td>\n<\/tr>\n<tr data-start=\"919\" data-end=\"979\">\n<td data-start=\"919\" data-end=\"952\" data-col-size=\"sm\">Stevia incl. glucoz\u0103<\/td>\n<td data-col-size=\"sm\" data-start=\"952\" data-end=\"971\">2,95 g<\/td>\n<\/tr>\n<\/tbody>\n<\/table>\n<\/div>\n<\/div>\n<p data-start=\"981\" data-end=\"1094\"><strong data-start=\"981\" data-end=\"1092\">Combina\u021bie de electroli\u021bi \u2013 b\u0103utur\u0103 izotonic\u0103 pulbere pentru hidratare \u0219i energie cu arom\u0103 pl\u0103cut\u0103 de lime!<\/strong><\/p>\n<p data-start=\"1096\" data-end=\"1113\"><strong data-start=\"1096\" data-end=\"1111\">Destina\u021bie:<\/strong><\/p>\n<p data-start=\"1115\" data-end=\"1199\">B\u0103utura izotonic\u0103 pulbere de la Bionia ofer\u0103 un amestec de electroli\u021bi \u0219i sus\u021bine:<\/p>\n<ul data-start=\"1201\" data-end=\"1574\">\n<li data-start=\"1201\" data-end=\"1339\">\n<p data-start=\"1203\" data-end=\"1339\">Hidratarea optim\u0103 \u0219i refacerea lichidelor din organism \u00een timpul activit\u0103\u021bii fizice intense sau \u00een caz de tulbur\u0103ri gastrointestinale;<\/p>\n<\/li>\n<li data-start=\"1340\" data-end=\"1368\">\n<p data-start=\"1342\" data-end=\"1368\">Echilibrul electrolitic;<\/p>\n<\/li>\n<li data-start=\"1369\" data-end=\"1401\">\n<p data-start=\"1371\" data-end=\"1401\">Func\u021bia normal\u0103 a mu\u0219chilor;<\/p>\n<\/li>\n<li data-start=\"1402\" data-end=\"1444\">\n<p data-start=\"1404\" data-end=\"1444\">Circula\u021bia sanguin\u0103 \u0219i func\u021bia inimii;<\/p>\n<\/li>\n<li data-start=\"1445\" data-end=\"1464\">\n<p data-start=\"1447\" data-end=\"1464\">Func\u021bia renal\u0103;<\/p>\n<\/li>\n<li data-start=\"1465\" data-end=\"1510\">\n<p data-start=\"1467\" data-end=\"1510\">Sistemul nervos \u0219i activitatea cerebral\u0103;<\/p>\n<\/li>\n<li data-start=\"1511\" data-end=\"1574\">\n<p data-start=\"1513\" data-end=\"1574\">Ofer\u0103 energie \u0219i reduce senza\u021bia de oboseal\u0103 \u0219i sl\u0103biciune.<\/p>\n<\/li>\n<\/ul>\n<p data-start=\"1576\" data-end=\"1651\"><strong data-start=\"1576\" data-end=\"1618\">Doza recomandat\u0103 pentru consum zilnic:<\/strong> 1 linguri\u021b\u0103 m\u0103sur\u0103toare pe zi.<\/p>\n<p data-start=\"1653\" data-end=\"1819\"><strong data-start=\"1653\" data-end=\"1683\">Instruc\u021biuni de utilizare:<\/strong> Produsul se dizolv\u0103 u\u0219or \u00een ap\u0103 (\u2248 180 ml) \u0219i se consum\u0103 pe cale oral\u0103. Poate fi consumat \u00een orice moment al zilei. Preparare simpl\u0103.<\/p>\n<p data-start=\"1821\" data-end=\"2150\">Nu dep\u0103\u0219i\u021bi doza zilnic\u0103 recomandat\u0103! Nu se utilizeaz\u0103 ca \u00eenlocuitor al unei alimenta\u021bii variate. Se recomand\u0103 ca supliment alimentar \u00een cadrul dietei zilnice. Produsul nu este un medicament. A se p\u0103stra \u00eentr-un loc r\u0103coros \u0219i uscat, la temperaturi p\u00e2n\u0103 la 25\u00b0C, ferit de lumina direct\u0103 a soarelui \u0219i la \u00eendem\u00e2na copiilor mici.<\/p>\n<p data-start=\"2152\" data-end=\"2353\"><strong data-start=\"2152\" data-end=\"2172\">Produs destinat:<\/strong> sportivilor, alerg\u0103torilor de distan\u021b\u0103 lung\u0103, persoanelor cu activitate fizic\u0103 intens\u0103, \u00een caz de deshidratare, \u00een condi\u021bii de temperaturi ridicate, vegani, vegetarieni \u0219i al\u021bii.<\/p>\n","protected":false},"excerpt":{"rendered":"<p data-start=\"33\" data-end=\"114\"><strong data-start=\"33\" data-end=\"112\">Bionia\u00ae Electroli\u021bi \u2013 b\u0103utur\u0103 izotonic\u0103 pulbere pentru hidratare \u0219i energie<\/strong><\/p>\n<p data-start=\"116\" data-end=\"179\"><strong data-start=\"116\" data-end=\"177\">Bionia\u00ae Isotonic Electrolyte powder, Hydrate and energize<\/strong><\/p>\n<p data-start=\"181\" data-end=\"265\">B\u0103utura izotonic\u0103 pulbere de la Bionia ofer\u0103 un amestec de electroli\u021bi \u0219i sus\u021bine:<\/p>\n<ul data-start=\"267\" data-end=\"636\">\n<li data-start=\"267\" data-end=\"401\">\n<p data-start=\"269\" data-end=\"401\">Hidratarea optim\u0103 \u0219i refacerea lichidelor din organism \u00een timpul activit\u0103\u021bii fizice intense sau al tulbur\u0103rilor gastrointestinale;<\/p>\n<\/li>\n<li data-start=\"402\" data-end=\"430\">\n<p data-start=\"404\" data-end=\"430\">Echilibrul electrolitic;<\/p>\n<\/li>\n<li data-start=\"431\" data-end=\"463\">\n<p data-start=\"433\" data-end=\"463\">Func\u021bia normal\u0103 a mu\u0219chilor;<\/p>\n<\/li>\n<li data-start=\"464\" data-end=\"506\">\n<p data-start=\"466\" data-end=\"506\">Circula\u021bia sanguin\u0103 \u0219i func\u021bia inimii;<\/p>\n<\/li>\n<li data-start=\"507\" data-end=\"526\">\n<p data-start=\"509\" data-end=\"526\">Func\u021bia renal\u0103;<\/p>\n<\/li>\n<li data-start=\"527\" data-end=\"572\">\n<p data-start=\"529\" data-end=\"572\">Sistemul nervos \u0219i activitatea cerebral\u0103;<\/p>\n<\/li>\n<li data-start=\"573\" data-end=\"636\">\n<p data-start=\"575\" data-end=\"636\">Ofer\u0103 energie \u0219i reduce senza\u021bia de oboseal\u0103 \u0219i sl\u0103biciune.<\/p>\n<\/li>\n<\/ul>\n<p data-start=\"638\" data-end=\"667\"><strong data-start=\"638\" data-end=\"657\">Cantitate net\u0103:<\/strong> 150 g \u212e<\/p>\n","protected":false},"featured_media":39628,"comment_status":"closed","ping_status":"closed","template":"","meta":{"wds_primary_product_brand":0,"wds_primary_product_cat":0},"product_brand":[1376],"product_cat":[342],"product_tag":[1385,1386,1387,1388],"class_list":{"0":"post-39568","1":"product","2":"type-product","3":"status-publish","4":"has-post-thumbnail","6":"product_brand-bionia","7":"product_cat-bionia-premium-ro","8":"product_tag-electrolytes-ro","9":"product_tag-electrolytes-isotonic-drink-powder-for-hydration-energy-ro","10":"product_tag-hydration-energy-ro","11":"product_tag-isotonic-drink-powder-ro","13":"first","14":"instock","15":"shipping-taxable","16":"purchasable","17":"product-type-simple"},"_links":{"self":[{"href":"https:\/\/bionia.bio\/ro\/wp-json\/wp\/v2\/product\/39568","targetHints":{"allow":["GET"]}}],"collection":[{"href":"https:\/\/bionia.bio\/ro\/wp-json\/wp\/v2\/product"}],"about":[{"href":"https:\/\/bionia.bio\/ro\/wp-json\/wp\/v2\/types\/product"}],"replies":[{"embeddable":true,"href":"https:\/\/bionia.bio\/ro\/wp-json\/wp\/v2\/comments?post=39568"}],"wp:featuredmedia":[{"embeddable":true,"href":"https:\/\/bionia.bio\/ro\/wp-json\/wp\/v2\/media\/39628"}],"wp:attachment":[{"href":"https:\/\/bionia.bio\/ro\/wp-json\/wp\/v2\/media?parent=39568"}],"wp:term":[{"taxonomy":"product_brand","embeddable":true,"href":"https:\/\/bionia.bio\/ro\/wp-json\/wp\/v2\/product_brand?post=39568"},{"taxonomy":"product_cat","embeddable":true,"href":"https:\/\/bionia.bio\/ro\/wp-json\/wp\/v2\/product_cat?post=39568"},{"taxonomy":"product_tag","embeddable":true,"href":"https:\/\/bionia.bio\/ro\/wp-json\/wp\/v2\/product_tag?post=39568"}],"curies":[{"name":"wp","href":"https:\/\/api.w.org\/{rel}","templated":true}]}}