{"id":39530,"date":"2025-08-17T00:47:52","date_gmt":"2025-08-16T21:47:52","guid":{"rendered":"https:\/\/bionia.bio\/?post_type=product&#038;p=39530"},"modified":"2025-08-17T01:10:47","modified_gmt":"2025-08-16T22:10:47","slug":"hrisca-bio-fara-gluten","status":"publish","type":"product","link":"https:\/\/bionia.bio\/ro\/product\/hrisca-bio-fara-gluten\/","title":{"rendered":"HRI\u0218C\u0102 BIO F\u0102R\u0102 GLUTEN"},"content":{"rendered":"<p data-start=\"33\" data-end=\"94\"><strong data-start=\"33\" data-end=\"92\">HRI\u0218C\u0102 BIO F\u0102R\u0102 GLUTEN, ORGANIC BUCKWHEAT \u2013 GLUTEN FREE<\/strong><\/p>\n<ul>\n<li data-start=\"96\" data-end=\"184\">Energie<\/li>\n<li data-start=\"96\" data-end=\"184\">Doar 2% gr\u0103simi<\/li>\n<\/ul>\n<p>Vegan. F\u0102R\u0102 Gluten. F\u0102R\u0102 OMG. F\u0102R\u0102 radia\u021bii ionizante.<\/p>\n<p data-start=\"186\" data-end=\"213\"><strong data-start=\"186\" data-end=\"202\">Ingrediente:<\/strong> hri\u0219c\u0103*.<\/p>\n<p data-start=\"215\" data-end=\"410\">*Produs din agricultur\u0103 ecologic\u0103. Pentru alergeni, vede\u021bi ingredientele eviden\u021biate. Poate con\u021bine urme de t\u0103r\u00e2\u021be. A se p\u0103stra \u00eentr-un loc uscat \u0219i r\u0103coros, ferit de lumina direct\u0103 a soarelui.<\/p>\n<p data-start=\"412\" data-end=\"669\"><strong data-start=\"412\" data-end=\"456\">Valoare nutri\u021bional\u0103 \/ Valoare nutritiv\u0103<\/strong><br data-start=\"456\" data-end=\"459\" \/>Per \/ Pentru 100 g<br data-start=\"477\" data-end=\"480\" \/>Valoare energetic\u0103: 1513 kJ \/ 357 kcal<br data-start=\"518\" data-end=\"521\" \/>Gr\u0103simi: 2 g<br data-start=\"533\" data-end=\"536\" \/>\u2013 din care acizi gra\u0219i satura\u021bi: 0,4 g<br data-start=\"574\" data-end=\"577\" \/>Carbohidra\u021bi: 74 g<br data-start=\"595\" data-end=\"598\" \/>\u2013 din care zaharuri: 2,1 g<br data-start=\"624\" data-end=\"627\" \/>Fibre: 5,6 g<br data-start=\"639\" data-end=\"642\" \/>Proteine: 8 g<br data-start=\"655\" data-end=\"658\" \/>Sare: 0 g<\/p>\n<p data-start=\"671\" data-end=\"880\"><strong data-start=\"671\" data-end=\"701\">Instruc\u021biuni de utilizare:<\/strong> Ideal\u0103 pentru prepararea micului dejun, a salatelor \u0219i a felurilor principale, ca alternativ\u0103 f\u0103r\u0103 gluten. Se combin\u0103 bine cu alte cereale, leguminoase, legume, nuci \u0219i altele.<\/p>\n<p data-start=\"882\" data-end=\"909\"><strong data-start=\"882\" data-end=\"894\">Origine:<\/strong> Polonia (UE)<\/p>\n","protected":false},"excerpt":{"rendered":"<p data-start=\"33\" data-end=\"94\"><strong data-start=\"33\" data-end=\"92\">HRI\u0218C\u0102 BIO F\u0102R\u0102 GLUTEN, ORGANIC BUCKWHEAT \u2013 GLUTEN FREE<\/strong><\/p>\n<ul>\n<li data-start=\"96\" data-end=\"184\">Energie<\/li>\n<li data-start=\"96\" data-end=\"184\">Doar 2% gr\u0103simi<\/li>\n<\/ul>\n<p>Vegan. F\u0102R\u0102 Gluten. F\u0102R\u0102 OMG. F\u0102R\u0102 radia\u021bii ionizante.<\/p>\n<p><strong data-start=\"882\" data-end=\"894\">Origine:<\/strong> Polonia (UE)<\/p>\n","protected":false},"featured_media":39631,"comment_status":"closed","ping_status":"closed","template":"","meta":{"wds_primary_product_brand":0,"wds_primary_product_cat":0},"product_brand":[],"product_cat":[343,342],"product_tag":[1074,1375,1374],"class_list":{"0":"post-39530","1":"product","2":"type-product","3":"status-publish","4":"has-post-thumbnail","6":"product_cat-bionia-bio-products-ro","7":"product_cat-bionia-premium-ro","8":"product_tag-bionia-ro","9":"product_tag-hrisca-bio","10":"product_tag-hrisca-bio-fara-gluten","11":"pa_product-size-1-kg-ro","12":"pa_product-size-3-kg-ro","13":"pa_product-size-5-kg-ro","14":"pa_product-size-900-g-ro","16":"first","17":"instock","18":"shipping-taxable","19":"purchasable","20":"product-type-variable"},"_links":{"self":[{"href":"https:\/\/bionia.bio\/ro\/wp-json\/wp\/v2\/product\/39530","targetHints":{"allow":["GET"]}}],"collection":[{"href":"https:\/\/bionia.bio\/ro\/wp-json\/wp\/v2\/product"}],"about":[{"href":"https:\/\/bionia.bio\/ro\/wp-json\/wp\/v2\/types\/product"}],"replies":[{"embeddable":true,"href":"https:\/\/bionia.bio\/ro\/wp-json\/wp\/v2\/comments?post=39530"}],"wp:featuredmedia":[{"embeddable":true,"href":"https:\/\/bionia.bio\/ro\/wp-json\/wp\/v2\/media\/39631"}],"wp:attachment":[{"href":"https:\/\/bionia.bio\/ro\/wp-json\/wp\/v2\/media?parent=39530"}],"wp:term":[{"taxonomy":"product_brand","embeddable":true,"href":"https:\/\/bionia.bio\/ro\/wp-json\/wp\/v2\/product_brand?post=39530"},{"taxonomy":"product_cat","embeddable":true,"href":"https:\/\/bionia.bio\/ro\/wp-json\/wp\/v2\/product_cat?post=39530"},{"taxonomy":"product_tag","embeddable":true,"href":"https:\/\/bionia.bio\/ro\/wp-json\/wp\/v2\/product_tag?post=39530"}],"curies":[{"name":"wp","href":"https:\/\/api.w.org\/{rel}","templated":true}]}}