{"id":39445,"date":"2025-08-14T02:17:45","date_gmt":"2025-08-13T23:17:45","guid":{"rendered":"https:\/\/bionia.bio\/?post_type=product&#038;p=39445"},"modified":"2025-08-18T01:42:03","modified_gmt":"2025-08-17T22:42:03","slug":"fulgi-bio-fara-gluten-mix","status":"publish","type":"product","link":"https:\/\/bionia.bio\/ro\/product\/fulgi-bio-fara-gluten-mix\/","title":{"rendered":"FULGI BIO F\u0102R\u0102 GLUTEN mix"},"content":{"rendered":"<p data-start=\"33\" data-end=\"106\"><strong data-start=\"33\" data-end=\"104\">FULGI BIO F\u0102R\u0102 GLUTEN mix: ov\u0103z f\u0103r\u0103 gluten, orez brun, mei, quinoa<\/strong><\/p>\n<p data-start=\"108\" data-end=\"175\"><strong data-start=\"108\" data-end=\"173\">ORGANIC FLAKES blend \u2013 GLUTEN FREE: oat, rice, millet, quinoa<\/strong><\/p>\n<ul>\n<li data-start=\"177\" data-end=\"212\"><strong data-start=\"177\" data-end=\"188\">Energie<\/strong><\/li>\n<li data-start=\"177\" data-end=\"212\"><strong data-start=\"191\" data-end=\"200\">Fibre<\/strong><\/li>\n<\/ul>\n<p data-start=\"214\" data-end=\"263\">Vegan. F\u0102R\u0102 Gluten. F\u0102R\u0102 OMG. F\u0102R\u0102 conservan\u021bi.<\/p>\n<p data-start=\"265\" data-end=\"372\"><strong data-start=\"265\" data-end=\"281\">Ingrediente:<\/strong> Fulgi de ov\u0103z fini* \u2013 f\u0103r\u0103 gluten, boabe de mei*, boabe de quinoa*, boabe de orez brun*.<\/p>\n<p data-start=\"374\" data-end=\"569\">*Produs din agricultur\u0103 ecologic\u0103. Pentru alergeni, vede\u021bi ingredientele eviden\u021biate. Poate con\u021bine urme de t\u0103r\u00e2\u021be. A se p\u0103stra \u00eentr-un loc uscat \u0219i r\u0103coros, ferit de lumina direct\u0103 a soarelui.<\/p>\n<p data-start=\"571\" data-end=\"829\"><strong data-start=\"571\" data-end=\"615\">Valoare nutri\u021bional\u0103 \/ Valoare nutritiv\u0103<\/strong><br data-start=\"615\" data-end=\"618\" \/>Per \/ Pentru 100 g<br data-start=\"636\" data-end=\"639\" \/>Valoare energetic\u0103: 1470 kJ \/ 350 kcal<br data-start=\"677\" data-end=\"680\" \/>Gr\u0103simi: 4,9 g<br data-start=\"694\" data-end=\"697\" \/>\u2013 din care acizi gra\u0219i satura\u021bi: 1 g<br data-start=\"733\" data-end=\"736\" \/>Carbohidra\u021bi: 62,3 g<br data-start=\"756\" data-end=\"759\" \/>\u2013 din care zaharuri: 1,2 g<br data-start=\"785\" data-end=\"788\" \/>Fibre: 6 g<br data-start=\"798\" data-end=\"801\" \/>Proteine: 11 g<br data-start=\"815\" data-end=\"818\" \/>Sare: 0 g<\/p>\n<p data-start=\"831\" data-end=\"1050\"><strong data-start=\"831\" data-end=\"861\">Instruc\u021biuni de utilizare:<\/strong> Ideali pentru prepararea unui mic dejun cu fructe, musli de cas\u0103, batoane s\u0103n\u0103toase; pot fi ad\u0103uga\u021bi \u00een produse de patiserie, supe etc. Se combin\u0103 bine cu nuci, fructe, legume \u0219i altele.<\/p>\n<p data-start=\"1052\" data-end=\"1107\"><strong data-start=\"1052\" data-end=\"1064\">Origine:<\/strong> materie prim\u0103 din afara UE, produs \u00een UE<\/p>\n","protected":false},"excerpt":{"rendered":"<p data-start=\"33\" data-end=\"106\"><strong data-start=\"33\" data-end=\"104\">FULGI BIO F\u0102R\u0102 GLUTEN mix: ov\u0103z f\u0103r\u0103 gluten, orez brun, mei, quinoa<\/strong><\/p>\n<p data-start=\"108\" data-end=\"175\"><strong data-start=\"108\" data-end=\"173\">ORGANIC FLAKES blend \u2013 GLUTEN FREE: oat, rice, millet, quinoa<\/strong><\/p>\n<ul>\n<li data-start=\"177\" data-end=\"212\"><strong data-start=\"177\" data-end=\"188\">Energie<\/strong><\/li>\n<li data-start=\"177\" data-end=\"212\"><strong data-start=\"191\" data-end=\"200\">Fibre<\/strong><\/li>\n<\/ul>\n<p data-start=\"214\" data-end=\"263\">Vegan. F\u0102R\u0102 Gluten. F\u0102R\u0102 OMG. F\u0102R\u0102 conservan\u021bi.<\/p>\n","protected":false},"featured_media":39634,"comment_status":"closed","ping_status":"closed","template":"","meta":{"wds_primary_product_brand":0,"wds_primary_product_cat":0},"product_brand":[],"product_cat":[343,342],"product_tag":[1338,1339,1340,1342],"class_list":{"0":"post-39445","1":"product","2":"type-product","3":"status-publish","4":"has-post-thumbnail","6":"product_cat-bionia-bio-products-ro","7":"product_cat-bionia-premium-ro","8":"product_tag-bio-oatflakes-fine-ro","9":"product_tag-gluten-free-oat-flakes-ro","10":"product_tag-gluten-free-oat-flakes-bionia-ro","11":"product_tag-oat-flakes-ro","12":"pa_product-size-1-kg-ro","13":"pa_product-size-3-kg-ro","14":"pa_product-size-450-g-ro","15":"pa_product-size-5-kg-ro","17":"first","18":"instock","19":"shipping-taxable","20":"purchasable","21":"product-type-variable"},"_links":{"self":[{"href":"https:\/\/bionia.bio\/ro\/wp-json\/wp\/v2\/product\/39445","targetHints":{"allow":["GET"]}}],"collection":[{"href":"https:\/\/bionia.bio\/ro\/wp-json\/wp\/v2\/product"}],"about":[{"href":"https:\/\/bionia.bio\/ro\/wp-json\/wp\/v2\/types\/product"}],"replies":[{"embeddable":true,"href":"https:\/\/bionia.bio\/ro\/wp-json\/wp\/v2\/comments?post=39445"}],"wp:featuredmedia":[{"embeddable":true,"href":"https:\/\/bionia.bio\/ro\/wp-json\/wp\/v2\/media\/39634"}],"wp:attachment":[{"href":"https:\/\/bionia.bio\/ro\/wp-json\/wp\/v2\/media?parent=39445"}],"wp:term":[{"taxonomy":"product_brand","embeddable":true,"href":"https:\/\/bionia.bio\/ro\/wp-json\/wp\/v2\/product_brand?post=39445"},{"taxonomy":"product_cat","embeddable":true,"href":"https:\/\/bionia.bio\/ro\/wp-json\/wp\/v2\/product_cat?post=39445"},{"taxonomy":"product_tag","embeddable":true,"href":"https:\/\/bionia.bio\/ro\/wp-json\/wp\/v2\/product_tag?post=39445"}],"curies":[{"name":"wp","href":"https:\/\/api.w.org\/{rel}","templated":true}]}}