{"id":39428,"date":"2025-08-14T02:04:32","date_gmt":"2025-08-13T23:04:32","guid":{"rendered":"https:\/\/bionia.bio\/product\/organic-oat-flakes-fine-gluten-free\/"},"modified":"2025-08-14T02:52:08","modified_gmt":"2025-08-13T23:52:08","slug":"organic-oat-flakes-fine-gluten-free","status":"publish","type":"product","link":"https:\/\/bionia.bio\/ro\/product\/organic-oat-flakes-fine-gluten-free\/","title":{"rendered":"FULGI DE OV\u0102Z BIO fini F\u0102R\u0102 GLUTEN"},"content":{"rendered":"<p data-start=\"33\" data-end=\"112\"><strong data-start=\"33\" data-end=\"110\">FULGI DE OV\u0102Z BIO fini F\u0102R\u0102 GLUTEN, ORGANIC OAT FLAKES fine \u2013 GLUTEN FREE<\/strong><\/p>\n<ul>\n<li data-start=\"114\" data-end=\"180\"><strong data-start=\"114\" data-end=\"125\">Energie<\/strong><\/li>\n<li data-start=\"114\" data-end=\"180\"><strong data-start=\"128\" data-end=\"137\">Fibre<\/strong><\/li>\n<li data-start=\"114\" data-end=\"180\"><strong>Dintre care 4,5% beta-glucan<\/strong><\/li>\n<\/ul>\n<p data-start=\"182\" data-end=\"256\">Vegan. F\u0102R\u0102 Gluten. F\u0102R\u0102 OMG. F\u0102R\u0102 conservan\u021bi. F\u0102R\u0102 radia\u021bii ionizante.<\/p>\n<p data-start=\"258\" data-end=\"311\"><strong data-start=\"258\" data-end=\"274\">Ingrediente:<\/strong> Fulgi de ov\u0103z fini* \u2013 f\u0103r\u0103 gluten.<\/p>\n<p data-start=\"313\" data-end=\"508\">*Produs din agricultur\u0103 ecologic\u0103. Pentru alergeni, vede\u021bi ingredientele eviden\u021biate. Poate con\u021bine urme de t\u0103r\u00e2\u021be. A se p\u0103stra \u00eentr-un loc uscat \u0219i r\u0103coros, ferit de lumina direct\u0103 a soarelui.<\/p>\n<p data-start=\"510\" data-end=\"765\"><strong data-start=\"510\" data-end=\"534\">Valoare nutri\u021bional\u0103<\/strong><br data-start=\"534\" data-end=\"537\" \/>Valoare nutritiv\u0103 \/ Pentru<br data-start=\"563\" data-end=\"566\" \/>100 g<br data-start=\"571\" data-end=\"574\" \/>Valoare energetic\u0103: 1530 kJ \/ 370 kcal<br data-start=\"612\" data-end=\"615\" \/>Gr\u0103simi: 6,9 g<br data-start=\"629\" data-end=\"632\" \/>\u2013 din care acizi gra\u0219i satura\u021bi: 1,2 g<br data-start=\"670\" data-end=\"673\" \/>Carbohidra\u021bi: 59 g<br data-start=\"691\" data-end=\"694\" \/>\u2013 din care zaharuri: 1,3 g<br data-start=\"720\" data-end=\"723\" data-is-only-node=\"\" \/>Fibre: 10 g<br data-start=\"734\" data-end=\"737\" \/>Proteine: 13 g<br data-start=\"751\" data-end=\"754\" \/>Sare: 0 g<\/p>\n<p data-start=\"767\" data-end=\"986\"><strong data-start=\"767\" data-end=\"797\">Instruc\u021biuni de utilizare:<\/strong> Ideali pentru prepararea unui mic dejun cu fructe, musli de cas\u0103, batoane s\u0103n\u0103toase; pot fi ad\u0103uga\u021bi \u00een produse de patiserie, supe etc. Se combin\u0103 bine cu nuci, fructe, legume \u0219i altele.<\/p>\n<p data-start=\"988\" data-end=\"1006\"><strong data-start=\"988\" data-end=\"1004\">Produs \u00een UE<\/strong><\/p>\n","protected":false},"excerpt":{"rendered":"<p data-start=\"33\" data-end=\"112\"><strong data-start=\"33\" data-end=\"110\">FULGI DE OV\u0102Z BIO fini F\u0102R\u0102 GLUTEN, ORGANIC OAT FLAKES fine \u2013 GLUTEN FREE<\/strong><\/p>\n<ul>\n<li data-start=\"114\" data-end=\"180\"><strong data-start=\"114\" data-end=\"125\">Energie<\/strong><\/li>\n<li data-start=\"114\" data-end=\"180\"><strong data-start=\"128\" data-end=\"137\">Fibre<\/strong><\/li>\n<li data-start=\"114\" data-end=\"180\"><strong>Dintre care 4,5% beta-glucan<\/strong><\/li>\n<\/ul>\n<p data-start=\"182\" data-end=\"256\">Vegan. F\u0102R\u0102 Gluten. F\u0102R\u0102 OMG. F\u0102R\u0102 conservan\u021bi. F\u0102R\u0102 radia\u021bii ionizante.<\/p>\n","protected":false},"featured_media":39641,"comment_status":"closed","ping_status":"closed","template":"","meta":{"wds_primary_product_brand":0,"wds_primary_product_cat":0},"product_brand":[],"product_cat":[343,342],"product_tag":[1338,1339,1340,1341,1342],"class_list":{"0":"post-39428","1":"product","2":"type-product","3":"status-publish","4":"has-post-thumbnail","6":"product_cat-bionia-bio-products-ro","7":"product_cat-bionia-premium-ro","8":"product_tag-bio-oatflakes-fine-ro","9":"product_tag-gluten-free-oat-flakes-ro","10":"product_tag-gluten-free-oat-flakes-bionia-ro","11":"product_tag-oat-breakfast-ro","12":"product_tag-oat-flakes-ro","13":"pa_product-size-1-kg-ro","14":"pa_product-size-3-kg-ro","15":"pa_product-size-450-g-ro","16":"pa_product-size-5-kg-ro","18":"first","19":"instock","20":"shipping-taxable","21":"purchasable","22":"product-type-variable"},"_links":{"self":[{"href":"https:\/\/bionia.bio\/ro\/wp-json\/wp\/v2\/product\/39428","targetHints":{"allow":["GET"]}}],"collection":[{"href":"https:\/\/bionia.bio\/ro\/wp-json\/wp\/v2\/product"}],"about":[{"href":"https:\/\/bionia.bio\/ro\/wp-json\/wp\/v2\/types\/product"}],"replies":[{"embeddable":true,"href":"https:\/\/bionia.bio\/ro\/wp-json\/wp\/v2\/comments?post=39428"}],"wp:featuredmedia":[{"embeddable":true,"href":"https:\/\/bionia.bio\/ro\/wp-json\/wp\/v2\/media\/39641"}],"wp:attachment":[{"href":"https:\/\/bionia.bio\/ro\/wp-json\/wp\/v2\/media?parent=39428"}],"wp:term":[{"taxonomy":"product_brand","embeddable":true,"href":"https:\/\/bionia.bio\/ro\/wp-json\/wp\/v2\/product_brand?post=39428"},{"taxonomy":"product_cat","embeddable":true,"href":"https:\/\/bionia.bio\/ro\/wp-json\/wp\/v2\/product_cat?post=39428"},{"taxonomy":"product_tag","embeddable":true,"href":"https:\/\/bionia.bio\/ro\/wp-json\/wp\/v2\/product_tag?post=39428"}],"curies":[{"name":"wp","href":"https:\/\/api.w.org\/{rel}","templated":true}]}}