{"id":39288,"date":"2023-11-02T18:25:28","date_gmt":"2023-11-02T15:25:28","guid":{"rendered":"https:\/\/bionia.bio\/product\/vegetamin-vitamins-d3-k2-mk-7-lithothamnion-calcareum\/"},"modified":"2025-07-16T23:49:46","modified_gmt":"2025-07-16T20:49:46","slug":"vegetamin-vitamine-d3-k2-mk-7-lithothamnion-calcareum","status":"publish","type":"product","link":"https:\/\/bionia.bio\/ro\/product\/vegetamin-vitamine-d3-k2-mk-7-lithothamnion-calcareum\/","title":{"rendered":"VEGETAMIN\u2122 &#8211; Vitamine D3 + K2 MK-7 + Lithothamnion calcareum"},"content":{"rendered":"<p data-start=\"73\" data-end=\"157\"><strong data-start=\"73\" data-end=\"98\">Efect benefic asupra:<\/strong> din\u021bilor, oaselor, mu\u0219chilor, vaselor de s\u00e2nge, imunit\u0103\u021bii<\/p>\n<p data-start=\"159\" data-end=\"242\">Numai ingrediente naturale, f\u0103r\u0103 OMG<br data-start=\"195\" data-end=\"198\" \/>60 Capsule Vegetariene<br data-start=\"220\" data-end=\"223\" \/>Supliment alimentar<\/p>\n<hr data-start=\"244\" data-end=\"247\" \/>\n<p data-start=\"249\" data-end=\"267\"><strong data-start=\"249\" data-end=\"265\">Ingrediente:<\/strong><\/p>\n<ul data-start=\"268\" data-end=\"420\">\n<li data-start=\"268\" data-end=\"339\">\n<p data-start=\"270\" data-end=\"339\">Vitamina D3 natural\u0103 (colecalciferol), ob\u021binut\u0103 din lichen de munte<\/p>\n<\/li>\n<li data-start=\"340\" data-end=\"388\">\n<p data-start=\"342\" data-end=\"388\">Vitamina K2 MK-7 natural\u0103, ob\u021binut\u0103 din n\u0103ut<\/p>\n<\/li>\n<li data-start=\"389\" data-end=\"420\">\n<p data-start=\"391\" data-end=\"420\">Calciu natural din alge ro\u0219ii<\/p>\n<\/li>\n<\/ul>\n<p data-start=\"422\" data-end=\"449\"><strong data-start=\"422\" data-end=\"442\">Capacitate net\u0103:<\/strong> 27 g \u212e<\/p>\n<p data-start=\"451\" data-end=\"573\"><strong data-start=\"451\" data-end=\"498\">Por\u021bie recomandat\u0103 pentru copii sub 12 ani:<\/strong> \u00bd capsul\u0103<br data-start=\"508\" data-end=\"511\" \/><strong data-start=\"511\" data-end=\"563\">Por\u021bie recomandat\u0103 pentru persoane peste 12 ani:<\/strong> 1 capsul\u0103<\/p>\n<div class=\"_tableContainer_80l1q_1\">\n<div class=\"_tableWrapper_80l1q_14 group flex w-fit flex-col-reverse\" tabindex=\"-1\">\n<table class=\"w-fit min-w-(--thread-content-width)\" data-start=\"575\" data-end=\"986\">\n<thead data-start=\"575\" data-end=\"655\">\n<tr data-start=\"575\" data-end=\"655\">\n<th data-start=\"575\" data-end=\"609\" data-col-size=\"sm\"><\/th>\n<th data-start=\"609\" data-end=\"632\" data-col-size=\"sm\">Cantitate per por\u021bie<\/th>\n<th data-start=\"632\" data-end=\"655\" data-col-size=\"sm\">Cantitate per 100 g<\/th>\n<\/tr>\n<\/thead>\n<tbody data-start=\"737\" data-end=\"986\">\n<tr data-start=\"737\" data-end=\"817\">\n<td data-start=\"737\" data-end=\"771\" data-col-size=\"sm\">Vitamina D3 Vitashine<\/td>\n<td data-col-size=\"sm\" data-start=\"771\" data-end=\"794\">400 UI \/ 10 \u03bcg<\/td>\n<td data-col-size=\"sm\" data-start=\"794\" data-end=\"817\">2,20 mg<\/td>\n<\/tr>\n<tr data-start=\"818\" data-end=\"898\">\n<td data-start=\"818\" data-end=\"852\" data-col-size=\"sm\">Vitamina K2 MK-7 (MenaQ7)<\/td>\n<td data-col-size=\"sm\" data-start=\"852\" data-end=\"875\">100 \u03bcg<\/td>\n<td data-col-size=\"sm\" data-start=\"875\" data-end=\"898\">22 mg<\/td>\n<\/tr>\n<tr data-start=\"899\" data-end=\"986\">\n<td data-start=\"899\" data-end=\"940\" data-col-size=\"sm\">Alge ro\u0219ii (<em data-start=\"913\" data-end=\"938\">Lithothamnion calcareum<\/em>)<\/td>\n<td data-col-size=\"sm\" data-start=\"940\" data-end=\"963\">400 mg<\/td>\n<td data-col-size=\"sm\" data-start=\"963\" data-end=\"986\">88 mg<\/td>\n<\/tr>\n<\/tbody>\n<\/table>\n<div class=\"sticky end-(--thread-content-margin) h-0 self-end select-none\">\n<div class=\"absolute end-0 flex items-end\"><\/div>\n<\/div>\n<\/div>\n<\/div>\n<hr data-start=\"988\" data-end=\"991\" \/>\n<p data-start=\"993\" data-end=\"1068\"><strong data-start=\"993\" data-end=\"1068\">Complex vegetal de vitamine \u0219i minerale cu biodisponibilitate ridicat\u0103!<\/strong><\/p>\n<p data-start=\"1070\" data-end=\"1275\">Vitaminele naturale D3 + K2 MK-7 + algele ro\u0219ii <em data-start=\"1118\" data-end=\"1143\">Lithothamnion calcareum<\/em> de la Bionia sunt concepute pentru a suplimenta necesarul fiziologic zilnic de vitamine D3 + K2 MK-7 \u0219i au un efect benefic asupra:<\/p>\n<ul data-start=\"1277\" data-end=\"1486\">\n<li data-start=\"1277\" data-end=\"1325\">\n<p data-start=\"1279\" data-end=\"1325\">Absorb\u021biei normale a calciului \u0219i fosforului<\/p>\n<\/li>\n<li data-start=\"1326\" data-end=\"1356\">\n<p data-start=\"1328\" data-end=\"1356\">St\u0103rii oaselor \u0219i din\u021bilor<\/p>\n<\/li>\n<li data-start=\"1357\" data-end=\"1393\">\n<p data-start=\"1359\" data-end=\"1393\">Func\u021bion\u0103rii normale a mu\u0219chilor<\/p>\n<\/li>\n<li data-start=\"1394\" data-end=\"1417\">\n<p data-start=\"1396\" data-end=\"1417\">Sistemului imunitar<\/p>\n<\/li>\n<li data-start=\"1418\" data-end=\"1451\">\n<p data-start=\"1420\" data-end=\"1451\">Coagul\u0103rii normale a s\u00e2ngelui<\/p>\n<\/li>\n<li data-start=\"1452\" data-end=\"1486\">\n<p data-start=\"1454\" data-end=\"1486\">Procesului de diviziune celular\u0103<\/p>\n<\/li>\n<\/ul>\n<hr data-start=\"1488\" data-end=\"1491\" \/>\n<p data-start=\"1493\" data-end=\"1603\"><strong data-start=\"1493\" data-end=\"1522\">Doza zilnic\u0103 recomandat\u0103:<\/strong><br data-start=\"1522\" data-end=\"1525\" \/>Pentru adul\u021bi \u2013 1 capsul\u0103 pe zi;<br data-start=\"1557\" data-end=\"1560\" \/>Pentru copii (sub 12 ani) \u2013 \u00bd capsul\u0103 pe zi<\/p>\n<p data-start=\"1605\" data-end=\"1787\"><strong data-start=\"1605\" data-end=\"1626\">Mod de utilizare:<\/strong> Lua\u021bi num\u0103rul recomandat de capsule pe cale oral\u0103, \u00een timpul mesei. Capsulele p\u0103streaz\u0103 puritatea produsului, f\u0103r\u0103 adaos de adezivi, umpluturi sau al\u021bi aditivi.<\/p>\n<p data-start=\"1789\" data-end=\"1899\">Produs cu origine 100% vegetal\u0103, potrivit pentru vegani, vegetarieni, femei \u00eens\u0103rcinate, copii, v\u00e2rstnici etc.<\/p>\n<p data-start=\"1901\" data-end=\"2048\"><strong data-start=\"1901\" data-end=\"1913\">ATEN\u021aIE:<\/strong> Consulta\u021bi un medic \u00eenainte de utilizare dac\u0103 lua\u021bi anticoagulante (medicamente care previn coagularea s\u00e2ngelui), cum ar fi warfarina!<\/p>\n<p data-start=\"2050\" data-end=\"2288\">Nu dep\u0103\u0219i\u021bi doza zilnic\u0103 recomandat\u0103!<br data-start=\"2087\" data-end=\"2090\" \/>Nu utiliza\u021bi ca substitut pentru o alimenta\u021bie variat\u0103.<br data-start=\"2145\" data-end=\"2148\" \/>Recomandat ca supliment alimentar pentru completarea meniului zilnic.<br data-start=\"2217\" data-end=\"2220\" \/>Produsul nu este un medicament.<br data-start=\"2251\" data-end=\"2254\" \/>A nu se l\u0103sa la \u00eendem\u00e2na copiilor.<\/p>\n<p data-start=\"2290\" data-end=\"2415\"><strong data-start=\"2290\" data-end=\"2303\">P\u0103strare:<\/strong> \u00cen ambalajul original, \u00eentr-un loc uscat \u0219i aerisit, la temperatur\u0103 de p\u00e2n\u0103 la 25\u00b0C, ferit de accesul copiilor.<\/p>\n<p data-start=\"2417\" data-end=\"2432\"><strong data-start=\"2417\" data-end=\"2429\">Origine:<\/strong> UE<\/p>\n","protected":false},"excerpt":{"rendered":"<p data-start=\"53\" data-end=\"258\">Vitaminele naturale D3 + K2 MK-7 + algele ro\u0219ii <em data-start=\"101\" data-end=\"126\">Lithothamnion calcareum<\/em> de la Bionia sunt concepute pentru a suplimenta necesarul fiziologic zilnic de vitamine D3 + K2 MK-7 \u0219i au un efect benefic asupra:<\/p>\n<ul data-start=\"260\" data-end=\"461\">\n<li data-start=\"260\" data-end=\"309\">\n<p data-start=\"262\" data-end=\"309\">Absorb\u021biei normale a calciului \u0219i fosforului;<\/p>\n<\/li>\n<li data-start=\"310\" data-end=\"341\">\n<p data-start=\"312\" data-end=\"341\">St\u0103rii oaselor \u0219i din\u021bilor;<\/p>\n<\/li>\n<li data-start=\"342\" data-end=\"365\">\n<p data-start=\"344\" data-end=\"365\">Func\u021biei musculare;<\/p>\n<\/li>\n<li data-start=\"366\" data-end=\"390\">\n<p data-start=\"368\" data-end=\"390\">Sistemului imunitar;<\/p>\n<\/li>\n<li data-start=\"391\" data-end=\"425\">\n<p data-start=\"393\" data-end=\"425\">Coagul\u0103rii normale a s\u00e2ngelui;<\/p>\n<\/li>\n<li data-start=\"426\" data-end=\"461\">\n<p data-start=\"428\" data-end=\"461\">Procesului de diviziune celular\u0103.<\/p>\n<\/li>\n<\/ul>\n<p data-start=\"463\" data-end=\"499\">Numai ingrediente naturale, f\u0103r\u0103 OMG<\/p>\n<p data-start=\"501\" data-end=\"523\">60 Capsule Vegetariene<\/p>\n<p data-start=\"525\" data-end=\"544\">Supliment alimentar<\/p>\n","protected":false},"featured_media":39894,"comment_status":"closed","ping_status":"closed","template":"","meta":{"wds_primary_product_brand":0,"wds_primary_product_cat":0},"product_brand":[],"product_cat":[345],"product_tag":[1074,1293,1294,1295,1104,1106,1296,1297,1107,1298,1299,1108],"class_list":{"0":"post-39288","1":"product","2":"type-product","3":"status-publish","4":"has-post-thumbnail","6":"product_cat-vegetamin-ro","7":"product_tag-bionia-ro","8":"product_tag-blood-coagulation-ro","9":"product_tag-bones-and-teeth-health-ro","10":"product_tag-calcium-absorption-ro","11":"product_tag-cell-division-ro","12":"product_tag-immune-system-ro","13":"product_tag-k2-mk-7-ro","14":"product_tag-lithothamnion-calcareum-ro","15":"product_tag-muscle-function-ro","16":"product_tag-natural-vitamin-d3-ro","17":"product_tag-red-algae-ro","18":"product_tag-vegetamin-ro","20":"first","21":"outofstock","22":"shipping-taxable","23":"purchasable","24":"product-type-simple"},"_links":{"self":[{"href":"https:\/\/bionia.bio\/ro\/wp-json\/wp\/v2\/product\/39288","targetHints":{"allow":["GET"]}}],"collection":[{"href":"https:\/\/bionia.bio\/ro\/wp-json\/wp\/v2\/product"}],"about":[{"href":"https:\/\/bionia.bio\/ro\/wp-json\/wp\/v2\/types\/product"}],"replies":[{"embeddable":true,"href":"https:\/\/bionia.bio\/ro\/wp-json\/wp\/v2\/comments?post=39288"}],"wp:featuredmedia":[{"embeddable":true,"href":"https:\/\/bionia.bio\/ro\/wp-json\/wp\/v2\/media\/39894"}],"wp:attachment":[{"href":"https:\/\/bionia.bio\/ro\/wp-json\/wp\/v2\/media?parent=39288"}],"wp:term":[{"taxonomy":"product_brand","embeddable":true,"href":"https:\/\/bionia.bio\/ro\/wp-json\/wp\/v2\/product_brand?post=39288"},{"taxonomy":"product_cat","embeddable":true,"href":"https:\/\/bionia.bio\/ro\/wp-json\/wp\/v2\/product_cat?post=39288"},{"taxonomy":"product_tag","embeddable":true,"href":"https:\/\/bionia.bio\/ro\/wp-json\/wp\/v2\/product_tag?post=39288"}],"curies":[{"name":"wp","href":"https:\/\/api.w.org\/{rel}","templated":true}]}}