{"id":39285,"date":"2023-11-02T18:30:09","date_gmt":"2023-11-02T15:30:09","guid":{"rendered":"https:\/\/bionia.bio\/product\/vegetamin-ca-lithothamnion-calcareum-vitamins-d3-k2-mk-7\/"},"modified":"2025-07-16T23:46:38","modified_gmt":"2025-07-16T20:46:38","slug":"vegetamin-ca-lithothamnion-calcareum-vitamine-d3-k2-mk-7","status":"publish","type":"product","link":"https:\/\/bionia.bio\/ro\/product\/vegetamin-ca-lithothamnion-calcareum-vitamine-d3-k2-mk-7\/","title":{"rendered":"VEGETAMIN\u2122 &#8211; Ca Lithothamnion calcareum + Vitamine D3 + K2 MK-7"},"content":{"rendered":"<p data-start=\"73\" data-end=\"160\"><strong data-start=\"73\" data-end=\"98\">Efect benefic asupra:<\/strong> oaselor, articula\u021biilor, pielii, p\u0103rului, unghiilor, din\u021bilor<\/p>\n<p data-start=\"162\" data-end=\"241\"><strong data-start=\"162\" data-end=\"202\">Complex vegetal de Ca + D3 + K2 MK-7<\/strong><br data-start=\"202\" data-end=\"205\" \/>Numai ingrediente naturale, f\u0103r\u0103 OMG<\/p>\n<p data-start=\"243\" data-end=\"287\">60 Capsule Vegetariene<br data-start=\"265\" data-end=\"268\" \/>Supliment alimentar<\/p>\n<hr data-start=\"289\" data-end=\"292\" \/>\n<p data-start=\"294\" data-end=\"312\"><strong data-start=\"294\" data-end=\"310\">Ingrediente:<\/strong><\/p>\n<ul data-start=\"313\" data-end=\"465\">\n<li data-start=\"313\" data-end=\"346\">\n<p data-start=\"315\" data-end=\"346\">Calciu natural din alge ro\u0219ii<\/p>\n<\/li>\n<li data-start=\"347\" data-end=\"418\">\n<p data-start=\"349\" data-end=\"418\">Vitamina D3 natural\u0103 (colecalciferol), ob\u021binut\u0103 din lichen de munte<\/p>\n<\/li>\n<li data-start=\"419\" data-end=\"465\">\n<p data-start=\"421\" data-end=\"465\">Vitamina K2 MK-7 natural\u0103, ob\u021binut\u0103 din n\u0103ut<\/p>\n<\/li>\n<\/ul>\n<p data-start=\"467\" data-end=\"494\"><strong data-start=\"467\" data-end=\"487\">Capacitate net\u0103:<\/strong> 31 g \u212e<\/p>\n<p data-start=\"496\" data-end=\"618\"><strong data-start=\"496\" data-end=\"543\">Por\u021bie recomandat\u0103 pentru copii sub 12 ani:<\/strong> 1 capsul\u0103<br data-start=\"553\" data-end=\"556\" \/><strong data-start=\"556\" data-end=\"608\">Por\u021bie recomandat\u0103 pentru persoane peste 12 ani:<\/strong> 3 capsule<\/p>\n<div class=\"_tableContainer_80l1q_1\">\n<div class=\"_tableWrapper_80l1q_14 group flex w-fit flex-col-reverse\" tabindex=\"-1\">\n<table class=\"w-fit min-w-(--thread-content-width)\" data-start=\"620\" data-end=\"1129\">\n<thead data-start=\"620\" data-end=\"703\">\n<tr data-start=\"620\" data-end=\"703\">\n<th data-start=\"620\" data-end=\"649\" data-col-size=\"sm\"><\/th>\n<th data-start=\"649\" data-end=\"680\" data-col-size=\"sm\">Cantitate per por\u021bie<\/th>\n<th data-start=\"680\" data-end=\"703\" data-col-size=\"sm\">Cantitate per 100 g<\/th>\n<\/tr>\n<\/thead>\n<tbody data-start=\"790\" data-end=\"1129\">\n<tr data-start=\"790\" data-end=\"874\">\n<td data-start=\"790\" data-end=\"819\" data-col-size=\"sm\">Calciu<\/td>\n<td data-col-size=\"sm\" data-start=\"819\" data-end=\"851\">150 mg \/ 450 mg*<\/td>\n<td data-col-size=\"sm\" data-start=\"851\" data-end=\"874\">30 g<\/td>\n<\/tr>\n<tr data-start=\"875\" data-end=\"959\">\n<td data-start=\"875\" data-end=\"904\" data-col-size=\"sm\">Vitamina D3<\/td>\n<td data-col-size=\"sm\" data-start=\"904\" data-end=\"936\">100 UI \/ 300 UI*<\/td>\n<td data-col-size=\"sm\" data-start=\"936\" data-end=\"959\">\u2014<\/td>\n<\/tr>\n<tr data-start=\"960\" data-end=\"1044\">\n<td data-start=\"960\" data-end=\"989\" data-col-size=\"sm\"><\/td>\n<td data-col-size=\"sm\" data-start=\"989\" data-end=\"1021\">2,5 \u03bcg \/ 7,5 \u03bcg*<\/td>\n<td data-col-size=\"sm\" data-start=\"1021\" data-end=\"1044\">500 \u03bcg<\/td>\n<\/tr>\n<tr data-start=\"1045\" data-end=\"1129\">\n<td data-start=\"1045\" data-end=\"1074\" data-col-size=\"sm\">Vitamina K2 MK-7<\/td>\n<td data-col-size=\"sm\" data-start=\"1074\" data-end=\"1106\">15 \u03bcg \/ 45 \u03bcg*<\/td>\n<td data-col-size=\"sm\" data-start=\"1106\" data-end=\"1129\">3 mg<\/td>\n<\/tr>\n<\/tbody>\n<\/table>\n<div class=\"sticky end-(--thread-content-margin) h-0 self-end select-none\">\n<div class=\"absolute end-0 flex items-end\"><\/div>\n<\/div>\n<\/div>\n<\/div>\n<hr data-start=\"1131\" data-end=\"1134\" \/>\n<p data-start=\"1136\" data-end=\"1213\"><strong data-start=\"1136\" data-end=\"1211\">Complex vegetal de vitamine \u0219i minerale cu biodisponibilitate ridicat\u0103!<\/strong><\/p>\n<p data-start=\"1215\" data-end=\"1451\">Calciul natural din alga ro\u0219ie <em data-start=\"1246\" data-end=\"1271\">Lithothamnion calcareum<\/em> + vitaminele D3 \u0219i K2 MK-7 de la Bionia sunt concepute pentru a suplimenta necesarul fiziologic zilnic de calciu \u0219i vitamine D3 + K2 al organismului \u0219i au un efect benefic asupra:<\/p>\n<ul data-start=\"1453\" data-end=\"1628\">\n<li data-start=\"1453\" data-end=\"1488\">\n<p data-start=\"1455\" data-end=\"1488\">Structurii \u0219i densit\u0103\u021bii osoase<\/p>\n<\/li>\n<li data-start=\"1489\" data-end=\"1531\">\n<p data-start=\"1491\" data-end=\"1531\">Refacerii \u00een caz de fracturi \u0219i fisuri<\/p>\n<\/li>\n<li data-start=\"1532\" data-end=\"1597\">\n<p data-start=\"1534\" data-end=\"1597\">Mobilit\u0103\u021bii articulare \u0219i recuper\u0103rii dup\u0103 efort fizic intens<\/p>\n<\/li>\n<li data-start=\"1598\" data-end=\"1628\">\n<p data-start=\"1600\" data-end=\"1628\">P\u0103rului, pielii \u0219i unghiilor<\/p>\n<\/li>\n<\/ul>\n<hr data-start=\"1630\" data-end=\"1633\" \/>\n<p data-start=\"1635\" data-end=\"1745\"><strong data-start=\"1635\" data-end=\"1664\">Doza zilnic\u0103 recomandat\u0103:<\/strong><br data-start=\"1664\" data-end=\"1667\" \/>Pentru adul\u021bi \u2013 3 capsule pe zi;<br data-start=\"1699\" data-end=\"1702\" \/>Pentru copii (sub 12 ani) \u2013 1 capsul\u0103 pe zi<\/p>\n<p data-start=\"1747\" data-end=\"1919\"><strong data-start=\"1747\" data-end=\"1768\">Mod de utilizare:<\/strong> Lua\u021bi num\u0103rul recomandat de capsule pe cale oral\u0103 cu ap\u0103 cald\u0103 sau rece. Capsulele p\u0103streaz\u0103 puritatea produsului f\u0103r\u0103 aditivi, umpluturi sau adezivi.<\/p>\n<p data-start=\"1921\" data-end=\"2068\"><strong data-start=\"1921\" data-end=\"1933\">ATEN\u021aIE:<\/strong> Consulta\u021bi un medic \u00eenainte de utilizare dac\u0103 lua\u021bi anticoagulante (medicamente care previn coagularea s\u00e2ngelui), cum ar fi warfarina!<\/p>\n<p data-start=\"2070\" data-end=\"2303\">Nu dep\u0103\u0219i\u021bi doza zilnic\u0103 recomandat\u0103!<br data-start=\"2107\" data-end=\"2110\" \/>Nu utiliza\u021bi ca substitut pentru o alimenta\u021bie variat\u0103.<br data-start=\"2165\" data-end=\"2168\" \/>Recomandat ca supliment alimentar \u00een completarea dietei zilnice.<br data-start=\"2232\" data-end=\"2235\" \/>Produsul nu este un medicament.<br data-start=\"2266\" data-end=\"2269\" \/>A nu se l\u0103sa la \u00eendem\u00e2na copiilor.<\/p>\n<p data-start=\"2305\" data-end=\"2419\"><strong data-start=\"2305\" data-end=\"2340\">Produs de origine 100% vegetal\u0103<\/strong>, potrivit pentru vegani, vegetarieni, femei \u00eens\u0103rcinate, copii, v\u00e2rstnici etc.<\/p>\n<p data-start=\"2421\" data-end=\"2436\"><strong data-start=\"2421\" data-end=\"2433\">Origine:<\/strong> UE<\/p>\n","protected":false},"excerpt":{"rendered":"<p data-start=\"79\" data-end=\"317\">Calciul natural din alge ro\u0219ii <em data-start=\"110\" data-end=\"135\">Lithothamnion calcareum<\/em> + vitaminele D3 \u0219i K2 MK-7 de la Bionia sunt concepute pentru a suplimenta necesarul fiziologic zilnic de calciu \u0219i vitaminele D3 + K2 al organismului \u0219i au un efect benefic asupra:<\/p>\n<ul data-start=\"319\" data-end=\"504\">\n<li data-start=\"319\" data-end=\"355\">\n<p data-start=\"321\" data-end=\"355\">Structurii \u0219i densit\u0103\u021bii oaselor<\/p>\n<\/li>\n<li data-start=\"356\" data-end=\"398\">\n<p data-start=\"358\" data-end=\"398\">Refacerii \u00een caz de fracturi \u0219i fisuri<\/p>\n<\/li>\n<li data-start=\"399\" data-end=\"473\">\n<p data-start=\"401\" data-end=\"473\">Mobilit\u0103\u021bii articulare \u0219i recuper\u0103rii corpului dup\u0103 efort fizic intens<\/p>\n<\/li>\n<li data-start=\"474\" data-end=\"504\">\n<p data-start=\"476\" data-end=\"504\">P\u0103rului, pielii \u0219i unghiilor<\/p>\n<\/li>\n<\/ul>\n<p data-start=\"506\" data-end=\"585\"><strong data-start=\"506\" data-end=\"546\">Complex vegetal de Ca + D3 + K2 MK-7<\/strong><br data-start=\"546\" data-end=\"549\" \/>Numai ingrediente naturale, f\u0103r\u0103 OMG<\/p>\n<p data-start=\"587\" data-end=\"631\">60 Capsule Vegetariene<br data-start=\"609\" data-end=\"612\" \/>Supliment alimentar<\/p>\n","protected":false},"featured_media":39286,"comment_status":"closed","ping_status":"open","template":"","meta":{"wds_primary_product_brand":0,"wds_primary_product_cat":0},"product_brand":[],"product_cat":[345],"product_tag":[1284,1285,1127,1286,1287,1288,1289,1290,1291],"class_list":{"0":"post-39285","1":"product","2":"type-product","3":"status-publish","4":"has-post-thumbnail","6":"product_cat-vegetamin-ro","7":"product_tag-bone-structure-and-density-ro","8":"product_tag-calcium-ro","9":"product_tag-hair-ro","10":"product_tag-joints-mobility-ro","11":"product_tag-recovery-from-fractures-and-breaks-ro","12":"product_tag-red-algae-lithothamnion-calcareum-ro","13":"product_tag-skin-and-nails-ro","14":"product_tag-vitamin-d3-ro","15":"product_tag-vitamin-k2-mk-7-ro","17":"first","18":"instock","19":"shipping-taxable","20":"purchasable","21":"product-type-simple"},"_links":{"self":[{"href":"https:\/\/bionia.bio\/ro\/wp-json\/wp\/v2\/product\/39285","targetHints":{"allow":["GET"]}}],"collection":[{"href":"https:\/\/bionia.bio\/ro\/wp-json\/wp\/v2\/product"}],"about":[{"href":"https:\/\/bionia.bio\/ro\/wp-json\/wp\/v2\/types\/product"}],"replies":[{"embeddable":true,"href":"https:\/\/bionia.bio\/ro\/wp-json\/wp\/v2\/comments?post=39285"}],"wp:featuredmedia":[{"embeddable":true,"href":"https:\/\/bionia.bio\/ro\/wp-json\/wp\/v2\/media\/39286"}],"wp:attachment":[{"href":"https:\/\/bionia.bio\/ro\/wp-json\/wp\/v2\/media?parent=39285"}],"wp:term":[{"taxonomy":"product_brand","embeddable":true,"href":"https:\/\/bionia.bio\/ro\/wp-json\/wp\/v2\/product_brand?post=39285"},{"taxonomy":"product_cat","embeddable":true,"href":"https:\/\/bionia.bio\/ro\/wp-json\/wp\/v2\/product_cat?post=39285"},{"taxonomy":"product_tag","embeddable":true,"href":"https:\/\/bionia.bio\/ro\/wp-json\/wp\/v2\/product_tag?post=39285"}],"curies":[{"name":"wp","href":"https:\/\/api.w.org\/{rel}","templated":true}]}}