{"id":39282,"date":"2023-11-02T18:37:43","date_gmt":"2023-11-02T15:37:43","guid":{"rendered":"https:\/\/bionia.bio\/product\/vegetamin-mg-marine-magnesium\/"},"modified":"2025-07-16T23:41:04","modified_gmt":"2025-07-16T20:41:04","slug":"vegetamin-mg-magneziu-marin","status":"publish","type":"product","link":"https:\/\/bionia.bio\/ro\/product\/vegetamin-mg-magneziu-marin\/","title":{"rendered":"VEGETAMIN\u2122 &#8211; Mg Magneziu Marin"},"content":{"rendered":"<p data-start=\"66\" data-end=\"89\"><strong data-start=\"66\" data-end=\"89\">Mg \u2013 Magneziu Marin<\/strong><\/p>\n<p data-start=\"91\" data-end=\"164\">F\u0103r\u0103 organisme modificate genetic (f\u0103r\u0103 OMG)<br data-start=\"135\" data-end=\"138\" \/>Numai ingrediente naturale<\/p>\n<p data-start=\"166\" data-end=\"210\">60 Capsule Vegetariene<br data-start=\"188\" data-end=\"191\" \/>Supliment alimentar<\/p>\n<p data-start=\"212\" data-end=\"302\"><strong data-start=\"212\" data-end=\"239\">Efect favorabil asupra:<\/strong> sistemului nervos, mu\u0219chilor, inimii, metabolismului, energiei<\/p>\n<p data-start=\"304\" data-end=\"352\"><strong data-start=\"304\" data-end=\"320\">Ingrediente:<\/strong> Magneziu extras din ap\u0103 de mare<\/p>\n<p data-start=\"354\" data-end=\"381\"><strong data-start=\"354\" data-end=\"374\">Capacitate net\u0103:<\/strong> 27 g \u212e<\/p>\n<p data-start=\"383\" data-end=\"509\"><strong data-start=\"383\" data-end=\"432\">Por\u021bie recomandat\u0103 pentru copii sub 12 ani*:<\/strong> 1\/2 capsul\u0103<br data-start=\"444\" data-end=\"447\" \/><strong data-start=\"447\" data-end=\"499\">Por\u021bie recomandat\u0103 pentru persoane peste 12 ani:<\/strong> 1 capsul\u0103<\/p>\n<div class=\"_tableContainer_80l1q_1\">\n<div class=\"_tableWrapper_80l1q_14 group flex w-fit flex-col-reverse\" tabindex=\"-1\">\n<table class=\"w-fit min-w-(--thread-content-width)\" data-start=\"511\" data-end=\"747\">\n<thead data-start=\"511\" data-end=\"588\">\n<tr data-start=\"511\" data-end=\"588\">\n<th data-start=\"511\" data-end=\"537\" data-col-size=\"sm\"><\/th>\n<th data-start=\"537\" data-end=\"565\" data-col-size=\"sm\">Cantitate per por\u021bie<\/th>\n<th data-start=\"565\" data-end=\"588\" data-col-size=\"sm\">Cantitate per 100 g<\/th>\n<\/tr>\n<\/thead>\n<tbody data-start=\"669\" data-end=\"747\">\n<tr data-start=\"669\" data-end=\"747\">\n<td data-start=\"669\" data-end=\"695\" data-col-size=\"sm\">Magneziu Marin<\/td>\n<td data-col-size=\"sm\" data-start=\"695\" data-end=\"724\">125 mg \/ 250 mg*<\/td>\n<td data-col-size=\"sm\" data-start=\"724\" data-end=\"747\">55 g<\/td>\n<\/tr>\n<\/tbody>\n<\/table>\n<div class=\"sticky end-(--thread-content-margin) h-0 self-end select-none\">\n<div class=\"absolute end-0 flex items-end\"><\/div>\n<\/div>\n<\/div>\n<\/div>\n<hr data-start=\"749\" data-end=\"752\" \/>\n<p data-start=\"754\" data-end=\"805\"><strong data-start=\"754\" data-end=\"805\">Mineral natural cu biodisponibilitate ridicat\u0103!<\/strong><\/p>\n<p data-start=\"807\" data-end=\"973\"><strong data-start=\"807\" data-end=\"847\">Magneziul marin natural de la Bionia<\/strong> este conceput pentru a suplimenta necesarul fiziologic zilnic de magneziu (Mg) al organismului \u0219i are efecte benefice asupra:<\/p>\n<ul data-start=\"975\" data-end=\"1231\">\n<li data-start=\"975\" data-end=\"999\">\n<p data-start=\"977\" data-end=\"999\">Mu\u0219chilor \u0219i oaselor<\/p>\n<\/li>\n<li data-start=\"1000\" data-end=\"1021\">\n<p data-start=\"1002\" data-end=\"1021\">Sistemului nervos<\/p>\n<\/li>\n<li data-start=\"1022\" data-end=\"1065\">\n<p data-start=\"1024\" data-end=\"1065\">Refacerii dup\u0103 oboseal\u0103 fizic\u0103 \u0219i stres<\/p>\n<\/li>\n<li data-start=\"1066\" data-end=\"1084\">\n<p data-start=\"1068\" data-end=\"1084\">Metabolismului<\/p>\n<\/li>\n<li data-start=\"1085\" data-end=\"1150\">\n<p data-start=\"1087\" data-end=\"1150\">Produc\u021biei de energie \u0219i men\u021binerii echilibrului electrolitic<\/p>\n<\/li>\n<li data-start=\"1151\" data-end=\"1187\">\n<p data-start=\"1153\" data-end=\"1187\">Func\u021biilor cerebrale \u0219i nervoase<\/p>\n<\/li>\n<li data-start=\"1188\" data-end=\"1231\">\n<p data-start=\"1190\" data-end=\"1231\">St\u0103rii psihologice \u0219i emo\u021bionale a omului<\/p>\n<\/li>\n<\/ul>\n<hr data-start=\"1233\" data-end=\"1236\" \/>\n<p data-start=\"1238\" data-end=\"1349\"><strong data-start=\"1238\" data-end=\"1267\">Doza zilnic\u0103 recomandat\u0103:<\/strong><br data-start=\"1267\" data-end=\"1270\" \/>Pentru adul\u021bi \u2013 1 capsul\u0103 pe zi<br data-start=\"1301\" data-end=\"1304\" \/>Pentru copii (sub 12 ani) \u2013 1\/2 capsul\u0103 pe zi<\/p>\n<p data-start=\"1351\" data-end=\"1521\"><strong data-start=\"1351\" data-end=\"1372\">Mod de utilizare:<\/strong> Lua\u021bi o capsul\u0103 pe cale oral\u0103 cu ap\u0103 cald\u0103 sau rece. Capsulele p\u0103streaz\u0103 puritatea produsului f\u0103r\u0103 ad\u0103ugarea de adezivi, umpluturi sau al\u021bi aditivi.<\/p>\n<p data-start=\"1523\" data-end=\"1637\"><strong data-start=\"1523\" data-end=\"1558\">Produs de origine 100% vegetal\u0103<\/strong>, potrivit pentru vegani, vegetarieni, femei \u00eens\u0103rcinate, copii, v\u00e2rstnici etc.<\/p>\n<p data-start=\"1639\" data-end=\"1887\"><strong data-start=\"1639\" data-end=\"1651\">Aten\u021bie:<\/strong><br data-start=\"1651\" data-end=\"1654\" \/>Nu dep\u0103\u0219i\u021bi doza zilnic\u0103 recomandat\u0103!<br data-start=\"1691\" data-end=\"1694\" \/>Nu utiliza\u021bi ca substitut pentru o alimenta\u021bie variat\u0103.<br data-start=\"1749\" data-end=\"1752\" \/>Recomandat ca supliment alimentar \u00een completarea dietei zilnice.<br data-start=\"1816\" data-end=\"1819\" \/>Produsul nu este un medicament.<br data-start=\"1850\" data-end=\"1853\" \/>A nu se l\u0103sa la \u00eendem\u00e2na copiilor.<\/p>\n<p data-start=\"1889\" data-end=\"1904\"><strong data-start=\"1889\" data-end=\"1901\">Origine:<\/strong> UE<\/p>\n","protected":false},"excerpt":{"rendered":"<p data-start=\"79\" data-end=\"102\"><strong data-start=\"79\" data-end=\"102\">Mg \u2013 Magneziu Marin<\/strong><\/p>\n<p data-start=\"104\" data-end=\"194\"><strong data-start=\"104\" data-end=\"131\">Efect favorabil asupra:<\/strong> sistemului nervos, mu\u0219chilor, inimii, metabolismului, energiei<\/p>\n<p data-start=\"196\" data-end=\"237\"><strong data-start=\"196\" data-end=\"212\">Ingrediente:<\/strong> Magneziu din ap\u0103 de mare<\/p>\n<p data-start=\"239\" data-end=\"266\"><strong data-start=\"239\" data-end=\"259\">Capacitate net\u0103:<\/strong> 27 g \u212e<\/p>\n<p data-start=\"268\" data-end=\"305\">F\u0103r\u0103 OMG<br data-start=\"276\" data-end=\"279\" \/>Numai ingrediente naturale<\/p>\n<p data-start=\"307\" data-end=\"351\">60 Capsule Vegetariene<br data-start=\"329\" data-end=\"332\" \/>Supliment alimentar<\/p>\n","protected":false},"featured_media":39876,"comment_status":"closed","ping_status":"closed","template":"","meta":{"wds_primary_product_brand":0,"wds_primary_product_cat":0},"product_brand":[],"product_cat":[345],"product_tag":[1274,1275,1276,1277,1278,1279,1272,1280,1281,1282],"class_list":{"0":"post-39282","1":"product","2":"type-product","3":"status-publish","4":"has-post-thumbnail","6":"product_cat-vegetamin-ro","7":"product_tag-brain-and-nerve-functions-ro","8":"product_tag-electrolyte-balance-ro","9":"product_tag-energy-production-ro","10":"product_tag-magnesium-aus-meerwasser-ro","11":"product_tag-marine-magnesium-ro","12":"product_tag-meeresmagnesium-ro","13":"product_tag-metabolism-ro","14":"product_tag-mg-ro","15":"product_tag-muscles-and-bones-ro","16":"product_tag-nervous-system-ro","18":"first","19":"instock","20":"shipping-taxable","21":"purchasable","22":"product-type-simple"},"_links":{"self":[{"href":"https:\/\/bionia.bio\/ro\/wp-json\/wp\/v2\/product\/39282","targetHints":{"allow":["GET"]}}],"collection":[{"href":"https:\/\/bionia.bio\/ro\/wp-json\/wp\/v2\/product"}],"about":[{"href":"https:\/\/bionia.bio\/ro\/wp-json\/wp\/v2\/types\/product"}],"replies":[{"embeddable":true,"href":"https:\/\/bionia.bio\/ro\/wp-json\/wp\/v2\/comments?post=39282"}],"wp:featuredmedia":[{"embeddable":true,"href":"https:\/\/bionia.bio\/ro\/wp-json\/wp\/v2\/media\/39876"}],"wp:attachment":[{"href":"https:\/\/bionia.bio\/ro\/wp-json\/wp\/v2\/media?parent=39282"}],"wp:term":[{"taxonomy":"product_brand","embeddable":true,"href":"https:\/\/bionia.bio\/ro\/wp-json\/wp\/v2\/product_brand?post=39282"},{"taxonomy":"product_cat","embeddable":true,"href":"https:\/\/bionia.bio\/ro\/wp-json\/wp\/v2\/product_cat?post=39282"},{"taxonomy":"product_tag","embeddable":true,"href":"https:\/\/bionia.bio\/ro\/wp-json\/wp\/v2\/product_tag?post=39282"}],"curies":[{"name":"wp","href":"https:\/\/api.w.org\/{rel}","templated":true}]}}