{"id":39279,"date":"2023-11-02T18:41:08","date_gmt":"2023-11-02T15:41:08","guid":{"rendered":"https:\/\/bionia.bio\/product\/vegetamin-brewers-yeast\/"},"modified":"2025-07-16T23:34:50","modified_gmt":"2025-07-16T20:34:50","slug":"vegetamin-drojdie-de-bere","status":"publish","type":"product","link":"https:\/\/bionia.bio\/ro\/product\/vegetamin-drojdie-de-bere\/","title":{"rendered":"VEGETAMIN\u2122 &#8211; Drojdie de bere"},"content":{"rendered":"<p data-start=\"66\" data-end=\"142\"><strong data-start=\"66\" data-end=\"93\">Efect favorabil asupra:<\/strong> imunit\u0103\u021bii, energiei, p\u0103rului, pielii, unghiilor<\/p>\n<p data-start=\"144\" data-end=\"199\"><strong data-start=\"144\" data-end=\"199\">Drojdie de bere cu vitamine din grupa B \u0219i minerale<\/strong><\/p>\n<p data-start=\"201\" data-end=\"237\">Numai ingrediente naturale, f\u0103r\u0103 OMG<\/p>\n<p data-start=\"239\" data-end=\"261\">60 Capsule Vegetariene<\/p>\n<p data-start=\"263\" data-end=\"282\">Supliment alimentar<\/p>\n<p data-start=\"284\" data-end=\"429\"><strong data-start=\"284\" data-end=\"300\">Ingrediente:<\/strong> Drojdie de bere natural\u0103 ob\u021binut\u0103 din hamei, mal\u021b \u0219i ap\u0103. Surs\u0103 de complex de vitamine B \u0219i minerale. F\u0102R\u0102 umpluturi \u0219i adezivi.<\/p>\n<p data-start=\"431\" data-end=\"458\"><strong data-start=\"431\" data-end=\"451\">Capacitate net\u0103:<\/strong> 25 g \u212e<\/p>\n<p data-start=\"460\" data-end=\"586\"><strong data-start=\"460\" data-end=\"509\">Por\u021bie recomandat\u0103 pentru copii sub 12 ani*:<\/strong> 1 capsul\u0103<br data-start=\"519\" data-end=\"522\" \/><strong data-start=\"522\" data-end=\"574\">Por\u021bie recomandat\u0103 pentru persoane peste 12 ani:<\/strong> 4 capsule<\/p>\n<div class=\"_tableContainer_80l1q_1\">\n<div class=\"_tableWrapper_80l1q_14 group flex w-fit flex-col-reverse\" tabindex=\"-1\">\n<table class=\"w-fit min-w-(--thread-content-width)\" data-start=\"588\" data-end=\"830\">\n<thead data-start=\"588\" data-end=\"667\">\n<tr data-start=\"588\" data-end=\"667\">\n<th data-start=\"588\" data-end=\"618\" data-col-size=\"sm\"><\/th>\n<th data-start=\"618\" data-end=\"644\" data-col-size=\"sm\">Cantitate per por\u021bie<\/th>\n<th data-start=\"644\" data-end=\"667\" data-col-size=\"sm\">Cantitate per 100 g<\/th>\n<\/tr>\n<\/thead>\n<tbody data-start=\"750\" data-end=\"830\">\n<tr data-start=\"750\" data-end=\"830\">\n<td data-start=\"750\" data-end=\"780\" data-col-size=\"sm\">Drojdie de bere<\/td>\n<td data-col-size=\"sm\" data-start=\"780\" data-end=\"807\">420 mg \/ 1680 mg*<\/td>\n<td data-col-size=\"sm\" data-start=\"807\" data-end=\"830\">100 g<\/td>\n<\/tr>\n<\/tbody>\n<\/table>\n<div class=\"sticky end-(--thread-content-margin) h-0 self-end select-none\">\n<div class=\"absolute end-0 flex items-end\"><\/div>\n<\/div>\n<\/div>\n<\/div>\n<hr data-start=\"832\" data-end=\"835\" \/>\n<p data-start=\"837\" data-end=\"902\"><strong data-start=\"837\" data-end=\"902\">Vitamine \u0219i minerale naturale cu biodisponibilitate ridicat\u0103!<\/strong><\/p>\n<p data-start=\"904\" data-end=\"1088\"><strong data-start=\"904\" data-end=\"945\">Drojdia de bere natural\u0103 de la Bionia<\/strong> este conceput\u0103 pentru a suplimenta necesarul fiziologic zilnic de complex de vitamine B, aminoacizi \u0219i minerale \u0219i are efecte benefice asupra:<\/p>\n<ul data-start=\"1090\" data-end=\"1232\">\n<li data-start=\"1090\" data-end=\"1141\">\n<p data-start=\"1092\" data-end=\"1141\">Sistemului imunitar \u0219i rezisten\u021bei organismului<\/p>\n<\/li>\n<li data-start=\"1142\" data-end=\"1215\">\n<p data-start=\"1144\" data-end=\"1215\">Refacerii dup\u0103 efort fizic intens, activitate sportiv\u0103 sau dup\u0103 boal\u0103<\/p>\n<\/li>\n<li data-start=\"1216\" data-end=\"1232\">\n<p data-start=\"1218\" data-end=\"1232\">Metabolismului<\/p>\n<\/li>\n<\/ul>\n<hr data-start=\"1234\" data-end=\"1237\" \/>\n<p data-start=\"1239\" data-end=\"1350\"><strong data-start=\"1239\" data-end=\"1268\">Doza zilnic\u0103 recomandat\u0103:<\/strong><br data-start=\"1268\" data-end=\"1271\" \/>Pentru adul\u021bi \u2013 4 capsule pe zi;<br data-start=\"1303\" data-end=\"1306\" \/>Pentru copii (sub 12 ani) \u2013 1 capsul\u0103 pe zi.<\/p>\n<p data-start=\"1352\" data-end=\"1510\"><strong data-start=\"1352\" data-end=\"1373\">Mod de utilizare:<\/strong> Lua\u021bi num\u0103rul recomandat de capsule pe cale oral\u0103, cu lichid. Capsulele men\u021bin puritatea produsului f\u0103r\u0103 aditivi, umpluturi sau adezivi.<\/p>\n<p data-start=\"1512\" data-end=\"1626\"><strong data-start=\"1512\" data-end=\"1547\">Produs de origine 100% vegetal\u0103<\/strong>, potrivit pentru vegani, vegetarieni, femei \u00eens\u0103rcinate, copii, v\u00e2rstnici etc.<\/p>\n<p data-start=\"1628\" data-end=\"1876\"><strong data-start=\"1628\" data-end=\"1640\">Aten\u021bie:<\/strong><br data-start=\"1640\" data-end=\"1643\" \/>Nu dep\u0103\u0219i\u021bi doza zilnic\u0103 recomandat\u0103!<br data-start=\"1680\" data-end=\"1683\" \/>Nu utiliza\u021bi ca substitut pentru o alimenta\u021bie variat\u0103.<br data-start=\"1738\" data-end=\"1741\" \/>Recomandat ca supliment alimentar \u00een completarea dietei zilnice.<br data-start=\"1805\" data-end=\"1808\" \/>Produsul nu este un medicament.<br data-start=\"1839\" data-end=\"1842\" \/>A nu se l\u0103sa la \u00eendem\u00e2na copiilor.<\/p>\n<p data-start=\"1878\" data-end=\"1893\"><strong data-start=\"1878\" data-end=\"1890\">Origine:<\/strong> UE<\/p>\n","protected":false},"excerpt":{"rendered":"<p data-start=\"73\" data-end=\"277\"><strong data-start=\"73\" data-end=\"114\">Drojdia de bere natural\u0103 de la Bionia<\/strong> este conceput\u0103 pentru a suplimenta necesarul fiziologic zilnic al organismului de vitamine din complexul B, aminoacizi \u0219i minerale \u0219i are un efect benefic asupra:<\/p>\n<ul data-start=\"279\" data-end=\"419\">\n<li data-start=\"279\" data-end=\"331\">\n<p data-start=\"281\" data-end=\"331\">Sistemului imunitar \u0219i rezisten\u021bei organismului;<\/p>\n<\/li>\n<li data-start=\"332\" data-end=\"401\">\n<p data-start=\"334\" data-end=\"401\">Refacerii dup\u0103 efort fizic intens, activitate sportiv\u0103 sau boal\u0103;<\/p>\n<\/li>\n<li data-start=\"402\" data-end=\"419\">\n<p data-start=\"404\" data-end=\"419\">Metabolismului.<\/p>\n<\/li>\n<\/ul>\n<p data-start=\"421\" data-end=\"476\"><strong data-start=\"421\" data-end=\"476\">Drojdie de bere cu vitamine din grupa B \u0219i minerale<\/strong><\/p>\n<p data-start=\"478\" data-end=\"514\">Numai ingrediente naturale, f\u0103r\u0103 OMG<\/p>\n<p data-start=\"516\" data-end=\"538\">60 Capsule Vegetariene<\/p>\n<p data-start=\"540\" data-end=\"559\">Supliment alimentar<\/p>\n","protected":false},"featured_media":39280,"comment_status":"closed","ping_status":"open","template":"","meta":{"wds_primary_product_brand":0,"wds_primary_product_cat":0},"product_brand":[],"product_cat":[345],"product_tag":[1270,1271,1074,1122,1106,1272,1108],"class_list":{"0":"post-39279","1":"product","2":"type-product","3":"status-publish","4":"has-post-thumbnail","6":"product_cat-vegetamin-ro","7":"product_tag-b-group-vitamins-ro","8":"product_tag-b-group-vitamins-and-minerals-ro","9":"product_tag-bionia-ro","10":"product_tag-brewers-yeast-ro","11":"product_tag-immune-system-ro","12":"product_tag-metabolism-ro","13":"product_tag-vegetamin-ro","15":"first","16":"instock","17":"shipping-taxable","18":"purchasable","19":"product-type-simple"},"_links":{"self":[{"href":"https:\/\/bionia.bio\/ro\/wp-json\/wp\/v2\/product\/39279","targetHints":{"allow":["GET"]}}],"collection":[{"href":"https:\/\/bionia.bio\/ro\/wp-json\/wp\/v2\/product"}],"about":[{"href":"https:\/\/bionia.bio\/ro\/wp-json\/wp\/v2\/types\/product"}],"replies":[{"embeddable":true,"href":"https:\/\/bionia.bio\/ro\/wp-json\/wp\/v2\/comments?post=39279"}],"wp:featuredmedia":[{"embeddable":true,"href":"https:\/\/bionia.bio\/ro\/wp-json\/wp\/v2\/media\/39280"}],"wp:attachment":[{"href":"https:\/\/bionia.bio\/ro\/wp-json\/wp\/v2\/media?parent=39279"}],"wp:term":[{"taxonomy":"product_brand","embeddable":true,"href":"https:\/\/bionia.bio\/ro\/wp-json\/wp\/v2\/product_brand?post=39279"},{"taxonomy":"product_cat","embeddable":true,"href":"https:\/\/bionia.bio\/ro\/wp-json\/wp\/v2\/product_cat?post=39279"},{"taxonomy":"product_tag","embeddable":true,"href":"https:\/\/bionia.bio\/ro\/wp-json\/wp\/v2\/product_tag?post=39279"}],"curies":[{"name":"wp","href":"https:\/\/api.w.org\/{rel}","templated":true}]}}