{"id":39276,"date":"2023-11-02T18:45:48","date_gmt":"2023-11-02T15:45:48","guid":{"rendered":"https:\/\/bionia.bio\/product\/vegetamin-immunity-complex\/"},"modified":"2025-07-16T23:27:35","modified_gmt":"2025-07-16T20:27:35","slug":"vegetamin-complex-pentru-imunitate","status":"publish","type":"product","link":"https:\/\/bionia.bio\/ro\/product\/vegetamin-complex-pentru-imunitate\/","title":{"rendered":"VEGETAMIN\u2122 &#8211; COMPLEX PENTRU IMUNITATE"},"content":{"rendered":"<p data-start=\"58\" data-end=\"184\"><strong data-start=\"58\" data-end=\"87\">COMPLEX PENTRU IMUNITATE:<\/strong> <strong>Yestimun\u00ae Beta-Glucan + VITAMINA C natural\u0103 din <em>Malpighia glabra L.<\/em> + Chelat de Zinc-Bisglicinat<\/strong><\/p>\n<p data-start=\"186\" data-end=\"230\">F\u0103r\u0103 organisme modificate genetic (f\u0103r\u0103 OMG)<\/p>\n<p data-start=\"232\" data-end=\"254\">60 Capsule Vegetariene<\/p>\n<p data-start=\"256\" data-end=\"275\">Supliment alimentar<\/p>\n<p data-start=\"277\" data-end=\"369\"><strong data-start=\"277\" data-end=\"304\">Efect favorabil asupra:<\/strong> colesterolului, proceselor antioxidante, vitalit\u0103\u021bii, imunit\u0103\u021bii<\/p>\n<p data-start=\"371\" data-end=\"387\"><strong data-start=\"371\" data-end=\"387\">Ingrediente:<\/strong><\/p>\n<ul data-start=\"389\" data-end=\"540\">\n<li data-start=\"389\" data-end=\"445\">\n<p data-start=\"391\" data-end=\"445\">Yestimun\u00ae beta-glucan cu o puritate de cel pu\u021bin 85%<\/p>\n<\/li>\n<li data-start=\"446\" data-end=\"509\">\n<p data-start=\"448\" data-end=\"509\">Vitamina C natural\u0103 ob\u021binut\u0103 din planta Malpighia glabra L.<\/p>\n<\/li>\n<li data-start=\"510\" data-end=\"540\">\n<p data-start=\"512\" data-end=\"540\">Chelat de zinc-bisglicinat<\/p>\n<\/li>\n<\/ul>\n<p data-start=\"542\" data-end=\"569\"><strong data-start=\"542\" data-end=\"562\">Capacitate net\u0103:<\/strong> 33 g \u212e<\/p>\n<p data-start=\"571\" data-end=\"697\"><strong data-start=\"571\" data-end=\"623\">Por\u021bie recomandat\u0103 pentru persoane peste 12 ani:<\/strong> 2 capsule<br data-start=\"633\" data-end=\"636\" \/><strong data-start=\"636\" data-end=\"685\">Por\u021bie recomandat\u0103 pentru copii sub 12 ani*:<\/strong> 1 capsul\u0103<\/p>\n<div class=\"_tableContainer_80l1q_1\">\n<div class=\"_tableWrapper_80l1q_14 group flex w-fit flex-col-reverse\" tabindex=\"-1\">\n<table class=\"w-fit min-w-(--thread-content-width)\" data-start=\"699\" data-end=\"1147\">\n<thead data-start=\"699\" data-end=\"786\">\n<tr data-start=\"699\" data-end=\"786\">\n<th data-start=\"699\" data-end=\"735\" data-col-size=\"md\"><\/th>\n<th data-start=\"735\" data-end=\"758\" data-col-size=\"sm\">Cantitate per por\u021bie<\/th>\n<th data-start=\"758\" data-end=\"786\" data-col-size=\"sm\">Cantitate per 100 g<\/th>\n<\/tr>\n<\/thead>\n<tbody data-start=\"875\" data-end=\"1147\">\n<tr data-start=\"875\" data-end=\"962\">\n<td data-start=\"875\" data-end=\"910\" data-col-size=\"md\">Yestimun\u00ae Beta-Glucan<\/td>\n<td data-col-size=\"sm\" data-start=\"910\" data-end=\"934\">400 mg \/ 200 mg*<\/td>\n<td data-col-size=\"sm\" data-start=\"934\" data-end=\"962\">73 g \/ 36,5 g*<\/td>\n<\/tr>\n<tr data-start=\"963\" data-end=\"1058\">\n<td data-start=\"963\" data-end=\"1007\" data-col-size=\"md\">Vitamina C natural\u0103 (Malpighia glabra L.)<\/td>\n<td data-col-size=\"sm\" data-start=\"1007\" data-end=\"1030\">126 mg \/ 63 mg*<\/td>\n<td data-col-size=\"sm\" data-start=\"1030\" data-end=\"1058\">23 g \/ 11,5 g*<\/td>\n<\/tr>\n<tr data-start=\"1059\" data-end=\"1147\">\n<td data-start=\"1059\" data-end=\"1094\" data-col-size=\"md\">Chelat de Zinc-Bisglicinat<\/td>\n<td data-col-size=\"sm\" data-start=\"1094\" data-end=\"1119\">15 mg \/ 7,5 mg*<\/td>\n<td data-col-size=\"sm\" data-start=\"1119\" data-end=\"1147\">2,73 g \/ 1,36 g*<\/td>\n<\/tr>\n<\/tbody>\n<\/table>\n<div class=\"sticky end-(--thread-content-margin) h-0 self-end select-none\">\n<div class=\"absolute end-0 flex items-end\"><\/div>\n<\/div>\n<\/div>\n<\/div>\n<hr data-start=\"1149\" data-end=\"1152\" \/>\n<p data-start=\"1154\" data-end=\"1400\"><strong data-start=\"1154\" data-end=\"1267\">Yestimun\u00ae Beta-Glucan + Vitamina C natural\u0103 din Malpighia glabra L. + Chelat de Zinc-Bisglicinat de la Bionia<\/strong> sunt concepute pentru a suplimenta necesarul fiziologic zilnic de vitamine \u0219i minerale al organismului \u0219i au efecte benefice asupra:<\/p>\n<ul data-start=\"1402\" data-end=\"1508\">\n<li data-start=\"1402\" data-end=\"1425\">\n<p data-start=\"1404\" data-end=\"1425\">Sistemului imunitar<\/p>\n<\/li>\n<li data-start=\"1426\" data-end=\"1454\">\n<p data-start=\"1428\" data-end=\"1454\">Rezisten\u021bei organismului<\/p>\n<\/li>\n<li data-start=\"1455\" data-end=\"1482\">\n<p data-start=\"1457\" data-end=\"1482\">Proceselor antioxidante<\/p>\n<\/li>\n<li data-start=\"1483\" data-end=\"1508\">\n<p data-start=\"1485\" data-end=\"1508\">Nivelului de colesterol<\/p>\n<\/li>\n<\/ul>\n<p data-start=\"1510\" data-end=\"1621\"><strong data-start=\"1510\" data-end=\"1539\">Doza zilnic\u0103 recomandat\u0103:<\/strong><br data-start=\"1539\" data-end=\"1542\" \/>Pentru adul\u021bi \u2013 2 capsule pe zi;<br data-start=\"1574\" data-end=\"1577\" \/>Pentru copii (sub 12 ani) \u2013 1 capsul\u0103 pe zi.<\/p>\n<p data-start=\"1623\" data-end=\"1816\"><strong data-start=\"1623\" data-end=\"1644\">Mod de utilizare:<\/strong> Lua\u021bi num\u0103rul corespunz\u0103tor de capsule pe cale oral\u0103, \u00eenainte de mas\u0103, \u00een orice moment al zilei. Capsulele men\u021bin puritatea produsului f\u0103r\u0103 aditivi, umpluturi sau adezivi.<\/p>\n<p data-start=\"1818\" data-end=\"1900\">Produsul este potrivit pentru vegani, vegetarieni, copii, v\u00e2rstnici, fum\u0103tori etc.<\/p>\n<p data-start=\"1902\" data-end=\"2150\"><strong data-start=\"1902\" data-end=\"1914\">Aten\u021bie:<\/strong><br data-start=\"1914\" data-end=\"1917\" \/>Nu dep\u0103\u0219i\u021bi doza zilnic\u0103 recomandat\u0103!<br data-start=\"1954\" data-end=\"1957\" \/>Nu utiliza\u021bi ca substitut pentru o alimenta\u021bie variat\u0103.<br data-start=\"2012\" data-end=\"2015\" \/>Recomandat ca supliment alimentar \u00een completarea dietei zilnice.<br data-start=\"2079\" data-end=\"2082\" \/>Produsul nu este un medicament.<br data-start=\"2113\" data-end=\"2116\" \/>A nu se l\u0103sa la \u00eendem\u00e2na copiilor.<\/p>\n<p data-start=\"2152\" data-end=\"2167\"><strong data-start=\"2152\" data-end=\"2164\">Origine:<\/strong> UE<\/p>\n","protected":false},"excerpt":{"rendered":"<p data-start=\"93\" data-end=\"340\"><strong data-start=\"93\" data-end=\"206\">Yestimun\u00ae Beta-Glucan + VITAMINA C natural\u0103 din Malpighia glabra L. + Chelat de Zinc-Bisglicinat de la Bionia<\/strong> sunt concepute pentru a suplimenta necesarul fiziologic zilnic de vitamine \u0219i minerale al organismului \u0219i au un efect benefic asupra:<\/p>\n<ul data-start=\"342\" data-end=\"448\">\n<li data-start=\"342\" data-end=\"365\">\n<p data-start=\"344\" data-end=\"365\">Sistemului imunitar<\/p>\n<\/li>\n<li data-start=\"366\" data-end=\"394\">\n<p data-start=\"368\" data-end=\"394\">Rezisten\u021bei organismului<\/p>\n<\/li>\n<li data-start=\"395\" data-end=\"422\">\n<p data-start=\"397\" data-end=\"422\">Proceselor antioxidante<\/p>\n<\/li>\n<li data-start=\"423\" data-end=\"448\">\n<p data-start=\"425\" data-end=\"448\">Nivelului de colesterol<\/p>\n<\/li>\n<\/ul>\n<p data-start=\"450\" data-end=\"576\"><strong data-start=\"450\" data-end=\"479\">COMPLEX PENTRU IMUNITATE:<\/strong> Yestimun\u00ae Beta-Glucan + VITAMINA C natural\u0103 din Malpighia glabra L. + Chelat de Zinc-Bisglicinat<\/p>\n<p data-start=\"578\" data-end=\"622\">F\u0103r\u0103 organisme modificate genetic (f\u0103r\u0103 OMG)<\/p>\n<p data-start=\"624\" data-end=\"646\">60 Capsule Vegetariene<\/p>\n<p data-start=\"648\" data-end=\"667\">Supliment alimentar<\/p>\n","protected":false},"featured_media":39885,"comment_status":"closed","ping_status":"closed","template":"","meta":{"wds_primary_product_brand":0,"wds_primary_product_cat":0},"product_brand":[],"product_cat":[345],"product_tag":[1026,1074,1115,1268,1117,1118,1108,1124,1125,1132,1133],"class_list":{"0":"post-39276","1":"product","2":"type-product","3":"status-publish","4":"has-post-thumbnail","6":"product_cat-vegetamin-ro","7":"product_tag-beta-glucan-ro","8":"product_tag-bionia-ro","9":"product_tag-immunity-ro","10":"product_tag-immunity-complex-ro","11":"product_tag-malpighia-glabra-l-ro","12":"product_tag-natural-vitamin-c-ro","13":"product_tag-vegetamin-ro","14":"product_tag-yestimun-ro","15":"product_tag-yestimun-beta-glucan-ro","16":"product_tag-zinc-ro","17":"product_tag-zinc-bisglycinate-chelate-ro","19":"first","20":"instock","21":"shipping-taxable","22":"purchasable","23":"product-type-simple"},"_links":{"self":[{"href":"https:\/\/bionia.bio\/ro\/wp-json\/wp\/v2\/product\/39276","targetHints":{"allow":["GET"]}}],"collection":[{"href":"https:\/\/bionia.bio\/ro\/wp-json\/wp\/v2\/product"}],"about":[{"href":"https:\/\/bionia.bio\/ro\/wp-json\/wp\/v2\/types\/product"}],"replies":[{"embeddable":true,"href":"https:\/\/bionia.bio\/ro\/wp-json\/wp\/v2\/comments?post=39276"}],"wp:featuredmedia":[{"embeddable":true,"href":"https:\/\/bionia.bio\/ro\/wp-json\/wp\/v2\/media\/39885"}],"wp:attachment":[{"href":"https:\/\/bionia.bio\/ro\/wp-json\/wp\/v2\/media?parent=39276"}],"wp:term":[{"taxonomy":"product_brand","embeddable":true,"href":"https:\/\/bionia.bio\/ro\/wp-json\/wp\/v2\/product_brand?post=39276"},{"taxonomy":"product_cat","embeddable":true,"href":"https:\/\/bionia.bio\/ro\/wp-json\/wp\/v2\/product_cat?post=39276"},{"taxonomy":"product_tag","embeddable":true,"href":"https:\/\/bionia.bio\/ro\/wp-json\/wp\/v2\/product_tag?post=39276"}],"curies":[{"name":"wp","href":"https:\/\/api.w.org\/{rel}","templated":true}]}}