{"id":36275,"date":"2023-11-02T18:58:07","date_gmt":"2023-11-02T15:58:07","guid":{"rendered":"https:\/\/bionia2.ivexto.net\/product\/vegetamin-vitamina-c-naturala-malpighia-glabra-l\/"},"modified":"2025-06-14T19:59:26","modified_gmt":"2025-06-14T16:59:26","slug":"vegetamin-vitamina-c-naturala-malpighia-glabra-l","status":"publish","type":"product","link":"https:\/\/bionia.bio\/ro\/product\/vegetamin-vitamina-c-naturala-malpighia-glabra-l\/","title":{"rendered":"VEGETAMIN\u2122 &#8211; Vitamina C natural\u0103 Malpighia glabra L."},"content":{"rendered":"<p data-start=\"81\" data-end=\"156\"><strong data-start=\"81\" data-end=\"108\"><span class=\"_fadeIn_m1hgl_8\">Efect <\/span><span class=\"_fadeIn_m1hgl_8\">favorabil <\/span><span class=\"_fadeIn_m1hgl_8\">asupra:<\/span><\/strong> <span class=\"_fadeIn_m1hgl_8\">articula\u021biilor, <\/span><span class=\"_fadeIn_m1hgl_8\">inimii, <\/span><span class=\"_fadeIn_m1hgl_8\">vitalit\u0103\u021bii, <\/span><span class=\"_fadeIn_m1hgl_8\">imunit\u0103\u021bii<\/span><\/p>\n<p data-start=\"158\" data-end=\"203\"><strong data-start=\"158\" data-end=\"201\"><span class=\"_fadeIn_m1hgl_8\">Vitamina <\/span><span class=\"_fadeIn_m1hgl_8\">C <\/span><span class=\"_fadeIn_m1hgl_8\">natural\u0103 <\/span><span class=\"_fadeIn_m1hgl_8\">Malpighia <\/span><span class=\"_fadeIn_m1hgl_8\">glabra <\/span><span class=\"_fadeIn_m1hgl_8\">L.<\/span><\/strong><\/p>\n<p data-start=\"205\" data-end=\"213\"><span class=\"_fadeIn_m1hgl_8\">600 <\/span><span class=\"_fadeIn_m1hgl_8\">mg<\/span><\/p>\n<p data-start=\"215\" data-end=\"225\"><span class=\"_fadeIn_m1hgl_8\">F\u0102R\u0102 <\/span><span class=\"_fadeIn_m1hgl_8\">OMG<\/span><\/p>\n<p data-start=\"227\" data-end=\"249\"><span class=\"_fadeIn_m1hgl_8\">10 <\/span><span class=\"_fadeIn_m1hgl_8\">plicuri <\/span><span class=\"_fadeIn_m1hgl_8\">per <\/span><span class=\"_fadeIn_m1hgl_8\">cutie<\/span><\/p>\n<p data-start=\"251\" data-end=\"276\"><strong data-start=\"251\" data-end=\"274\"><span class=\"_fadeIn_m1hgl_8\">Supliment <\/span><span class=\"_fadeIn_m1hgl_8\">alimentar<\/span><\/strong><\/p>\n<p data-start=\"278\" data-end=\"306\"><span class=\"_fadeIn_m1hgl_8\">Doar <\/span><span class=\"_fadeIn_m1hgl_8\">ingrediente <\/span><span class=\"_fadeIn_m1hgl_8\">naturale:<\/span><\/p>\n<p data-start=\"308\" data-end=\"371\"><span class=\"_fadeIn_m1hgl_8\">Vitamina <\/span><span class=\"_fadeIn_m1hgl_8\">C <\/span><span class=\"_fadeIn_m1hgl_8\">natural\u0103 <\/span><span class=\"_fadeIn_m1hgl_8\">ob\u021binut\u0103 <\/span><span class=\"_fadeIn_m1hgl_8\">din <\/span><span class=\"_fadeIn_m1hgl_8\">planta <\/span><strong data-start=\"348\" data-end=\"371\"><span class=\"_fadeIn_m1hgl_8\">Malpighia <\/span><span class=\"_fadeIn_m1hgl_8\">glabra <\/span><span class=\"_fadeIn_m1hgl_8\">L.<\/span><\/strong><\/p>\n<p data-start=\"373\" data-end=\"400\"><strong data-start=\"373\" data-end=\"393\"><span class=\"_fadeIn_m1hgl_8\">Capacitate <\/span><span class=\"_fadeIn_m1hgl_8\">net\u0103:<\/span><\/strong> <span class=\"_fadeIn_m1hgl_8\">24 <\/span><span class=\"_fadeIn_m1hgl_8\">g \u212e<\/span><\/p>\n<table>\n<tbody>\n<tr>\n<td colspan=\"3\"><strong data-start=\"402\" data-end=\"452\"><span class=\"_fadeIn_m1hgl_8\">Doza <\/span><span class=\"_fadeIn_m1hgl_8\">recomandat\u0103 <\/span><span class=\"_fadeIn_m1hgl_8\">pentru <\/span><span class=\"_fadeIn_m1hgl_8\">persoanele <\/span><span class=\"_fadeIn_m1hgl_8\">sub <\/span><span class=\"_fadeIn_m1hgl_8\">12 <\/span><span class=\"_fadeIn_m1hgl_8\">ani:<\/span><\/strong> <span class=\"_fadeIn_m1hgl_8\">1\/<\/span><span class=\"_fadeIn_m1hgl_8\">2 <\/span><span class=\"_fadeIn_m1hgl_8\">plicule\u021b.<\/span><\/td>\n<\/tr>\n<tr>\n<td colspan=\"3\"><strong data-start=\"469\" data-end=\"521\"><span class=\"_fadeIn_m1hgl_8\">Doza <\/span><span class=\"_fadeIn_m1hgl_8\">recomandat\u0103 <\/span><span class=\"_fadeIn_m1hgl_8\">pentru <\/span><span class=\"_fadeIn_m1hgl_8\">persoanele <\/span><span class=\"_fadeIn_m1hgl_8\">peste <\/span><span class=\"_fadeIn_m1hgl_8\">12 <\/span><span class=\"_fadeIn_m1hgl_8\">ani:<\/span><\/strong> <span class=\"_fadeIn_m1hgl_8\">1 <\/span><span class=\"_fadeIn_m1hgl_8\">plicule\u021b.<\/span><\/td>\n<\/tr>\n<tr>\n<td><\/td>\n<td><span class=\"_fadeIn_m1hgl_8\">Cantitate <\/span><span class=\"_fadeIn_m1hgl_8\">per <\/span><span class=\"_fadeIn_m1hgl_8\">doz\u0103<\/span><span class=\"_fadeIn_m1hgl_8\">:<\/span><\/td>\n<td><span style=\"font-weight: 400;\"><span class=\"_fadeIn_m1hgl_8\">Cantitate <\/span><span class=\"_fadeIn_m1hgl_8\">per<\/span> 100 g<\/span><\/td>\n<\/tr>\n<tr>\n<td><span style=\"font-weight: 400;\"><span class=\"_fadeIn_m1hgl_8\">Vitamina <\/span><span class=\"_fadeIn_m1hgl_8\">C (<\/span><span class=\"_fadeIn_m1hgl_8\">Extract <\/span><span class=\"_fadeIn_m1hgl_8\">din<\/span> <\/span><i><span style=\"font-weight: 400;\">Malpighia glabra L.<\/span><\/i><span style=\"font-weight: 400;\">)<\/span><\/td>\n<td><span style=\"font-weight: 400;\">600 mg<\/span><\/td>\n<td><span style=\"font-weight: 400;\">25 g<\/span><\/td>\n<\/tr>\n<\/tbody>\n<\/table>\n<p data-start=\"81\" data-end=\"136\">\n<p data-start=\"81\" data-end=\"136\"><strong data-start=\"81\" data-end=\"136\"><span class=\"_fadeIn_m1hgl_8\">Vitamina <\/span><span class=\"_fadeIn_m1hgl_8\">C <\/span><span class=\"_fadeIn_m1hgl_8\">vegetal\u0103 <\/span><span class=\"_fadeIn_m1hgl_8\">cu <\/span><span class=\"_fadeIn_m1hgl_8\">biodisponibilitate <\/span><span class=\"_fadeIn_m1hgl_8\">ridicat\u0103!<\/span><\/strong><\/p>\n<p data-start=\"138\" data-end=\"293\"><strong data-start=\"138\" data-end=\"168\"><span class=\"_fadeIn_m1hgl_8\">Vitamina <\/span><span class=\"_fadeIn_m1hgl_8\">C <\/span><span class=\"_fadeIn_m1hgl_8\">natural\u0103 <\/span><span class=\"_fadeIn_m1hgl_8\">Bionia<\/span><\/strong> <span class=\"_fadeIn_m1hgl_8\">este <\/span><span class=\"_fadeIn_m1hgl_8\">conceput\u0103 <\/span><span class=\"_fadeIn_m1hgl_8\">pentru <\/span><span class=\"_fadeIn_m1hgl_8\">a <\/span><span class=\"_fadeIn_m1hgl_8\">suplimenta <\/span><span class=\"_fadeIn_m1hgl_8\">necesarul <\/span><span class=\"_fadeIn_m1hgl_8\">zilnic <\/span><span class=\"_fadeIn_m1hgl_8\">fiziologic <\/span><span class=\"_fadeIn_m1hgl_8\">de <\/span><span class=\"_fadeIn_m1hgl_8\">vitamina <\/span><span class=\"_fadeIn_m1hgl_8\">C <\/span><span class=\"_fadeIn_m1hgl_8\">al <\/span><span class=\"_fadeIn_m1hgl_8\">organismului <\/span><span class=\"_fadeIn_m1hgl_8\">\u0219i <\/span><span class=\"_fadeIn_m1hgl_8\">are <\/span><span class=\"_fadeIn_m1hgl_8\">un <\/span><span class=\"_fadeIn_m1hgl_8\">efect <\/span><span class=\"_fadeIn_m1hgl_8\">benefic <\/span><span class=\"_fadeIn_m1hgl_8\">asupra:<\/span><\/p>\n<ul data-start=\"295\" data-end=\"439\">\n<li data-start=\"295\" data-end=\"319\">\n<p data-start=\"297\" data-end=\"319\"><span class=\"_fadeIn_m1hgl_8\">Sistemului <\/span><span class=\"_fadeIn_m1hgl_8\">imunitar;<\/span><\/p>\n<\/li>\n<li data-start=\"320\" data-end=\"350\">\n<p data-start=\"322\" data-end=\"350\"><span class=\"_fadeIn_m1hgl_8\">S\u0103n\u0103t\u0103\u021bii <\/span><span class=\"_fadeIn_m1hgl_8\">cardiovasculare;<\/span><\/p>\n<\/li>\n<li data-start=\"351\" data-end=\"385\">\n<p data-start=\"353\" data-end=\"385\"><span class=\"_fadeIn_m1hgl_8\">Articula\u021biilor <\/span><span class=\"_fadeIn_m1hgl_8\">\u0219i <\/span><span class=\"_fadeIn_m1hgl_8\">tendoanelor;<\/span><\/p>\n<\/li>\n<li data-start=\"386\" data-end=\"414\">\n<p data-start=\"388\" data-end=\"414\"><span class=\"_fadeIn_m1hgl_8\">Proceselor <\/span><span class=\"_fadeIn_m1hgl_8\">antioxidante;<\/span><\/p>\n<\/li>\n<li data-start=\"415\" data-end=\"439\">\n<p data-start=\"417\" data-end=\"439\"><span class=\"_fadeIn_m1hgl_8\">Absorb\u021biei <\/span><span class=\"_fadeIn_m1hgl_8\">fierului.<\/span><\/p>\n<\/li>\n<\/ul>\n<hr data-start=\"441\" data-end=\"444\" \/>\n<p data-start=\"446\" data-end=\"477\"><strong data-start=\"446\" data-end=\"475\"><span class=\"_fadeIn_m1hgl_8\">Doza <\/span><span class=\"_fadeIn_m1hgl_8\">zilnic\u0103 <\/span><span class=\"_fadeIn_m1hgl_8\">recomandat\u0103:<\/span><\/strong><\/p>\n<ul data-start=\"478\" data-end=\"573\">\n<li data-start=\"478\" data-end=\"519\">\n<p data-start=\"480\" data-end=\"519\"><strong data-start=\"480\" data-end=\"497\"><span class=\"_fadeIn_m1hgl_8\">Pentru <\/span><span class=\"_fadeIn_m1hgl_8\">adul\u021bi<\/span><\/strong><span class=\"_fadeIn_m1hgl_8\"> &#8211; <\/span><span class=\"_fadeIn_m1hgl_8\">1 <\/span><span class=\"_fadeIn_m1hgl_8\">plicule\u021b <\/span><span class=\"_fadeIn_m1hgl_8\">pe <\/span><span class=\"_fadeIn_m1hgl_8\">zi;<\/span><\/p>\n<\/li>\n<li data-start=\"520\" data-end=\"573\">\n<p data-start=\"522\" data-end=\"573\"><strong data-start=\"522\" data-end=\"551\"><span class=\"_fadeIn_m1hgl_8\">Pentru <\/span><span class=\"_fadeIn_m1hgl_8\">copii (<\/span><span class=\"_fadeIn_m1hgl_8\">sub <\/span><span class=\"_fadeIn_m1hgl_8\">12 <\/span><span class=\"_fadeIn_m1hgl_8\">ani)<\/span><\/strong><span class=\"_fadeIn_m1hgl_8\"> &#8211; \u00bd <\/span><span class=\"_fadeIn_m1hgl_8\">plicule\u021b <\/span><span class=\"_fadeIn_m1hgl_8\">pe <\/span><span class=\"_fadeIn_m1hgl_8\">zi.<\/span><\/p>\n<\/li>\n<\/ul>\n<p data-start=\"575\" data-end=\"929\"><strong data-start=\"575\" data-end=\"596\"><span class=\"_fadeIn_m1hgl_8\">Mod <\/span><span class=\"_fadeIn_m1hgl_8\">de <\/span><span class=\"_fadeIn_m1hgl_8\">utilizare:<\/span><\/strong><br data-start=\"596\" data-end=\"599\" \/><span class=\"_fadeIn_m1hgl_8\">Se <\/span><span class=\"_fadeIn_m1hgl_8\">dizolv\u0103 <\/span><span class=\"_fadeIn_m1hgl_8\">un <\/span><span class=\"_fadeIn_m1hgl_8\">plicule\u021b <\/span><span class=\"_fadeIn_m1hgl_8\">\u00een <\/span><span class=\"_fadeIn_m1hgl_8\">ap\u0103, <\/span><span class=\"_fadeIn_m1hgl_8\">ceai <\/span><span class=\"_fadeIn_m1hgl_8\">sau <\/span><span class=\"_fadeIn_m1hgl_8\">suc <\/span><span class=\"_fadeIn_m1hgl_8\">\u0219i <\/span><span class=\"_fadeIn_m1hgl_8\">se <\/span><span class=\"_fadeIn_m1hgl_8\">administreaz\u0103 <\/span><span class=\"_fadeIn_m1hgl_8\">oral (<\/span><span class=\"_fadeIn_m1hgl_8\">pe <\/span><span class=\"_fadeIn_m1hgl_8\">cale <\/span><span class=\"_fadeIn_m1hgl_8\">intern\u0103), <\/span><span class=\"_fadeIn_m1hgl_8\">\u00eenainte <\/span><span class=\"_fadeIn_m1hgl_8\">de <\/span><span class=\"_fadeIn_m1hgl_8\">mas\u0103. <\/span><span class=\"_fadeIn_m1hgl_8\">Plicule\u021bele <\/span><span class=\"_fadeIn_m1hgl_8\">men\u021bin <\/span><span class=\"_fadeIn_m1hgl_8\">puritatea <\/span><span class=\"_fadeIn_m1hgl_8\">produsului <\/span><span class=\"_fadeIn_m1hgl_8\">f\u0103r\u0103 <\/span><span class=\"_fadeIn_m1hgl_8\">adaosuri <\/span><span class=\"_fadeIn_m1hgl_8\">de <\/span><span class=\"_fadeIn_m1hgl_8\">adezivi, <\/span><span class=\"_fadeIn_m1hgl_8\">agen\u021bi <\/span><span class=\"_fadeIn_m1hgl_8\">de <\/span><span class=\"_fadeIn_m1hgl_8\">umplutur\u0103 <\/span><span class=\"_fadeIn_m1hgl_8\">\u0219i <\/span><span class=\"_fadeIn_m1hgl_8\">alte <\/span><span class=\"_fadeIn_m1hgl_8\">substan\u021be <\/span><span class=\"_fadeIn_m1hgl_8\">adi\u021bionale. <\/span><span class=\"_fadeIn_m1hgl_8\">Produs <\/span><span class=\"_fadeIn_m1hgl_8\">cu <\/span><span class=\"_fadeIn_m1hgl_8\">100% <\/span><span class=\"_fadeIn_m1hgl_8\">origine <\/span><span class=\"_fadeIn_m1hgl_8\">vegetal\u0103, <\/span><span class=\"_fadeIn_m1hgl_8\">potrivit <\/span><span class=\"_fadeIn_m1hgl_8\">pentru <\/span><span class=\"_fadeIn_m1hgl_8\">vegani, <\/span><span class=\"_fadeIn_m1hgl_8\">vegetarieni, <\/span><span class=\"_fadeIn_m1hgl_8\">femei <\/span><span class=\"_fadeIn_m1hgl_8\">\u00eens\u0103rcinate, <\/span><span class=\"_fadeIn_m1hgl_8\">fum\u0103tori, <\/span><span class=\"_fadeIn_m1hgl_8\">copii <\/span><span class=\"_fadeIn_m1hgl_8\">etc.<\/span><\/p>\n<hr data-start=\"931\" data-end=\"934\" \/>\n<p data-start=\"936\" data-end=\"1027\"><strong data-start=\"936\" data-end=\"948\"><span class=\"_fadeIn_m1hgl_8\">ATEN\u021aIE:<\/span><\/strong> <span class=\"_fadeIn_m1hgl_8\">Dac\u0103 <\/span><span class=\"_fadeIn_m1hgl_8\">se <\/span><span class=\"_fadeIn_m1hgl_8\">dep\u0103\u0219e\u0219te <\/span><span class=\"_fadeIn_m1hgl_8\">doza <\/span><span class=\"_fadeIn_m1hgl_8\">zilnic\u0103 <\/span><span class=\"_fadeIn_m1hgl_8\">recomandat\u0103, <\/span><span class=\"_fadeIn_m1hgl_8\">poate <\/span><span class=\"_fadeIn_m1hgl_8\">ap\u0103rea <\/span><span class=\"_fadeIn_m1hgl_8\">disconfort <\/span><span class=\"_fadeIn_m1hgl_8\">gastric.<\/span><\/p>\n<p data-start=\"1029\" data-end=\"1241\"><strong data-start=\"1029\" data-end=\"1070\"><span class=\"_fadeIn_m1hgl_8\">Nu <\/span><span class=\"_fadeIn_m1hgl_8\">dep\u0103\u0219i\u021bi <\/span><span class=\"_fadeIn_m1hgl_8\">doza <\/span><span class=\"_fadeIn_m1hgl_8\">zilnic\u0103 <\/span><span class=\"_fadeIn_m1hgl_8\">recomandat\u0103!<\/span><\/strong><br data-start=\"1070\" data-end=\"1073\" \/><span class=\"_fadeIn_m1hgl_8\">Nu <\/span><span class=\"_fadeIn_m1hgl_8\">folosi\u021bi <\/span><span class=\"_fadeIn_m1hgl_8\">ca <\/span><span class=\"_fadeIn_m1hgl_8\">\u00eenlocuitor <\/span><span class=\"_fadeIn_m1hgl_8\">al <\/span><span class=\"_fadeIn_m1hgl_8\">unei <\/span><span class=\"_fadeIn_m1hgl_8\">diete <\/span><span class=\"_fadeIn_m1hgl_8\">variate. <\/span><span class=\"_fadeIn_m1hgl_8\">Se <\/span><span class=\"_fadeIn_m1hgl_8\">recomand\u0103 <\/span><span class=\"_fadeIn_m1hgl_8\">ca <\/span><span class=\"_fadeIn_m1hgl_8\">supliment <\/span><span class=\"_fadeIn_m1hgl_8\">alimentar <\/span><span class=\"_fadeIn_m1hgl_8\">pentru <\/span><span class=\"_fadeIn_m1hgl_8\">meniul <\/span><span class=\"_fadeIn_m1hgl_8\">zilnic. <\/span><span class=\"_fadeIn_m1hgl_8\">Produsul <\/span><span class=\"_fadeIn_m1hgl_8\">nu <\/span><span class=\"_fadeIn_m1hgl_8\">este <\/span><span class=\"_fadeIn_m1hgl_8\">un <\/span><span class=\"_fadeIn_m1hgl_8\">medicament. <\/span><span class=\"_fadeIn_m1hgl_8\">A <\/span><span class=\"_fadeIn_m1hgl_8\">se <\/span><span class=\"_fadeIn_m1hgl_8\">p\u0103stra <\/span><span class=\"_fadeIn_m1hgl_8\">departe <\/span><span class=\"_fadeIn_m1hgl_8\">de <\/span><span class=\"_fadeIn_m1hgl_8\">copii.<\/span><\/p>\n<hr data-start=\"1243\" data-end=\"1246\" \/>\n<p data-start=\"1248\" data-end=\"1265\"><strong data-start=\"1248\" data-end=\"1260\"><span class=\"_fadeIn_m1hgl_8\">Origine:<\/span><\/strong> <span class=\"_fadeIn_m1hgl_8\">UE<\/span><\/p>\n","protected":false},"excerpt":{"rendered":"<p data-start=\"81\" data-end=\"236\"><strong data-start=\"81\" data-end=\"111\"><span class=\"_fadeIn_m1hgl_8\">Vitamina <\/span><span class=\"_fadeIn_m1hgl_8\">C <\/span><span class=\"_fadeIn_m1hgl_8\">Natural\u0103 <\/span><span class=\"_fadeIn_m1hgl_8\">Bionia<\/span><\/strong> <span class=\"_fadeIn_m1hgl_8\">este <\/span><span class=\"_fadeIn_m1hgl_8\">conceput\u0103 <\/span><span class=\"_fadeIn_m1hgl_8\">pentru <\/span><span class=\"_fadeIn_m1hgl_8\">a <\/span><span class=\"_fadeIn_m1hgl_8\">suplimenta <\/span><span class=\"_fadeIn_m1hgl_8\">necesarul <\/span><span class=\"_fadeIn_m1hgl_8\">zilnic <\/span><span class=\"_fadeIn_m1hgl_8\">fiziologic <\/span><span class=\"_fadeIn_m1hgl_8\">de <\/span><span class=\"_fadeIn_m1hgl_8\">vitamina <\/span><span class=\"_fadeIn_m1hgl_8\">C <\/span><span class=\"_fadeIn_m1hgl_8\">al <\/span><span class=\"_fadeIn_m1hgl_8\">organismului <\/span><span class=\"_fadeIn_m1hgl_8\">\u0219i <\/span><span class=\"_fadeIn_m1hgl_8\">are <\/span><span class=\"_fadeIn_m1hgl_8\">un <\/span><span class=\"_fadeIn_m1hgl_8\">efect <\/span><span class=\"_fadeIn_m1hgl_8\">benefic <\/span><span class=\"_fadeIn_m1hgl_8\">asupra:<\/span><\/p>\n<ul data-start=\"238\" data-end=\"372\">\n<li data-start=\"238\" data-end=\"260\">\n<p data-start=\"240\" data-end=\"260\"><span class=\"_fadeIn_m1hgl_8\">Sistemului <\/span><span class=\"_fadeIn_m1hgl_8\">imunitar;<\/span><\/p>\n<\/li>\n<li data-start=\"261\" data-end=\"289\">\n<p data-start=\"263\" data-end=\"289\"><span class=\"_fadeIn_m1hgl_8\">S\u0103n\u0103t\u0103\u021bii <\/span><span class=\"_fadeIn_m1hgl_8\">cardiovasculare;<\/span><\/p>\n<\/li>\n<li data-start=\"290\" data-end=\"322\">\n<p data-start=\"292\" data-end=\"322\"><span class=\"_fadeIn_m1hgl_8\">Articula\u021biilor <\/span><span class=\"_fadeIn_m1hgl_8\">\u0219i <\/span><span class=\"_fadeIn_m1hgl_8\">tendoanelor;<\/span><\/p>\n<\/li>\n<li data-start=\"323\" data-end=\"349\">\n<p data-start=\"325\" data-end=\"349\"><span class=\"_fadeIn_m1hgl_8\">Proceselor <\/span><span class=\"_fadeIn_m1hgl_8\">antioxidante;<\/span><\/p>\n<\/li>\n<li data-start=\"350\" data-end=\"372\">\n<p data-start=\"352\" data-end=\"372\"><span class=\"_fadeIn_m1hgl_8\">Absorb\u021biei <\/span><span class=\"_fadeIn_m1hgl_8\">fierului.<\/span><\/p>\n<\/li>\n<\/ul>\n<p data-start=\"374\" data-end=\"417\"><strong data-start=\"374\" data-end=\"417\"><span class=\"_fadeIn_m1hgl_8\">Vitamina <\/span><span class=\"_fadeIn_m1hgl_8\">C <\/span><span class=\"_fadeIn_m1hgl_8\">Natural\u0103 <\/span><span class=\"_fadeIn_m1hgl_8\">Malpighia <\/span><span class=\"_fadeIn_m1hgl_8\">glabra <\/span><span class=\"_fadeIn_m1hgl_8\">L.<\/span><\/strong><\/p>\n<p data-start=\"419\" data-end=\"425\"><span class=\"_fadeIn_m1hgl_8\">600 <\/span><span class=\"_fadeIn_m1hgl_8\">mg<\/span><\/p>\n<p data-start=\"427\" data-end=\"435\"><span class=\"_fadeIn_m1hgl_8\">F\u0103r\u0103 <\/span><span class=\"_fadeIn_m1hgl_8\">OMG<\/span><\/p>\n<p data-start=\"437\" data-end=\"459\"><span class=\"_fadeIn_m1hgl_8\">10 <\/span><span class=\"_fadeIn_m1hgl_8\">Plicule\u021be <\/span><span class=\"_fadeIn_m1hgl_8\">per <\/span><span class=\"_fadeIn_m1hgl_8\">cutie<\/span><\/p>\n<p data-start=\"461\" data-end=\"484\"><strong data-start=\"461\" data-end=\"484\"><span class=\"_fadeIn_m1hgl_8\">Supliment <\/span><span class=\"_fadeIn_m1hgl_8\">alimentar<\/span><\/strong><\/p>\n","protected":false},"featured_media":35921,"comment_status":"closed","ping_status":"closed","template":"","meta":{"wds_primary_product_brand":0,"wds_primary_product_cat":0},"product_brand":[],"product_cat":[345],"product_tag":[1113,973,1074,1114,1115,1116,1117,1118,1119,1108,1120],"class_list":{"0":"post-36275","1":"product","2":"type-product","3":"status-publish","4":"has-post-thumbnail","6":"product_cat-vegetamin-ro","7":"product_tag-absorption-of-iron-ro","8":"product_tag-antioxidant-ro","9":"product_tag-bionia-ro","10":"product_tag-cardiovascular-health-ro","11":"product_tag-immunity-ro","12":"product_tag-joints-and-tendons-ro","13":"product_tag-malpighia-glabra-l-ro","14":"product_tag-natural-vitamin-c-ro","15":"product_tag-natural-vitamin-c-malpighia-glabra-l-ro","16":"product_tag-vegetamin-ro","17":"product_tag-vitamin-c-ro","19":"first","20":"outofstock","21":"shipping-taxable","22":"purchasable","23":"product-type-simple"},"_links":{"self":[{"href":"https:\/\/bionia.bio\/ro\/wp-json\/wp\/v2\/product\/36275","targetHints":{"allow":["GET"]}}],"collection":[{"href":"https:\/\/bionia.bio\/ro\/wp-json\/wp\/v2\/product"}],"about":[{"href":"https:\/\/bionia.bio\/ro\/wp-json\/wp\/v2\/types\/product"}],"replies":[{"embeddable":true,"href":"https:\/\/bionia.bio\/ro\/wp-json\/wp\/v2\/comments?post=36275"}],"wp:featuredmedia":[{"embeddable":true,"href":"https:\/\/bionia.bio\/ro\/wp-json\/wp\/v2\/media\/35921"}],"wp:attachment":[{"href":"https:\/\/bionia.bio\/ro\/wp-json\/wp\/v2\/media?parent=36275"}],"wp:term":[{"taxonomy":"product_brand","embeddable":true,"href":"https:\/\/bionia.bio\/ro\/wp-json\/wp\/v2\/product_brand?post=36275"},{"taxonomy":"product_cat","embeddable":true,"href":"https:\/\/bionia.bio\/ro\/wp-json\/wp\/v2\/product_cat?post=36275"},{"taxonomy":"product_tag","embeddable":true,"href":"https:\/\/bionia.bio\/ro\/wp-json\/wp\/v2\/product_tag?post=36275"}],"curies":[{"name":"wp","href":"https:\/\/api.w.org\/{rel}","templated":true}]}}