{"id":36269,"date":"2023-12-05T09:41:20","date_gmt":"2023-12-05T06:41:20","guid":{"rendered":"https:\/\/bionia2.ivexto.net\/product\/bio-proteina-de-canepa\/"},"modified":"2025-06-14T19:59:22","modified_gmt":"2025-06-14T16:59:22","slug":"bio-proteina-de-canepa","status":"publish","type":"product","link":"https:\/\/bionia.bio\/ro\/product\/bio-proteina-de-canepa\/","title":{"rendered":"BIO Protein\u0103 de C\u00e2nep\u0103"},"content":{"rendered":"<p data-start=\"104\" data-end=\"143\"><strong data-start=\"104\" data-end=\"135\"><span class=\"_fadeIn_m1hgl_8\">PROTEIN\u0102 <\/span><span class=\"_fadeIn_m1hgl_8\">DE <\/span><span class=\"_fadeIn_m1hgl_8\">C\u00c2NEP\u0102 <\/span><span class=\"_fadeIn_m1hgl_8\">ORGANIC\u0102 &#8211; <\/span><\/strong><span class=\"_fadeIn_m1hgl_8\">pudr\u0103<\/span><\/p>\n<p data-start=\"145\" data-end=\"197\"><span class=\"_fadeIn_m1hgl_8\">F\u0103r\u0103 <\/span><span class=\"_fadeIn_m1hgl_8\">alergeni. <\/span><span class=\"_fadeIn_m1hgl_8\">Vegan. <\/span><span class=\"_fadeIn_m1hgl_8\">F\u0103r\u0103 <\/span><span class=\"_fadeIn_m1hgl_8\">conservan\u021bi. <\/span><span class=\"_fadeIn_m1hgl_8\">F\u0103r\u0103 <\/span><span class=\"_fadeIn_m1hgl_8\">gluten.<\/span><\/p>\n<p data-start=\"199\" data-end=\"378\"><strong data-start=\"199\" data-end=\"215\"><span class=\"_fadeIn_m1hgl_8\">Ingrediente:<\/span><\/strong> <span class=\"_fadeIn_m1hgl_8\">100% <\/span><span class=\"_fadeIn_m1hgl_8\">pudr\u0103 <\/span><span class=\"_fadeIn_m1hgl_8\">proteic\u0103 <\/span><span class=\"_fadeIn_m1hgl_8\">de <\/span><span class=\"_fadeIn_m1hgl_8\">c\u00e2nep\u0103 <\/span><span class=\"_fadeIn_m1hgl_8\">din <\/span><span class=\"_fadeIn_m1hgl_8\">agricultur\u0103 <\/span><span class=\"_fadeIn_m1hgl_8\">ecologic\u0103, <\/span><span class=\"_fadeIn_m1hgl_8\">cu <\/span><span class=\"_fadeIn_m1hgl_8\">o <\/span><span class=\"_fadeIn_m1hgl_8\">culoare <\/span><span class=\"_fadeIn_m1hgl_8\">verde-<\/span><span class=\"_fadeIn_m1hgl_8\">gri. <\/span><span class=\"_fadeIn_m1hgl_8\">Proteina <\/span><span class=\"_fadeIn_m1hgl_8\">de <\/span><span class=\"_fadeIn_m1hgl_8\">c\u00e2nep\u0103 <\/span><span class=\"_fadeIn_m1hgl_8\">este <\/span><span class=\"_fadeIn_m1hgl_8\">extras\u0103 <\/span><span class=\"_fadeIn_m1hgl_8\">din <\/span><span class=\"_fadeIn_m1hgl_8\">semin\u021bele <\/span><span class=\"_fadeIn_m1hgl_8\">plantei <\/span><span class=\"_fadeIn_m1hgl_8\">de <\/span><span class=\"_fadeIn_m1hgl_8\">c\u00e2nep\u0103.<\/span><br data-start=\"361\" data-end=\"364\" \/><span class=\"_fadeIn_m1hgl_8\">\u212e <\/span><span class=\"_fadeIn_m1hgl_8\">200 <\/span><span class=\"_fadeIn_m1hgl_8\">g\/<\/span><span class=\"_fadeIn_m1hgl_8\">pachet<\/span><\/p>\n<p data-start=\"380\" data-end=\"402\"><strong data-start=\"380\" data-end=\"402\"><span class=\"_fadeIn_m1hgl_8\">Surs\u0103 <\/span><span class=\"_fadeIn_m1hgl_8\">natural\u0103 <\/span><span class=\"_fadeIn_m1hgl_8\">de:<\/span><\/strong><\/p>\n<ul>\n<li data-start=\"404\" data-end=\"490\"><span class=\"_fadeIn_m1hgl_8\">50% <\/span><span class=\"_fadeIn_m1hgl_8\">proteine<\/span><\/li>\n<li data-start=\"404\" data-end=\"490\"><span class=\"_fadeIn_m1hgl_8\">18 <\/span><span class=\"_fadeIn_m1hgl_8\">aminoacizi<\/span><\/li>\n<li data-start=\"404\" data-end=\"490\"><span class=\"_fadeIn_m1hgl_8\">8% <\/span><span class=\"_fadeIn_m1hgl_8\">Omega <\/span><span class=\"_fadeIn_m1hgl_8\">3 &amp; <\/span><span class=\"_fadeIn_m1hgl_8\">Omega <\/span><span class=\"_fadeIn_m1hgl_8\">6<\/span><\/li>\n<li data-start=\"404\" data-end=\"490\"><span class=\"_fadeIn_m1hgl_8\">20% <\/span><span class=\"_fadeIn_m1hgl_8\">fibre<\/span><\/li>\n<li data-start=\"404\" data-end=\"490\"><span class=\"_fadeIn_m1hgl_8\">Fier, <\/span><span class=\"_fadeIn_m1hgl_8\">magneziu, <\/span><span class=\"_fadeIn_m1hgl_8\">zinc<\/span><\/li>\n<\/ul>\n<p data-start=\"492\" data-end=\"776\"><strong data-start=\"492\" data-end=\"524\"><span class=\"_fadeIn_m1hgl_8\">Mod <\/span><span class=\"_fadeIn_m1hgl_8\">de <\/span><span class=\"_fadeIn_m1hgl_8\">utilizare <\/span><span class=\"_fadeIn_m1hgl_8\">recomandat:<\/span><\/strong> <span class=\"_fadeIn_m1hgl_8\">20\u2013<\/span><span class=\"_fadeIn_m1hgl_8\">30 <\/span><span class=\"_fadeIn_m1hgl_8\">g <\/span><span class=\"_fadeIn_m1hgl_8\">pe <\/span><span class=\"_fadeIn_m1hgl_8\">zi (<\/span><span class=\"_fadeIn_m1hgl_8\">3\u2013<\/span><span class=\"_fadeIn_m1hgl_8\">4 <\/span><span class=\"_fadeIn_m1hgl_8\">linguri). <\/span><span class=\"_fadeIn_m1hgl_8\">Aceast\u0103 <\/span><span class=\"_fadeIn_m1hgl_8\">cantitate <\/span><span class=\"_fadeIn_m1hgl_8\">reprezint\u0103 <\/span><span class=\"_fadeIn_m1hgl_8\">aproximativ <\/span><span class=\"_fadeIn_m1hgl_8\">30% <\/span><span class=\"_fadeIn_m1hgl_8\">din <\/span><span class=\"_fadeIn_m1hgl_8\">necesarul <\/span><span class=\"_fadeIn_m1hgl_8\">zilnic <\/span><span class=\"_fadeIn_m1hgl_8\">recomandat <\/span><span class=\"_fadeIn_m1hgl_8\">de <\/span><span class=\"_fadeIn_m1hgl_8\">proteine. <\/span><span class=\"_fadeIn_m1hgl_8\">Restul <\/span><span class=\"_fadeIn_m1hgl_8\">ar <\/span><span class=\"_fadeIn_m1hgl_8\">trebui <\/span><span class=\"_fadeIn_m1hgl_8\">ob\u021binut <\/span><span class=\"_fadeIn_m1hgl_8\">dintr-<\/span><span class=\"_fadeIn_m1hgl_8\">o <\/span><span class=\"_fadeIn_m1hgl_8\">alimenta\u021bie <\/span><span class=\"_fadeIn_m1hgl_8\">complet\u0103. <\/span><span class=\"_fadeIn_m1hgl_8\">Cantitatea <\/span><span class=\"_fadeIn_m1hgl_8\">este <\/span><span class=\"_fadeIn_m1hgl_8\">orientativ\u0103 <\/span><span class=\"_fadeIn_m1hgl_8\">\u0219i <\/span><span class=\"_fadeIn_m1hgl_8\">poate <\/span><span class=\"_fadeIn_m1hgl_8\">varia <\/span><span class=\"_fadeIn_m1hgl_8\">\u00een <\/span><span class=\"_fadeIn_m1hgl_8\">func\u021bie <\/span><span class=\"_fadeIn_m1hgl_8\">de <\/span><span class=\"_fadeIn_m1hgl_8\">nevoile <\/span><span class=\"_fadeIn_m1hgl_8\">individuale.<\/span><\/p>\n<p data-start=\"778\" data-end=\"1086\"><strong data-start=\"778\" data-end=\"816\"><span class=\"_fadeIn_m1hgl_8\">Condi\u021bii <\/span><span class=\"_fadeIn_m1hgl_8\">de <\/span><span class=\"_fadeIn_m1hgl_8\">p\u0103strare <\/span><span class=\"_fadeIn_m1hgl_8\">\u0219i <\/span><span class=\"_fadeIn_m1hgl_8\">utilizare:<\/span><\/strong> <span class=\"_fadeIn_m1hgl_8\">Ideal\u0103 <\/span><span class=\"_fadeIn_m1hgl_8\">pentru <\/span><span class=\"_fadeIn_m1hgl_8\">prepararea <\/span><span class=\"_fadeIn_m1hgl_8\">batoanelor <\/span><span class=\"_fadeIn_m1hgl_8\">proteice, <\/span><span class=\"_fadeIn_m1hgl_8\">smoothie-<\/span><span class=\"_fadeIn_m1hgl_8\">urilor, <\/span><span class=\"_fadeIn_m1hgl_8\">shake-<\/span><span class=\"_fadeIn_m1hgl_8\">urilor, <\/span><span class=\"_fadeIn_m1hgl_8\">gust\u0103rilor <\/span><span class=\"_fadeIn_m1hgl_8\">crocante. <\/span><span class=\"_fadeIn_m1hgl_8\">Se <\/span><span class=\"_fadeIn_m1hgl_8\">poate <\/span><span class=\"_fadeIn_m1hgl_8\">ad\u0103uga <\/span><span class=\"_fadeIn_m1hgl_8\">\u00een <\/span><span class=\"_fadeIn_m1hgl_8\">diverse <\/span><span class=\"_fadeIn_m1hgl_8\">preparate, <\/span><span class=\"_fadeIn_m1hgl_8\">supe <\/span><span class=\"_fadeIn_m1hgl_8\">etc. <\/span><span class=\"_fadeIn_m1hgl_8\">Se <\/span><span class=\"_fadeIn_m1hgl_8\">combin\u0103 <\/span><span class=\"_fadeIn_m1hgl_8\">bine <\/span><span class=\"_fadeIn_m1hgl_8\">cu <\/span><span class=\"_fadeIn_m1hgl_8\">nuci, <\/span><span class=\"_fadeIn_m1hgl_8\">legume, <\/span><span class=\"_fadeIn_m1hgl_8\">cereale <\/span><span class=\"_fadeIn_m1hgl_8\">etc. <\/span><span class=\"_fadeIn_m1hgl_8\">A <\/span><span class=\"_fadeIn_m1hgl_8\">se <\/span><span class=\"_fadeIn_m1hgl_8\">p\u0103stra <\/span><span class=\"_fadeIn_m1hgl_8\">\u00eentr-<\/span><span class=\"_fadeIn_m1hgl_8\">un <\/span><span class=\"_fadeIn_m1hgl_8\">loc <\/span><span class=\"_fadeIn_m1hgl_8\">r\u0103coros <\/span><span class=\"_fadeIn_m1hgl_8\">\u0219i <\/span><span class=\"_fadeIn_m1hgl_8\">uscat, <\/span><span class=\"_fadeIn_m1hgl_8\">ferit <\/span><span class=\"_fadeIn_m1hgl_8\">de <\/span><span class=\"_fadeIn_m1hgl_8\">lumina <\/span><span class=\"_fadeIn_m1hgl_8\">direct\u0103 <\/span><span class=\"_fadeIn_m1hgl_8\">a <\/span><span class=\"_fadeIn_m1hgl_8\">soarelui.<\/span><\/p>\n<p data-start=\"1088\" data-end=\"1103\"><strong data-start=\"1088\" data-end=\"1100\"><span class=\"_fadeIn_m1hgl_8\">Origine:<\/span><\/strong> <span class=\"_fadeIn_m1hgl_8\">UE<\/span><\/p>\n<hr data-start=\"1105\" data-end=\"1108\" \/>\n<p data-start=\"1110\" data-end=\"1146\"><strong data-start=\"1110\" data-end=\"1146\"><span class=\"_fadeIn_m1hgl_8\">Re\u021bet\u0103: <\/span><span class=\"_fadeIn_m1hgl_8\">Smoothie <\/span><span class=\"_fadeIn_m1hgl_8\">verde <\/span><span class=\"_fadeIn_m1hgl_8\">cu <\/span><span class=\"_fadeIn_m1hgl_8\">c\u00e2nep\u0103<\/span><\/strong><\/p>\n<p data-start=\"1148\" data-end=\"1395\"><strong data-start=\"1148\" data-end=\"1164\"><span class=\"_fadeIn_m1hgl_8\">Ingrediente:<\/span><\/strong> <span class=\"_fadeIn_m1hgl_8\">1 <\/span><span class=\"_fadeIn_m1hgl_8\">cea\u0219c\u0103 <\/span><span class=\"_fadeIn_m1hgl_8\">lapte <\/span><span class=\"_fadeIn_m1hgl_8\">de <\/span><span class=\"_fadeIn_m1hgl_8\">nuci <\/span><span class=\"_fadeIn_m1hgl_8\">sau <\/span><span class=\"_fadeIn_m1hgl_8\">de <\/span><span class=\"_fadeIn_m1hgl_8\">soia, <\/span><span class=\"_fadeIn_m1hgl_8\">1 <\/span><span class=\"_fadeIn_m1hgl_8\">banan\u0103, <\/span><span class=\"_fadeIn_m1hgl_8\">2 <\/span><span class=\"_fadeIn_m1hgl_8\">linguri\u021be <\/span><span class=\"_fadeIn_m1hgl_8\">protein\u0103 <\/span><span class=\"_fadeIn_m1hgl_8\">de <\/span><span class=\"_fadeIn_m1hgl_8\">c\u00e2nep\u0103, <\/span><span class=\"_fadeIn_m1hgl_8\">1 <\/span><span class=\"_fadeIn_m1hgl_8\">linguri\u021b\u0103 <\/span><span class=\"_fadeIn_m1hgl_8\">semin\u021be <\/span><span class=\"_fadeIn_m1hgl_8\">de <\/span><span class=\"_fadeIn_m1hgl_8\">c\u00e2nep\u0103 <\/span><span class=\"_fadeIn_m1hgl_8\">decorticate, <\/span><span class=\"_fadeIn_m1hgl_8\">o <\/span><span class=\"_fadeIn_m1hgl_8\">m\u00e2n\u0103 <\/span><span class=\"_fadeIn_m1hgl_8\">de <\/span><span class=\"_fadeIn_m1hgl_8\">spanac, <\/span><span class=\"_fadeIn_m1hgl_8\">3\u2013<\/span><span class=\"_fadeIn_m1hgl_8\">4 <\/span><span class=\"_fadeIn_m1hgl_8\">curmale <\/span><span class=\"_fadeIn_m1hgl_8\">decojite <\/span><span class=\"_fadeIn_m1hgl_8\">\u0219i <\/span><span class=\"_fadeIn_m1hgl_8\">f\u0103r\u0103 <\/span><span class=\"_fadeIn_m1hgl_8\">s\u00e2mburi, <\/span><span class=\"_fadeIn_m1hgl_8\">un <\/span><span class=\"_fadeIn_m1hgl_8\">praf <\/span><span class=\"_fadeIn_m1hgl_8\">de <\/span><span class=\"_fadeIn_m1hgl_8\">scor\u021bi\u0219oar\u0103 <\/span><span class=\"_fadeIn_m1hgl_8\">de <\/span><span class=\"_fadeIn_m1hgl_8\">Ceylon, <\/span><span class=\"_fadeIn_m1hgl_8\">un <\/span><span class=\"_fadeIn_m1hgl_8\">praf <\/span><span class=\"_fadeIn_m1hgl_8\">de <\/span><span class=\"_fadeIn_m1hgl_8\">ghimbir.<\/span><\/p>\n<p data-start=\"1397\" data-end=\"1511\"><strong data-start=\"1397\" data-end=\"1418\"><span class=\"_fadeIn_m1hgl_8\">Mod <\/span><span class=\"_fadeIn_m1hgl_8\">de <\/span><span class=\"_fadeIn_m1hgl_8\">preparare:<\/span><\/strong> <span class=\"_fadeIn_m1hgl_8\">Mixa\u021bi <\/span><span class=\"_fadeIn_m1hgl_8\">toate <\/span><span class=\"_fadeIn_m1hgl_8\">ingredientele <\/span><span class=\"_fadeIn_m1hgl_8\">\u00eentr-<\/span><span class=\"_fadeIn_m1hgl_8\">un <\/span><span class=\"_fadeIn_m1hgl_8\">blender <\/span><span class=\"_fadeIn_m1hgl_8\">p\u00e2n\u0103 <\/span><span class=\"_fadeIn_m1hgl_8\">ob\u021bine\u021bi <\/span><span class=\"_fadeIn_m1hgl_8\">o <\/span><span class=\"_fadeIn_m1hgl_8\">consisten\u021b\u0103 <\/span><span class=\"_fadeIn_m1hgl_8\">cremoas\u0103. <\/span><span class=\"_fadeIn_m1hgl_8\">Poft\u0103 <\/span><span class=\"_fadeIn_m1hgl_8\">bun\u0103!<\/span><\/p>\n","protected":false},"excerpt":{"rendered":"<p data-start=\"104\" data-end=\"143\"><strong data-start=\"104\" data-end=\"135\"><span class=\"_fadeIn_m1hgl_8\">PROTEIN\u0102 <\/span><span class=\"_fadeIn_m1hgl_8\">DE <\/span><span class=\"_fadeIn_m1hgl_8\">C\u00c2NEP\u0102 <\/span><span class=\"_fadeIn_m1hgl_8\">ORGANIC\u0102 &#8211; <\/span><\/strong><span class=\"_fadeIn_m1hgl_8\">pudr\u0103<\/span><\/p>\n<p data-start=\"145\" data-end=\"197\"><span class=\"_fadeIn_m1hgl_8\">F\u0103r\u0103 <\/span><span class=\"_fadeIn_m1hgl_8\">alergeni. <\/span><span class=\"_fadeIn_m1hgl_8\">Vegan. <\/span><span class=\"_fadeIn_m1hgl_8\">F\u0103r\u0103 <\/span><span class=\"_fadeIn_m1hgl_8\">conservan\u021bi. <\/span><span class=\"_fadeIn_m1hgl_8\">F\u0103r\u0103 <\/span><span class=\"_fadeIn_m1hgl_8\">gluten.<\/span><\/p>\n<p data-start=\"199\" data-end=\"378\"><strong data-start=\"199\" data-end=\"215\"><span class=\"_fadeIn_m1hgl_8\">Ingrediente:<\/span><\/strong> <span class=\"_fadeIn_m1hgl_8\">100% <\/span><span class=\"_fadeIn_m1hgl_8\">pudr\u0103 <\/span><span class=\"_fadeIn_m1hgl_8\">proteic\u0103 <\/span><span class=\"_fadeIn_m1hgl_8\">de <\/span><span class=\"_fadeIn_m1hgl_8\">c\u00e2nep\u0103 <\/span><span class=\"_fadeIn_m1hgl_8\">din <\/span><span class=\"_fadeIn_m1hgl_8\">agricultur\u0103 <\/span><span class=\"_fadeIn_m1hgl_8\">ecologic\u0103, <\/span><span class=\"_fadeIn_m1hgl_8\">cu <\/span><span class=\"_fadeIn_m1hgl_8\">o <\/span><span class=\"_fadeIn_m1hgl_8\">culoare <\/span><span class=\"_fadeIn_m1hgl_8\">verde-<\/span><span class=\"_fadeIn_m1hgl_8\">gri. <\/span><span class=\"_fadeIn_m1hgl_8\">Proteina <\/span><span class=\"_fadeIn_m1hgl_8\">de <\/span><span class=\"_fadeIn_m1hgl_8\">c\u00e2nep\u0103 <\/span><span class=\"_fadeIn_m1hgl_8\">este <\/span><span class=\"_fadeIn_m1hgl_8\">extras\u0103 <\/span><span class=\"_fadeIn_m1hgl_8\">din <\/span><span class=\"_fadeIn_m1hgl_8\">semin\u021bele <\/span><span class=\"_fadeIn_m1hgl_8\">plantei <\/span><span class=\"_fadeIn_m1hgl_8\">de <\/span><span class=\"_fadeIn_m1hgl_8\">c\u00e2nep\u0103.<\/span><br data-start=\"361\" data-end=\"364\" \/><span class=\"_fadeIn_m1hgl_8\">\u212e <\/span><span class=\"_fadeIn_m1hgl_8\">200 <\/span><span class=\"_fadeIn_m1hgl_8\">g\/<\/span><span class=\"_fadeIn_m1hgl_8\">pachet<\/span><\/p>\n<p data-start=\"380\" data-end=\"402\"><strong data-start=\"380\" data-end=\"402\"><span class=\"_fadeIn_m1hgl_8\">Surs\u0103 <\/span><span class=\"_fadeIn_m1hgl_8\">natural\u0103 <\/span><span class=\"_fadeIn_m1hgl_8\">de:<\/span><\/strong><\/p>\n<ul>\n<li data-start=\"404\" data-end=\"490\"><span class=\"_fadeIn_m1hgl_8\">50% <\/span><span class=\"_fadeIn_m1hgl_8\">proteine<\/span><\/li>\n<li data-start=\"404\" data-end=\"490\"><span class=\"_fadeIn_m1hgl_8\">18 <\/span><span class=\"_fadeIn_m1hgl_8\">aminoacizi<\/span><\/li>\n<li data-start=\"404\" data-end=\"490\"><span class=\"_fadeIn_m1hgl_8\">8% <\/span><span class=\"_fadeIn_m1hgl_8\">Omega <\/span><span class=\"_fadeIn_m1hgl_8\">3 &amp; <\/span><span class=\"_fadeIn_m1hgl_8\">Omega <\/span><span class=\"_fadeIn_m1hgl_8\">6<\/span><\/li>\n<li data-start=\"404\" data-end=\"490\"><span class=\"_fadeIn_m1hgl_8\">20% <\/span><span class=\"_fadeIn_m1hgl_8\">fibre<\/span><\/li>\n<li data-start=\"404\" data-end=\"490\"><span class=\"_fadeIn_m1hgl_8\">Fier, <\/span><span class=\"_fadeIn_m1hgl_8\">magneziu, <\/span><span class=\"_fadeIn_m1hgl_8\">zinc<\/span><\/li>\n<\/ul>\n","protected":false},"featured_media":35941,"comment_status":"closed","ping_status":"open","template":"","meta":{"wds_primary_product_brand":0,"wds_primary_product_cat":0},"product_brand":[],"product_cat":[343],"product_tag":[1080,1081,1082,1083],"class_list":{"0":"post-36269","1":"product","2":"type-product","3":"status-publish","4":"has-post-thumbnail","6":"product_cat-bionia-bio-products-ro","7":"product_tag-bio-hemp-protein-ro","8":"product_tag-hemp-protein-ro","9":"product_tag-organic-hemp-ro","10":"product_tag-protein-powder-ro","11":"pa_product-size-1-kg-ro","12":"pa_product-size-200-g-ro","14":"first","15":"instock","16":"sale","17":"shipping-taxable","18":"purchasable","19":"product-type-variable"},"_links":{"self":[{"href":"https:\/\/bionia.bio\/ro\/wp-json\/wp\/v2\/product\/36269","targetHints":{"allow":["GET"]}}],"collection":[{"href":"https:\/\/bionia.bio\/ro\/wp-json\/wp\/v2\/product"}],"about":[{"href":"https:\/\/bionia.bio\/ro\/wp-json\/wp\/v2\/types\/product"}],"replies":[{"embeddable":true,"href":"https:\/\/bionia.bio\/ro\/wp-json\/wp\/v2\/comments?post=36269"}],"wp:featuredmedia":[{"embeddable":true,"href":"https:\/\/bionia.bio\/ro\/wp-json\/wp\/v2\/media\/35941"}],"wp:attachment":[{"href":"https:\/\/bionia.bio\/ro\/wp-json\/wp\/v2\/media?parent=36269"}],"wp:term":[{"taxonomy":"product_brand","embeddable":true,"href":"https:\/\/bionia.bio\/ro\/wp-json\/wp\/v2\/product_brand?post=36269"},{"taxonomy":"product_cat","embeddable":true,"href":"https:\/\/bionia.bio\/ro\/wp-json\/wp\/v2\/product_cat?post=36269"},{"taxonomy":"product_tag","embeddable":true,"href":"https:\/\/bionia.bio\/ro\/wp-json\/wp\/v2\/product_tag?post=36269"}],"curies":[{"name":"wp","href":"https:\/\/api.w.org\/{rel}","templated":true}]}}