{"id":36257,"date":"2023-12-05T10:40:25","date_gmt":"2023-12-05T07:40:25","guid":{"rendered":"https:\/\/bionia2.ivexto.net\/product\/faina-de-orez-integrala-bio\/"},"modified":"2025-06-14T19:59:20","modified_gmt":"2025-06-14T16:59:20","slug":"faina-de-orez-integrala-bio","status":"publish","type":"product","link":"https:\/\/bionia.bio\/ro\/product\/faina-de-orez-integrala-bio\/","title":{"rendered":"F\u0102IN\u0102 DE OREZ INTEGRAL\u0102 ORGANIC\u0102"},"content":{"rendered":"<p data-start=\"90\" data-end=\"126\"><strong data-start=\"90\" data-end=\"126\"><span class=\"_fadeIn_m1hgl_8\">F\u0102IN\u0102 <\/span><span class=\"_fadeIn_m1hgl_8\">DE <\/span><span class=\"_fadeIn_m1hgl_8\">OREZ <\/span><span class=\"_fadeIn_m1hgl_8\">INTEGRAL\u0102 <\/span><span class=\"_fadeIn_m1hgl_8\">ORGANIC\u0102<\/span><\/strong><\/p>\n<p data-start=\"128\" data-end=\"159\"><span class=\"_fadeIn_m1hgl_8\">F\u0103r\u0103 <\/span><span class=\"_fadeIn_m1hgl_8\">OMG. <\/span><span class=\"_fadeIn_m1hgl_8\">Vegan. <\/span><span class=\"_fadeIn_m1hgl_8\">F\u0103r\u0103 <\/span><span class=\"_fadeIn_m1hgl_8\">alergeni.<\/span><\/p>\n<p data-start=\"161\" data-end=\"233\"><strong data-start=\"161\" data-end=\"177\"><span class=\"_fadeIn_m1hgl_8\">Ingrediente:<\/span><\/strong> <span class=\"_fadeIn_m1hgl_8\">100% <\/span><span class=\"_fadeIn_m1hgl_8\">f\u0103in\u0103 <\/span><span class=\"_fadeIn_m1hgl_8\">integral\u0103 <\/span><span class=\"_fadeIn_m1hgl_8\">de <\/span><span class=\"_fadeIn_m1hgl_8\">orez <\/span><span class=\"_fadeIn_m1hgl_8\">din <\/span><span class=\"_fadeIn_m1hgl_8\">agricultur\u0103 <\/span><span class=\"_fadeIn_m1hgl_8\">ecologic\u0103.<\/span><\/p>\n<p data-start=\"235\" data-end=\"257\"><strong data-start=\"235\" data-end=\"257\"><span class=\"_fadeIn_m1hgl_8\">Surs\u0103 <\/span><span class=\"_fadeIn_m1hgl_8\">natural\u0103 <\/span><span class=\"_fadeIn_m1hgl_8\">de:<\/span><\/strong><\/p>\n<p data-start=\"259\" data-end=\"292\"><span class=\"_fadeIn_m1hgl_8\">&lt;<\/span><span class=\"_fadeIn_m1hgl_8\">3% <\/span><span class=\"_fadeIn_m1hgl_8\">gr\u0103s\u0438\u043c\u0438<\/span><br data-start=\"270\" data-end=\"273\" \/><span class=\"_fadeIn_m1hgl_8\">Fibre<\/span><br data-start=\"278\" data-end=\"281\" \/><span class=\"_fadeIn_m1hgl_8\">Gust <\/span><span class=\"_fadeIn_m1hgl_8\">neutru<\/span><\/p>\n<p data-start=\"294\" data-end=\"602\"><strong data-start=\"294\" data-end=\"332\"><span class=\"_fadeIn_m1hgl_8\">Condi\u021bii <\/span><span class=\"_fadeIn_m1hgl_8\">de <\/span><span class=\"_fadeIn_m1hgl_8\">p\u0103strare <\/span><span class=\"_fadeIn_m1hgl_8\">\u0219i <\/span><span class=\"_fadeIn_m1hgl_8\">utilizare:<\/span><\/strong> <span class=\"_fadeIn_m1hgl_8\">Potrivit\u0103 <\/span><span class=\"_fadeIn_m1hgl_8\">pentru <\/span><span class=\"_fadeIn_m1hgl_8\">copii <\/span><span class=\"_fadeIn_m1hgl_8\">\u0219i <\/span><span class=\"_fadeIn_m1hgl_8\">adul\u021bi, <\/span><span class=\"_fadeIn_m1hgl_8\">precum <\/span><span class=\"_fadeIn_m1hgl_8\">\u0219i <\/span><span class=\"_fadeIn_m1hgl_8\">pentru <\/span><span class=\"_fadeIn_m1hgl_8\">fortificarea <\/span><span class=\"_fadeIn_m1hgl_8\">organismului. <\/span><span class=\"_fadeIn_m1hgl_8\">Ideal\u0103 <\/span><span class=\"_fadeIn_m1hgl_8\">pentru <\/span><span class=\"_fadeIn_m1hgl_8\">prepararea <\/span><span class=\"_fadeIn_m1hgl_8\">biscui\u021bilor, <\/span><span class=\"_fadeIn_m1hgl_8\">fursecurilor <\/span><span class=\"_fadeIn_m1hgl_8\">\u0219i <\/span><span class=\"_fadeIn_m1hgl_8\">produselor <\/span><span class=\"_fadeIn_m1hgl_8\">de <\/span><span class=\"_fadeIn_m1hgl_8\">patiserie. <\/span><span class=\"_fadeIn_m1hgl_8\">Se <\/span><span class=\"_fadeIn_m1hgl_8\">combin\u0103 <\/span><span class=\"_fadeIn_m1hgl_8\">bine <\/span><span class=\"_fadeIn_m1hgl_8\">cu <\/span><span class=\"_fadeIn_m1hgl_8\">nuci <\/span><span class=\"_fadeIn_m1hgl_8\">\u0219i <\/span><span class=\"_fadeIn_m1hgl_8\">legume. <\/span><span class=\"_fadeIn_m1hgl_8\">A <\/span><span class=\"_fadeIn_m1hgl_8\">se <\/span><span class=\"_fadeIn_m1hgl_8\">p\u0103stra <\/span><span class=\"_fadeIn_m1hgl_8\">\u00eentr-<\/span><span class=\"_fadeIn_m1hgl_8\">un <\/span><span class=\"_fadeIn_m1hgl_8\">loc <\/span><span class=\"_fadeIn_m1hgl_8\">r\u0103coros <\/span><span class=\"_fadeIn_m1hgl_8\">\u0219i <\/span><span class=\"_fadeIn_m1hgl_8\">uscat, <\/span><span class=\"_fadeIn_m1hgl_8\">ferit <\/span><span class=\"_fadeIn_m1hgl_8\">de <\/span><span class=\"_fadeIn_m1hgl_8\">lumina <\/span><span class=\"_fadeIn_m1hgl_8\">direct\u0103 <\/span><span class=\"_fadeIn_m1hgl_8\">a <\/span><span class=\"_fadeIn_m1hgl_8\">soarelui.<\/span><\/p>\n<p data-start=\"604\" data-end=\"666\"><strong data-start=\"604\" data-end=\"616\"><span class=\"_fadeIn_m1hgl_8\">Origine:<\/span><\/strong> <span class=\"_fadeIn_m1hgl_8\">Agricultur\u0103 <\/span><span class=\"_fadeIn_m1hgl_8\">non-<\/span><span class=\"_fadeIn_m1hgl_8\">UE. <\/span><span class=\"_fadeIn_m1hgl_8\">Produs <\/span><span class=\"_fadeIn_m1hgl_8\">de <\/span><span class=\"_fadeIn_m1hgl_8\">calitate <\/span><span class=\"_fadeIn_m1hgl_8\">garantat\u0103.<\/span><\/p>\n<hr data-start=\"668\" data-end=\"671\" \/>\n<p data-start=\"673\" data-end=\"714\"><strong data-start=\"673\" data-end=\"714\"><span class=\"_fadeIn_m1hgl_8\">Re\u021bet\u0103 <\/span><span class=\"_fadeIn_m1hgl_8\">pentru <\/span><span class=\"_fadeIn_m1hgl_8\">Biscui\u021bi <\/span><span class=\"_fadeIn_m1hgl_8\">Proteici <\/span><span class=\"_fadeIn_m1hgl_8\">Oreo:<\/span><\/strong><\/p>\n<p data-start=\"716\" data-end=\"916\"><strong data-start=\"716\" data-end=\"748\"><span class=\"_fadeIn_m1hgl_8\">Ingrediente <\/span><span class=\"_fadeIn_m1hgl_8\">pentru <\/span><span class=\"_fadeIn_m1hgl_8\">biscui\u021bi:<\/span><\/strong> <span class=\"_fadeIn_m1hgl_8\">3-<\/span><span class=\"_fadeIn_m1hgl_8\">4 <\/span><span class=\"_fadeIn_m1hgl_8\">linguri <\/span><span class=\"_fadeIn_m1hgl_8\">pudr\u0103 <\/span><span class=\"_fadeIn_m1hgl_8\">crud\u0103 <\/span><span class=\"_fadeIn_m1hgl_8\">de <\/span><span class=\"_fadeIn_m1hgl_8\">cacao <\/span><span class=\"_fadeIn_m1hgl_8\">22% <\/span><span class=\"_fadeIn_m1hgl_8\">gr\u0103sime <\/span><span class=\"_fadeIn_m1hgl_8\">Bionia, <\/span><span class=\"_fadeIn_m1hgl_8\">3-<\/span><span class=\"_fadeIn_m1hgl_8\">4 <\/span><span class=\"_fadeIn_m1hgl_8\">linguri\u021be <\/span><span class=\"_fadeIn_m1hgl_8\">pudr\u0103 <\/span><span class=\"_fadeIn_m1hgl_8\">proteic\u0103 <\/span><span class=\"_fadeIn_m1hgl_8\">din <\/span><span class=\"_fadeIn_m1hgl_8\">orez <\/span><span class=\"_fadeIn_m1hgl_8\">integral, <\/span><span class=\"_fadeIn_m1hgl_8\">2 <\/span><span class=\"_fadeIn_m1hgl_8\">linguri <\/span><span class=\"_fadeIn_m1hgl_8\">past\u0103 <\/span><span class=\"_fadeIn_m1hgl_8\">de <\/span><span class=\"_fadeIn_m1hgl_8\">susan (<\/span><span class=\"_fadeIn_m1hgl_8\">tahini), <\/span><span class=\"_fadeIn_m1hgl_8\">5-<\/span><span class=\"_fadeIn_m1hgl_8\">6 <\/span><span class=\"_fadeIn_m1hgl_8\">curmale <\/span><span class=\"_fadeIn_m1hgl_8\">crude <\/span><span class=\"_fadeIn_m1hgl_8\">f\u0103r\u0103 <\/span><span class=\"_fadeIn_m1hgl_8\">s\u00e2mburi.<\/span><\/p>\n<p data-start=\"918\" data-end=\"1124\"><strong data-start=\"918\" data-end=\"947\"><span class=\"_fadeIn_m1hgl_8\">Ingrediente <\/span><span class=\"_fadeIn_m1hgl_8\">pentru <\/span><span class=\"_fadeIn_m1hgl_8\">crem\u0103:<\/span><\/strong> <span class=\"_fadeIn_m1hgl_8\">1-<\/span><span class=\"_fadeIn_m1hgl_8\">2 <\/span><span class=\"_fadeIn_m1hgl_8\">curmale <\/span><span class=\"_fadeIn_m1hgl_8\">crude <\/span><span class=\"_fadeIn_m1hgl_8\">f\u0103r\u0103 <\/span><span class=\"_fadeIn_m1hgl_8\">s\u00e2mburi, <\/span><span class=\"_fadeIn_m1hgl_8\">1 <\/span><span class=\"_fadeIn_m1hgl_8\">lingur\u0103 <\/span><span class=\"_fadeIn_m1hgl_8\">f\u0103in\u0103 <\/span><span class=\"_fadeIn_m1hgl_8\">de <\/span><span class=\"_fadeIn_m1hgl_8\">cocos <\/span><span class=\"_fadeIn_m1hgl_8\">Bionia, <\/span><span class=\"_fadeIn_m1hgl_8\">3 <\/span><span class=\"_fadeIn_m1hgl_8\">linguri <\/span><span class=\"_fadeIn_m1hgl_8\">lapte <\/span><span class=\"_fadeIn_m1hgl_8\">de <\/span><span class=\"_fadeIn_m1hgl_8\">cocos <\/span><span class=\"_fadeIn_m1hgl_8\">sau <\/span><span class=\"_fadeIn_m1hgl_8\">de <\/span><span class=\"_fadeIn_m1hgl_8\">migdale, <\/span><span class=\"_fadeIn_m1hgl_8\">1-<\/span><span class=\"_fadeIn_m1hgl_8\">2 <\/span><span class=\"_fadeIn_m1hgl_8\">linguri <\/span><span class=\"_fadeIn_m1hgl_8\">pudr\u0103 <\/span><span class=\"_fadeIn_m1hgl_8\">proteic\u0103 <\/span><span class=\"_fadeIn_m1hgl_8\">din <\/span><span class=\"_fadeIn_m1hgl_8\">orez <\/span><span class=\"_fadeIn_m1hgl_8\">integral, <\/span><span class=\"_fadeIn_m1hgl_8\">1 <\/span><span class=\"_fadeIn_m1hgl_8\">lingur\u0103 <\/span><span class=\"_fadeIn_m1hgl_8\">ulei <\/span><span class=\"_fadeIn_m1hgl_8\">de <\/span><span class=\"_fadeIn_m1hgl_8\">cocos.<\/span><\/p>\n<p data-start=\"1126\" data-end=\"1462\"><strong data-start=\"1126\" data-end=\"1147\"><span class=\"_fadeIn_m1hgl_8\">Mod <\/span><span class=\"_fadeIn_m1hgl_8\">de <\/span><span class=\"_fadeIn_m1hgl_8\">preparare:<\/span><\/strong> <span class=\"_fadeIn_m1hgl_8\">Amesteca\u021bi <\/span><span class=\"_fadeIn_m1hgl_8\">toate <\/span><span class=\"_fadeIn_m1hgl_8\">ingredientele <\/span><span class=\"_fadeIn_m1hgl_8\">pentru <\/span><span class=\"_fadeIn_m1hgl_8\">biscui\u021bi <\/span><span class=\"_fadeIn_m1hgl_8\">\u0219i <\/span><span class=\"_fadeIn_m1hgl_8\">m\u0103cina\u021bi-<\/span><span class=\"_fadeIn_m1hgl_8\">le <\/span><span class=\"_fadeIn_m1hgl_8\">bine <\/span><span class=\"_fadeIn_m1hgl_8\">\u00eentr-<\/span><span class=\"_fadeIn_m1hgl_8\">un <\/span><span class=\"_fadeIn_m1hgl_8\">blender. <\/span><span class=\"_fadeIn_m1hgl_8\">Forma\u021bi <\/span><span class=\"_fadeIn_m1hgl_8\">bile <\/span><span class=\"_fadeIn_m1hgl_8\">din <\/span><span class=\"_fadeIn_m1hgl_8\">compozi\u021bie, <\/span><span class=\"_fadeIn_m1hgl_8\">apoi <\/span><span class=\"_fadeIn_m1hgl_8\">aplatiza\u021bi <\/span><span class=\"_fadeIn_m1hgl_8\">\u0219i <\/span><span class=\"_fadeIn_m1hgl_8\">coace\u021bi <\/span><span class=\"_fadeIn_m1hgl_8\">pe <\/span><span class=\"_fadeIn_m1hgl_8\">h\u00e2rtie <\/span><span class=\"_fadeIn_m1hgl_8\">de <\/span><span class=\"_fadeIn_m1hgl_8\">copt, <\/span><span class=\"_fadeIn_m1hgl_8\">\u00een <\/span><span class=\"_fadeIn_m1hgl_8\">cuptor, <\/span><span class=\"_fadeIn_m1hgl_8\">timp <\/span><span class=\"_fadeIn_m1hgl_8\">de <\/span><span class=\"_fadeIn_m1hgl_8\">aproximativ <\/span><span class=\"_fadeIn_m1hgl_8\">10 <\/span><span class=\"_fadeIn_m1hgl_8\">minute <\/span><span class=\"_fadeIn_m1hgl_8\">la <\/span><span class=\"_fadeIn_m1hgl_8\">190 \u00b0<\/span><span class=\"_fadeIn_m1hgl_8\">C. <\/span><span class=\"_fadeIn_m1hgl_8\">Dup\u0103 <\/span><span class=\"_fadeIn_m1hgl_8\">coacere, <\/span><span class=\"_fadeIn_m1hgl_8\">amesteca\u021bi <\/span><span class=\"_fadeIn_m1hgl_8\">bine <\/span><span class=\"_fadeIn_m1hgl_8\">ingredientele <\/span><span class=\"_fadeIn_m1hgl_8\">pentru <\/span><span class=\"_fadeIn_m1hgl_8\">crem\u0103. <\/span><span class=\"_fadeIn_m1hgl_8\">Lipi\u021bi <\/span><span class=\"_fadeIn_m1hgl_8\">biscui\u021bii <\/span><span class=\"_fadeIn_m1hgl_8\">c\u00e2te <\/span><span class=\"_fadeIn_m1hgl_8\">doi <\/span><span class=\"_fadeIn_m1hgl_8\">cu <\/span><span class=\"_fadeIn_m1hgl_8\">crema <\/span><span class=\"_fadeIn_m1hgl_8\">la <\/span><span class=\"_fadeIn_m1hgl_8\">mijloc.<\/span><\/p>\n","protected":false},"excerpt":{"rendered":"<p data-start=\"53\" data-end=\"89\"><strong data-start=\"53\" data-end=\"89\"><span class=\"_fadeIn_m1hgl_8\">F\u0102IN\u0102 <\/span><span class=\"_fadeIn_m1hgl_8\">DE <\/span><span class=\"_fadeIn_m1hgl_8\">OREZ <\/span><span class=\"_fadeIn_m1hgl_8\">INTEGRAL\u0102 <\/span><span class=\"_fadeIn_m1hgl_8\">ORGANIC\u0102<\/span><\/strong><\/p>\n<p data-start=\"91\" data-end=\"122\"><span class=\"_fadeIn_m1hgl_8\">F\u0103r\u0103 <\/span><span class=\"_fadeIn_m1hgl_8\">OMG. <\/span><span class=\"_fadeIn_m1hgl_8\">Vegan. <\/span><span class=\"_fadeIn_m1hgl_8\">F\u0103r\u0103 <\/span><span class=\"_fadeIn_m1hgl_8\">alergeni.<\/span><\/p>\n<p data-start=\"124\" data-end=\"196\"><strong data-start=\"124\" data-end=\"140\"><span class=\"_fadeIn_m1hgl_8\">Ingrediente:<\/span><\/strong> <span class=\"_fadeIn_m1hgl_8\">100% <\/span><span class=\"_fadeIn_m1hgl_8\">f\u0103in\u0103 <\/span><span class=\"_fadeIn_m1hgl_8\">integral\u0103 <\/span><span class=\"_fadeIn_m1hgl_8\">de <\/span><span class=\"_fadeIn_m1hgl_8\">orez <\/span><span class=\"_fadeIn_m1hgl_8\">din <\/span><span class=\"_fadeIn_m1hgl_8\">agricultur\u0103 <\/span><span class=\"_fadeIn_m1hgl_8\">ecologic\u0103.<\/span><\/p>\n<p data-start=\"198\" data-end=\"220\"><strong data-start=\"198\" data-end=\"220\"><span class=\"_fadeIn_m1hgl_8\">Surs\u0103 <\/span><span class=\"_fadeIn_m1hgl_8\">natural\u0103 <\/span><span class=\"_fadeIn_m1hgl_8\">de:<\/span><\/strong><\/p>\n<ul>\n<li data-start=\"222\" data-end=\"255\"><span class=\"_fadeIn_m1hgl_8\">&lt;<\/span><span class=\"_fadeIn_m1hgl_8\">3% <\/span><span class=\"_fadeIn_m1hgl_8\">gr\u0103simi<\/span><\/li>\n<li data-start=\"222\" data-end=\"255\"><span class=\"_fadeIn_m1hgl_8\">Fibre<\/span><\/li>\n<li data-start=\"222\" data-end=\"255\"><span class=\"_fadeIn_m1hgl_8\">Gust <\/span><span class=\"_fadeIn_m1hgl_8\">neutru<\/span><\/li>\n<\/ul>\n","protected":false},"featured_media":35986,"comment_status":"closed","ping_status":"open","template":"","meta":{"wds_primary_product_brand":0,"wds_primary_product_cat":0},"product_brand":[],"product_cat":[343],"product_tag":[1052,1053,1054,1055],"class_list":{"0":"post-36257","1":"product","2":"type-product","3":"status-publish","4":"has-post-thumbnail","6":"product_cat-bionia-bio-products-ro","7":"product_tag-bio-rice-flour-ro","8":"product_tag-bio-wholegrain-rice-flour-ro","9":"product_tag-bionia-rice-flour-ro","10":"product_tag-wholegrain-rice-flour-ro","11":"pa_product-size-300-g-ro","12":"pa_product-size-900-g-ro","14":"first","15":"instock","16":"shipping-taxable","17":"purchasable","18":"product-type-variable"},"_links":{"self":[{"href":"https:\/\/bionia.bio\/ro\/wp-json\/wp\/v2\/product\/36257","targetHints":{"allow":["GET"]}}],"collection":[{"href":"https:\/\/bionia.bio\/ro\/wp-json\/wp\/v2\/product"}],"about":[{"href":"https:\/\/bionia.bio\/ro\/wp-json\/wp\/v2\/types\/product"}],"replies":[{"embeddable":true,"href":"https:\/\/bionia.bio\/ro\/wp-json\/wp\/v2\/comments?post=36257"}],"wp:featuredmedia":[{"embeddable":true,"href":"https:\/\/bionia.bio\/ro\/wp-json\/wp\/v2\/media\/35986"}],"wp:attachment":[{"href":"https:\/\/bionia.bio\/ro\/wp-json\/wp\/v2\/media?parent=36257"}],"wp:term":[{"taxonomy":"product_brand","embeddable":true,"href":"https:\/\/bionia.bio\/ro\/wp-json\/wp\/v2\/product_brand?post=36257"},{"taxonomy":"product_cat","embeddable":true,"href":"https:\/\/bionia.bio\/ro\/wp-json\/wp\/v2\/product_cat?post=36257"},{"taxonomy":"product_tag","embeddable":true,"href":"https:\/\/bionia.bio\/ro\/wp-json\/wp\/v2\/product_tag?post=36257"}],"curies":[{"name":"wp","href":"https:\/\/api.w.org\/{rel}","templated":true}]}}