{"id":36248,"date":"2023-12-05T10:50:07","date_gmt":"2023-12-05T07:50:07","guid":{"rendered":"https:\/\/bionia2.ivexto.net\/product\/bio-maca-3\/"},"modified":"2025-06-14T19:59:18","modified_gmt":"2025-06-14T16:59:18","slug":"bio-maca-3","status":"publish","type":"product","link":"https:\/\/bionia.bio\/ro\/product\/bio-maca-3\/","title":{"rendered":"BIO Maca"},"content":{"rendered":"<p data-start=\"0\" data-end=\"51\"><strong data-start=\"0\" data-end=\"51\"><span class=\"_fadeIn_m1hgl_8\">MACA <\/span><span class=\"_fadeIn_m1hgl_8\">ORGANIC \u2013 <\/span><span class=\"_fadeIn_m1hgl_8\">Pudr\u0103 <\/span><span class=\"_fadeIn_m1hgl_8\">crud\u0103, <\/span><em><span class=\"_fadeIn_m1hgl_8\">LEPIDIUM <\/span><span class=\"_fadeIn_m1hgl_8\">PERUVIANUM<\/span><\/em><\/strong><\/p>\n<p data-start=\"53\" data-end=\"87\"><span class=\"_fadeIn_m1hgl_8\">F\u0103r\u0103 <\/span><span class=\"_fadeIn_m1hgl_8\">gluten. <\/span><span class=\"_fadeIn_m1hgl_8\">F\u0103r\u0103 <\/span><span class=\"_fadeIn_m1hgl_8\">alergeni. <\/span><span class=\"_fadeIn_m1hgl_8\">Vegan.<\/span><\/p>\n<p data-start=\"89\" data-end=\"176\"><strong data-start=\"89\" data-end=\"105\"><span class=\"_fadeIn_m1hgl_8\">Ingrediente:<\/span><\/strong><br data-start=\"105\" data-end=\"108\" \/><span class=\"_fadeIn_m1hgl_8\">100% <\/span><span class=\"_fadeIn_m1hgl_8\">pudr\u0103 <\/span><span class=\"_fadeIn_m1hgl_8\">crud\u0103 <\/span><span class=\"_fadeIn_m1hgl_8\">de <\/span><span class=\"_fadeIn_m1hgl_8\">maca <\/span><span class=\"_fadeIn_m1hgl_8\">din <\/span><span class=\"_fadeIn_m1hgl_8\">agricultur\u0103 <\/span><span class=\"_fadeIn_m1hgl_8\">ecologic\u0103.<\/span><br data-start=\"159\" data-end=\"162\" \/><span class=\"_fadeIn_m1hgl_8\">\u212e <\/span><span class=\"_fadeIn_m1hgl_8\">200 <\/span><span class=\"_fadeIn_m1hgl_8\">g\/<\/span><span class=\"_fadeIn_m1hgl_8\">pachet<\/span><\/p>\n<p data-start=\"178\" data-end=\"370\"><span class=\"_fadeIn_m1hgl_8\">Maca <\/span><span class=\"_fadeIn_m1hgl_8\">este <\/span><span class=\"_fadeIn_m1hgl_8\">o <\/span><span class=\"_fadeIn_m1hgl_8\">r\u0103d\u0103cin\u0103 <\/span><span class=\"_fadeIn_m1hgl_8\">vegetal\u0103 <\/span><span class=\"_fadeIn_m1hgl_8\">de <\/span><span class=\"_fadeIn_m1hgl_8\">dimensiuni <\/span><span class=\"_fadeIn_m1hgl_8\">mici, <\/span><span class=\"_fadeIn_m1hgl_8\">cultivat\u0103 <\/span><span class=\"_fadeIn_m1hgl_8\">la <\/span><span class=\"_fadeIn_m1hgl_8\">peste <\/span><span class=\"_fadeIn_m1hgl_8\">3500 <\/span><span class=\"_fadeIn_m1hgl_8\">m <\/span><span class=\"_fadeIn_m1hgl_8\">altitudine. <\/span><span class=\"_fadeIn_m1hgl_8\">Supranumit\u0103 \u201e<\/span><span class=\"_fadeIn_m1hgl_8\">superalimentul <\/span><span class=\"_fadeIn_m1hgl_8\">Anzilor\u201d, <\/span><span class=\"_fadeIn_m1hgl_8\">maca <\/span><span class=\"_fadeIn_m1hgl_8\">este <\/span><span class=\"_fadeIn_m1hgl_8\">cunoscut\u0103 <\/span><span class=\"_fadeIn_m1hgl_8\">\u0219i <\/span><span class=\"_fadeIn_m1hgl_8\">apreciat\u0103 <\/span><span class=\"_fadeIn_m1hgl_8\">de <\/span><span class=\"_fadeIn_m1hgl_8\">popula\u021biile <\/span><span class=\"_fadeIn_m1hgl_8\">indigene <\/span><span class=\"_fadeIn_m1hgl_8\">din <\/span><span class=\"_fadeIn_m1hgl_8\">Peru.<\/span><\/p>\n<p data-start=\"372\" data-end=\"470\"><strong data-start=\"372\" data-end=\"394\"><span class=\"_fadeIn_m1hgl_8\">Surs\u0103 <\/span><span class=\"_fadeIn_m1hgl_8\">natural\u0103 <\/span><span class=\"_fadeIn_m1hgl_8\">de:<\/span><\/strong><br data-start=\"394\" data-end=\"397\" \/><span class=\"_fadeIn_m1hgl_8\">Calciu, <\/span><span class=\"_fadeIn_m1hgl_8\">cupru, <\/span><span class=\"_fadeIn_m1hgl_8\">fier, <\/span><span class=\"_fadeIn_m1hgl_8\">potasiu, <\/span><span class=\"_fadeIn_m1hgl_8\">zinc<\/span><br data-start=\"431\" data-end=\"434\" \/><span class=\"_fadeIn_m1hgl_8\">Vitamina <\/span><span class=\"_fadeIn_m1hgl_8\">B2, <\/span><span class=\"_fadeIn_m1hgl_8\">vitamina <\/span><span class=\"_fadeIn_m1hgl_8\">B6, <\/span><span class=\"_fadeIn_m1hgl_8\">vitamina <\/span><span class=\"_fadeIn_m1hgl_8\">C<\/span><\/p>\n<p data-start=\"472\" data-end=\"665\"><strong data-start=\"472\" data-end=\"504\"><span class=\"_fadeIn_m1hgl_8\">Mod <\/span><span class=\"_fadeIn_m1hgl_8\">de <\/span><span class=\"_fadeIn_m1hgl_8\">utilizare <\/span><span class=\"_fadeIn_m1hgl_8\">recomandat:<\/span><\/strong><br data-start=\"504\" data-end=\"507\" \/><span class=\"_fadeIn_m1hgl_8\">3\u2013<\/span><span class=\"_fadeIn_m1hgl_8\">5 <\/span><span class=\"_fadeIn_m1hgl_8\">g (\u2248<\/span><span class=\"_fadeIn_m1hgl_8\">1 <\/span><span class=\"_fadeIn_m1hgl_8\">lingur\u0103) <\/span><span class=\"_fadeIn_m1hgl_8\">pe <\/span><span class=\"_fadeIn_m1hgl_8\">zi <\/span><span class=\"_fadeIn_m1hgl_8\">\u00een <\/span><span class=\"_fadeIn_m1hgl_8\">smoothie-<\/span><span class=\"_fadeIn_m1hgl_8\">uri, <\/span><span class=\"_fadeIn_m1hgl_8\">shake-<\/span><span class=\"_fadeIn_m1hgl_8\">uri, <\/span><span class=\"_fadeIn_m1hgl_8\">b\u0103uturi <\/span><span class=\"_fadeIn_m1hgl_8\">calde, <\/span><span class=\"_fadeIn_m1hgl_8\">deserturi <\/span><span class=\"_fadeIn_m1hgl_8\">etc. <\/span><span class=\"_fadeIn_m1hgl_8\">Se <\/span><span class=\"_fadeIn_m1hgl_8\">recomand\u0103 <\/span><span class=\"_fadeIn_m1hgl_8\">\u00eenceperea <\/span><span class=\"_fadeIn_m1hgl_8\">cu <\/span><span class=\"_fadeIn_m1hgl_8\">doza <\/span><span class=\"_fadeIn_m1hgl_8\">minim\u0103, <\/span><span class=\"_fadeIn_m1hgl_8\">cresc\u00e2nd <\/span><span class=\"_fadeIn_m1hgl_8\">treptat <\/span><span class=\"_fadeIn_m1hgl_8\">cantitatea <\/span><span class=\"_fadeIn_m1hgl_8\">\u00een <\/span><span class=\"_fadeIn_m1hgl_8\">timp.<\/span><\/p>\n<p data-start=\"667\" data-end=\"1040\"><strong data-start=\"667\" data-end=\"705\"><span class=\"_fadeIn_m1hgl_8\">Condi\u021bii <\/span><span class=\"_fadeIn_m1hgl_8\">de <\/span><span class=\"_fadeIn_m1hgl_8\">p\u0103strare <\/span><span class=\"_fadeIn_m1hgl_8\">\u0219i <\/span><span class=\"_fadeIn_m1hgl_8\">utilizare:<\/span><\/strong><br data-start=\"705\" data-end=\"708\" \/><span class=\"_fadeIn_m1hgl_8\">Potrivit\u0103 <\/span><span class=\"_fadeIn_m1hgl_8\">pentru <\/span><span class=\"_fadeIn_m1hgl_8\">copii <\/span><span class=\"_fadeIn_m1hgl_8\">\u0219i <\/span><span class=\"_fadeIn_m1hgl_8\">adul\u021bi. <\/span><span class=\"_fadeIn_m1hgl_8\">Ideal\u0103 <\/span><span class=\"_fadeIn_m1hgl_8\">pentru <\/span><span class=\"_fadeIn_m1hgl_8\">prepararea <\/span><span class=\"_fadeIn_m1hgl_8\">deserturilor, <\/span><span class=\"_fadeIn_m1hgl_8\">b\u0103uturilor, <\/span><span class=\"_fadeIn_m1hgl_8\">pr\u0103jiturilor <\/span><span class=\"_fadeIn_m1hgl_8\">raw, <\/span><span class=\"_fadeIn_m1hgl_8\">\u00eenghe\u021batei <\/span><span class=\"_fadeIn_m1hgl_8\">\u0219i <\/span><span class=\"_fadeIn_m1hgl_8\">altele. <\/span><span class=\"_fadeIn_m1hgl_8\">Maca <\/span><span class=\"_fadeIn_m1hgl_8\">are <\/span><span class=\"_fadeIn_m1hgl_8\">un <\/span><span class=\"_fadeIn_m1hgl_8\">gust <\/span><span class=\"_fadeIn_m1hgl_8\">u\u0219or <\/span><span class=\"_fadeIn_m1hgl_8\">de <\/span><span class=\"_fadeIn_m1hgl_8\">mal\u021b, <\/span><span class=\"_fadeIn_m1hgl_8\">cu <\/span><span class=\"_fadeIn_m1hgl_8\">o <\/span><span class=\"_fadeIn_m1hgl_8\">not\u0103 <\/span><span class=\"_fadeIn_m1hgl_8\">de <\/span><span class=\"_fadeIn_m1hgl_8\">caramel. <\/span><span class=\"_fadeIn_m1hgl_8\">Se <\/span><span class=\"_fadeIn_m1hgl_8\">combin\u0103 <\/span><span class=\"_fadeIn_m1hgl_8\">excelent <\/span><span class=\"_fadeIn_m1hgl_8\">cu <\/span><span class=\"_fadeIn_m1hgl_8\">cacao, <\/span><span class=\"_fadeIn_m1hgl_8\">nuci <\/span><span class=\"_fadeIn_m1hgl_8\">\u0219i <\/span><span class=\"_fadeIn_m1hgl_8\">lapte <\/span><span class=\"_fadeIn_m1hgl_8\">vegetal, <\/span><span class=\"_fadeIn_m1hgl_8\">fructe <\/span><span class=\"_fadeIn_m1hgl_8\">\u0219i <\/span><span class=\"_fadeIn_m1hgl_8\">multe <\/span><span class=\"_fadeIn_m1hgl_8\">altele. <\/span><span class=\"_fadeIn_m1hgl_8\">A <\/span><span class=\"_fadeIn_m1hgl_8\">se <\/span><span class=\"_fadeIn_m1hgl_8\">p\u0103stra <\/span><span class=\"_fadeIn_m1hgl_8\">\u00eentr-<\/span><span class=\"_fadeIn_m1hgl_8\">un <\/span><span class=\"_fadeIn_m1hgl_8\">loc <\/span><span class=\"_fadeIn_m1hgl_8\">r\u0103coros <\/span><span class=\"_fadeIn_m1hgl_8\">\u0219i <\/span><span class=\"_fadeIn_m1hgl_8\">uscat, <\/span><span class=\"_fadeIn_m1hgl_8\">ferit <\/span><span class=\"_fadeIn_m1hgl_8\">de <\/span><span class=\"_fadeIn_m1hgl_8\">lumina <\/span><span class=\"_fadeIn_m1hgl_8\">direct\u0103 <\/span><span class=\"_fadeIn_m1hgl_8\">a <\/span><span class=\"_fadeIn_m1hgl_8\">soarelui.<\/span><\/p>\n<p data-start=\"1042\" data-end=\"1090\"><strong data-start=\"1042\" data-end=\"1054\"><span class=\"_fadeIn_m1hgl_8\">Origine:<\/span><\/strong> <span class=\"_fadeIn_m1hgl_8\">Peru. <\/span><span class=\"_fadeIn_m1hgl_8\">Produs <\/span><span class=\"_fadeIn_m1hgl_8\">de <\/span><span class=\"_fadeIn_m1hgl_8\">calitate <\/span><span class=\"_fadeIn_m1hgl_8\">garantat\u0103.<\/span><\/p>\n<hr data-start=\"1092\" data-end=\"1095\" \/>\n<h3 data-start=\"1097\" data-end=\"1130\"><span class=\"_fadeIn_m1hgl_8\">Re\u021bet\u0103: <\/span><span class=\"_fadeIn_m1hgl_8\">\u00cenghe\u021bat\u0103 <\/span><span class=\"_fadeIn_m1hgl_8\">raw <\/span><span class=\"_fadeIn_m1hgl_8\">de <\/span><span class=\"_fadeIn_m1hgl_8\">cas\u0103<\/span><\/h3>\n<p data-start=\"1132\" data-end=\"1281\"><strong data-start=\"1132\" data-end=\"1148\"><span class=\"_fadeIn_m1hgl_8\">Ingrediente:<\/span><\/strong><br data-start=\"1148\" data-end=\"1151\" \/><span class=\"_fadeIn_m1hgl_8\">2\u2013<\/span><span class=\"_fadeIn_m1hgl_8\">3 <\/span><span class=\"_fadeIn_m1hgl_8\">banane<\/span><br data-start=\"1161\" data-end=\"1164\" \/><span class=\"_fadeIn_m1hgl_8\">4\u2013<\/span><span class=\"_fadeIn_m1hgl_8\">5 <\/span><span class=\"_fadeIn_m1hgl_8\">linguri <\/span><span class=\"_fadeIn_m1hgl_8\">pudr\u0103 <\/span><span class=\"_fadeIn_m1hgl_8\">de <\/span><span class=\"_fadeIn_m1hgl_8\">maca <\/span><span class=\"_fadeIn_m1hgl_8\">Bionia<\/span><br data-start=\"1196\" data-end=\"1199\" \/><span class=\"_fadeIn_m1hgl_8\">4\u2013<\/span><span class=\"_fadeIn_m1hgl_8\">5 <\/span><span class=\"_fadeIn_m1hgl_8\">curmale <\/span><span class=\"_fadeIn_m1hgl_8\">proaspete<\/span><br data-start=\"1220\" data-end=\"1223\" \/><span class=\"_fadeIn_m1hgl_8\">Un <\/span><span class=\"_fadeIn_m1hgl_8\">praf <\/span><span class=\"_fadeIn_m1hgl_8\">de <\/span><span class=\"_fadeIn_m1hgl_8\">vanilie <\/span><span class=\"_fadeIn_m1hgl_8\">Bourbon<\/span><br data-start=\"1249\" data-end=\"1252\" \/><span class=\"_fadeIn_m1hgl_8\">Protein\u0103 <\/span><span class=\"_fadeIn_m1hgl_8\">din <\/span><span class=\"_fadeIn_m1hgl_8\">lupin (<\/span><span class=\"_fadeIn_m1hgl_8\">op\u021bional)<\/span><\/p>\n<p data-start=\"1283\" data-end=\"1548\"><strong data-start=\"1283\" data-end=\"1304\"><span class=\"_fadeIn_m1hgl_8\">Mod <\/span><span class=\"_fadeIn_m1hgl_8\">de <\/span><span class=\"_fadeIn_m1hgl_8\">preparare:<\/span><\/strong><br data-start=\"1304\" data-end=\"1307\" \/><span class=\"_fadeIn_m1hgl_8\">Cur\u0103\u021ba\u021bi <\/span><span class=\"_fadeIn_m1hgl_8\">curmalele <\/span><span class=\"_fadeIn_m1hgl_8\">\u0219i <\/span><span class=\"_fadeIn_m1hgl_8\">scoate\u021bi <\/span><span class=\"_fadeIn_m1hgl_8\">s\u00e2mburii. <\/span><span class=\"_fadeIn_m1hgl_8\">Congela\u021bi <\/span><span class=\"_fadeIn_m1hgl_8\">bananele <\/span><span class=\"_fadeIn_m1hgl_8\">timp <\/span><span class=\"_fadeIn_m1hgl_8\">de <\/span><span class=\"_fadeIn_m1hgl_8\">c\u00e2teva <\/span><span class=\"_fadeIn_m1hgl_8\">ore. <\/span><span class=\"_fadeIn_m1hgl_8\">Ulterior, <\/span><span class=\"_fadeIn_m1hgl_8\">mixa\u021bi <\/span><span class=\"_fadeIn_m1hgl_8\">toate <\/span><span class=\"_fadeIn_m1hgl_8\">ingredientele <\/span><span class=\"_fadeIn_m1hgl_8\">\u00eentr-<\/span><span class=\"_fadeIn_m1hgl_8\">un <\/span><span class=\"_fadeIn_m1hgl_8\">blender <\/span><span class=\"_fadeIn_m1hgl_8\">sau <\/span><span class=\"_fadeIn_m1hgl_8\">chopper <\/span><span class=\"_fadeIn_m1hgl_8\">p\u00e2n\u0103 <\/span><span class=\"_fadeIn_m1hgl_8\">ob\u021bine\u021bi <\/span><span class=\"_fadeIn_m1hgl_8\">o <\/span><span class=\"_fadeIn_m1hgl_8\">compozi\u021bie <\/span><span class=\"_fadeIn_m1hgl_8\">omogen\u0103. <\/span><span class=\"_fadeIn_m1hgl_8\">L\u0103sa\u021bi <\/span><span class=\"_fadeIn_m1hgl_8\">la <\/span><span class=\"_fadeIn_m1hgl_8\">\u00eent\u0103rit <\/span><span class=\"_fadeIn_m1hgl_8\">pu\u021bin <\/span><span class=\"_fadeIn_m1hgl_8\">\u00een <\/span><span class=\"_fadeIn_m1hgl_8\">congelator <\/span><span class=\"_fadeIn_m1hgl_8\">sau <\/span><span class=\"_fadeIn_m1hgl_8\">consuma\u021bi <\/span><span class=\"_fadeIn_m1hgl_8\">imediat.<\/span><\/p>\n<hr data-start=\"1550\" data-end=\"1553\" \/>\n<h3 data-start=\"1555\" data-end=\"1583\"><span class=\"_fadeIn_m1hgl_8\">Re\u021bet\u0103: <\/span><span class=\"_fadeIn_m1hgl_8\">Shake <\/span><span class=\"_fadeIn_m1hgl_8\">de <\/span><span class=\"_fadeIn_m1hgl_8\">vanilie<\/span><\/h3>\n<p data-start=\"1585\" data-end=\"1793\"><strong data-start=\"1585\" data-end=\"1601\"><span class=\"_fadeIn_m1hgl_8\">Ingrediente:<\/span><\/strong><br data-start=\"1601\" data-end=\"1604\" \/><span class=\"_fadeIn_m1hgl_8\">1 <\/span><span class=\"_fadeIn_m1hgl_8\">banan\u0103<\/span><br data-start=\"1612\" data-end=\"1615\" \/><span class=\"_fadeIn_m1hgl_8\">2 <\/span><span class=\"_fadeIn_m1hgl_8\">linguri <\/span><span class=\"_fadeIn_m1hgl_8\">pudr\u0103 <\/span><span class=\"_fadeIn_m1hgl_8\">de <\/span><span class=\"_fadeIn_m1hgl_8\">maca <\/span><span class=\"_fadeIn_m1hgl_8\">Bionia<\/span><br data-start=\"1645\" data-end=\"1648\" \/><span class=\"_fadeIn_m1hgl_8\">4\u2013<\/span><span class=\"_fadeIn_m1hgl_8\">5 <\/span><span class=\"_fadeIn_m1hgl_8\">curmale <\/span><span class=\"_fadeIn_m1hgl_8\">proaspete, <\/span><span class=\"_fadeIn_m1hgl_8\">f\u0103r\u0103 <\/span><span class=\"_fadeIn_m1hgl_8\">s\u00e2mburi<\/span><br data-start=\"1683\" data-end=\"1686\" \/><span class=\"_fadeIn_m1hgl_8\">Un <\/span><span class=\"_fadeIn_m1hgl_8\">praf <\/span><span class=\"_fadeIn_m1hgl_8\">de <\/span><span class=\"_fadeIn_m1hgl_8\">vanilie <\/span><span class=\"_fadeIn_m1hgl_8\">Bourbon<\/span><br data-start=\"1712\" data-end=\"1715\" \/><span class=\"_fadeIn_m1hgl_8\">Ginger (<\/span><span class=\"_fadeIn_m1hgl_8\">ghimbir) <\/span><span class=\"_fadeIn_m1hgl_8\">dup\u0103 <\/span><span class=\"_fadeIn_m1hgl_8\">gust<\/span><br data-start=\"1741\" data-end=\"1744\" \/><span class=\"_fadeIn_m1hgl_8\">3 <\/span><span class=\"_fadeIn_m1hgl_8\">c\u0103ni <\/span><span class=\"_fadeIn_m1hgl_8\">de <\/span><span class=\"_fadeIn_m1hgl_8\">ceai <\/span><span class=\"_fadeIn_m1hgl_8\">cu <\/span><span class=\"_fadeIn_m1hgl_8\">lapte <\/span><span class=\"_fadeIn_m1hgl_8\">de <\/span><span class=\"_fadeIn_m1hgl_8\">nuci <\/span><span class=\"_fadeIn_m1hgl_8\">sau <\/span><span class=\"_fadeIn_m1hgl_8\">lapte <\/span><span class=\"_fadeIn_m1hgl_8\">de <\/span><span class=\"_fadeIn_m1hgl_8\">soia<\/span><\/p>\n<p data-start=\"1795\" data-end=\"1905\" data-is-last-node=\"\" data-is-only-node=\"\"><strong data-start=\"1795\" data-end=\"1816\"><span class=\"_fadeIn_m1hgl_8\">Mod <\/span><span class=\"_fadeIn_m1hgl_8\">de <\/span><span class=\"_fadeIn_m1hgl_8\">preparare:<\/span><\/strong><br data-start=\"1816\" data-end=\"1819\" \/><span class=\"_fadeIn_m1hgl_8\">Amesteca\u021bi <\/span><span class=\"_fadeIn_m1hgl_8\">toate <\/span><span class=\"_fadeIn_m1hgl_8\">ingredientele <\/span><span class=\"_fadeIn_m1hgl_8\">\u00een <\/span><span class=\"_fadeIn_m1hgl_8\">blender <\/span><span class=\"_fadeIn_m1hgl_8\">p\u00e2n\u0103 <\/span><span class=\"_fadeIn_m1hgl_8\">ob\u021bine\u021bi <\/span><span class=\"_fadeIn_m1hgl_8\">o <\/span><span class=\"_fadeIn_m1hgl_8\">b\u0103utur\u0103 <\/span><span class=\"_fadeIn_m1hgl_8\">cremoas\u0103 <\/span><span class=\"_fadeIn_m1hgl_8\">\u0219i <\/span><span class=\"_fadeIn_m1hgl_8\">omogen\u0103.<\/span><\/p>\n","protected":false},"excerpt":{"rendered":"<p data-start=\"0\" data-end=\"53\"><strong data-start=\"0\" data-end=\"53\"><span class=\"_fadeIn_m1hgl_8\">MACA <\/span><span class=\"_fadeIn_m1hgl_8\">ORGANIC \u2013 <\/span><span class=\"_fadeIn_m1hgl_8\">Pudr\u0103 <\/span><span class=\"_fadeIn_m1hgl_8\">crud\u0103, <\/span><em data-start=\"30\" data-end=\"51\"><span class=\"_fadeIn_m1hgl_8\">Lepidium <\/span><span class=\"_fadeIn_m1hgl_8\">Peruvianum<\/span><\/em><\/strong><\/p>\n<p data-start=\"55\" data-end=\"93\"><strong data-start=\"55\" data-end=\"93\"><span class=\"_fadeIn_m1hgl_8\">F\u0103r\u0103 <\/span><span class=\"_fadeIn_m1hgl_8\">gluten. <\/span><span class=\"_fadeIn_m1hgl_8\">F\u0103r\u0103 <\/span><span class=\"_fadeIn_m1hgl_8\">alergeni. <\/span><span class=\"_fadeIn_m1hgl_8\">Vegan.<\/span><\/strong><\/p>\n<p data-start=\"95\" data-end=\"181\"><strong data-start=\"95\" data-end=\"111\"><span class=\"_fadeIn_m1hgl_8\">Ingrediente:<\/span><\/strong><br data-start=\"111\" data-end=\"114\" \/><span class=\"_fadeIn_m1hgl_8\">100% <\/span><span class=\"_fadeIn_m1hgl_8\">pudr\u0103 <\/span><span class=\"_fadeIn_m1hgl_8\">crud\u0103 <\/span><span class=\"_fadeIn_m1hgl_8\">de <\/span><span class=\"_fadeIn_m1hgl_8\">maca <\/span><span class=\"_fadeIn_m1hgl_8\">din <\/span><span class=\"_fadeIn_m1hgl_8\">agricultur\u0103 <\/span><span class=\"_fadeIn_m1hgl_8\">ecologic\u0103<\/span><br data-start=\"164\" data-end=\"167\" \/><span class=\"_fadeIn_m1hgl_8\">\u212e <\/span><span class=\"_fadeIn_m1hgl_8\">200 <\/span><span class=\"_fadeIn_m1hgl_8\">g\/<\/span><span class=\"_fadeIn_m1hgl_8\">pachet<\/span><\/p>\n<p data-start=\"183\" data-end=\"397\"><span class=\"_fadeIn_m1hgl_8\">Maca <\/span><span class=\"_fadeIn_m1hgl_8\">este <\/span><span class=\"_fadeIn_m1hgl_8\">o <\/span><span class=\"_fadeIn_m1hgl_8\">r\u0103d\u0103cin\u0103 <\/span><span class=\"_fadeIn_m1hgl_8\">vegetal\u0103 <\/span><span class=\"_fadeIn_m1hgl_8\">mic\u0103, <\/span><span class=\"_fadeIn_m1hgl_8\">cultivat\u0103 <\/span><span class=\"_fadeIn_m1hgl_8\">la <\/span><span class=\"_fadeIn_m1hgl_8\">peste <\/span><span class=\"_fadeIn_m1hgl_8\">3500 <\/span><span class=\"_fadeIn_m1hgl_8\">m <\/span><span class=\"_fadeIn_m1hgl_8\">altitudine. <\/span><span class=\"_fadeIn_m1hgl_8\">Supranumit\u0103 <\/span><em data-start=\"269\" data-end=\"295\"><span class=\"_fadeIn_m1hgl_8\">\u201e<\/span><span class=\"_fadeIn_m1hgl_8\">superalimentul <\/span><span class=\"_fadeIn_m1hgl_8\">Anzilor\u201d<\/span><\/em><span class=\"_fadeIn_m1hgl_8\">, <\/span><span class=\"_fadeIn_m1hgl_8\">maca <\/span><span class=\"_fadeIn_m1hgl_8\">este <\/span><span class=\"_fadeIn_m1hgl_8\">extrem <\/span><span class=\"_fadeIn_m1hgl_8\">de <\/span><span class=\"_fadeIn_m1hgl_8\">apreciat\u0103 <\/span><span class=\"_fadeIn_m1hgl_8\">de <\/span><span class=\"_fadeIn_m1hgl_8\">popula\u021biile <\/span><span class=\"_fadeIn_m1hgl_8\">indigene <\/span><span class=\"_fadeIn_m1hgl_8\">din <\/span><span class=\"_fadeIn_m1hgl_8\">Peru <\/span><span class=\"_fadeIn_m1hgl_8\">pentru <\/span><span class=\"_fadeIn_m1hgl_8\">beneficiile <\/span><span class=\"_fadeIn_m1hgl_8\">sale <\/span><span class=\"_fadeIn_m1hgl_8\">nutri\u021bionale.<\/span><\/p>\n<p data-start=\"399\" data-end=\"421\"><strong data-start=\"399\" data-end=\"421\"><span class=\"_fadeIn_m1hgl_8\">Surs\u0103 <\/span><span class=\"_fadeIn_m1hgl_8\">natural\u0103 <\/span><span class=\"_fadeIn_m1hgl_8\">de: <\/span><\/strong><span class=\"_fadeIn_m1hgl_8\">Calciu, <\/span><span class=\"_fadeIn_m1hgl_8\">Cupru, <\/span><span class=\"_fadeIn_m1hgl_8\">Fier, <\/span><span class=\"_fadeIn_m1hgl_8\">Potasiu, <\/span><span class=\"_fadeIn_m1hgl_8\">Zinc, <\/span><span class=\"_fadeIn_m1hgl_8\">Vitamina <\/span><span class=\"_fadeIn_m1hgl_8\">B2, <\/span><span class=\"_fadeIn_m1hgl_8\">Vitamina <\/span><span class=\"_fadeIn_m1hgl_8\">B6, <\/span><span class=\"_fadeIn_m1hgl_8\">Vitamina <\/span><span class=\"_fadeIn_m1hgl_8\">C<\/span><\/p>\n","protected":false},"featured_media":35974,"comment_status":"closed","ping_status":"open","template":"","meta":{"wds_primary_product_brand":0,"wds_primary_product_cat":0},"product_brand":[],"product_cat":[343],"product_tag":[1039,1040,1041,1042],"class_list":{"0":"post-36248","1":"product","2":"type-product","3":"status-publish","4":"has-post-thumbnail","6":"product_cat-bionia-bio-products-ro","7":"product_tag-bio-maca-ro","8":"product_tag-bionia-bio-maca-ro","9":"product_tag-maca-peru-ro","10":"product_tag-organic-maca-powder-ro","11":"pa_product-size-1-kg-ro","12":"pa_product-size-200-g-ro","14":"first","15":"instock","16":"sale","17":"shipping-taxable","18":"purchasable","19":"product-type-variable"},"_links":{"self":[{"href":"https:\/\/bionia.bio\/ro\/wp-json\/wp\/v2\/product\/36248","targetHints":{"allow":["GET"]}}],"collection":[{"href":"https:\/\/bionia.bio\/ro\/wp-json\/wp\/v2\/product"}],"about":[{"href":"https:\/\/bionia.bio\/ro\/wp-json\/wp\/v2\/types\/product"}],"replies":[{"embeddable":true,"href":"https:\/\/bionia.bio\/ro\/wp-json\/wp\/v2\/comments?post=36248"}],"wp:featuredmedia":[{"embeddable":true,"href":"https:\/\/bionia.bio\/ro\/wp-json\/wp\/v2\/media\/35974"}],"wp:attachment":[{"href":"https:\/\/bionia.bio\/ro\/wp-json\/wp\/v2\/media?parent=36248"}],"wp:term":[{"taxonomy":"product_brand","embeddable":true,"href":"https:\/\/bionia.bio\/ro\/wp-json\/wp\/v2\/product_brand?post=36248"},{"taxonomy":"product_cat","embeddable":true,"href":"https:\/\/bionia.bio\/ro\/wp-json\/wp\/v2\/product_cat?post=36248"},{"taxonomy":"product_tag","embeddable":true,"href":"https:\/\/bionia.bio\/ro\/wp-json\/wp\/v2\/product_tag?post=36248"}],"curies":[{"name":"wp","href":"https:\/\/api.w.org\/{rel}","templated":true}]}}