{"id":36190,"date":"2023-11-02T18:03:56","date_gmt":"2023-11-02T15:03:56","guid":{"rendered":"https:\/\/bionia2.ivexto.net\/product\/nomad-nutri-drink-energize-cacao-3\/"},"modified":"2025-06-14T19:59:28","modified_gmt":"2025-06-14T16:59:28","slug":"nomad-nutri-drink-energize-cacao-3","status":"publish","type":"product","link":"https:\/\/bionia.bio\/ro\/product\/nomad-nutri-drink-energize-cacao-3\/","title":{"rendered":"NOMAD nutri drink &#8211; Energize CACAO"},"content":{"rendered":"<p data-start=\"53\" data-end=\"127\"><strong data-start=\"53\" data-end=\"127\"><span class=\"_fadeIn_m1hgl_8\">NOMAD <\/span><span class=\"_fadeIn_m1hgl_8\">nutri <\/span><span class=\"_fadeIn_m1hgl_8\">protein <\/span><span class=\"_fadeIn_m1hgl_8\">drink \u2013 <\/span><span class=\"_fadeIn_m1hgl_8\">Energize <\/span><span class=\"_fadeIn_m1hgl_8\">CACAO \u2013 <\/span><span class=\"_fadeIn_m1hgl_8\">ciocolat\u0103 <\/span><span class=\"_fadeIn_m1hgl_8\">cald\u0103 <\/span><span class=\"_fadeIn_m1hgl_8\">s\u0103n\u0103toas\u0103<\/span><\/strong><\/p>\n<p data-start=\"129\" data-end=\"329\"><strong data-start=\"129\" data-end=\"145\"><span class=\"_fadeIn_m1hgl_8\">Ingrediente:<\/span><\/strong> <span class=\"_fadeIn_m1hgl_8\">cacao <\/span><span class=\"_fadeIn_m1hgl_8\">crud\u0103*, <\/span><strong><span class=\"_fadeIn_m1hgl_8\">protein\u0103 <\/span><span class=\"_fadeIn_m1hgl_8\">pur\u0103 <\/span><span class=\"_fadeIn_m1hgl_8\">din <\/span><\/strong><span class=\"_fadeIn_m1hgl_8\"><strong>soia<\/strong>*, <\/span><span class=\"_fadeIn_m1hgl_8\">zah\u0103r <\/span><span class=\"_fadeIn_m1hgl_8\">din <\/span><span class=\"_fadeIn_m1hgl_8\">trestie <\/span><span class=\"_fadeIn_m1hgl_8\">nerafinat*, <\/span><span class=\"_fadeIn_m1hgl_8\">zah\u0103r <\/span><span class=\"_fadeIn_m1hgl_8\">de <\/span><span class=\"_fadeIn_m1hgl_8\">cocos <\/span><span class=\"_fadeIn_m1hgl_8\">nerafinat*, <\/span><span class=\"_fadeIn_m1hgl_8\">pudr\u0103 <\/span><span class=\"_fadeIn_m1hgl_8\">de <\/span><span class=\"_fadeIn_m1hgl_8\">lapte <\/span><span class=\"_fadeIn_m1hgl_8\">de <\/span><span class=\"_fadeIn_m1hgl_8\">cocos*, <\/span><span class=\"_fadeIn_m1hgl_8\">boabe <\/span><span class=\"_fadeIn_m1hgl_8\">de <\/span><span class=\"_fadeIn_m1hgl_8\">cacao <\/span><span class=\"_fadeIn_m1hgl_8\">crude <\/span><span class=\"_fadeIn_m1hgl_8\">fermentate*, <\/span><span class=\"_fadeIn_m1hgl_8\">vanilie <\/span><span class=\"_fadeIn_m1hgl_8\">Bourbon*, <\/span><span class=\"_fadeIn_m1hgl_8\">ghimbir*.<\/span><\/p>\n<p data-start=\"331\" data-end=\"535\"><span class=\"_fadeIn_m1hgl_8\">*<\/span><span class=\"_fadeIn_m1hgl_8\">Ingredient <\/span><span class=\"_fadeIn_m1hgl_8\">provenit <\/span><span class=\"_fadeIn_m1hgl_8\">din <\/span><span class=\"_fadeIn_m1hgl_8\">agricultur\u0103 <\/span><span class=\"_fadeIn_m1hgl_8\">ecologic\u0103. <\/span><span class=\"_fadeIn_m1hgl_8\">Pentru <\/span><span class=\"_fadeIn_m1hgl_8\">alergeni, <\/span><span class=\"_fadeIn_m1hgl_8\">vezi <\/span><span class=\"_fadeIn_m1hgl_8\">ingredientele <\/span><span class=\"_fadeIn_m1hgl_8\">marcate <\/span><span class=\"_fadeIn_m1hgl_8\">cu <\/span><strong data-start=\"426\" data-end=\"434\"><span class=\"_fadeIn_m1hgl_8\">bold<\/span><\/strong><span class=\"_fadeIn_m1hgl_8\">. <\/span><span class=\"_fadeIn_m1hgl_8\">Poate <\/span><span class=\"_fadeIn_m1hgl_8\">con\u021bine <\/span><span class=\"_fadeIn_m1hgl_8\">ocazional <\/span><span class=\"_fadeIn_m1hgl_8\">buc\u0103\u021bi <\/span><span class=\"_fadeIn_m1hgl_8\">de <\/span><span class=\"_fadeIn_m1hgl_8\">coaj\u0103. <\/span><span class=\"_fadeIn_m1hgl_8\">A <\/span><span class=\"_fadeIn_m1hgl_8\">se <\/span><span class=\"_fadeIn_m1hgl_8\">p\u0103stra <\/span><span class=\"_fadeIn_m1hgl_8\">\u00eentr-<\/span><span class=\"_fadeIn_m1hgl_8\">un <\/span><span class=\"_fadeIn_m1hgl_8\">loc <\/span><span class=\"_fadeIn_m1hgl_8\">r\u0103coros, <\/span><span class=\"_fadeIn_m1hgl_8\">uscat <\/span><span class=\"_fadeIn_m1hgl_8\">\u0219i <\/span><span class=\"_fadeIn_m1hgl_8\">ferit <\/span><span class=\"_fadeIn_m1hgl_8\">de <\/span><span class=\"_fadeIn_m1hgl_8\">lumin\u0103.<\/span><\/p>\n<p data-start=\"537\" data-end=\"683\"><strong data-start=\"537\" data-end=\"558\"><span class=\"_fadeIn_m1hgl_8\">Mod <\/span><span class=\"_fadeIn_m1hgl_8\">de <\/span><span class=\"_fadeIn_m1hgl_8\">preparare:<\/span><\/strong> <span class=\"_fadeIn_m1hgl_8\">Toarn\u0103 <\/span><span class=\"_fadeIn_m1hgl_8\">con\u021binutul <\/span><span class=\"_fadeIn_m1hgl_8\">plicului <\/span><span class=\"_fadeIn_m1hgl_8\">\u00eentr-<\/span><span class=\"_fadeIn_m1hgl_8\">o <\/span><span class=\"_fadeIn_m1hgl_8\">can\u0103. <\/span><span class=\"_fadeIn_m1hgl_8\">Adaug\u0103 <\/span><span class=\"_fadeIn_m1hgl_8\">180 <\/span><span class=\"_fadeIn_m1hgl_8\">ml <\/span><span class=\"_fadeIn_m1hgl_8\">de <\/span><span class=\"_fadeIn_m1hgl_8\">ap\u0103 <\/span><span class=\"_fadeIn_m1hgl_8\">cald\u0103 <\/span><span class=\"_fadeIn_m1hgl_8\">sau <\/span><span class=\"_fadeIn_m1hgl_8\">lapte <\/span><span class=\"_fadeIn_m1hgl_8\">vegetal. <\/span><span class=\"_fadeIn_m1hgl_8\">Amestec\u0103 <\/span><span class=\"_fadeIn_m1hgl_8\">bine <\/span><span class=\"_fadeIn_m1hgl_8\">\u0219i <\/span><span class=\"_fadeIn_m1hgl_8\">savureaz\u0103 <\/span><span class=\"_fadeIn_m1hgl_8\">cu <\/span><span class=\"_fadeIn_m1hgl_8\">pl\u0103cere.<\/span><\/p>\n<p data-start=\"685\" data-end=\"861\"><strong data-start=\"685\" data-end=\"704\"><span class=\"_fadeIn_m1hgl_8\">Perfect <\/span><span class=\"_fadeIn_m1hgl_8\">pentru:<\/span><\/strong> <span class=\"_fadeIn_m1hgl_8\">entuzia\u0219ti, <\/span><span class=\"_fadeIn_m1hgl_8\">dansatori, <\/span><span class=\"_fadeIn_m1hgl_8\">cunosc\u0103tori, <\/span><span class=\"_fadeIn_m1hgl_8\">copii, <\/span><span class=\"_fadeIn_m1hgl_8\">c\u0103l\u0103tori, <\/span><span class=\"_fadeIn_m1hgl_8\">sportivi, <\/span><span class=\"_fadeIn_m1hgl_8\">persoane <\/span><span class=\"_fadeIn_m1hgl_8\">care <\/span><span class=\"_fadeIn_m1hgl_8\">m\u0103n\u00e2nc\u0103 <\/span><span class=\"_fadeIn_m1hgl_8\">s\u0103n\u0103tos, <\/span><span class=\"_fadeIn_m1hgl_8\">vegani, <\/span><span class=\"_fadeIn_m1hgl_8\">vegetarieni, <\/span><span class=\"_fadeIn_m1hgl_8\">nomazi <\/span><span class=\"_fadeIn_m1hgl_8\">urbani <\/span><span class=\"_fadeIn_m1hgl_8\">\u0219i <\/span><span class=\"_fadeIn_m1hgl_8\">digitali <\/span><span class=\"_fadeIn_m1hgl_8\">\u0219i <\/span><span class=\"_fadeIn_m1hgl_8\">mul\u021bi <\/span><span class=\"_fadeIn_m1hgl_8\">al\u021bii.<\/span><\/p>\n<table>\n<tbody>\n<tr>\n<td><span class=\"_fadeIn_m1hgl_8\">VALORI <\/span><span class=\"_fadeIn_m1hgl_8\">NUTRI\u021aIONALE<\/span><\/td>\n<td><span style=\"font-weight: 400;\">Per<\/span><span style=\"font-weight: 400;\"><br \/>\n<\/span><span style=\"font-weight: 400;\">100 g<\/span><\/td>\n<td><span style=\"font-weight: 400;\"><span class=\"_fadeIn_m1hgl_8\">Per <\/span><span class=\"_fadeIn_m1hgl_8\">por\u021bie <\/span><\/span><span style=\"font-weight: 400;\"><br \/>\n<\/span><span style=\"font-weight: 400;\">29 g<\/span><\/td>\n<\/tr>\n<tr>\n<td><span style=\"font-weight: 400;\">Energy \/ Energie<\/span><\/td>\n<td><span style=\"font-weight: 400;\">1815 kJ 435 kcal<\/span><\/td>\n<td><span style=\"font-weight: 400;\">526 kJ\u00a0 \u00a0 \u00a0 126 kcal<\/span><\/td>\n<\/tr>\n<tr>\n<td><span style=\"font-weight: 400;\">Fat \/ Gr\u0103simi<\/span><\/td>\n<td><span style=\"font-weight: 400;\">14,3 g<\/span><\/td>\n<td><span style=\"font-weight: 400;\">4,2 g<\/span><\/td>\n<\/tr>\n<tr>\n<td><span style=\"font-weight: 400;\">&#8211; of which saturated \/ <span class=\"_fadeIn_m1hgl_8\">din <\/span><span class=\"_fadeIn_m1hgl_8\">care <\/span><span class=\"_fadeIn_m1hgl_8\">saturate<\/span><\/span><\/td>\n<td><span style=\"font-weight: 400;\">5 g<\/span><\/td>\n<td><span style=\"font-weight: 400;\">1,5 g<\/span><\/td>\n<\/tr>\n<tr>\n<td><span style=\"font-weight: 400;\">Carbohydrate \/ Glucide<\/span><\/td>\n<td><span style=\"font-weight: 400;\">59,6 g<\/span><\/td>\n<td><span style=\"font-weight: 400;\">17,3 g<\/span><\/td>\n<\/tr>\n<tr>\n<td><span style=\"font-weight: 400;\">&#8211; of which sugars \/ <span class=\"_fadeIn_m1hgl_8\">din <\/span><span class=\"_fadeIn_m1hgl_8\">care <\/span><span class=\"_fadeIn_m1hgl_8\">zaharuri<\/span><\/span><\/td>\n<td><span style=\"font-weight: 400;\">51,6 g<\/span><\/td>\n<td><span style=\"font-weight: 400;\">15 g<\/span><\/td>\n<\/tr>\n<tr>\n<td><span style=\"font-weight: 400;\">Dietary Fiber \/ <span class=\"_fadeIn_m1hgl_8\">Fibre <\/span><span class=\"_fadeIn_m1hgl_8\">alimentare<\/span><\/span><\/td>\n<td><span style=\"font-weight: 400;\">9,5 g<\/span><\/td>\n<td><span style=\"font-weight: 400;\">2,7 g<\/span><\/td>\n<\/tr>\n<tr>\n<td><span style=\"font-weight: 400;\">Protein \/ Proteine<\/span><\/td>\n<td><span style=\"font-weight: 400;\">17,3 g<\/span><\/td>\n<td><span style=\"font-weight: 400;\">5 g<\/span><\/td>\n<\/tr>\n<tr>\n<td><span style=\"font-weight: 400;\">Salt \/ Sare<\/span><\/td>\n<td><span style=\"font-weight: 400;\">0,2 g<\/span><\/td>\n<td><span style=\"font-weight: 400;\">0,1 g<\/span><\/td>\n<\/tr>\n<\/tbody>\n<\/table>\n<p><span style=\"font-weight: 400;\">Origine: EU<\/span><\/p>\n<p><span style=\"font-weight: 400;\">29 g \u212e<\/span><\/p>\n","protected":false},"excerpt":{"rendered":"<p data-start=\"53\" data-end=\"127\"><strong data-start=\"53\" data-end=\"127\"><span class=\"_fadeIn_m1hgl_8\">NOMAD <\/span><span class=\"_fadeIn_m1hgl_8\">nutri <\/span><span class=\"_fadeIn_m1hgl_8\">protein <\/span><span class=\"_fadeIn_m1hgl_8\">drink \u2013 <\/span><span class=\"_fadeIn_m1hgl_8\">Energize <\/span><span class=\"_fadeIn_m1hgl_8\">CACAO \u2013 <\/span><span class=\"_fadeIn_m1hgl_8\">ciocolat\u0103 <\/span><span class=\"_fadeIn_m1hgl_8\">cald\u0103 <\/span><span class=\"_fadeIn_m1hgl_8\">s\u0103n\u0103toas\u0103<\/span><\/strong><\/p>\n<p data-start=\"129\" data-end=\"329\"><strong data-start=\"129\" data-end=\"145\"><span class=\"_fadeIn_m1hgl_8\">Ingrediente:<\/span><\/strong> <span class=\"_fadeIn_m1hgl_8\">cacao <\/span><span class=\"_fadeIn_m1hgl_8\">crud\u0103*, <\/span><span class=\"_fadeIn_m1hgl_8\">protein\u0103 <\/span><span class=\"_fadeIn_m1hgl_8\">pur\u0103 <\/span><span class=\"_fadeIn_m1hgl_8\">din <\/span><span class=\"_fadeIn_m1hgl_8\">soia*, <\/span><span class=\"_fadeIn_m1hgl_8\">zah\u0103r <\/span><span class=\"_fadeIn_m1hgl_8\">din <\/span><span class=\"_fadeIn_m1hgl_8\">trestie <\/span><span class=\"_fadeIn_m1hgl_8\">nerafinat*, <\/span><span class=\"_fadeIn_m1hgl_8\">zah\u0103r <\/span><span class=\"_fadeIn_m1hgl_8\">de <\/span><span class=\"_fadeIn_m1hgl_8\">cocos <\/span><span class=\"_fadeIn_m1hgl_8\">nerafinat*, <\/span><span class=\"_fadeIn_m1hgl_8\">pudr\u0103 <\/span><span class=\"_fadeIn_m1hgl_8\">de <\/span><span class=\"_fadeIn_m1hgl_8\">lapte <\/span><span class=\"_fadeIn_m1hgl_8\">de <\/span><span class=\"_fadeIn_m1hgl_8\">cocos*, <\/span><span class=\"_fadeIn_m1hgl_8\">boabe <\/span><span class=\"_fadeIn_m1hgl_8\">de <\/span><span class=\"_fadeIn_m1hgl_8\">cacao <\/span><span class=\"_fadeIn_m1hgl_8\">crude <\/span><span class=\"_fadeIn_m1hgl_8\">fermentate*, <\/span><span class=\"_fadeIn_m1hgl_8\">vanilie <\/span><span class=\"_fadeIn_m1hgl_8\">Bourbon*, <\/span><span class=\"_fadeIn_m1hgl_8\">ghimbir*.<\/span><\/p>\n<p data-start=\"331\" data-end=\"535\"><span class=\"_fadeIn_m1hgl_8\">*<\/span><span class=\"_fadeIn_m1hgl_8\">Ingredient <\/span><span class=\"_fadeIn_m1hgl_8\">provenit <\/span><span class=\"_fadeIn_m1hgl_8\">din <\/span><span class=\"_fadeIn_m1hgl_8\">agricultur\u0103 <\/span><span class=\"_fadeIn_m1hgl_8\">ecologic\u0103. <\/span><span class=\"_fadeIn_m1hgl_8\">Pentru <\/span><span class=\"_fadeIn_m1hgl_8\">alergeni, <\/span><span class=\"_fadeIn_m1hgl_8\">vezi <\/span><span class=\"_fadeIn_m1hgl_8\">ingredientele <\/span><span class=\"_fadeIn_m1hgl_8\">marcate <\/span><span class=\"_fadeIn_m1hgl_8\">cu <\/span><strong data-start=\"426\" data-end=\"434\"><span class=\"_fadeIn_m1hgl_8\">bold<\/span><\/strong><span class=\"_fadeIn_m1hgl_8\">. <\/span><span class=\"_fadeIn_m1hgl_8\">Poate <\/span><span class=\"_fadeIn_m1hgl_8\">con\u021bine <\/span><span class=\"_fadeIn_m1hgl_8\">ocazional <\/span><span class=\"_fadeIn_m1hgl_8\">buc\u0103\u021bi <\/span><span class=\"_fadeIn_m1hgl_8\">de <\/span><span class=\"_fadeIn_m1hgl_8\">coaj\u0103. <\/span><span class=\"_fadeIn_m1hgl_8\">A <\/span><span class=\"_fadeIn_m1hgl_8\">se <\/span><span class=\"_fadeIn_m1hgl_8\">p\u0103stra <\/span><span class=\"_fadeIn_m1hgl_8\">\u00eentr-<\/span><span class=\"_fadeIn_m1hgl_8\">un <\/span><span class=\"_fadeIn_m1hgl_8\">loc <\/span><span class=\"_fadeIn_m1hgl_8\">r\u0103coros, <\/span><span class=\"_fadeIn_m1hgl_8\">uscat <\/span><span class=\"_fadeIn_m1hgl_8\">\u0219i <\/span><span class=\"_fadeIn_m1hgl_8\">ferit <\/span><span class=\"_fadeIn_m1hgl_8\">de <\/span><span class=\"_fadeIn_m1hgl_8\">lumin\u0103.<\/span><\/p>\n<p data-start=\"685\" data-end=\"861\"><strong data-start=\"685\" data-end=\"704\"><span class=\"_fadeIn_m1hgl_8\">Perfect <\/span><span class=\"_fadeIn_m1hgl_8\">pentru:<\/span><\/strong> <span class=\"_fadeIn_m1hgl_8\">entuzia\u0219ti, <\/span><span class=\"_fadeIn_m1hgl_8\">dansatori, <\/span><span class=\"_fadeIn_m1hgl_8\">cunosc\u0103tori, <\/span><span class=\"_fadeIn_m1hgl_8\">copii, <\/span><span class=\"_fadeIn_m1hgl_8\">c\u0103l\u0103tori, <\/span><span class=\"_fadeIn_m1hgl_8\">sportivi, <\/span><span class=\"_fadeIn_m1hgl_8\">persoane <\/span><span class=\"_fadeIn_m1hgl_8\">care <\/span><span class=\"_fadeIn_m1hgl_8\">m\u0103n\u00e2nc\u0103 <\/span><span class=\"_fadeIn_m1hgl_8\">s\u0103n\u0103tos, <\/span><span class=\"_fadeIn_m1hgl_8\">vegani, <\/span><span class=\"_fadeIn_m1hgl_8\">vegetarieni, <\/span><span class=\"_fadeIn_m1hgl_8\">nomazi <\/span><span class=\"_fadeIn_m1hgl_8\">urbani <\/span><span class=\"_fadeIn_m1hgl_8\">\u0219i <\/span><span class=\"_fadeIn_m1hgl_8\">digitali <\/span><span class=\"_fadeIn_m1hgl_8\">\u0219i <\/span><span class=\"_fadeIn_m1hgl_8\">mul\u021bi <\/span><span class=\"_fadeIn_m1hgl_8\">al\u021bii.<\/span><\/p>\n<p><span style=\"font-weight: 400;\">Origine: EU<\/span><\/p>\n","protected":false},"featured_media":35911,"comment_status":"closed","ping_status":"closed","template":"","meta":{"wds_primary_product_brand":0,"wds_primary_product_cat":0},"product_brand":[],"product_cat":[340],"product_tag":[926,927,928,929,934,931,932,933],"class_list":{"0":"post-36190","1":"product","2":"type-product","3":"status-publish","4":"has-post-thumbnail","6":"product_cat-nomad-nutri-ro","7":"product_tag-bio-nutri-drink-ro","8":"product_tag-energize-kakao-ro","9":"product_tag-healthy-ro","10":"product_tag-hot-chocolate-ro","11":"product_tag-nomad-nutri-getrank-energize-kakao-ro-2","12":"product_tag-nutri-drink-ro","13":"product_tag-organic-cacao-ro","14":"product_tag-protein-drink-ro","15":"pa_product-size-1-sachet-ro","16":"pa_product-size-20-sachets-ro","18":"first","19":"outofstock","20":"sale","21":"shipping-taxable","22":"purchasable","23":"product-type-variable"},"_links":{"self":[{"href":"https:\/\/bionia.bio\/ro\/wp-json\/wp\/v2\/product\/36190","targetHints":{"allow":["GET"]}}],"collection":[{"href":"https:\/\/bionia.bio\/ro\/wp-json\/wp\/v2\/product"}],"about":[{"href":"https:\/\/bionia.bio\/ro\/wp-json\/wp\/v2\/types\/product"}],"replies":[{"embeddable":true,"href":"https:\/\/bionia.bio\/ro\/wp-json\/wp\/v2\/comments?post=36190"}],"wp:featuredmedia":[{"embeddable":true,"href":"https:\/\/bionia.bio\/ro\/wp-json\/wp\/v2\/media\/35911"}],"wp:attachment":[{"href":"https:\/\/bionia.bio\/ro\/wp-json\/wp\/v2\/media?parent=36190"}],"wp:term":[{"taxonomy":"product_brand","embeddable":true,"href":"https:\/\/bionia.bio\/ro\/wp-json\/wp\/v2\/product_brand?post=36190"},{"taxonomy":"product_cat","embeddable":true,"href":"https:\/\/bionia.bio\/ro\/wp-json\/wp\/v2\/product_cat?post=36190"},{"taxonomy":"product_tag","embeddable":true,"href":"https:\/\/bionia.bio\/ro\/wp-json\/wp\/v2\/product_tag?post=36190"}],"curies":[{"name":"wp","href":"https:\/\/api.w.org\/{rel}","templated":true}]}}