{"id":39604,"date":"2025-08-17T23:31:09","date_gmt":"2025-08-17T20:31:09","guid":{"rendered":"https:\/\/bionia.bio\/?post_type=product&#038;p=39604"},"modified":"2025-08-17T23:47:49","modified_gmt":"2025-08-17T20:47:49","slug":"bio-ingwerpulver-%e2%84%ae-150-g","status":"publish","type":"product","link":"https:\/\/bionia.bio\/de\/product\/bio-ingwerpulver-%e2%84%ae-150-g\/","title":{"rendered":"BIO INGWERPULVER \u2013 \u212e 150 g"},"content":{"rendered":"<p data-start=\"73\" data-end=\"147\"><strong data-start=\"73\" data-end=\"112\">BIO INGWERPULVER, BIO GINGER powder<\/strong><br data-start=\"112\" data-end=\"115\" \/><em><strong data-start=\"115\" data-end=\"145\">Zingiber officinale Roscoe<\/strong><\/em><\/p>\n<p data-start=\"149\" data-end=\"266\">OHNE GVO. GLUTENFREI. ALLERGENFREI. OHNE IONISIERENDE STRAHLUNG. Ohne Zusatzstoffe und Konservierungsmittel. Vegan.<\/p>\n<p data-start=\"268\" data-end=\"591\">Bio-Ingwer (Zingiber officinale) ist ein gemahlener, getrockneter Wurzelstock, der traditionell in der Naturmedizin verwendet wird, um die Verdauung, das Immunsystem und die Vitalit\u00e4t zu unterst\u00fctzen. Er enth\u00e4lt nat\u00fcrliche bioaktive Verbindungen wie <strong data-start=\"518\" data-end=\"544\">Gingerole und Shogaole<\/strong>, die zum allgemeinen Wohlbefinden beitragen.<\/p>\n<p data-start=\"593\" data-end=\"693\"><strong data-start=\"593\" data-end=\"611\">Inhaltsstoffe:<\/strong> 100% Bio-Ingwerwurzel* Pulver. \u212e 150 g<br data-start=\"650\" data-end=\"653\" \/>*Aus kontrolliert biologischem Anbau.<\/p>\n<p data-start=\"695\" data-end=\"727\"><strong data-start=\"695\" data-end=\"710\">Tagesdosis:<\/strong> 1\u20132 TL (2\u20134 g)<\/p>\n<div class=\"_tableContainer_1rjym_1\">\n<div class=\"_tableWrapper_1rjym_13 group flex w-fit flex-col-reverse\" tabindex=\"-1\">\n<table class=\"w-fit min-w-(--thread-content-width)\" data-start=\"729\" data-end=\"964\">\n<thead data-start=\"729\" data-end=\"779\">\n<tr data-start=\"729\" data-end=\"779\">\n<th data-start=\"729\" data-end=\"752\" data-col-size=\"md\">Menge pro Tagesdosis<\/th>\n<th data-start=\"752\" data-end=\"758\" data-col-size=\"sm\">2 g<\/th>\n<th data-start=\"758\" data-end=\"764\" data-col-size=\"sm\">4 g<\/th>\n<th data-start=\"764\" data-end=\"779\" data-col-size=\"sm\">pro 100 g<\/th>\n<\/tr>\n<\/thead>\n<tbody data-start=\"830\" data-end=\"964\">\n<tr data-start=\"830\" data-end=\"897\">\n<td data-start=\"830\" data-end=\"874\" data-col-size=\"md\">Ingwerpulver (Zingiber officinale Roscoe)<\/td>\n<td data-col-size=\"sm\" data-start=\"874\" data-end=\"880\">2 g<\/td>\n<td data-col-size=\"sm\" data-start=\"880\" data-end=\"886\">4 g<\/td>\n<td data-col-size=\"sm\" data-start=\"886\" data-end=\"897\">100 g<\/td>\n<\/tr>\n<tr data-start=\"898\" data-end=\"964\">\n<td data-start=\"898\" data-end=\"930\" data-col-size=\"md\">Mangan** (nat\u00fcrlicher Gehalt)<\/td>\n<td data-col-size=\"sm\" data-start=\"930\" data-end=\"941\">~0,66 mg<\/td>\n<td data-col-size=\"sm\" data-start=\"941\" data-end=\"952\">~1,32 mg<\/td>\n<td data-col-size=\"sm\" data-start=\"952\" data-end=\"964\">~33 mg<\/td>\n<\/tr>\n<\/tbody>\n<\/table>\n<\/div>\n<\/div>\n<p data-start=\"966\" data-end=\"998\"><strong data-start=\"966\" data-end=\"996\">N\u00e4hrwertangaben pro 100 g:<\/strong><\/p>\n<ul data-start=\"999\" data-end=\"1193\">\n<li data-start=\"999\" data-end=\"1032\">\n<p data-start=\"1001\" data-end=\"1032\">Brennwert: 1452 kJ \/ 347 kcal<\/p>\n<\/li>\n<li data-start=\"1033\" data-end=\"1086\">\n<p data-start=\"1035\" data-end=\"1086\">Fett: 6,23 g (davon ges\u00e4ttigte Fetts\u00e4uren 2,32 g)<\/p>\n<\/li>\n<li data-start=\"1087\" data-end=\"1131\">\n<p data-start=\"1089\" data-end=\"1131\">Kohlenhydrate: 70 g (davon Zucker 3,2 g)<\/p>\n<\/li>\n<li data-start=\"1132\" data-end=\"1157\">\n<p data-start=\"1134\" data-end=\"1157\">Ballaststoffe: 12,5 g<\/p>\n<\/li>\n<li data-start=\"1158\" data-end=\"1176\">\n<p data-start=\"1160\" data-end=\"1176\">Eiwei\u00df: 5,68 g<\/p>\n<\/li>\n<li data-start=\"1177\" data-end=\"1193\">\n<p data-start=\"1179\" data-end=\"1193\">Salz: 0,02 g<\/p>\n<\/li>\n<\/ul>\n<p data-start=\"1195\" data-end=\"1297\"><strong data-start=\"1195\" data-end=\"1217\">Anwendungsgebiete:<\/strong><br data-start=\"1217\" data-end=\"1220\" \/>Bio-Ingwerpulver von Bionia liefert bioaktive Verbindungen und unterst\u00fctzt:<\/p>\n<ul data-start=\"1298\" data-end=\"1420\">\n<li data-start=\"1298\" data-end=\"1369\">\n<p data-start=\"1300\" data-end=\"1369\">Die normale Funktion des Verdauungssystems, insbesondere des Magens<\/p>\n<\/li>\n<li data-start=\"1370\" data-end=\"1400\">\n<p data-start=\"1372\" data-end=\"1400\">Die Linderung von \u00dcbelkeit<\/p>\n<\/li>\n<li data-start=\"1401\" data-end=\"1420\">\n<p data-start=\"1403\" data-end=\"1420\">Das Immunsystem<\/p>\n<\/li>\n<\/ul>\n<p data-start=\"1422\" data-end=\"1587\"><strong data-start=\"1422\" data-end=\"1445\">Gebrauchsanweisung:<\/strong><br data-start=\"1445\" data-end=\"1448\" \/>Empfohlene Tagesdosis: 2\u20134 g (1\u20132 TL). Oral mit Wasser, Smoothie, Tee oder Speisen einnehmen. Kann zu jeder Tageszeit eingenommen werden.<\/p>\n<p data-start=\"1589\" data-end=\"1930\">\u00dcberschreiten Sie nicht die empfohlene Tagesdosis. Kein Ersatz f\u00fcr eine ausgewogene Ern\u00e4hrung. Empfohlen als Nahrungserg\u00e4nzung zur t\u00e4glichen Ern\u00e4hrung. Das Produkt ist kein Arzneimittel. K\u00fchl und trocken lagern, bei Temperaturen bis 25\u00b0C, vor direkter Sonneneinstrahlung gesch\u00fctzt. Au\u00dferhalb der Reichweite von kleinen Kindern aufbewahren.<\/p>\n<p data-start=\"1932\" data-end=\"1952\"><strong data-start=\"1932\" data-end=\"1945\">Herkunft:<\/strong> Peru<\/p>\n","protected":false},"excerpt":{"rendered":"<p data-start=\"100\" data-end=\"174\"><strong data-start=\"100\" data-end=\"139\">BIO INGWERPULVER, BIO GINGER powder<\/strong><br data-start=\"139\" data-end=\"142\" \/><em><strong data-start=\"142\" data-end=\"172\">Zingiber officinale Roscoe<\/strong><\/em><\/p>\n<p data-start=\"176\" data-end=\"293\">OHNE GVO. GLUTENFREI. ALLERGENFREI. OHNE IONISIERENDE STRAHLUNG. Ohne Zusatzstoffe und Konservierungsmittel. Vegan.<\/p>\n<p data-start=\"295\" data-end=\"390\">Bio-Ingwerpulver von Bionia liefert eine Kombination bioaktiver Verbindungen und unterst\u00fctzt:<\/p>\n<ul data-start=\"391\" data-end=\"513\">\n<li data-start=\"391\" data-end=\"462\">\n<p data-start=\"393\" data-end=\"462\">Die normale Funktion des <strong>Verdauungssystem<\/strong>s, insbesondere des <strong>Magen<\/strong>s<\/p>\n<\/li>\n<li data-start=\"463\" data-end=\"493\">\n<p data-start=\"465\" data-end=\"493\">Die <strong>Linderung von \u00dcbelkeit<\/strong><\/p>\n<\/li>\n<li data-start=\"494\" data-end=\"513\">\n<p data-start=\"496\" data-end=\"513\">Das <strong>Immunsystem<\/strong><\/p>\n<\/li>\n<\/ul>\n<p data-start=\"515\" data-end=\"842\">Bio-Ingwer (Zingiber officinale) ist ein gemahlener, getrockneter Wurzelstock, der traditionell in der Naturmedizin zur Unterst\u00fctzung der Verdauung, des Immunsystems und zur F\u00f6rderung der Vitalit\u00e4t verwendet wird. Enth\u00e4lt nat\u00fcrliche bioaktive Stoffe wie <strong data-start=\"769\" data-end=\"795\">Gingerole und Shogaole<\/strong>, die zum allgemeinen Wohlbefinden beitragen.<\/p>\n<p data-start=\"844\" data-end=\"864\"><strong data-start=\"844\" data-end=\"857\">Herkunft:<\/strong> Peru<\/p>\n","protected":false},"featured_media":39618,"comment_status":"closed","ping_status":"closed","template":"","meta":{"wds_primary_product_brand":0,"wds_primary_product_cat":0},"product_brand":[1376],"product_cat":[333,339],"product_tag":[591,649,1433],"class_list":{"0":"post-39604","1":"product","2":"type-product","3":"status-publish","4":"has-post-thumbnail","6":"product_brand-bionia","7":"product_cat-bionia-bio-products-de","8":"product_cat-bionia-premium-de","9":"product_tag-bionia-de","10":"product_tag-immune-system-de","11":"product_tag-zingiber-officinale-roscoe-de","13":"first","14":"instock","15":"shipping-taxable","16":"purchasable","17":"product-type-simple"},"_links":{"self":[{"href":"https:\/\/bionia.bio\/de\/wp-json\/wp\/v2\/product\/39604","targetHints":{"allow":["GET"]}}],"collection":[{"href":"https:\/\/bionia.bio\/de\/wp-json\/wp\/v2\/product"}],"about":[{"href":"https:\/\/bionia.bio\/de\/wp-json\/wp\/v2\/types\/product"}],"replies":[{"embeddable":true,"href":"https:\/\/bionia.bio\/de\/wp-json\/wp\/v2\/comments?post=39604"}],"wp:featuredmedia":[{"embeddable":true,"href":"https:\/\/bionia.bio\/de\/wp-json\/wp\/v2\/media\/39618"}],"wp:attachment":[{"href":"https:\/\/bionia.bio\/de\/wp-json\/wp\/v2\/media?parent=39604"}],"wp:term":[{"taxonomy":"product_brand","embeddable":true,"href":"https:\/\/bionia.bio\/de\/wp-json\/wp\/v2\/product_brand?post=39604"},{"taxonomy":"product_cat","embeddable":true,"href":"https:\/\/bionia.bio\/de\/wp-json\/wp\/v2\/product_cat?post=39604"},{"taxonomy":"product_tag","embeddable":true,"href":"https:\/\/bionia.bio\/de\/wp-json\/wp\/v2\/product_tag?post=39604"}],"curies":[{"name":"wp","href":"https:\/\/api.w.org\/{rel}","templated":true}]}}