{"id":39589,"date":"2025-08-17T21:55:30","date_gmt":"2025-08-17T18:55:30","guid":{"rendered":"https:\/\/bionia.bio\/?post_type=product&#038;p=39589"},"modified":"2025-08-17T22:14:57","modified_gmt":"2025-08-17T19:14:57","slug":"bio-ceylon-zimt-echter-zimt-pulver-%e2%84%ae-150-g","status":"publish","type":"product","link":"https:\/\/bionia.bio\/de\/product\/bio-ceylon-zimt-echter-zimt-pulver-%e2%84%ae-150-g\/","title":{"rendered":"BIO CEYLON-ZIMT (echter Zimt) Pulver \u2013 \u212e 150 g"},"content":{"rendered":"<p data-start=\"50\" data-end=\"127\"><strong data-start=\"50\" data-end=\"125\">BIO CEYLON-ZIMT (Echter Zimt) Pulver, BIO CEYLON (True) CINNAMON powder<\/strong><\/p>\n<p data-start=\"129\" data-end=\"151\"><em><strong data-start=\"129\" data-end=\"149\">Cinnamomum verum<\/strong><\/em><\/p>\n<p data-start=\"153\" data-end=\"236\">GVO-frei. Glutenfrei. Allergenfrei. Ohne Zusatz- und Konservierungsstoffe. Vegan.<\/p>\n<p data-start=\"238\" data-end=\"268\"><strong data-start=\"238\" data-end=\"266\">Nahrungserg\u00e4nzungsmittel<\/strong><\/p>\n<p data-start=\"270\" data-end=\"774\">Die Hauptwirkstoffverbindung im Ceylon-Zimt (Cinnamomum verum) ist <strong data-start=\"337\" data-end=\"352\">Zimtaldehyd<\/strong>, der etwa 50\u201363 % des \u00e4therischen \u00d6ls ausmacht. Im Unterschied zum gew\u00f6hnlichen Cassia-Zimt enth\u00e4lt Ceylon-Zimt nur wenig Cumarin und ist daher f\u00fcr die langfristige Einnahme geeignet. Dieses Nahrungserg\u00e4nzungsmittel besteht zu 100 % aus gemahlener Rinde von Ceylon-Zimt \u2013 eine nat\u00fcrliche Quelle f\u00fcr Polyphenole und Mangan, das zu einem normalen Energiestoffwechsel beitr\u00e4gt und die Zellen vor oxidativem Stress sch\u00fctzt.<\/p>\n<p data-start=\"776\" data-end=\"888\"><strong data-start=\"776\" data-end=\"788\">Zutaten:<\/strong> 100 % reines Ceylon-Zimtpulver <em>Cinnamomum verum<\/em>*. \u212e 150 g<br data-start=\"846\" data-end=\"849\" \/>*Aus kontrolliert biologischem Anbau.<\/p>\n<p data-start=\"890\" data-end=\"931\"><strong data-start=\"890\" data-end=\"916\">T\u00e4gliche Verzehrmenge:<\/strong> 1 TL (3\u20135 g)<\/p>\n<div class=\"_tableContainer_1rjym_1\">\n<div class=\"_tableWrapper_1rjym_13 group flex w-fit flex-col-reverse\" tabindex=\"-1\">\n<table class=\"w-fit min-w-(--thread-content-width)\" data-start=\"933\" data-end=\"1239\">\n<thead data-start=\"933\" data-end=\"983\">\n<tr data-start=\"933\" data-end=\"983\">\n<th data-start=\"933\" data-end=\"956\" data-col-size=\"md\">Menge pro Tagesdosis<\/th>\n<th data-start=\"956\" data-end=\"962\" data-col-size=\"sm\">3 g<\/th>\n<th data-start=\"962\" data-end=\"968\" data-col-size=\"sm\">5 g<\/th>\n<th data-start=\"968\" data-end=\"983\" data-col-size=\"sm\">pro 100 g<\/th>\n<\/tr>\n<\/thead>\n<tbody data-start=\"1035\" data-end=\"1239\">\n<tr data-start=\"1035\" data-end=\"1107\">\n<td data-start=\"1035\" data-end=\"1084\" data-col-size=\"md\">Pulver aus Ceylon-Zimtrinde (Cinnamomum verum)<\/td>\n<td data-col-size=\"sm\" data-start=\"1084\" data-end=\"1090\">3 g<\/td>\n<td data-col-size=\"sm\" data-start=\"1090\" data-end=\"1096\">5 g<\/td>\n<td data-col-size=\"sm\" data-start=\"1096\" data-end=\"1107\">100 g<\/td>\n<\/tr>\n<tr data-start=\"1108\" data-end=\"1174\">\n<td data-start=\"1108\" data-end=\"1140\" data-col-size=\"md\">Mangan** (nat\u00fcrlicher Gehalt)<\/td>\n<td data-col-size=\"sm\" data-start=\"1140\" data-end=\"1151\">~0,51 mg<\/td>\n<td data-col-size=\"sm\" data-start=\"1151\" data-end=\"1162\">~0,85 mg<\/td>\n<td data-col-size=\"sm\" data-start=\"1162\" data-end=\"1174\">~17 mg<\/td>\n<\/tr>\n<tr data-start=\"1175\" data-end=\"1239\">\n<td data-start=\"1175\" data-end=\"1204\" data-col-size=\"md\">Cumarin (niedriger Gehalt)<\/td>\n<td data-col-size=\"sm\" data-start=\"1204\" data-end=\"1216\">&lt; 0,12 mg<\/td>\n<td data-col-size=\"sm\" data-start=\"1216\" data-end=\"1227\">&lt; 0,2 mg<\/td>\n<td data-col-size=\"sm\" data-start=\"1227\" data-end=\"1239\">&lt; 4 mg<\/td>\n<\/tr>\n<\/tbody>\n<\/table>\n<\/div>\n<\/div>\n<p data-start=\"1241\" data-end=\"1453\"><strong data-start=\"1241\" data-end=\"1271\">N\u00e4hrwertangaben pro 100 g:<\/strong><br data-start=\"1271\" data-end=\"1274\" \/>Energie: 1033 kJ \/ 247 kcal<br data-start=\"1301\" data-end=\"1304\" \/>Fett: 1,20 g<br data-start=\"1316\" data-end=\"1319\" \/>\u2013 davon ges\u00e4ttigte Fetts\u00e4uren: 0,3 g<br data-start=\"1355\" data-end=\"1358\" \/>Kohlenhydrate: 81 g<br data-start=\"1377\" data-end=\"1380\" \/>\u2013 davon Zucker: 2,2 g<br data-start=\"1401\" data-end=\"1404\" \/>Ballaststoffe: 53 g<br data-start=\"1423\" data-end=\"1426\" \/>Eiwei\u00df: 4 g<br data-start=\"1437\" data-end=\"1440\" \/>Salz: 0,1 g<\/p>\n<p data-start=\"1455\" data-end=\"1589\"><strong data-start=\"1455\" data-end=\"1494\">Vitamine &amp; Mineralstoffe pro 100 g:<\/strong><br data-start=\"1494\" data-end=\"1497\" \/>Vitamin A: 295 IU<br data-start=\"1514\" data-end=\"1517\" \/>Vitamin C: 3,8 mg<br data-start=\"1534\" data-end=\"1537\" \/>Calcium: 1002 mg<br data-start=\"1553\" data-end=\"1556\" \/>Eisen: 8,32 mg<br data-start=\"1570\" data-end=\"1573\" \/>Kalium: 431 mg<\/p>\n<p data-start=\"1591\" data-end=\"1615\"><strong data-start=\"1591\" data-end=\"1613\">Anwendungsbereich:<\/strong><\/p>\n<p data-start=\"1617\" data-end=\"1734\">Bio-Ceylon-Zimtpulver von Bionia liefert eine Kombination aus Zimtaldehyd, Polyphenolen und Mangan und unterst\u00fctzt:<\/p>\n<ul data-start=\"1736\" data-end=\"1951\">\n<li data-start=\"1736\" data-end=\"1821\">\n<p data-start=\"1738\" data-end=\"1821\">Die optimale <strong>Regulierung des Blutzuckers<\/strong> (Unterst\u00fctzung des Glukosestoffwechsels)<\/p>\n<\/li>\n<li data-start=\"1822\" data-end=\"1867\">\n<p data-start=\"1824\" data-end=\"1867\"><strong>Herz-Kreislauf<\/strong>-Gesundheit und <strong>Lipidprofil<\/strong><\/p>\n<\/li>\n<li data-start=\"1868\" data-end=\"1905\">\n<p data-start=\"1870\" data-end=\"1905\"><strong>Antioxidative<\/strong> Aktivit\u00e4t im K\u00f6rper<\/p>\n<\/li>\n<li data-start=\"1906\" data-end=\"1951\">\n<p data-start=\"1908\" data-end=\"1951\"><strong>Stoffwechsel<\/strong> und allgemeines Wohlbefinden<\/p>\n<\/li>\n<\/ul>\n<p data-start=\"1953\" data-end=\"2121\"><strong data-start=\"1953\" data-end=\"1979\">Empfohlene Tagesdosis:<\/strong> 3\u20135 g pro Tag (1\u20132 Teel\u00f6ffel). Das Produkt wird oral mit Fl\u00fcssigkeit oder in Joghurt eingenommen. Kann zu jeder Tageszeit verwendet werden.<\/p>\n<p data-start=\"2123\" data-end=\"2495\"><strong data-start=\"2123\" data-end=\"2136\">Hinweise:<\/strong><br data-start=\"2136\" data-end=\"2139\" \/>Die empfohlene Tagesdosis nicht \u00fcberschreiten. Nicht als Ersatz f\u00fcr eine abwechslungsreiche Ern\u00e4hrung verwenden. Empfohlen als Nahrungserg\u00e4nzungsmittel. Kein Arzneimittel. K\u00fchl und trocken lagern, bei max. 30 \u00b0C und unter 50 % relativer Luftfeuchtigkeit, vor direkter Sonneneinstrahlung sch\u00fctzen. Au\u00dferhalb der Reichweite von kleinen Kindern aufbewahren.<\/p>\n<p data-start=\"2497\" data-end=\"2522\"><strong data-start=\"2497\" data-end=\"2510\">Herkunft:<\/strong> Sri Lanka<\/p>\n","protected":false},"excerpt":{"rendered":"<p data-start=\"39\" data-end=\"116\"><strong data-start=\"39\" data-end=\"114\">BIO CEYLON-ZIMT (Echter Zimt) Pulver, BIO CEYLON (True) CINNAMON powder<\/strong><\/p>\n<p data-start=\"118\" data-end=\"201\">GVO-frei. Glutenfrei. Allergenfrei. Ohne Zusatz- und Konservierungsstoffe. Vegan.<\/p>\n<p data-start=\"203\" data-end=\"328\">Das Bio-Ceylon-Zimtpulver von Bionia liefert eine Kombination aus <strong data-start=\"269\" data-end=\"309\">Zimtaldehyd, Polyphenolen und Mangan<\/strong> und unterst\u00fctzt:<\/p>\n<ul data-start=\"330\" data-end=\"545\">\n<li data-start=\"330\" data-end=\"415\">\n<p data-start=\"332\" data-end=\"415\">Die optimale <strong>Regulierung des Blutzuckers<\/strong> (Unterst\u00fctzung des Glukosestoffwechsels)<\/p>\n<\/li>\n<li data-start=\"416\" data-end=\"461\">\n<p data-start=\"418\" data-end=\"461\"><strong>Herz-Kreislauf-<\/strong>Gesundheit und <strong>Lipidprofil<\/strong><\/p>\n<\/li>\n<li data-start=\"462\" data-end=\"499\">\n<p data-start=\"464\" data-end=\"499\"><strong>Antioxidative<\/strong> Aktivit\u00e4t im K\u00f6rper<\/p>\n<\/li>\n<li data-start=\"500\" data-end=\"545\">\n<p data-start=\"502\" data-end=\"545\"><strong>Stoffwechsel<\/strong> und allgemeines Wohlbefinden<\/p>\n<\/li>\n<\/ul>\n<p data-start=\"547\" data-end=\"1044\">Die Hauptwirkstoffverbindung im Ceylon-Zimt (Cinnamomum verum) ist <strong data-start=\"614\" data-end=\"629\">Zimtaldehyd<\/strong>, der etwa 50\u201363 % des \u00e4therischen \u00d6ls ausmacht. Im Gegensatz zum gew\u00f6hnlichen Cassia-Zimt hat Ceylon-Zimt einen niedrigen Cumaringehalt und eignet sich f\u00fcr die langfristige Einnahme. Dieses Nahrungserg\u00e4nzungsmittel besteht aus 100 % gemahlener Ceylon-Zimtrinde \u2013 eine nat\u00fcrliche Quelle f\u00fcr Polyphenole und Mangan, die zu einem normalen Energiestoffwechsel beitragen und die Zellen vor oxidativem Stress sch\u00fctzen.<\/p>\n<p data-start=\"1046\" data-end=\"1242\"><strong data-start=\"1046\" data-end=\"1077\">Verzehr- und Lagerhinweise:<\/strong> Ideal kombinierbar mit Shakes, Rohkost-Desserts und Backwaren. Trocken und k\u00fchl lagern, bei Temperaturen bis max. 30 \u00b0C und unter 50 % relativer Luftfeuchtigkeit.<\/p>\n<p data-start=\"1244\" data-end=\"1269\"><strong data-start=\"1244\" data-end=\"1257\">Herkunft:<\/strong> Sri Lanka<\/p>\n","protected":false},"featured_media":39621,"comment_status":"closed","ping_status":"closed","template":"","meta":{"wds_primary_product_brand":0,"wds_primary_product_cat":0},"product_brand":[1376],"product_cat":[333,339],"product_tag":[591,692,649,1403],"class_list":{"0":"post-39589","1":"product","2":"type-product","3":"status-publish","4":"has-post-thumbnail","6":"product_brand-bionia","7":"product_cat-bionia-bio-products-de","8":"product_cat-bionia-premium-de","9":"product_tag-bionia-de","10":"product_tag-cardiovascular-health-de","11":"product_tag-immune-system-de","12":"product_tag-oxidative-stress-de","14":"first","15":"instock","16":"shipping-taxable","17":"purchasable","18":"product-type-simple"},"_links":{"self":[{"href":"https:\/\/bionia.bio\/de\/wp-json\/wp\/v2\/product\/39589","targetHints":{"allow":["GET"]}}],"collection":[{"href":"https:\/\/bionia.bio\/de\/wp-json\/wp\/v2\/product"}],"about":[{"href":"https:\/\/bionia.bio\/de\/wp-json\/wp\/v2\/types\/product"}],"replies":[{"embeddable":true,"href":"https:\/\/bionia.bio\/de\/wp-json\/wp\/v2\/comments?post=39589"}],"wp:featuredmedia":[{"embeddable":true,"href":"https:\/\/bionia.bio\/de\/wp-json\/wp\/v2\/media\/39621"}],"wp:attachment":[{"href":"https:\/\/bionia.bio\/de\/wp-json\/wp\/v2\/media?parent=39589"}],"wp:term":[{"taxonomy":"product_brand","embeddable":true,"href":"https:\/\/bionia.bio\/de\/wp-json\/wp\/v2\/product_brand?post=39589"},{"taxonomy":"product_cat","embeddable":true,"href":"https:\/\/bionia.bio\/de\/wp-json\/wp\/v2\/product_cat?post=39589"},{"taxonomy":"product_tag","embeddable":true,"href":"https:\/\/bionia.bio\/de\/wp-json\/wp\/v2\/product_tag?post=39589"}],"curies":[{"name":"wp","href":"https:\/\/api.w.org\/{rel}","templated":true}]}}