{"id":39582,"date":"2025-08-17T01:50:51","date_gmt":"2025-08-16T22:50:51","guid":{"rendered":"https:\/\/bionia.bio\/product\/organic-turmeric-powder-with-4-6-curcumin-%e2%84%ae-150-g\/"},"modified":"2025-08-17T01:54:33","modified_gmt":"2025-08-16T22:54:33","slug":"bio-kurkuma-pulver-mit-4-6-curcumin","status":"publish","type":"product","link":"https:\/\/bionia.bio\/de\/product\/bio-kurkuma-pulver-mit-4-6-curcumin\/","title":{"rendered":"BIO KURKUMA Pulver mit 4\u20136\u202f% Curcumin \u2013 \u212e 150 g"},"content":{"rendered":"<p data-start=\"94\" data-end=\"158\"><strong data-start=\"94\" data-end=\"156\">BIO KURKUMA Pulver mit 4\u20136\u202f% Curcumin, BIO TURMERIC Powder<\/strong><\/p>\n<p data-start=\"160\" data-end=\"182\"><em><strong data-start=\"160\" data-end=\"180\">Curcuma longa L.<\/strong><\/em><\/p>\n<p data-start=\"184\" data-end=\"267\">GVO-frei, glutenfrei, allergenfrei, ohne Zusatz- und Konservierungsstoffe, vegan.<\/p>\n<p data-start=\"269\" data-end=\"542\">Bio-Kurkuma (Curcuma longa) ist gemahlene Wurzel, die traditionell in der Ayurveda- und der \u00f6stlichen Medizin verwendet wird. Sie enth\u00e4lt Curcuminoide, wobei Curcumin die Hauptverbindung ist \u2013 gut erforscht f\u00fcr seine antioxidativen und entz\u00fcndungshemmenden Eigenschaften.<\/p>\n<p data-start=\"544\" data-end=\"654\"><strong data-start=\"544\" data-end=\"556\">Zutaten:<\/strong> 100\u202f% Kurkuma-Wurzelpulver* mit 4\u20136\u202f% Curcumin. \u212e 150\u202fg<br data-start=\"612\" data-end=\"615\" \/>*Aus kontrolliert biologischem Anbau.<\/p>\n<p data-start=\"656\" data-end=\"697\"><strong data-start=\"656\" data-end=\"682\">T\u00e4gliche Verzehrmenge:<\/strong> 1 TL (3\u20135\u202fg)<\/p>\n<div class=\"_tableContainer_1rjym_1\">\n<div class=\"_tableWrapper_1rjym_13 group flex w-fit flex-col-reverse\" tabindex=\"-1\">\n<table class=\"w-fit min-w-(--thread-content-width)\" data-start=\"699\" data-end=\"987\">\n<thead data-start=\"699\" data-end=\"753\">\n<tr data-start=\"699\" data-end=\"753\">\n<th data-start=\"699\" data-end=\"722\" data-col-size=\"sm\">Menge pro Tagesdosis<\/th>\n<th data-start=\"722\" data-end=\"728\" data-col-size=\"sm\">3\u202fg<\/th>\n<th data-start=\"728\" data-end=\"734\" data-col-size=\"sm\">5\u202fg<\/th>\n<th data-start=\"734\" data-end=\"753\" data-col-size=\"sm\">Menge pro 100\u202fg<\/th>\n<\/tr>\n<\/thead>\n<tbody data-start=\"807\" data-end=\"987\">\n<tr data-start=\"807\" data-end=\"864\">\n<td data-start=\"807\" data-end=\"843\" data-col-size=\"sm\">Kurkuma-Pulver (Curcuma longa L.)<\/td>\n<td data-col-size=\"sm\" data-start=\"843\" data-end=\"849\">3\u202fg<\/td>\n<td data-col-size=\"sm\" data-start=\"849\" data-end=\"855\">5\u202fg<\/td>\n<td data-col-size=\"sm\" data-start=\"855\" data-end=\"864\">100\u202fg<\/td>\n<\/tr>\n<tr data-start=\"865\" data-end=\"922\">\n<td data-start=\"865\" data-end=\"897\" data-col-size=\"sm\">Curcumin (nat\u00fcrlicher Gehalt)<\/td>\n<td data-col-size=\"sm\" data-start=\"897\" data-end=\"906\">150\u202fmg<\/td>\n<td data-col-size=\"sm\" data-start=\"906\" data-end=\"915\">250\u202fmg<\/td>\n<td data-col-size=\"sm\" data-start=\"915\" data-end=\"922\">5\u202fg<\/td>\n<\/tr>\n<tr data-start=\"923\" data-end=\"987\">\n<td data-start=\"923\" data-end=\"955\" data-col-size=\"sm\">Mangan** (nat\u00fcrlicher Gehalt)<\/td>\n<td data-col-size=\"sm\" data-start=\"955\" data-end=\"966\">~0,57\u202fmg<\/td>\n<td data-col-size=\"sm\" data-start=\"966\" data-end=\"977\">~0,95\u202fmg<\/td>\n<td data-col-size=\"sm\" data-start=\"977\" data-end=\"987\">~19\u202fmg<\/td>\n<\/tr>\n<\/tbody>\n<\/table>\n<\/div>\n<\/div>\n<p data-start=\"989\" data-end=\"1205\"><strong data-start=\"989\" data-end=\"1019\">N\u00e4hrwertangaben pro 100\u202fg:<\/strong><br data-start=\"1019\" data-end=\"1022\" \/>Energie: 1445\u202fkJ \/ 341\u202fkcal<br data-start=\"1049\" data-end=\"1052\" \/>Fett: 1,7\u202fg<br data-start=\"1063\" data-end=\"1066\" \/>\u2013 davon ges\u00e4ttigte Fetts\u00e4uren: 1,3\u202fg<br data-start=\"1102\" data-end=\"1105\" \/>Kohlenhydrate: 76\u202fg<br data-start=\"1124\" data-end=\"1127\" \/>\u2013 davon Zucker: 3,2\u202fg<br data-start=\"1148\" data-end=\"1151\" \/>Ballaststoffe: 12,5\u202fg<br data-start=\"1172\" data-end=\"1175\" \/>Eiwei\u00df: 5,3\u202fg<br data-start=\"1188\" data-end=\"1191\" \/>Salz: 0,01\u202fg<\/p>\n<p data-start=\"1207\" data-end=\"1231\"><strong data-start=\"1207\" data-end=\"1229\">Anwendungsbereich:<\/strong><\/p>\n<p data-start=\"1233\" data-end=\"1350\">Bio-Kurkuma-Pulver von Bionia liefert eine Kombination aus 4\u20136\u202f% Curcumin, Polyphenolen und Mangan und unterst\u00fctzt:<\/p>\n<ul data-start=\"1352\" data-end=\"1465\">\n<li data-start=\"1352\" data-end=\"1381\">\n<p data-start=\"1354\" data-end=\"1381\">Die normale Leberfunktion<\/p>\n<\/li>\n<li data-start=\"1382\" data-end=\"1424\">\n<p data-start=\"1384\" data-end=\"1424\">Die Aufrechterhaltung des Immunsystems<\/p>\n<\/li>\n<li data-start=\"1425\" data-end=\"1465\">\n<p data-start=\"1427\" data-end=\"1465\">Den Zellschutz vor oxidativem Stress<\/p>\n<\/li>\n<\/ul>\n<p data-start=\"1467\" data-end=\"1729\"><strong data-start=\"1467\" data-end=\"1493\">Empfohlene Tagesdosis:<\/strong> 3\u20135\u202fg pro Tag (1\u20132 Teel\u00f6ffel). Das Produkt wird oral mit Fl\u00fcssigkeit oder Nahrung eingenommen. Es wird empfohlen, Kurkuma mit schwarzem Pfeffer zu kombinieren, um die Wirkung zu verst\u00e4rken. Kann zu jeder Tageszeit eingenommen werden.<\/p>\n<p data-start=\"1731\" data-end=\"1828\"><strong data-start=\"1731\" data-end=\"1754\">Gebrauchsanweisung:<\/strong> Das Produkt oral einnehmen. Kann zu jeder Tageszeit eingenommen werden.<\/p>\n<p data-start=\"1830\" data-end=\"2144\"><strong data-start=\"1830\" data-end=\"1843\">Hinweise:<\/strong> Die empfohlene Tagesdosis nicht \u00fcberschreiten. Nicht als Ersatz f\u00fcr eine abwechslungsreiche Ern\u00e4hrung verwenden. Empfohlen als Nahrungserg\u00e4nzung zum t\u00e4glichen Speiseplan. Kein Arzneimittel. K\u00fchl und trocken lagern, bei maximal 25\u202f\u00b0C, ohne direkte Sonneneinstrahlung, f\u00fcr kleine Kinder unzug\u00e4nglich.<\/p>\n<p data-start=\"2146\" data-end=\"2168\"><strong data-start=\"2146\" data-end=\"2159\">Herkunft:<\/strong> Indien<\/p>\n","protected":false},"excerpt":{"rendered":"<p data-start=\"32\" data-end=\"96\"><strong data-start=\"32\" data-end=\"94\">BIO KURKUMA Pulver mit 4\u20136\u202f% Curcumin, BIO TURMERIC Powder<\/strong><\/p>\n<p data-start=\"98\" data-end=\"120\"><em><strong data-start=\"98\" data-end=\"118\">Curcuma longa L.<\/strong><\/em><\/p>\n<p data-start=\"122\" data-end=\"205\">GVO-frei, glutenfrei, allergenfrei, ohne Zusatz- und Konservierungsstoffe, vegan.<\/p>\n<p data-start=\"207\" data-end=\"328\">Das Bio-Kurkuma-Pulver von Bionia liefert eine Kombination aus 4\u20136\u202f% Curcumin, Polyphenolen und Mangan und unterst\u00fctzt:<\/p>\n<ul data-start=\"330\" data-end=\"443\">\n<li data-start=\"330\" data-end=\"359\">\n<p data-start=\"332\" data-end=\"359\">Die normale Leberfunktion<\/p>\n<\/li>\n<li data-start=\"360\" data-end=\"402\">\n<p data-start=\"362\" data-end=\"402\">Die Aufrechterhaltung des Immunsystems<\/p>\n<\/li>\n<li data-start=\"403\" data-end=\"443\">\n<p data-start=\"405\" data-end=\"443\">Den Zellschutz vor oxidativem Stress<\/p>\n<\/li>\n<\/ul>\n<p data-start=\"445\" data-end=\"718\">Bio-Kurkuma (Curcuma longa) ist gemahlene Wurzel, die traditionell in der Ayurveda- und der \u00f6stlichen Medizin verwendet wird. Sie enth\u00e4lt Curcuminoide, wobei Curcumin die Hauptverbindung ist \u2013 gut erforscht f\u00fcr seine antioxidativen und entz\u00fcndungshemmenden Eigenschaften.<\/p>\n<p data-start=\"720\" data-end=\"816\"><strong data-start=\"720\" data-end=\"735\">Verwendung:<\/strong><br data-start=\"735\" data-end=\"738\" \/>Kann in Shakes, rohen Desserts, Backwaren und Hauptspeisen verwendet werden.<\/p>\n<p data-start=\"818\" data-end=\"840\"><strong data-start=\"818\" data-end=\"831\">Herkunft:<\/strong> Indien<\/p>\n","protected":false},"featured_media":39624,"comment_status":"closed","ping_status":"closed","template":"","meta":{"wds_primary_product_brand":0,"wds_primary_product_cat":0},"product_brand":[1376],"product_cat":[333,339],"product_tag":[1400,591,649,1401,1402,1403],"class_list":{"0":"post-39582","1":"product","2":"type-product","3":"status-publish","4":"has-post-thumbnail","6":"product_brand-bionia","7":"product_cat-bionia-bio-products-de","8":"product_cat-bionia-premium-de","9":"product_tag-4-6-curcumin-de","10":"product_tag-bionia-de","11":"product_tag-immune-system-de","12":"product_tag-liver-function-de","13":"product_tag-organic-turmeric-powder-de","14":"product_tag-oxidative-stress-de","16":"first","17":"instock","18":"shipping-taxable","19":"purchasable","20":"product-type-simple"},"_links":{"self":[{"href":"https:\/\/bionia.bio\/de\/wp-json\/wp\/v2\/product\/39582","targetHints":{"allow":["GET"]}}],"collection":[{"href":"https:\/\/bionia.bio\/de\/wp-json\/wp\/v2\/product"}],"about":[{"href":"https:\/\/bionia.bio\/de\/wp-json\/wp\/v2\/types\/product"}],"replies":[{"embeddable":true,"href":"https:\/\/bionia.bio\/de\/wp-json\/wp\/v2\/comments?post=39582"}],"wp:featuredmedia":[{"embeddable":true,"href":"https:\/\/bionia.bio\/de\/wp-json\/wp\/v2\/media\/39624"}],"wp:attachment":[{"href":"https:\/\/bionia.bio\/de\/wp-json\/wp\/v2\/media?parent=39582"}],"wp:term":[{"taxonomy":"product_brand","embeddable":true,"href":"https:\/\/bionia.bio\/de\/wp-json\/wp\/v2\/product_brand?post=39582"},{"taxonomy":"product_cat","embeddable":true,"href":"https:\/\/bionia.bio\/de\/wp-json\/wp\/v2\/product_cat?post=39582"},{"taxonomy":"product_tag","embeddable":true,"href":"https:\/\/bionia.bio\/de\/wp-json\/wp\/v2\/product_tag?post=39582"}],"curies":[{"name":"wp","href":"https:\/\/api.w.org\/{rel}","templated":true}]}}