{"id":39567,"date":"2025-08-17T01:29:36","date_gmt":"2025-08-16T22:29:36","guid":{"rendered":"https:\/\/bionia.bio\/product\/electrolytes-for-hydration-energy-%e2%84%ae-150-g-2\/"},"modified":"2025-08-17T01:34:05","modified_gmt":"2025-08-16T22:34:05","slug":"elektrolyte-fuer-hydration-und-energie-%e2%84%ae-150-g","status":"publish","type":"product","link":"https:\/\/bionia.bio\/de\/product\/elektrolyte-fuer-hydration-und-energie-%e2%84%ae-150-g\/","title":{"rendered":"Elektrolyte f\u00fcr Hydration und Energie \u2013 \u212e 150 g"},"content":{"rendered":"<p data-start=\"32\" data-end=\"112\"><strong data-start=\"32\" data-end=\"110\">Bionia\u00ae Elektrolyte \u2013 isotonisches Pulvergetr\u00e4nk f\u00fcr Hydration und Energie<\/strong><\/p>\n<p data-start=\"114\" data-end=\"177\"><strong data-start=\"114\" data-end=\"175\">Bionia\u00ae Isotonic Electrolyte Powder, Hydrate and Energize<\/strong><\/p>\n<p data-start=\"179\" data-end=\"203\"><strong data-start=\"179\" data-end=\"193\">Geschmack:<\/strong> Limette<\/p>\n<p data-start=\"205\" data-end=\"295\">GVO-frei, glutenfrei, ohne Konservierungsstoffe, ohne Farbstoffe, ohne k\u00fcnstliche Aromen<\/p>\n<p data-start=\"297\" data-end=\"327\"><strong data-start=\"297\" data-end=\"325\">Nahrungserg\u00e4nzungsmittel<\/strong><\/p>\n<p data-start=\"329\" data-end=\"418\"><strong data-start=\"329\" data-end=\"345\">Unterst\u00fctzt:<\/strong> Hydration, Energie, Elektrolyt-Balance, Muskelfunktion, Nierenfunktion<\/p>\n<p data-start=\"420\" data-end=\"434\"><strong data-start=\"420\" data-end=\"432\">Zutaten:<\/strong><\/p>\n<p data-start=\"436\" data-end=\"536\">Mineralische Elektrolyte: Natrium, Kalium, Chlor, Magnesium, Stevia.<br data-start=\"504\" data-end=\"507\" \/><strong data-start=\"507\" data-end=\"526\">Nettof\u00fcllmenge:<\/strong> 150 g \u212e<\/p>\n<p data-start=\"538\" data-end=\"574\"><strong data-start=\"538\" data-end=\"553\">Tagesdosis:<\/strong> 1 Messl\u00f6ffel (5 g)<\/p>\n<div class=\"_tableContainer_1rjym_1\">\n<div class=\"_tableWrapper_1rjym_13 group flex w-fit flex-col-reverse\" tabindex=\"-1\">\n<table class=\"w-fit min-w-(--thread-content-width)\" data-start=\"576\" data-end=\"860\">\n<thead data-start=\"576\" data-end=\"624\">\n<tr data-start=\"576\" data-end=\"624\">\n<th data-start=\"576\" data-end=\"603\" data-col-size=\"sm\">Menge pro Tagesdosis 5 g<\/th>\n<th data-start=\"603\" data-end=\"624\" data-col-size=\"sm\">Menge pro 100 g<\/th>\n<\/tr>\n<\/thead>\n<tbody data-start=\"673\" data-end=\"860\">\n<tr data-start=\"673\" data-end=\"708\">\n<td data-start=\"673\" data-end=\"690\" data-col-size=\"sm\">Natriumchlorid<\/td>\n<td data-col-size=\"sm\" data-start=\"690\" data-end=\"698\">0,5 g<\/td>\n<\/tr>\n<tr data-start=\"709\" data-end=\"743\">\n<td data-start=\"709\" data-end=\"725\" data-col-size=\"sm\">Natriumcitrat<\/td>\n<td data-col-size=\"sm\" data-start=\"725\" data-end=\"733\">0,6 g<\/td>\n<\/tr>\n<tr data-start=\"744\" data-end=\"781\">\n<td data-start=\"744\" data-end=\"764\" data-col-size=\"sm\">Dinatriumphosphat<\/td>\n<td data-col-size=\"sm\" data-start=\"764\" data-end=\"772\">0,4 g<\/td>\n<\/tr>\n<tr data-start=\"782\" data-end=\"817\">\n<td data-start=\"782\" data-end=\"800\" data-col-size=\"sm\">Meeresmagnesium<\/td>\n<td data-col-size=\"sm\" data-start=\"800\" data-end=\"808\">0,1 g<\/td>\n<\/tr>\n<tr data-start=\"818\" data-end=\"860\">\n<td data-start=\"818\" data-end=\"841\" data-col-size=\"sm\">Stevia inkl. Glukose<\/td>\n<td data-col-size=\"sm\" data-start=\"841\" data-end=\"850\">2,95 g<\/td>\n<\/tr>\n<\/tbody>\n<\/table>\n<\/div>\n<\/div>\n<p data-start=\"862\" data-end=\"1004\"><strong data-start=\"862\" data-end=\"879\">Beschreibung:<\/strong><br data-start=\"879\" data-end=\"882\" \/>Kombination von Elektrolyten \u2013 isotonisches Pulvergetr\u00e4nk f\u00fcr Hydration und Energie mit erfrischendem Limettengeschmack!<\/p>\n<p data-start=\"1006\" data-end=\"1124\"><strong data-start=\"1006\" data-end=\"1020\">Anwendung:<\/strong><br data-start=\"1020\" data-end=\"1023\" \/>Das isotonische Pulvergetr\u00e4nk von Bionia liefert eine Kombination aus Elektrolyten und unterst\u00fctzt:<\/p>\n<ul data-start=\"1126\" data-end=\"1441\">\n<li data-start=\"1126\" data-end=\"1241\">\n<p data-start=\"1128\" data-end=\"1241\">Optimale Hydration und Fl\u00fcssigkeitsauff\u00fcllung bei intensiver k\u00f6rperlicher Aktivit\u00e4t oder Magen-Darm-Beschwerden<\/p>\n<\/li>\n<li data-start=\"1242\" data-end=\"1268\">\n<p data-start=\"1244\" data-end=\"1268\">Den Elektrolythaushalt<\/p>\n<\/li>\n<li data-start=\"1269\" data-end=\"1295\">\n<p data-start=\"1271\" data-end=\"1295\">Normale Muskelfunktion<\/p>\n<\/li>\n<li data-start=\"1296\" data-end=\"1329\">\n<p data-start=\"1298\" data-end=\"1329\">Durchblutung und Herzfunktion<\/p>\n<\/li>\n<li data-start=\"1330\" data-end=\"1348\">\n<p data-start=\"1332\" data-end=\"1348\">Nierenfunktion<\/p>\n<\/li>\n<li data-start=\"1349\" data-end=\"1384\">\n<p data-start=\"1351\" data-end=\"1384\">Nervensystem und Gehirnleistung<\/p>\n<\/li>\n<li data-start=\"1385\" data-end=\"1441\">\n<p data-start=\"1387\" data-end=\"1441\">Liefert Energie und reduziert M\u00fcdigkeit und Schw\u00e4che<\/p>\n<\/li>\n<\/ul>\n<p data-start=\"1443\" data-end=\"1492\"><strong data-start=\"1443\" data-end=\"1469\">Empfohlene Tagesdosis:<\/strong> 1 Messl\u00f6ffel pro Tag<\/p>\n<p data-start=\"1494\" data-end=\"1664\"><strong data-start=\"1494\" data-end=\"1517\">Gebrauchsanweisung:<\/strong><br data-start=\"1517\" data-end=\"1520\" \/>Das Produkt l\u00f6st sich leicht in Wasser (\u2248 180 ml) auf und wird oral eingenommen. Kann jederzeit am Tag verwendet werden. Einfach zuzubereiten.<\/p>\n<p data-start=\"1666\" data-end=\"1995\"><strong data-start=\"1666\" data-end=\"1683\">Warnhinweise:<\/strong><br data-start=\"1683\" data-end=\"1686\" \/>\u00dcberschreiten Sie nicht die empfohlene Tagesdosis! Nicht als Ersatz f\u00fcr eine ausgewogene Ern\u00e4hrung verwenden. Empfohlen als Nahrungserg\u00e4nzungsmittel. Das Produkt ist kein Arzneimittel. K\u00fchl und trocken lagern (bis 25\u202f\u00b0C), vor direkter Sonneneinstrahlung sch\u00fctzen, f\u00fcr kleine Kinder unzug\u00e4nglich aufbewahren.<\/p>\n<p data-start=\"1997\" data-end=\"2170\"><strong data-start=\"1997\" data-end=\"2012\">Zielgruppe:<\/strong><br data-start=\"2012\" data-end=\"2015\" \/>F\u00fcr Sportler, Langstreckenl\u00e4ufer, Personen mit hoher k\u00f6rperlicher Aktivit\u00e4t, bei Dehydration, bei hohen Sommertemperaturen, f\u00fcr Veganer, Vegetarier u.\u202fa.<\/p>\n","protected":false},"excerpt":{"rendered":"<p data-start=\"32\" data-end=\"112\"><strong data-start=\"32\" data-end=\"110\">Bionia\u00ae Elektrolyte \u2013 isotonisches Pulvergetr\u00e4nk f\u00fcr Hydration und Energie<\/strong><\/p>\n<p data-start=\"114\" data-end=\"177\"><strong data-start=\"114\" data-end=\"175\">Bionia\u00ae Isotonic Electrolyte Powder, Hydrate and Energize<\/strong><\/p>\n<p data-start=\"179\" data-end=\"280\">Das isotonische Pulvergetr\u00e4nk von Bionia liefert eine Kombination aus Elektrolyten und unterst\u00fctzt:<\/p>\n<ul data-start=\"282\" data-end=\"612\">\n<li data-start=\"282\" data-end=\"397\">\n<p data-start=\"284\" data-end=\"397\">Optimale Hydration und Fl\u00fcssigkeitsauff\u00fcllung bei intensiver k\u00f6rperlicher Aktivit\u00e4t oder Magen-Darm-Beschwerden<\/p>\n<\/li>\n<li data-start=\"398\" data-end=\"424\">\n<p data-start=\"400\" data-end=\"424\">Den Elektrolythaushalt<\/p>\n<\/li>\n<li data-start=\"425\" data-end=\"451\">\n<p data-start=\"427\" data-end=\"451\">Normale Muskelfunktion<\/p>\n<\/li>\n<li data-start=\"452\" data-end=\"485\">\n<p data-start=\"454\" data-end=\"485\">Durchblutung und Herzfunktion<\/p>\n<\/li>\n<li data-start=\"486\" data-end=\"504\">\n<p data-start=\"488\" data-end=\"504\">Nierenfunktion<\/p>\n<\/li>\n<li data-start=\"505\" data-end=\"540\">\n<p data-start=\"507\" data-end=\"540\">Nervensystem und Gehirnleistung<\/p>\n<\/li>\n<li data-start=\"541\" data-end=\"612\">\n<p data-start=\"543\" data-end=\"612\">Liefert Energie und reduziert das Gef\u00fchl von M\u00fcdigkeit und Schw\u00e4che<\/p>\n<\/li>\n<\/ul>\n<p data-start=\"614\" data-end=\"643\"><strong data-start=\"614\" data-end=\"633\">Nettof\u00fcllmenge:<\/strong> 150 g \u212e<\/p>\n","protected":false},"featured_media":39627,"comment_status":"closed","ping_status":"closed","template":"","meta":{"wds_primary_product_brand":0,"wds_primary_product_cat":0},"product_brand":[1376],"product_cat":[339],"product_tag":[1380,1377,1378,1379],"class_list":{"0":"post-39567","1":"product","2":"type-product","3":"status-publish","4":"has-post-thumbnail","6":"product_brand-bionia","7":"product_cat-bionia-premium-de","8":"product_tag-electrolytes","9":"product_tag-electrolytes-isotonic-drink-powder-for-hydration-energy","10":"product_tag-hydration-energy","11":"product_tag-isotonic-drink-powder","13":"first","14":"instock","15":"shipping-taxable","16":"purchasable","17":"product-type-simple"},"_links":{"self":[{"href":"https:\/\/bionia.bio\/de\/wp-json\/wp\/v2\/product\/39567","targetHints":{"allow":["GET"]}}],"collection":[{"href":"https:\/\/bionia.bio\/de\/wp-json\/wp\/v2\/product"}],"about":[{"href":"https:\/\/bionia.bio\/de\/wp-json\/wp\/v2\/types\/product"}],"replies":[{"embeddable":true,"href":"https:\/\/bionia.bio\/de\/wp-json\/wp\/v2\/comments?post=39567"}],"wp:featuredmedia":[{"embeddable":true,"href":"https:\/\/bionia.bio\/de\/wp-json\/wp\/v2\/media\/39627"}],"wp:attachment":[{"href":"https:\/\/bionia.bio\/de\/wp-json\/wp\/v2\/media?parent=39567"}],"wp:term":[{"taxonomy":"product_brand","embeddable":true,"href":"https:\/\/bionia.bio\/de\/wp-json\/wp\/v2\/product_brand?post=39567"},{"taxonomy":"product_cat","embeddable":true,"href":"https:\/\/bionia.bio\/de\/wp-json\/wp\/v2\/product_cat?post=39567"},{"taxonomy":"product_tag","embeddable":true,"href":"https:\/\/bionia.bio\/de\/wp-json\/wp\/v2\/product_tag?post=39567"}],"curies":[{"name":"wp","href":"https:\/\/api.w.org\/{rel}","templated":true}]}}