{"id":39525,"date":"2025-08-17T00:47:52","date_gmt":"2025-08-16T21:47:52","guid":{"rendered":"https:\/\/bionia.bio\/?post_type=product&#038;p=39525"},"modified":"2025-08-17T01:13:31","modified_gmt":"2025-08-16T22:13:31","slug":"bio-buchweizen-glutenfrei","status":"publish","type":"product","link":"https:\/\/bionia.bio\/de\/product\/bio-buchweizen-glutenfrei\/","title":{"rendered":"BIO BUCHWEIZEN GLUTENFREI"},"content":{"rendered":"<p data-start=\"32\" data-end=\"96\"><strong data-start=\"32\" data-end=\"94\">BIO BUCHWEIZEN GLUTENFREI, ORGANIC BUCKWHEAT \u2013 GLUTEN FREE<\/strong><\/p>\n<ul>\n<li data-start=\"98\" data-end=\"188\">Energie<\/li>\n<li data-start=\"98\" data-end=\"188\">Nur 2 % Fett<\/li>\n<\/ul>\n<p>Vegan. GLUTENFREI. GVO-frei. Ohne ionisierende Bestrahlung.<\/p>\n<p data-start=\"190\" data-end=\"217\"><strong data-start=\"190\" data-end=\"202\">Zutaten:<\/strong> Buchweizen*.<\/p>\n<p data-start=\"219\" data-end=\"391\">*Aus biologischem Anbau. F\u00fcr Allergene siehe hervorgehobene Zutaten. Kann Spuren von Schalen enthalten. K\u00fchl und trocken lagern, vor direkter Sonneneinstrahlung sch\u00fctzen.<\/p>\n<p data-start=\"393\" data-end=\"614\"><strong data-start=\"393\" data-end=\"424\">N\u00e4hrwertangaben \/ N\u00e4hrwerte<\/strong><br data-start=\"424\" data-end=\"427\" \/>Pro 100 g<br data-start=\"436\" data-end=\"439\" \/>Energie: 1513 kJ \/ 357 kcal<br data-start=\"466\" data-end=\"469\" \/>Fett: 2 g<br data-start=\"478\" data-end=\"481\" \/>\u2013 davon ges\u00e4ttigte Fetts\u00e4uren: 0,4 g<br data-start=\"517\" data-end=\"520\" \/>Kohlenhydrate: 74 g<br data-start=\"539\" data-end=\"542\" \/>\u2013 davon Zucker: 2,1 g<br data-start=\"563\" data-end=\"566\" \/>Ballaststoffe: 5,6 g<br data-start=\"586\" data-end=\"589\" \/>Eiwei\u00df: 8 g<br data-start=\"600\" data-end=\"603\" \/>Salz: 0 g<\/p>\n<p data-start=\"616\" data-end=\"815\"><strong data-start=\"616\" data-end=\"643\">Zubereitungsempfehlung:<\/strong> Ideal zur Zubereitung von Fr\u00fchst\u00fccksgerichten, Salaten und Hauptspeisen als glutenfreie Alternative. Passt gut zu anderen Getreiden, H\u00fclsenfr\u00fcchten, Gem\u00fcse, N\u00fcssen u. a.<\/p>\n<p data-start=\"817\" data-end=\"843\"><strong data-start=\"817\" data-end=\"830\">Herkunft:<\/strong> Polen (EU)<\/p>\n","protected":false},"excerpt":{"rendered":"<p data-start=\"32\" data-end=\"96\"><strong data-start=\"32\" data-end=\"94\">BIO BUCHWEIZEN GLUTENFREI, ORGANIC BUCKWHEAT \u2013 GLUTEN FREE<\/strong><\/p>\n<ul>\n<li data-start=\"98\" data-end=\"188\">Energie<\/li>\n<li data-start=\"98\" data-end=\"188\">Nur 2 % Fett<\/li>\n<\/ul>\n<p>Vegan. GLUTENFREI. GVO-frei. Ohne ionisierende Bestrahlung.<\/p>\n<p><strong data-start=\"817\" data-end=\"830\">Herkunft:<\/strong> Polen (EU)<\/p>\n","protected":false},"featured_media":39630,"comment_status":"closed","ping_status":"closed","template":"","meta":{"wds_primary_product_brand":0,"wds_primary_product_cat":0},"product_brand":[],"product_cat":[333,339],"product_tag":[1372,1371,591,1373],"class_list":{"0":"post-39525","1":"product","2":"type-product","3":"status-publish","4":"has-post-thumbnail","6":"product_cat-bionia-bio-products-de","7":"product_cat-bionia-premium-de","8":"product_tag-bio-buchweizen","9":"product_tag-bio-buchweizen-glutenfrei","10":"product_tag-bionia-de","11":"product_tag-fruehstueck-glutenfrei","12":"pa_product-size-1-kg-de","13":"pa_product-size-3-kg-de","14":"pa_product-size-5-kg-de","15":"pa_product-size-900-g-de","17":"first","18":"instock","19":"shipping-taxable","20":"purchasable","21":"product-type-variable"},"_links":{"self":[{"href":"https:\/\/bionia.bio\/de\/wp-json\/wp\/v2\/product\/39525","targetHints":{"allow":["GET"]}}],"collection":[{"href":"https:\/\/bionia.bio\/de\/wp-json\/wp\/v2\/product"}],"about":[{"href":"https:\/\/bionia.bio\/de\/wp-json\/wp\/v2\/types\/product"}],"replies":[{"embeddable":true,"href":"https:\/\/bionia.bio\/de\/wp-json\/wp\/v2\/comments?post=39525"}],"wp:featuredmedia":[{"embeddable":true,"href":"https:\/\/bionia.bio\/de\/wp-json\/wp\/v2\/media\/39630"}],"wp:attachment":[{"href":"https:\/\/bionia.bio\/de\/wp-json\/wp\/v2\/media?parent=39525"}],"wp:term":[{"taxonomy":"product_brand","embeddable":true,"href":"https:\/\/bionia.bio\/de\/wp-json\/wp\/v2\/product_brand?post=39525"},{"taxonomy":"product_cat","embeddable":true,"href":"https:\/\/bionia.bio\/de\/wp-json\/wp\/v2\/product_cat?post=39525"},{"taxonomy":"product_tag","embeddable":true,"href":"https:\/\/bionia.bio\/de\/wp-json\/wp\/v2\/product_tag?post=39525"}],"curies":[{"name":"wp","href":"https:\/\/api.w.org\/{rel}","templated":true}]}}