{"id":39440,"date":"2025-08-14T02:17:45","date_gmt":"2025-08-13T23:17:45","guid":{"rendered":"https:\/\/bionia.bio\/?post_type=product&#038;p=39440"},"modified":"2025-08-18T01:41:18","modified_gmt":"2025-08-17T22:41:18","slug":"bio-flakes-glutenfrei-mix","status":"publish","type":"product","link":"https:\/\/bionia.bio\/de\/product\/bio-flakes-glutenfrei-mix\/","title":{"rendered":"BIO FLOCKEN GLUTENFREI Mix"},"content":{"rendered":"<p data-start=\"32\" data-end=\"107\"><strong data-start=\"32\" data-end=\"62\">BIO FLOCKEN GLUTENFREI Mix:<\/strong> Hafer glutenfrei, Naturreis, Hirse, Quinoa<\/p>\n<p data-start=\"109\" data-end=\"177\"><strong data-start=\"109\" data-end=\"148\">ORGANIC FLAKES Blend \u2013 GLUTEN FREE:<\/strong> Hafer, Reis, Hirse, Quinoa<\/p>\n<ul>\n<li data-start=\"179\" data-end=\"222\"><strong data-start=\"179\" data-end=\"190\">Energie<\/strong><\/li>\n<li data-start=\"179\" data-end=\"222\"><strong data-start=\"193\" data-end=\"210\">Ballaststoffe<\/strong><\/li>\n<\/ul>\n<p data-start=\"224\" data-end=\"281\">Vegan. GLUTENFREI. GVO-frei. Ohne Konservierungsstoffe.<\/p>\n<p data-start=\"283\" data-end=\"381\"><strong data-start=\"283\" data-end=\"295\">Zutaten:<\/strong> Feine Haferflocken* \u2013 glutenfrei, Hirseflocken*, Quinoaflocken*, Naturreisflocken*.<\/p>\n<p data-start=\"383\" data-end=\"555\">*Aus biologischem Anbau. F\u00fcr Allergene siehe hervorgehobene Zutaten. Kann Spuren von Schalen enthalten. K\u00fchl und trocken lagern, vor direkter Sonneneinstrahlung sch\u00fctzen.<\/p>\n<p data-start=\"557\" data-end=\"888\"><strong data-start=\"557\" data-end=\"588\">N\u00e4hrwerte<\/strong><br data-start=\"588\" data-end=\"591\" \/>Pro \/ per 100 g<br data-start=\"606\" data-end=\"609\" \/>Energie \/ Energy: 1470 kJ \/ 350 kcal<br data-start=\"645\" data-end=\"648\" \/>Fett \/ Fat: 4,9 g<br data-start=\"665\" data-end=\"668\" \/>\u2013 davon ges\u00e4ttigte Fetts\u00e4uren \/ of which saturated: 1 g<br data-start=\"723\" data-end=\"726\" \/>Kohlenhydrate \/ Carbohydrates: 62,3 g<br data-start=\"763\" data-end=\"766\" \/>\u2013 davon Zucker \/ of which sugars: 1,2 g<br data-start=\"805\" data-end=\"808\" \/>Ballaststoffe \/ Dietary fiber: 6 g<br data-start=\"842\" data-end=\"845\" \/>Eiwei\u00df \/ Protein: 11 g<br data-start=\"867\" data-end=\"870\" \/>Salz \/ Salt: 0 g<\/p>\n<p data-start=\"890\" data-end=\"1091\"><strong data-start=\"890\" data-end=\"917\">Zubereitungsempfehlung:<\/strong> Ideal f\u00fcr ein Fr\u00fchst\u00fcck mit Obst, selbstgemachtes M\u00fcsli, gesunde Riegel; kann auch zu Backwaren, Suppen u.\u202fv.\u202fm. hinzugef\u00fcgt werden. Passt gut zu N\u00fcssen, Obst, Gem\u00fcse etc.<\/p>\n<p data-start=\"1093\" data-end=\"1158\"><strong data-start=\"1093\" data-end=\"1106\">Herkunft:<\/strong> Rohstoffe au\u00dferhalb der EU, hergestellt in der EU<\/p>\n","protected":false},"excerpt":{"rendered":"<p data-start=\"32\" data-end=\"107\"><strong data-start=\"32\" data-end=\"62\">BIO FLOCKEN GLUTENFREI Mix:<\/strong> Hafer glutenfrei, Naturreis, Hirse, Quinoa<\/p>\n<p data-start=\"109\" data-end=\"177\"><strong data-start=\"109\" data-end=\"148\">ORGANIC FLAKES Blend \u2013 GLUTEN FREE:<\/strong> Hafer, Reis, Hirse, Quinoa<\/p>\n<ul>\n<li data-start=\"179\" data-end=\"222\"><strong data-start=\"179\" data-end=\"190\">Energie<\/strong><\/li>\n<li data-start=\"179\" data-end=\"222\"><strong data-start=\"193\" data-end=\"210\">Ballaststoffe<\/strong><\/li>\n<\/ul>\n<p data-start=\"224\" data-end=\"281\">Vegan. GLUTENFREI. GVO-frei. Ohne Konservierungsstoffe.<\/p>\n","protected":false},"featured_media":39633,"comment_status":"closed","ping_status":"closed","template":"","meta":{"wds_primary_product_brand":0,"wds_primary_product_cat":0},"product_brand":[1376],"product_cat":[333,339],"product_tag":[1331,1332,1333,1335],"class_list":{"0":"post-39440","1":"product","2":"type-product","3":"status-publish","4":"has-post-thumbnail","6":"product_brand-bionia","7":"product_cat-bionia-bio-products-de","8":"product_cat-bionia-premium-de","9":"product_tag-bio-oatflakes-fine-de","10":"product_tag-gluten-free-oat-flakes-de","11":"product_tag-gluten-free-oat-flakes-bionia-de","12":"product_tag-oat-flakes-de","13":"pa_product-size-1-kg-de","14":"pa_product-size-3-kg-de","15":"pa_product-size-450-g-de","16":"pa_product-size-5-kg-de","18":"first","19":"instock","20":"shipping-taxable","21":"purchasable","22":"product-type-variable"},"_links":{"self":[{"href":"https:\/\/bionia.bio\/de\/wp-json\/wp\/v2\/product\/39440","targetHints":{"allow":["GET"]}}],"collection":[{"href":"https:\/\/bionia.bio\/de\/wp-json\/wp\/v2\/product"}],"about":[{"href":"https:\/\/bionia.bio\/de\/wp-json\/wp\/v2\/types\/product"}],"replies":[{"embeddable":true,"href":"https:\/\/bionia.bio\/de\/wp-json\/wp\/v2\/comments?post=39440"}],"wp:featuredmedia":[{"embeddable":true,"href":"https:\/\/bionia.bio\/de\/wp-json\/wp\/v2\/media\/39633"}],"wp:attachment":[{"href":"https:\/\/bionia.bio\/de\/wp-json\/wp\/v2\/media?parent=39440"}],"wp:term":[{"taxonomy":"product_brand","embeddable":true,"href":"https:\/\/bionia.bio\/de\/wp-json\/wp\/v2\/product_brand?post=39440"},{"taxonomy":"product_cat","embeddable":true,"href":"https:\/\/bionia.bio\/de\/wp-json\/wp\/v2\/product_cat?post=39440"},{"taxonomy":"product_tag","embeddable":true,"href":"https:\/\/bionia.bio\/de\/wp-json\/wp\/v2\/product_tag?post=39440"}],"curies":[{"name":"wp","href":"https:\/\/api.w.org\/{rel}","templated":true}]}}