{"id":39423,"date":"2025-08-14T02:04:32","date_gmt":"2025-08-13T23:04:32","guid":{"rendered":"https:\/\/bionia.bio\/product\/organic-oat-flakes-fine-gluten-free\/"},"modified":"2025-08-14T02:10:23","modified_gmt":"2025-08-13T23:10:23","slug":"bio-haferflocken-gluten-frei","status":"publish","type":"product","link":"https:\/\/bionia.bio\/de\/product\/bio-haferflocken-gluten-frei\/","title":{"rendered":"BIO-HAFERFLOCKEN fein \u2013 GLUTENFREI"},"content":{"rendered":"<p data-start=\"52\" data-end=\"92\"><strong data-start=\"52\" data-end=\"90\">BIO-HAFERFLOCKEN fein \u2013 GLUTENFREI<\/strong><\/p>\n<ul>\n<li data-start=\"94\" data-end=\"145\">Energie<\/li>\n<li data-start=\"94\" data-end=\"145\">Ballaststoffe<\/li>\n<li data-start=\"94\" data-end=\"145\">Davon 4,5 % Beta-Glucan<\/li>\n<\/ul>\n<p data-start=\"147\" data-end=\"233\">Vegan. GLUTENFREI. GVO-FREI. OHNE Konservierungsstoffe. OHNE ionisierende Strahlung.<\/p>\n<p data-start=\"235\" data-end=\"283\"><strong data-start=\"235\" data-end=\"247\">Zutaten:<\/strong> Feine Haferflocken* \u2013 glutenfrei.<\/p>\n<p data-start=\"285\" data-end=\"468\">*Aus kontrolliert biologischem Anbau. Allergene siehe fett gedruckte Zutaten. Kann Spuren von Spelzen enthalten. K\u00fchl, trocken und vor direkter Sonneneinstrahlung gesch\u00fctzt lagern.<\/p>\n<p data-start=\"470\" data-end=\"682\"><strong data-start=\"470\" data-end=\"489\">N\u00e4hrwertangaben<\/strong><br data-start=\"489\" data-end=\"492\" \/>Pro 100 g:<br data-start=\"502\" data-end=\"505\" \/>Energie: 1530 kJ \/ 370 kcal<br data-start=\"532\" data-end=\"535\" \/>Fett: 6,9 g<br data-start=\"546\" data-end=\"549\" \/>\u2014 davon ges\u00e4ttigte Fetts\u00e4uren: 1,2 g<br data-start=\"585\" data-end=\"588\" \/>Kohlenhydrate: 59 g<br data-start=\"607\" data-end=\"610\" \/>\u2014 davon Zucker: 1,3 g<br data-start=\"631\" data-end=\"634\" \/>Ballaststoffe: 10 g<br data-start=\"653\" data-end=\"656\" data-is-only-node=\"\" \/>Eiwei\u00df: 13 g<br data-start=\"668\" data-end=\"671\" \/>Salz: 0 g<\/p>\n<p data-start=\"684\" data-end=\"902\"><strong data-start=\"684\" data-end=\"706\">Verzehrempfehlung:<\/strong> Ideal zur Zubereitung eines Fr\u00fchst\u00fccks mit Obst, f\u00fcr selbstgemachtes M\u00fcsli, gesunde Riegel; kann zu Backwaren, Suppen usw. hinzugef\u00fcgt werden. Passt gut zu N\u00fcssen, Obst, Gem\u00fcse und vielem mehr.<\/p>\n<p data-start=\"904\" data-end=\"927\">Hergestellt in der EU<\/p>\n","protected":false},"excerpt":{"rendered":"<p data-start=\"52\" data-end=\"92\"><strong data-start=\"52\" data-end=\"90\">BIO-HAFERFLOCKEN fein \u2013 GLUTENFREI<\/strong><\/p>\n<ul>\n<li data-start=\"94\" data-end=\"145\">Energie<\/li>\n<li data-start=\"94\" data-end=\"145\">Ballaststoffe<\/li>\n<li data-start=\"94\" data-end=\"145\">Davon 4,5 % Beta-Glucan<\/li>\n<\/ul>\n<p data-start=\"147\" data-end=\"233\">Vegan. GLUTENFREI. GVO-FREI. OHNE Konservierungsstoffe. OHNE ionisierende Strahlung.<\/p>\n","protected":false},"featured_media":39640,"comment_status":"closed","ping_status":"closed","template":"","meta":{"wds_primary_product_brand":0,"wds_primary_product_cat":0},"product_brand":[],"product_cat":[333,339],"product_tag":[1331,1332,1333,1334,1335],"class_list":{"0":"post-39423","1":"product","2":"type-product","3":"status-publish","4":"has-post-thumbnail","6":"product_cat-bionia-bio-products-de","7":"product_cat-bionia-premium-de","8":"product_tag-bio-oatflakes-fine-de","9":"product_tag-gluten-free-oat-flakes-de","10":"product_tag-gluten-free-oat-flakes-bionia-de","11":"product_tag-oat-breakfast-de","12":"product_tag-oat-flakes-de","13":"pa_product-size-1-kg-de","14":"pa_product-size-3-kg-de","15":"pa_product-size-450-g-de","16":"pa_product-size-5-kg-de","18":"first","19":"instock","20":"shipping-taxable","21":"purchasable","22":"product-type-variable"},"_links":{"self":[{"href":"https:\/\/bionia.bio\/de\/wp-json\/wp\/v2\/product\/39423","targetHints":{"allow":["GET"]}}],"collection":[{"href":"https:\/\/bionia.bio\/de\/wp-json\/wp\/v2\/product"}],"about":[{"href":"https:\/\/bionia.bio\/de\/wp-json\/wp\/v2\/types\/product"}],"replies":[{"embeddable":true,"href":"https:\/\/bionia.bio\/de\/wp-json\/wp\/v2\/comments?post=39423"}],"wp:featuredmedia":[{"embeddable":true,"href":"https:\/\/bionia.bio\/de\/wp-json\/wp\/v2\/media\/39640"}],"wp:attachment":[{"href":"https:\/\/bionia.bio\/de\/wp-json\/wp\/v2\/media?parent=39423"}],"wp:term":[{"taxonomy":"product_brand","embeddable":true,"href":"https:\/\/bionia.bio\/de\/wp-json\/wp\/v2\/product_brand?post=39423"},{"taxonomy":"product_cat","embeddable":true,"href":"https:\/\/bionia.bio\/de\/wp-json\/wp\/v2\/product_cat?post=39423"},{"taxonomy":"product_tag","embeddable":true,"href":"https:\/\/bionia.bio\/de\/wp-json\/wp\/v2\/product_tag?post=39423"}],"curies":[{"name":"wp","href":"https:\/\/api.w.org\/{rel}","templated":true}]}}