{"id":36075,"date":"2023-12-05T10:40:25","date_gmt":"2023-12-05T07:40:25","guid":{"rendered":"https:\/\/bionia2.ivexto.net\/product\/bio-vollkorn-reismehl-%e2%84%ae-200-g\/"},"modified":"2025-06-14T20:01:17","modified_gmt":"2025-06-14T17:01:17","slug":"bio-vollkorn-reismehl-%e2%84%ae-200-g","status":"publish","type":"product","link":"https:\/\/bionia.bio\/de\/product\/bio-vollkorn-reismehl-%e2%84%ae-200-g\/","title":{"rendered":"BIO Vollkorn-REISMEHL &#8211; \u212e 200 g"},"content":{"rendered":"<p>BIO VollkornREISMEHL<\/p>\n<p><strong>GMO-frei. Vegan. KEINE Allergene.<br \/>\nZutaten:<\/strong> <strong>100% organisches Vollkornreismehl*. \u212e 200 g<br \/>\n<\/strong>*Produkt aus biologischem Anbau.<\/p>\n<p><strong>Nat\u00fcrliche Quelle von:<\/strong><\/p>\n<ul>\n<li>&lt;3% Fettgehalt<\/li>\n<li>Faser<\/li>\n<li>Neutraler Geschmack<\/li>\n<\/ul>\n<p><strong>Aufbewahrungs- und Verwendungsbedingungen:<\/strong> Geeignet f\u00fcr Kinder und Erwachsene sowie zur St\u00e4rkung des K\u00f6rpers. Ideal f\u00fcr die Zubereitung von Geb\u00e4ck, Keksen, Shakes u.a. Gut kombinierbar mit N\u00fcssen und Gem\u00fcsen. An einem trockenen und k\u00fchlen Ort bei Raumtemperatur aufbewahren.<\/p>\n<p><strong>Herkunft:<\/strong> Nicht-EU Landwirtschaft. Produkt mit garantierter Qualit\u00e4t.<\/p>\n<p><strong>Rezept: Protein \u201eOreo\u201c Kekse:<br \/>\n<\/strong>Zutaten f\u00fcr die Kekse: 3-4 Essl\u00f6ffel rohes Kakaopulver, 3-4 Teel\u00f6ffel Reisproteinpulver, 2 Essl\u00f6ffel Tahini (Sesam-Tahini), 5-6 gesch\u00e4lte rohe Datteln ohne Kern. Zutaten f\u00fcr die F\u00fcllung:\u00a0 1-2 gesch\u00e4lte rohe Datteln ohne Kern, 1 Essl\u00f6ffel Kokosmehl, 3 Essl\u00f6ffel Kokos- oder Mandelmilch, 1-2 Ess\u00f6ffel Reisproteinpulver, 1 Essl\u00f6ffel Kokos\u00f6l.<br \/>\nZubereitung: Alle Zutaten f\u00fcr die Kekse mischen und in einem Mixer gut mahlen. Kugeln aus der Mischung formen. Diese zusammendr\u00fccken und im Ofen auf Backpapier f\u00fcr ca. 10 Minuten lang bei 190 \u00b0C backen. Nach dem Backen der Kekse die Zutaten f\u00fcr die F\u00fcllung gut mischen und r\u00fchren. Die Kekse zu zweit mit der Creme kleben.<\/p>\n","protected":false},"excerpt":{"rendered":"<p>BIO VollkornREISMEHL<\/p>\n<p><strong>GMO-frei. Vegan. KEINE Allergene.<br \/>\nZutaten:<\/strong> <strong>100% organisches Vollkornreismehl*. \u212e 200 g<br \/>\n<\/strong>*Produkt aus biologischem Anbau.<\/p>\n<p><strong>Nat\u00fcrliche Quelle von:<\/strong><\/p>\n<ul>\n<li>&lt;3% Fettgehalt<\/li>\n<li>Faser<\/li>\n<li>Neutraler Geschmack<\/li>\n<\/ul>\n","protected":false},"featured_media":35986,"comment_status":"closed","ping_status":"open","template":"","meta":{"wds_primary_product_brand":0,"wds_primary_product_cat":0},"product_brand":[],"product_cat":[333],"product_tag":[920,921,922,923],"class_list":{"0":"post-36075","1":"product","2":"type-product","3":"status-publish","4":"has-post-thumbnail","6":"product_cat-bionia-bio-products-de","7":"product_tag-bio-rice-flour-de","8":"product_tag-bio-wholegrain-rice-flour-de","9":"product_tag-bionia-rice-flour-de","10":"product_tag-wholegrain-rice-flour-de","11":"pa_product-size-300-g-de","12":"pa_product-size-900-g-de","14":"first","15":"instock","16":"shipping-taxable","17":"purchasable","18":"product-type-variable"},"_links":{"self":[{"href":"https:\/\/bionia.bio\/de\/wp-json\/wp\/v2\/product\/36075","targetHints":{"allow":["GET"]}}],"collection":[{"href":"https:\/\/bionia.bio\/de\/wp-json\/wp\/v2\/product"}],"about":[{"href":"https:\/\/bionia.bio\/de\/wp-json\/wp\/v2\/types\/product"}],"replies":[{"embeddable":true,"href":"https:\/\/bionia.bio\/de\/wp-json\/wp\/v2\/comments?post=36075"}],"wp:featuredmedia":[{"embeddable":true,"href":"https:\/\/bionia.bio\/de\/wp-json\/wp\/v2\/media\/35986"}],"wp:attachment":[{"href":"https:\/\/bionia.bio\/de\/wp-json\/wp\/v2\/media?parent=36075"}],"wp:term":[{"taxonomy":"product_brand","embeddable":true,"href":"https:\/\/bionia.bio\/de\/wp-json\/wp\/v2\/product_brand?post=36075"},{"taxonomy":"product_cat","embeddable":true,"href":"https:\/\/bionia.bio\/de\/wp-json\/wp\/v2\/product_cat?post=36075"},{"taxonomy":"product_tag","embeddable":true,"href":"https:\/\/bionia.bio\/de\/wp-json\/wp\/v2\/product_tag?post=36075"}],"curies":[{"name":"wp","href":"https:\/\/api.w.org\/{rel}","templated":true}]}}