{"id":36074,"date":"2023-12-05T10:36:09","date_gmt":"2023-12-05T07:36:09","guid":{"rendered":"https:\/\/bionia2.ivexto.net\/product\/bio-sojaprotein-%e2%84%ae-200-g\/"},"modified":"2025-06-14T20:01:18","modified_gmt":"2025-06-14T17:01:18","slug":"bio-sojaprotein-%e2%84%ae-200-g","status":"publish","type":"product","link":"https:\/\/bionia.bio\/de\/product\/bio-sojaprotein-%e2%84%ae-200-g\/","title":{"rendered":"BIO Sojaprotein &#8211; \u212e 200 g"},"content":{"rendered":"<p>BIO SOJAPROTEIN Pulver, SOY PROTEIN \/ GLYCINE MAX<\/p>\n<p><strong>GMO-frei. Vegan.<\/strong><\/p>\n<p><strong>Zutaten:<\/strong> 100% organisches<strong> Sojaprotein *, <\/strong>w\u00e4rmebehandelt. \u212e 200 g<br \/>\nDie Soja ist einj\u00e4hrige Pflanze aus der Familie der H\u00fclsenfr\u00fcchte mit einem milden, angenehmen Geschmack.<\/p>\n<p>*Produkt aus biologischem Anbau. Die Soja ist ein <strong>Allergen<\/strong>.<\/p>\n<p><strong>Nat\u00fcrliche Quelle von:<\/strong><\/p>\n<ul>\n<li>40% Proteinen<\/li>\n<li>Mildem, angenehmem Geschmack<\/li>\n<\/ul>\n<p><strong>Empfohlene Tagesdosis: 20-30 g (3-4 Essl\u00f6ffel). <\/strong>Die Menge entspricht etwa 30% der empfohlenen Proteinaufnahme pro Tag. Holen Sie sich den Rest durch eine vollst\u00e4ndige Di\u00e4t. Die angegebene Menge ist eine Durchschnittsmenge und kann je nach individuellem Bedarf variieren.<\/p>\n<p><strong>Aufbewahrungs- und Verwendungsbedingungen:<\/strong> Geeignet f\u00fcr Kinder und Erwachsene sowie zur St\u00e4rkung des K\u00f6rpers. Ideal f\u00fcr die Zubereitung von Geb\u00e4ck, Waffeln, Keksen. Es kann zu Suppen und Saucen hinzugef\u00fcgt werden. Es l\u00f6st sich in Wasser auf.\u00a0 Es kann als nat\u00fcrlicher Emulgator und Fleischersatz dienen. Gut kombinierbar mit N\u00fcssen, Gem\u00fcse, H\u00fclsenfr\u00fcchten u.a. An einem trockenen und k\u00fchlen Ort bei Raumtemperatur aufbewahren.<\/p>\n<p><strong>Herkunft:<\/strong> EU. Produkt mit garantierter Qualit\u00e4t.<\/p>\n<p><strong>Rezept: S\u00fc\u00dfe Tr\u00fcffel:<\/strong><br \/>\nZutaten: 1\/3 Teel\u00f6ffel Sojaproteinpulver, 2 Teel\u00f6ffel rohes Kakaopulver, eine Prise Bourbon-Vanille, 3-4\u00a0 gesch\u00e4lte frische Datteln ohne Kern, 2-3 Teel\u00f6ffel Sojamilch.<br \/>\nZubereitung: Alle Zutaten mischen und gut r\u00fchren. Kugeln aus der Mischung formen. Die Kugeln nach Wunsch in Kakaopulver, Kokosflocken oder gemahlenen N\u00fcssen rollen.<\/p>\n","protected":false},"excerpt":{"rendered":"<p>BIO SOJAPROTEIN Pulver, SOY PROTEIN \/ GLYCINE MAX<\/p>\n<p><strong>GMO-frei. Vegan.<\/strong><\/p>\n<p><strong>Zutaten:<\/strong> 100% organisches<strong> Sojaprotein *, <\/strong>w\u00e4rmebehandelt. \u212e 200 g<br \/>\nDie Soja ist einj\u00e4hrige Pflanze aus der Familie der H\u00fclsenfr\u00fcchte mit einem milden, angenehmen Geschmack. *Produkt aus biologischem Anbau. Die Soja ist ein <strong>Allergen<\/strong>.<\/p>\n<p><strong>Nat\u00fcrliche Quelle von:<\/strong><\/p>\n<ul>\n<li>40% Proteinen<\/li>\n<li>Mildem, angenehmem Geschmack<\/li>\n<\/ul>\n","protected":false},"featured_media":35365,"comment_status":"closed","ping_status":"open","template":"","meta":{"wds_primary_product_brand":0,"wds_primary_product_cat":0},"product_brand":[],"product_cat":[333],"product_tag":[914,915,916,917,918],"class_list":{"0":"post-36074","1":"product","2":"type-product","3":"status-publish","4":"has-post-thumbnail","6":"product_cat-bionia-bio-products-de","7":"product_tag-bio-soy-protein-powder-de","8":"product_tag-bionia-soy-protein-de","9":"product_tag-organic-soy-protein-de","10":"product_tag-soy-powder-de","11":"product_tag-soy-protein-de","12":"pa_product-size-1-kg-de","13":"pa_product-size-200-g-de","15":"first","16":"instock","17":"shipping-taxable","18":"purchasable","19":"product-type-variable"},"_links":{"self":[{"href":"https:\/\/bionia.bio\/de\/wp-json\/wp\/v2\/product\/36074","targetHints":{"allow":["GET"]}}],"collection":[{"href":"https:\/\/bionia.bio\/de\/wp-json\/wp\/v2\/product"}],"about":[{"href":"https:\/\/bionia.bio\/de\/wp-json\/wp\/v2\/types\/product"}],"replies":[{"embeddable":true,"href":"https:\/\/bionia.bio\/de\/wp-json\/wp\/v2\/comments?post=36074"}],"wp:featuredmedia":[{"embeddable":true,"href":"https:\/\/bionia.bio\/de\/wp-json\/wp\/v2\/media\/35365"}],"wp:attachment":[{"href":"https:\/\/bionia.bio\/de\/wp-json\/wp\/v2\/media?parent=36074"}],"wp:term":[{"taxonomy":"product_brand","embeddable":true,"href":"https:\/\/bionia.bio\/de\/wp-json\/wp\/v2\/product_brand?post=36074"},{"taxonomy":"product_cat","embeddable":true,"href":"https:\/\/bionia.bio\/de\/wp-json\/wp\/v2\/product_cat?post=36074"},{"taxonomy":"product_tag","embeddable":true,"href":"https:\/\/bionia.bio\/de\/wp-json\/wp\/v2\/product_tag?post=36074"}],"curies":[{"name":"wp","href":"https:\/\/api.w.org\/{rel}","templated":true}]}}