{"id":36073,"date":"2024-04-16T07:59:30","date_gmt":"2024-04-16T04:59:30","guid":{"rendered":"https:\/\/bionia2.ivexto.net\/product\/yestimun-beta-glucan-2\/"},"modified":"2025-06-14T20:01:14","modified_gmt":"2025-06-14T17:01:14","slug":"yestimun-beta-glucan-2","status":"publish","type":"product","link":"https:\/\/bionia.bio\/de\/product\/yestimun-beta-glucan-2\/","title":{"rendered":"Yestimun\u00ae Beta-glucan"},"content":{"rendered":"<p><strong>Yestimun<\/strong><strong>\u00ae<\/strong><strong> Beta-Glucan ist ein nat\u00fcrliches 1,3\/1,6-Beta-Glucan, <\/strong>das aus der Bierhefezellwand gewonnen wird. Es wird aus hochqualitativen Bierhefen mit den nat\u00fcrlichen Bestandteilen von Gerste, Hopfen und Wasser hergestellt.<\/p>\n<p>Yestimun\u00ae wird <strong>in Deutschland mit Qualit\u00e4tsgarantie<\/strong> durch das Reinheitsgebot hergestellt \u2013 das deutsche Reinheitsgebot vom 23. April 1516, das die Herstellung und den Handel mit Bier in Bayern regelt.<\/p>\n<p>Yestimun\u00ae hat einen <strong>Reinheitsgrad von mindestens 85 %<\/strong>, der durch eine innovative Technologie ohne den Einsatz aggressiver Chemikalien erreicht wird.<\/p>\n<p>Yestimun\u00ae Beta-Glucan ist ein nat\u00fcrliches und effizientes Qualit\u00e4tsprodukt zur Unterst\u00fctzung des <strong>Immunsystem<\/strong>s. Dies wurde in mehreren klinischen Studien nachgewiesen, die eine deutliche Verringerung der Erk\u00e4ltungsepisoden im Winter belegen.<\/p>\n<p>Yestimun\u00ae ist ein hellbeiges, feines, spr\u00fchgetrocknetes Pulver ohne Eigengeschmack oder Geruch. Aus diesem Grund kann der dispergierbare Inhaltsstoff problemlos in den unterschiedlichsten trockenen oder auch fl\u00fcssigen Produktformulierungen eingesetzt werden. Bierhefe-Beta-Glucan zeichnet sich durch eine sehr hohe Reinheit und eine Einzigartige Molek\u00fclstruktur aus. Die hohe immununterst\u00fctzende Wirksamkeit wurde anhand von Humanstudien nachgewiesen.<\/p>\n<p><strong>1,3\/1,6-Bierhefe-Beta-Glucan hat die folgenden Eigenschaften:<\/strong><\/p>\n<ul>\n<li>Kann t\u00e4glich eingenommen werden<\/li>\n<li>Frei von Nebenwirkungen<\/li>\n<li>Durch Studien nachgewiesene Wirksamkeit<\/li>\n<li>Kosher und Halal zertifiziert, nicht allergen und GMO-frei<\/li>\n<li>F\u00fcr Vegetarier und Veganer geeignet<\/li>\n<li>Wird bereits in hunderten Produkten weltweit verwendet<\/li>\n<li>GRAS-Status (USA), Novel Food Approval in Europa.<\/li>\n<\/ul>\n<p>&nbsp;<\/p>\n<p>&nbsp;<\/p>\n","protected":false},"excerpt":{"rendered":"<p><strong>Yestimun<\/strong><strong>\u00ae<\/strong><strong> Beta-Glucan ist ein nat\u00fcrliches 1,3\/1,6-Beta-Glucan, <\/strong>das aus der Bierhefezellwand gewonnen wird. Es wird aus hochqualitativen Bierhefen mit den nat\u00fcrlichen Bestandteilen von Gerste, Hopfen und Wasser hergestellt.<\/p>\n<p>Yestimun\u00ae wird <strong>in Deutschland mit Qualit\u00e4tsgarantie<\/strong> durch das Reinheitsgebot hergestellt.<\/p>\n<p><strong>1,3\/1,6-Bierhefe-Beta-Glucan hat die folgenden Eigenschaften:<\/strong><\/p>\n<ul>\n<li>Kann t\u00e4glich eingenommen werden<\/li>\n<li>Frei von Nebenwirkungen<\/li>\n<li>Durch Studien nachgewiesene Wirksamkeit<\/li>\n<li>Kosher und Halal zertifiziert, nicht allergen und GMO-frei<\/li>\n<li>F\u00fcr Vegetarier und Veganer geeignet<\/li>\n<li>Wird bereits in hunderten Produkten weltweit verwendet<\/li>\n<li>GRAS-Status (USA), Novel Food Approval in Europa.<\/li>\n<\/ul>\n","protected":false},"featured_media":36024,"comment_status":"closed","ping_status":"open","template":"","meta":{"wds_primary_product_brand":0,"wds_primary_product_cat":0},"product_brand":[],"product_cat":[338],"product_tag":[904,905,906,907,908,909,910],"class_list":{"0":"post-36073","1":"product","2":"type-product","3":"status-publish","4":"has-post-thumbnail","6":"product_cat-b2b-wholesale-de","7":"product_tag-1-de","8":"product_tag-3-1-de","9":"product_tag-6-beta-glucan-de","10":"product_tag-immune-support-de","11":"product_tag-manufactured-in-germany-de","12":"product_tag-premium-brewers-yeast-de","13":"product_tag-yestimun-beat-glucan-de","14":"pa_product-size-1-kg-de","15":"pa_product-size-100-kg-de-2","17":"first","18":"instock","19":"shipping-taxable","20":"purchasable","21":"product-type-variable"},"_links":{"self":[{"href":"https:\/\/bionia.bio\/de\/wp-json\/wp\/v2\/product\/36073","targetHints":{"allow":["GET"]}}],"collection":[{"href":"https:\/\/bionia.bio\/de\/wp-json\/wp\/v2\/product"}],"about":[{"href":"https:\/\/bionia.bio\/de\/wp-json\/wp\/v2\/types\/product"}],"replies":[{"embeddable":true,"href":"https:\/\/bionia.bio\/de\/wp-json\/wp\/v2\/comments?post=36073"}],"wp:featuredmedia":[{"embeddable":true,"href":"https:\/\/bionia.bio\/de\/wp-json\/wp\/v2\/media\/36024"}],"wp:attachment":[{"href":"https:\/\/bionia.bio\/de\/wp-json\/wp\/v2\/media?parent=36073"}],"wp:term":[{"taxonomy":"product_brand","embeddable":true,"href":"https:\/\/bionia.bio\/de\/wp-json\/wp\/v2\/product_brand?post=36073"},{"taxonomy":"product_cat","embeddable":true,"href":"https:\/\/bionia.bio\/de\/wp-json\/wp\/v2\/product_cat?post=36073"},{"taxonomy":"product_tag","embeddable":true,"href":"https:\/\/bionia.bio\/de\/wp-json\/wp\/v2\/product_tag?post=36073"}],"curies":[{"name":"wp","href":"https:\/\/api.w.org\/{rel}","templated":true}]}}