{"id":36071,"date":"2024-04-17T07:47:02","date_gmt":"2024-04-17T04:47:02","guid":{"rendered":"https:\/\/bionia2.ivexto.net\/product\/bierhefe-interyeast-vital-d-cw\/"},"modified":"2025-06-14T20:01:12","modified_gmt":"2025-06-14T17:01:12","slug":"bierhefe-interyeast-vital-d-cw","status":"publish","type":"product","link":"https:\/\/bionia.bio\/de\/product\/bierhefe-interyeast-vital-d-cw\/","title":{"rendered":"BIERHEFE Interyeast\u00ae Vital D-CW"},"content":{"rendered":"<p>Interyeast\u00ae Bierhefe ist ein hochwertiges Produkt aus Gerstenmalz, Hopfen und Wasser ohne weitere Zusatzstoffe oder Chemikalien. Es wird als Zutat in funktionellen Lebensmitteln und als Nahrungserg\u00e4nzungsmittel verwendet.<\/p>\n<p>Interyeast\u00ae <strong>Vital <\/strong><strong>D CW<\/strong><strong>:<\/strong> <strong>Entbitterte <\/strong>und schonend <strong>walzengetrocknete Bierhefe. <\/strong>Sie findet Verwendung als Zutat in<strong> Functional Food <\/strong>sowie in<strong> Nahrungserg\u00e4nzungsmitteln.<\/strong><\/p>\n<p>Reine Bierhefe gilt als eine der wirkungsvollsten Nahrungserg\u00e4nzungen: Sie verf\u00fcgt \u00fcber viele wertvolle Vitamine, Mineralstoffe und Spurelemente. Die spezielle Zusammensetzung, hervorragende Bioverf\u00fcgbarkeit und schonende Verarbeitung machen diese Bierhefe besonders hochwertig. Als Nahrungserg\u00e4nzung unterst\u00fctzt Interyeast\u00ae Vital Bierhefe den gesamten Organismus und steigert Abwehrkr\u00e4fte, Vitalit\u00e4t und Leistungsf\u00e4higkeit. Die Qualit\u00e4t wird durch das besonders schonende Herstellungsverfahren sichergestellt: Durch frische Verarbeitung, kurze Kontaktzeit und schonende Trocknung bei niedrigen Temperaturen bleiben Vitamine und Inhaltstoffe in ihrer nativen Form erhalten. Dar\u00fcber hinaus werden ausschlie\u00dflich ausgesuchte Qualit\u00e4ten aus den G\u00e4rkellern der Brauerei verarbeitet.<\/p>\n<p><strong>Hohe Bioverf\u00fcgbarkeit<\/strong><\/p>\n<p>Die Wirkung der Bierhefe ist mehr als die Summe ihrer Inhaltstoffe. Erst die Kombination der Inhaltsstoffe und deren Vorliegen in organisch gebundener Form erm\u00f6glichen dem K\u00f6rper eine effiziente Aufnahme und Verwertung. Das Zusammenspiel der einzelnen Teile erm\u00f6glicht die vielf\u00e4ltigen synergetischen Effekte.<\/p>\n","protected":false},"excerpt":{"rendered":"<p>Interyeast\u00ae Bierhefe ist ein hochwertiges Produkt aus Gerstenmalz, Hopfen und Wasser ohne weitere Zusatzstoffe oder Chemikalien. Es wird als Zutat in funktionellen Lebensmitteln und als Nahrungserg\u00e4nzungsmittel verwendet.<\/p>\n<p>Interyeast\u00ae <strong>Vital <\/strong><strong>D CW<\/strong><strong>:<\/strong> <strong>Entbitterte <\/strong>und schonend <strong>walzengetrocknete Bierhefe. <\/strong>Sie findet Verwendung als Zutat in<strong> Functional Food <\/strong>sowie in<strong> Nahrungserg\u00e4nzungsmitteln.<\/strong><\/p>\n<p><strong>Hohe Bioverf\u00fcgbarkeit<\/strong><\/p>\n","protected":false},"featured_media":36026,"comment_status":"closed","ping_status":"open","template":"","meta":{"wds_primary_product_brand":0,"wds_primary_product_cat":0},"product_brand":[],"product_cat":[338],"product_tag":[899,876,880,890,885,895],"class_list":{"0":"post-36071","1":"product","2":"type-product","3":"status-publish","4":"has-post-thumbnail","6":"product_cat-b2b-wholesale-de","7":"product_tag-brewers-yeast-tablets-de-2","8":"product_tag-debittered-de","9":"product_tag-high-bioavailability-de","10":"product_tag-interyeast-brewers-yeast-de-2","11":"product_tag-interyeast-vital-d-cw-de","12":"product_tag-roller-dried-brewers-yeast-de-2","13":"pa_product-size-25-kg-de","14":"pa_product-size-750-kg-de","16":"first","17":"instock","18":"shipping-taxable","19":"purchasable","20":"product-type-variable"},"_links":{"self":[{"href":"https:\/\/bionia.bio\/de\/wp-json\/wp\/v2\/product\/36071","targetHints":{"allow":["GET"]}}],"collection":[{"href":"https:\/\/bionia.bio\/de\/wp-json\/wp\/v2\/product"}],"about":[{"href":"https:\/\/bionia.bio\/de\/wp-json\/wp\/v2\/types\/product"}],"replies":[{"embeddable":true,"href":"https:\/\/bionia.bio\/de\/wp-json\/wp\/v2\/comments?post=36071"}],"wp:featuredmedia":[{"embeddable":true,"href":"https:\/\/bionia.bio\/de\/wp-json\/wp\/v2\/media\/36026"}],"wp:attachment":[{"href":"https:\/\/bionia.bio\/de\/wp-json\/wp\/v2\/media?parent=36071"}],"wp:term":[{"taxonomy":"product_brand","embeddable":true,"href":"https:\/\/bionia.bio\/de\/wp-json\/wp\/v2\/product_brand?post=36071"},{"taxonomy":"product_cat","embeddable":true,"href":"https:\/\/bionia.bio\/de\/wp-json\/wp\/v2\/product_cat?post=36071"},{"taxonomy":"product_tag","embeddable":true,"href":"https:\/\/bionia.bio\/de\/wp-json\/wp\/v2\/product_tag?post=36071"}],"curies":[{"name":"wp","href":"https:\/\/api.w.org\/{rel}","templated":true}]}}