{"id":36066,"date":"2024-04-17T16:27:26","date_gmt":"2024-04-17T13:27:26","guid":{"rendered":"https:\/\/bionia2.ivexto.net\/product\/hefeflocken-b12-engevita-by-bionia\/"},"modified":"2025-06-14T20:01:10","modified_gmt":"2025-06-14T17:01:10","slug":"hefeflocken-b12-engevita-by-bionia","status":"publish","type":"product","link":"https:\/\/bionia.bio\/de\/product\/hefeflocken-b12-engevita-by-bionia\/","title":{"rendered":"Hefeflocken mit B12 &#8211; Engevita\u00aeby Bionia"},"content":{"rendered":"<h2>Hefeflocken mit B12 &#8211; Engevita\u00ae by Bionia<\/h2>\n<div class=\"introduction\">\n<p>Hochwertige N\u00e4hrhefe zur Nahrungserg\u00e4nzung reich an Vitamin B12.<\/p>\n<p>Hochwertige, vollwertige, inaktivierte N\u00e4hrhefe, die aus prim\u00e4r gez\u00fcchteten <em>Saccharomyces cerevisiae<\/em> gewonnen wird. Engevita\u00ae N\u00e4hrhefe eignet sich ideal f\u00fcr den direkten Verzehr als nat\u00fcrliche Nahrungserg\u00e4nzung oder als funktionelle Zutat in Mahlzeitenersatzprodukten und Superfood-Mischungen. Es handelt sich um das Original-Gesundheitsnahrungsmittel \u2013 von Natur aus reich an <strong>vollst\u00e4ndigem Eiwei\u00df und Ballaststoffen<\/strong> sowie erheblichen Mengen an <strong>Vitaminen und Mineralstoffen<\/strong>. Dieses Produkt ist f\u00fcr <strong>vegane oder vegetarische Anwendungen<\/strong> geeignet.<\/p>\n<p><strong>Glutenfrei.<\/strong><\/p>\n<p><strong>Hohe Bioverf\u00fcgbarkeit!<\/strong><\/p>\n<p><strong>Engevita\u00ae ist non-GMO, clean label, kosher, and halal.\u00a0<\/strong><\/p>\n<table width=\"544\">\n<tbody>\n<tr>\n<td width=\"325\"><strong>Vitamins &amp; Minerals \/ Vitamine &amp; Mineralien<\/strong><\/td>\n<td width=\"115\"><strong>In daily dose 3 tb. sp. \/ Tagesdosis 3 Teel\u00f6fel<\/strong><\/p>\n<p><strong>\u2248 10 g<\/strong><\/td>\n<td width=\"104\"><strong>\u0412 \/ In \/ Pro 100 g<\/strong><\/td>\n<\/tr>\n<tr>\n<td width=\"325\">Vitamin B3 (Niacin)<\/td>\n<td width=\"115\">34.1 mg NE\/ 10 g<\/td>\n<td width=\"104\">341 mg<\/td>\n<\/tr>\n<tr>\n<td width=\"325\">Vitamin B5 (Pantothenic acid)<\/td>\n<td width=\"115\">14 mg \/ 10 g<\/td>\n<td width=\"104\">140 mg<\/td>\n<\/tr>\n<tr>\n<td width=\"325\">Vitamin B1 (Thiamine)<\/td>\n<td width=\"115\">4.5 mg \/ 10 g<\/td>\n<td width=\"104\">45 mg<\/td>\n<\/tr>\n<tr>\n<td width=\"325\">Vitamin B6 (Pyridoxine)<\/td>\n<td width=\"115\">3.4 mg \/ 10 g<\/td>\n<td width=\"104\">34 mg<\/td>\n<\/tr>\n<tr>\n<td width=\"325\">Vitamin B2 (Riboflavin)<\/td>\n<td width=\"115\">1.8 mg \/ 10 g<\/td>\n<td width=\"104\">18 mg<\/td>\n<\/tr>\n<tr>\n<td width=\"325\">Vitamin B9 (Folic acid)<\/td>\n<td width=\"115\">440 \u00b5g \/ 10 g<\/td>\n<td width=\"104\">4400 \u00b5g<\/td>\n<\/tr>\n<tr>\n<td width=\"325\">Vitamin B7 (Biotin)<\/td>\n<td width=\"115\">19.6 \u00b5g \/ 10 g<\/td>\n<td width=\"104\">196 \u00b5g<\/td>\n<\/tr>\n<tr>\n<td width=\"325\">Vitamin B12(Cobalamin)<\/td>\n<td width=\"115\">4.4 \u00b5g \/ 10 g<\/td>\n<td width=\"104\">44 \u00b5g<\/td>\n<\/tr>\n<tr>\n<td width=\"325\">Magnesium<\/td>\n<td width=\"115\">12.9 mg \/ 10 g<\/td>\n<td width=\"104\">129 mg<\/td>\n<\/tr>\n<tr>\n<td width=\"325\">Zinc \/ Zink<\/td>\n<td width=\"115\">12 mg \/ 10 g<\/td>\n<td width=\"104\">120 mg<\/td>\n<\/tr>\n<\/tbody>\n<\/table>\n<\/div>\n<table width=\"601\">\n<tbody>\n<tr>\n<td colspan=\"2\" width=\"601\"><strong>Nutritional data \/ Durchschnittliche N\u00e4hrwerte pro 100 g<\/strong><\/td>\n<\/tr>\n<tr>\n<td width=\"363\">Energy in kcal \/ Energie<\/td>\n<td width=\"238\">34.4 kcal \/ 10 g<\/td>\n<\/tr>\n<tr>\n<td width=\"363\">Protein \/ Eiwei\u00df<\/td>\n<td width=\"238\">5.1 g \/ 10 g<\/td>\n<\/tr>\n<tr>\n<td width=\"363\">Carbohydrates \/ Kohlenhydrate<\/td>\n<td width=\"238\">3.7 g \/ 10 g<\/td>\n<\/tr>\n<tr>\n<td width=\"363\">of which sugars \/ davon Zucker<\/td>\n<td width=\"238\">1.2 g \/ 10 g<\/td>\n<\/tr>\n<tr>\n<td width=\"363\">Dietary Fiber \/ Ballaststoffe<\/td>\n<td width=\"238\">2.2 g \/ 10 g<\/td>\n<\/tr>\n<tr>\n<td width=\"363\">Fat \/ Gesamtfett<\/td>\n<td width=\"238\">0.4 g \/ 10 g<\/td>\n<\/tr>\n<tr>\n<td width=\"363\">Salt \/ Salz<\/td>\n<td width=\"238\">7 mg \/ 10 g<\/td>\n<\/tr>\n<\/tbody>\n<\/table>\n","protected":false},"excerpt":{"rendered":"<h2>Hefeflocken mit B12 &#8211; Engevita\u00ae by Bionia<\/h2>\n<div class=\"introduction\">\n<p>Hochwertige N\u00e4hrhefe zur Nahrungserg\u00e4nzung reich an Vitamin B12.<\/p>\n<p>Hochwertige, vollwertige, inaktivierte N\u00e4hrhefe, die aus prim\u00e4r gez\u00fcchteten <em>Saccharomyces cerevisiae<\/em> gewonnen wird. Engevita\u00ae N\u00e4hrhefe ist von Natur aus reich an <strong>vollst\u00e4ndigem Eiwei\u00df und Ballaststoffen<\/strong> sowie erheblichen Mengen an <strong>Vitaminen und Mineralstoffen<\/strong>. Dieses Produkt ist f\u00fcr <strong>vegane oder vegetarische Anwendungen<\/strong> geeignet.<\/p>\n<p><strong>Glutenfrei.<\/strong><\/p>\n<p><strong>Hohe Bioverf\u00fcgbarkeit!<\/strong><\/p>\n<p><strong>Engevita\u00ae ist non-GMO, clean label, kosher, and halal.\u00a0<\/strong><\/p>\n<\/div>\n","protected":false},"featured_media":36037,"comment_status":"closed","ping_status":"open","template":"","meta":{"wds_primary_product_brand":0,"wds_primary_product_cat":0},"product_brand":[],"product_cat":[338],"product_tag":[866,867,868,869,875,871,872,873,832],"class_list":{"0":"post-36066","1":"product","2":"type-product","3":"status-publish","4":"has-post-thumbnail","6":"product_cat-b2b-wholesale-de","7":"product_tag-engevita-by-bionia-de","8":"product_tag-nutritional-yeast-b12-de","9":"product_tag-nutritional-yeast-flakes-bionia-de","10":"product_tag-nutritional-yeast-flakes-with-b12-de","11":"product_tag-nutritional-yeast-flakes-with-b12-engevita-de-2","12":"product_tag-vegan-de","13":"product_tag-vegan-parmesan-de","14":"product_tag-vegetarian-de","15":"product_tag-vitamin-b12-de","16":"pa_product-size-25-kg-de","17":"pa_product-size-750-kg-de","19":"first","20":"instock","21":"shipping-taxable","22":"purchasable","23":"product-type-variable"},"_links":{"self":[{"href":"https:\/\/bionia.bio\/de\/wp-json\/wp\/v2\/product\/36066","targetHints":{"allow":["GET"]}}],"collection":[{"href":"https:\/\/bionia.bio\/de\/wp-json\/wp\/v2\/product"}],"about":[{"href":"https:\/\/bionia.bio\/de\/wp-json\/wp\/v2\/types\/product"}],"replies":[{"embeddable":true,"href":"https:\/\/bionia.bio\/de\/wp-json\/wp\/v2\/comments?post=36066"}],"wp:featuredmedia":[{"embeddable":true,"href":"https:\/\/bionia.bio\/de\/wp-json\/wp\/v2\/media\/36037"}],"wp:attachment":[{"href":"https:\/\/bionia.bio\/de\/wp-json\/wp\/v2\/media?parent=36066"}],"wp:term":[{"taxonomy":"product_brand","embeddable":true,"href":"https:\/\/bionia.bio\/de\/wp-json\/wp\/v2\/product_brand?post=36066"},{"taxonomy":"product_cat","embeddable":true,"href":"https:\/\/bionia.bio\/de\/wp-json\/wp\/v2\/product_cat?post=36066"},{"taxonomy":"product_tag","embeddable":true,"href":"https:\/\/bionia.bio\/de\/wp-json\/wp\/v2\/product_tag?post=36066"}],"curies":[{"name":"wp","href":"https:\/\/api.w.org\/{rel}","templated":true}]}}