{"id":36065,"date":"2024-04-17T16:53:25","date_gmt":"2024-04-17T13:53:25","guid":{"rendered":"https:\/\/bionia2.ivexto.net\/product\/erbsenproteinisolat-premiumqualitaet\/"},"modified":"2025-06-14T20:01:09","modified_gmt":"2025-06-14T17:01:09","slug":"erbsenproteinisolat-premiumqualitaet","status":"publish","type":"product","link":"https:\/\/bionia.bio\/de\/product\/erbsenproteinisolat-premiumqualitaet\/","title":{"rendered":"Erbsenproteinisolat \u2013 Premiumqualit\u00e4t"},"content":{"rendered":"<p><strong>Erbsenproteinisolat von hoher Reinheit, das alle 18 essentiellen Aminos\u00e4uren in erheblichen Mengen enth\u00e4lt \u2013 80% Proteine.<\/strong><\/p>\n<p>Sehr hohe tats\u00e4chliche Verdaulichkeit \u2013 98 %.<\/p>\n<p>Proteine sind wichtig, um die <strong>Muskelproteinsynthese<\/strong> zu stimulieren und den <strong>Muskelregenerationsprozess<\/strong> in Gang zu setzen. Dank seiner Zusammensetzung aus <strong>Arginin, BCAA und Eisen<\/strong> spielt dieses Erbsenprotein eine wichtige Rolle bei der Muskelsynthese, der Steigerung der Muskelkraft und der Muskelregeneration.<\/p>\n<p>Dank des schonenden Herstellungsverfahrens verf\u00fcgt dieses Erbsenprotein \u00fcber einen <strong>optimierten Geschmack<\/strong>\u00a0und kann in einer Vielzahl von Endprodukten verwendet werden.<\/p>\n<div class=\"QFw9Te BLojaf\">\n<div id=\"ow347\"><strong>Anwendung:<\/strong><\/div>\n<\/div>\n<ul>\n<li>RTD-Getr\u00e4nke, Shakes, milchfrei \u2013 Dank seiner hohen L\u00f6slichkeit und Emulgierkapazit\u00e4t ist dieses Erbsenprotein ideal f\u00fcr die Formulierung von g\u00e4ngigen und proteinreichen RTD-Getr\u00e4nken, Pulvermischungen und milchfreien Produkten.<\/li>\n<li>BARS UND B\u00c4CKEREI \u2013 proteinreiche Riegel, glutenfreies Brot oder Kekse.<\/li>\n<li>(PFLANZENBASIERTES) SAVORY \u2013 Emulgierkapazit\u00e4t, hohe Viskosit\u00e4t bei saurem pH-Wert und hohe Geleigenschaften machen es ideal f\u00fcr Savoury-Produkte.<\/li>\n<\/ul>\n<p>Pea is a very <strong>efficient raw material<\/strong> in the production of proteins: use of water, land and energy. In the rotations, the pea contributes to a significant reduction in greenhouse gas emissions.<\/p>\n<p>Erbsen sind ein sehr effizienter Rohstoff f\u00fcr die Produktion von Proteinen: Nutzung von Wasser, Land und Energie. Die Erbse tr\u00e4gt zu einer deutlichen Reduzierung der Treibhausgasemissionen bei.<\/p>\n","protected":false},"excerpt":{"rendered":"<p><strong>Erbsenproteinisolat von hoher Reinheit, das alle 18 essentiellen Aminos\u00e4uren in erheblichen Mengen enth\u00e4lt \u2013 80% Proteine.<\/strong><\/p>\n<p>Sehr hohe tats\u00e4chliche Verdaulichkeit \u2013 98 %.<\/p>\n<div class=\"QFw9Te BLojaf\">\n<div id=\"ow347\"><strong>Anwendung:<\/strong><\/div>\n<\/div>\n<ul>\n<li>RTD-Getr\u00e4nke, Shakes, milchfreie Produkte.<\/li>\n<li>BARS UND B\u00c4CKEREI \u2013 proteinreiche Riegel, glutenfreies Brot oder Kekse.<\/li>\n<li>PFLANZENBASIERTES SAVORY<\/li>\n<\/ul>\n","protected":false},"featured_media":36039,"comment_status":"closed","ping_status":"open","template":"","meta":{"wds_primary_product_brand":0,"wds_primary_product_cat":0},"product_brand":[],"product_cat":[338],"product_tag":[855,856,865,604,858,859,860,861,862,863],"class_list":{"0":"post-36065","1":"product","2":"type-product","3":"status-publish","4":"has-post-thumbnail","6":"product_cat-b2b-wholesale-de","7":"product_tag-18-essential-amino-acids-de","8":"product_tag-80-proteins-de","9":"product_tag-digestibility-98-de-2","10":"product_tag-gluten-free-de","11":"product_tag-gluten-free-bread-de","12":"product_tag-high-protein-bars-de","13":"product_tag-high-purity-de","14":"product_tag-muscle-protein-synthesis-de","15":"product_tag-muscle-recovery-de","16":"product_tag-pea-protein-isolate-de","17":"pa_product-size-15-kg-de","18":"pa_product-size-600-kg-de","20":"first","21":"instock","22":"shipping-taxable","23":"purchasable","24":"product-type-variable"},"_links":{"self":[{"href":"https:\/\/bionia.bio\/de\/wp-json\/wp\/v2\/product\/36065","targetHints":{"allow":["GET"]}}],"collection":[{"href":"https:\/\/bionia.bio\/de\/wp-json\/wp\/v2\/product"}],"about":[{"href":"https:\/\/bionia.bio\/de\/wp-json\/wp\/v2\/types\/product"}],"replies":[{"embeddable":true,"href":"https:\/\/bionia.bio\/de\/wp-json\/wp\/v2\/comments?post=36065"}],"wp:featuredmedia":[{"embeddable":true,"href":"https:\/\/bionia.bio\/de\/wp-json\/wp\/v2\/media\/36039"}],"wp:attachment":[{"href":"https:\/\/bionia.bio\/de\/wp-json\/wp\/v2\/media?parent=36065"}],"wp:term":[{"taxonomy":"product_brand","embeddable":true,"href":"https:\/\/bionia.bio\/de\/wp-json\/wp\/v2\/product_brand?post=36065"},{"taxonomy":"product_cat","embeddable":true,"href":"https:\/\/bionia.bio\/de\/wp-json\/wp\/v2\/product_cat?post=36065"},{"taxonomy":"product_tag","embeddable":true,"href":"https:\/\/bionia.bio\/de\/wp-json\/wp\/v2\/product_tag?post=36065"}],"curies":[{"name":"wp","href":"https:\/\/api.w.org\/{rel}","templated":true}]}}