{"id":36060,"date":"2024-04-17T19:11:06","date_gmt":"2024-04-17T16:11:06","guid":{"rendered":"https:\/\/bionia2.ivexto.net\/product\/attich-zwerg-holunder-ganze-frucht-getrocknet\/"},"modified":"2025-06-14T20:01:08","modified_gmt":"2025-06-14T17:01:08","slug":"attich-zwerg-holunder-ganze-frucht-getrocknet","status":"publish","type":"product","link":"https:\/\/bionia.bio\/de\/product\/attich-zwerg-holunder-ganze-frucht-getrocknet\/","title":{"rendered":"Attich (Zwerg-Holunder) &#8211; ganze Frucht, getrocknet"},"content":{"rendered":"<p><strong>Attich (Zwerg-Holunder) &#8211; ganze Frucht, getrocknet, <em>SAMBUCUS EBULUS<\/em>\u00a0<\/strong><\/p>\n<p><strong>Nat\u00fcrliche Quelle von:<\/strong><\/p>\n<ul>\n<li>Anthocyanen<\/li>\n<li>Vitaminen<\/li>\n<li>Mineralien<\/li>\n<\/ul>\n<p><strong>OHNE Konservierungsstoffe.<\/strong> <strong>Vegan. GLUTENFREI.<\/strong><\/p>\n<p><strong>Zutaten:<\/strong> 100% reife Fr\u00fcchte von Zwerg-Holunder <em>Sambucus ebulus<\/em> \u2013 getrocknet, ganz.<\/p>\n<p>Sambucus ebulus ist eine krautige Pflanze mit hervorstehenden violettschwarzen Fr\u00fcchten.<\/p>\n<p><strong>Empfohlene Tagesdosis:<\/strong> 10 bis 20 K\u00f6rner t\u00e4glich auf n\u00fcchternen Magen, besonders w\u00e4hrend der Herbst-Winter-Saison. Bei empfindlichen Menschen und Kindern nicht mehr als 2-3 K\u00f6rner t\u00e4glich. Er wird zu prophylaktischen und therapeutischen Zwecken verzehrt.<\/p>\n<p><strong><u>Warnung: In gro\u00dfen Dosen ist die Pflanze GIFTIG! Ein kraftvolles Heilkraut!<\/u><\/strong><\/p>\n<p>Die spezifische Kraft des Holunders <em>Sambucus ebulus<\/em> sind seine charakteristischen Anthocyane &#8211; Farbstoffe, die der Frucht eine dunkel-schwarz-violette Farbe verleihen. Er hat eine g\u00fcnstige Wirkung auf die Immunfunktion bei Virus- und Pilzkrankheiten und wirkt wie ein Diuretikum in Gegenwart von Schwermetallen und radioaktiven Isotopen.<\/p>\n<p><strong>Aufbewahrungs- oder Verwendungsbedingungen:<\/strong> Die getrockneten Fr\u00fcchte direkt verzehren oder zu Smoothies und frischen Fruchts\u00e4ften hinzuf\u00fcgen. 1 Teel\u00f6ffel getrocknete Fr\u00fcchte (10-15 K\u00f6rner) kann abends in einem Glas Wasser eingeweicht und am n\u00e4chsten Morgen geseiht und auf n\u00fcchternen Magen getrunken werden. An einem trockenen und k\u00fchlen Ort bei Raumtemperatur aufbewahren.<\/p>\n<p><strong>Herkunft:<\/strong> Bulgarien. Produkt mit garantierter Qualit\u00e4t, direkt vom Hersteller geliefert.<\/p>\n","protected":false},"excerpt":{"rendered":"<p><strong>Attich (Zwerg-Holunder) &#8211; ganze Frucht, getrocknet, <em>SAMBUCUS EBULUS<\/em>\u00a0<\/strong><\/p>\n<p><strong>Nat\u00fcrliche Quelle von:<\/strong><\/p>\n<ul>\n<li>Anthocyanen<\/li>\n<li>Vitaminen<\/li>\n<li>Mineralien<\/li>\n<\/ul>\n<p><strong>OHNE Konservierungsstoffe.<\/strong> <strong>Vegan. GLUTENFREI.<\/strong><\/p>\n","protected":false},"featured_media":36043,"comment_status":"closed","ping_status":"open","template":"","meta":{"wds_primary_product_brand":0,"wds_primary_product_cat":0},"product_brand":[],"product_cat":[338],"product_tag":[840,805,691,841,806,842,807],"class_list":{"0":"post-36060","1":"product","2":"type-product","3":"status-publish","4":"has-post-thumbnail","6":"product_cat-b2b-wholesale-de","7":"product_tag-anthocyanin-content-de","8":"product_tag-anthocyanins-de","9":"product_tag-antioxidant-de","10":"product_tag-dried-fruit-de","11":"product_tag-dwarf-elder-berries-de","12":"product_tag-dwarf-elder-berries-dried-fruit-de","13":"product_tag-sambucus-ebulus-de","14":"pa_product-size-10-kg-de","15":"pa_product-size-500-kg-de","17":"first","18":"instock","19":"shipping-taxable","20":"purchasable","21":"product-type-variable"},"_links":{"self":[{"href":"https:\/\/bionia.bio\/de\/wp-json\/wp\/v2\/product\/36060","targetHints":{"allow":["GET"]}}],"collection":[{"href":"https:\/\/bionia.bio\/de\/wp-json\/wp\/v2\/product"}],"about":[{"href":"https:\/\/bionia.bio\/de\/wp-json\/wp\/v2\/types\/product"}],"replies":[{"embeddable":true,"href":"https:\/\/bionia.bio\/de\/wp-json\/wp\/v2\/comments?post=36060"}],"wp:featuredmedia":[{"embeddable":true,"href":"https:\/\/bionia.bio\/de\/wp-json\/wp\/v2\/media\/36043"}],"wp:attachment":[{"href":"https:\/\/bionia.bio\/de\/wp-json\/wp\/v2\/media?parent=36060"}],"wp:term":[{"taxonomy":"product_brand","embeddable":true,"href":"https:\/\/bionia.bio\/de\/wp-json\/wp\/v2\/product_brand?post=36060"},{"taxonomy":"product_cat","embeddable":true,"href":"https:\/\/bionia.bio\/de\/wp-json\/wp\/v2\/product_cat?post=36060"},{"taxonomy":"product_tag","embeddable":true,"href":"https:\/\/bionia.bio\/de\/wp-json\/wp\/v2\/product_tag?post=36060"}],"curies":[{"name":"wp","href":"https:\/\/api.w.org\/{rel}","templated":true}]}}