{"id":36059,"date":"2024-04-17T19:28:16","date_gmt":"2024-04-17T16:28:16","guid":{"rendered":"https:\/\/bionia2.ivexto.net\/product\/bierhefe-flocken\/"},"modified":"2025-06-14T20:01:07","modified_gmt":"2025-06-14T17:01:07","slug":"bierhefe-flocken","status":"publish","type":"product","link":"https:\/\/bionia.bio\/de\/product\/bierhefe-flocken\/","title":{"rendered":"Bierhefe Flocken"},"content":{"rendered":"<p><strong>Bierhefe\u00a0Flocken<\/strong><\/p>\n<p>Nahrungserg\u00e4nzungsmittel<\/p>\n<p>Nat\u00fcrliche Quelle von:<\/p>\n<ul>\n<li><strong>Vitamin B-Komplex: <\/strong>\u0412\u2081, \u0412\u2082, \u0412\u2083, \u0412\u2085, \u0412\u2086, \u0412\u2081\u2082, \u0412\u2089 &#8211; Fols\u00e4ure<\/li>\n<li><strong>Mineralien: <\/strong>Kalzium, Kalium, Phosphor, Eisen, Kupfer, Mangan, Zink<\/li>\n<li><strong>44% Proteine, 21% Ballaststoffe, nur 2% Fett<\/strong><\/li>\n<\/ul>\n<p>Nettof\u00fcllmenge: \u212e 100 g<\/p>\n<p>100% Naturprodukt ohne Zus\u00e4tze.<\/p>\n<table width=\"601\">\n<tbody>\n<tr>\n<td colspan=\"2\" width=\"601\"><strong>Nutritional data \/ Durchschnittliche N\u00e4hrwerte pro 100 g<\/strong><\/td>\n<\/tr>\n<tr>\n<td width=\"363\">Energy in kcal \/ Energie<\/td>\n<td width=\"238\">1.180 kJ \/ 280 kcal<\/td>\n<\/tr>\n<tr>\n<td width=\"363\">Protein \/ Eiwei\u00df<\/td>\n<td width=\"238\">41.8 g<\/td>\n<\/tr>\n<tr>\n<td width=\"363\">Fat \/ Gesamtfett<\/td>\n<td width=\"238\">1.9 g<\/td>\n<\/tr>\n<tr>\n<td width=\"363\">&#8211; of which saturated fats \/ davon ges\u00e4ttigte Fetts\u00e4uren<\/td>\n<td width=\"238\">1.3 g<\/td>\n<\/tr>\n<tr>\n<td width=\"363\">Carbohydrates \/ Kohlenhydrate<\/td>\n<td width=\"238\">23.1 g<\/td>\n<\/tr>\n<tr>\n<td width=\"363\">&#8211; of which sugars \/ davon Zucker<\/td>\n<td width=\"238\">8.9 g<\/td>\n<\/tr>\n<tr>\n<td width=\"363\">Dietary Fiber \/ Ballaststoffe<\/td>\n<td width=\"238\">21.2 g<\/td>\n<\/tr>\n<tr>\n<td width=\"363\">Salt \/ Salz<\/td>\n<td width=\"238\">0.05 g<\/td>\n<\/tr>\n<\/tbody>\n<\/table>\n<p><strong>\u00a0<\/strong><\/p>\n<p><strong>Zutaten: 100% Bierhefe<\/strong> <em>Saccharomyces cerevisiae<\/em>, nur aus Naturprodukten wie Malz, Hopfen, Hefe und Wasser gewonnen. Alle Rohstoffe haben einen garantierten Ursprung und den Status \u201eGMO-frei\u201c (ohne gentechnisch ver\u00e4nderte Produkte).<\/p>\n<p><strong>Empfohlene Tagesdosis: <\/strong>Zweimal t\u00e4glich 1 Essl\u00f6ffel mit etwas Fl\u00fcssigkeit (1 Essl\u00f6ffel \u2248 2 g). Die Bierhefe ist kein Arzneimittel, sondern wird als Nahrungserg\u00e4nzungsmittel zum Tagesmen\u00fc empfohlen. Nicht als Ersatz f\u00fcr eine ausgewogene und abwechslungsreiche Ern\u00e4hrung verwenden. Die empfohlene Tagesdosis nicht \u00fcberschreiten. Das Produkt ist kein Medikament.<\/p>\n<p>Die<strong> BIERHEFE VON BIONIA<\/strong> ist nat\u00fcrlichen organischen Ursprungs und reich an Vitaminen, Mineralien und Eiwei\u00dfstoffen.<\/p>\n<p>Die<strong> BIERHEFE VON BIONIA<\/strong> ist 100% Naturprodukt ohne Zus\u00e4tze. Sie enth\u00e4lt alle Vitamine der \u0412-Gruppe (\u0412\u2081, \u0412\u2082, \u0412\u2083, B\u2085, \u0412\u2086, B\u2089, B\u2081\u2082). Deshalb sind die Zellen der Bierhefe eine Quelle essentieller Aminos\u00e4uren, Mineralien und Spurenelemente (Eisen, Kalzium, Zink, Mangan, Kalium, Phosphor u.a.)<\/p>\n<ul>\n<li><strong>Bierhefe und Immunit\u00e4t<\/strong> &#8211; Die darin enthaltenen Polysaccharide und Aminos\u00e4uren wirken sich auf unsere allgemeine Gesundheit, das Immunsystem und die Zellregeneration g\u00fcnstig aus, insbesondere wenn wir abgenommen haben.<\/li>\n<li><strong>Bierhefe und gute Figur<\/strong> &#8211; Aufgrund ihres hohen Proteingehalts erzeugt die Bierhefe ein S\u00e4ttigungsgef\u00fchl und reduziert den Bedarf an gro\u00dfen Mengen an Lebensmitteln. Gleichzeitig versorgt sie den K\u00f6rper mit den notwendigen Proteinen und sichert Energie. Die Bierhefe ist eine n\u00fctzliche Erg\u00e4nzung f\u00fcr diejenigen, die eine Di\u00e4t zur Gewichtsreduktion (nur 2% Fett) einhalten, sowie f\u00fcr Sportler, da die Proteine (44%) der Baustein der Muskelmasse sind.<\/li>\n<li><strong>Bierhefe und gesunde Haut, Haare und N\u00e4gel<\/strong> &#8211; Eine unzureichende Aufnahme von Vitamin B wirkt sich auf Haut, Haare und N\u00e4gel aus. Die Bierhefe wirkt sich auf den Zustand von Haut, Haaren und N\u00e4geln g\u00fcnstig aus, da die Vitamine der B-Gruppe in Kombination mit wertvollen Aminos\u00e4uren den Stoffwechsel und die nat\u00fcrliche Zellregeneration unterst\u00fctzen. Die Voraussetzung f\u00fcr das Zellwachstum &#8211; die Fols\u00e4ure (Vitamin B\u2089) hat einen hohen Gehalt von 800 \u00b5g \/ 100 g in der Bierhefe.<\/li>\n<li><strong>Gesundheitsrezepte<\/strong> &#8211; die BIERHEFE VON BIONIA kann auch als Geschmacksverst\u00e4rker\/Geschmacksverbesserer von Gerichten und Getr\u00e4nken verwendet werden. Dank ihres leicht w\u00fcrzigen Geschmacks ist die Bierhefe ein guter Ersatz f\u00fcr Salz und Gew\u00fcrze in Lebensmitteln. Hinzugef\u00fcgt zu Suppen, Saucen, Salaten und Gem\u00fcse erg\u00e4nzt die Bierhefe den Geschmack und die gesundheitlichen Eigenschaften von Lebensmitteln. Um ihre n\u00fctzlichen Inhaltsstoffe nicht zu verlieren, soll die Bierhefe immer nach der W\u00e4rmebehandlung der Lebensmittel hinzugef\u00fcgt werden!<\/li>\n<\/ul>\n<table width=\"544\">\n<tbody>\n<tr>\n<td width=\"325\"><strong>Vitamins &amp; Minerals \/ Vitamine &amp; Mineralien<\/strong><\/td>\n<td width=\"115\"><strong>In daily dose 2 tb. sp. \/ Tagesdosis 2 Teel\u00f6fel<\/strong><\/p>\n<p><strong>\u2248 2 g<\/strong><\/td>\n<td width=\"104\"><strong>\u0412 \/ In \/ Pro 100 g<\/strong><\/td>\n<\/tr>\n<tr>\n<td width=\"325\">Vitamin B3 (Niacin)<\/td>\n<td width=\"115\">1.72 mg NE<\/td>\n<td width=\"104\">43 mg NE<\/td>\n<\/tr>\n<tr>\n<td width=\"325\">Vitamin B5 (Pantothenic acid)<\/td>\n<td width=\"115\">0,12 mg<\/td>\n<td width=\"104\">3 mg<\/td>\n<\/tr>\n<tr>\n<td width=\"325\">Vitamin B1 (Thiamine)<\/td>\n<td width=\"115\">0.28 mg<\/td>\n<td width=\"104\">7 mg<\/td>\n<\/tr>\n<tr>\n<td width=\"325\">Vitamin B6 (Pyridoxine)<\/td>\n<td width=\"115\">0.06 mg<\/td>\n<td width=\"104\">1.6 mg<\/td>\n<\/tr>\n<tr>\n<td width=\"325\">Vitamin B2 (Riboflavin)<\/td>\n<td width=\"115\">0.13 mg<\/td>\n<td width=\"104\">3.2 mg<\/td>\n<\/tr>\n<tr>\n<td width=\"325\">Vitamin B9 (Folic acid)<\/td>\n<td width=\"115\">0.03 \u00b5g<\/td>\n<td width=\"104\">800 \u00b5g<\/td>\n<\/tr>\n<tr>\n<td width=\"325\">Vitamin B12(Cobalamin)<\/td>\n<td width=\"115\">0.1 \u00b5g<\/td>\n<td width=\"104\">2.1 \u00b5g<\/td>\n<\/tr>\n<tr>\n<td width=\"325\">Potassium \/ Kalium<\/td>\n<td width=\"115\">72 \u00b5g<\/td>\n<td width=\"104\">1 800 \u00b5g<\/td>\n<\/tr>\n<tr>\n<td width=\"325\">Phosphorous \/ Phosphor<\/td>\n<td width=\"115\">44 mg<\/td>\n<td width=\"104\">1 100 mg<\/td>\n<\/tr>\n<tr>\n<td width=\"325\">Calcium \/ Kalzium<\/td>\n<td width=\"115\">11.2 mg<\/td>\n<td width=\"104\">280 mg<\/td>\n<\/tr>\n<tr>\n<td width=\"325\">Iron \/ Eisen<\/td>\n<td width=\"115\">0.3 mg<\/td>\n<td width=\"104\">7 mg<\/td>\n<\/tr>\n<tr>\n<td width=\"325\">Zinc \/ Zink<\/td>\n<td width=\"115\">0.2 mg<\/td>\n<td width=\"104\">5 mg<\/td>\n<\/tr>\n<tr>\n<td width=\"325\">Maganese \/ Mangan<\/td>\n<td width=\"115\">0.03 mg<\/td>\n<td width=\"104\">700 \u00b5g<\/td>\n<\/tr>\n<tr>\n<td width=\"325\">Copper \/ Kupfer<\/td>\n<td width=\"115\">0.02 mg<\/td>\n<td width=\"104\">500 \u00b5g<\/td>\n<\/tr>\n<\/tbody>\n<\/table>\n<p>&nbsp;<\/p>\n<p>Die <strong>BIERHEFE VON BIONIA<\/strong> hat einen nat\u00fcrlichen organischen Ursprung und versorgt den K\u00f6rper mit zus\u00e4tzlichen Mengen an Vitaminen, Mineralien und Eiwei\u00dfstoffen \u2013 dies ist besonders wertvoll f\u00fcr Veganer und Vegetarier, die eine vollst\u00e4ndig biologische Ern\u00e4hrung anstreben.<\/p>\n<p><strong>Herkunft: Deutschland<\/strong><\/p>\n","protected":false},"excerpt":{"rendered":"<p><strong>Bierhefe\u00a0Flocken<\/strong><\/p>\n<p>Nahrungserg\u00e4nzungsmittel<\/p>\n<p>Nat\u00fcrliche Quelle von:<\/p>\n<ul>\n<li><strong>Vitamin B-Komplex: <\/strong>\u0412\u2081, \u0412\u2082, \u0412\u2083, \u0412\u2085, \u0412\u2086, \u0412\u2081\u2082, \u0412\u2089 &#8211; Fols\u00e4ure<\/li>\n<li><strong>Mineralien: <\/strong>Kalzium, Kalium, Phosphor, Eisen, Kupfer, Mangan, Zink<\/li>\n<li><strong>44% Proteine, 21% Ballaststoffe, nur 2% Fett<\/strong>Nettof\u00fcllmenge: \u212e 100 g<\/li>\n<\/ul>\n<p>100% Naturprodukt ohne Zus\u00e4tze.<\/p>\n<p>Herkunft: Deutschland<\/p>\n","protected":false},"featured_media":38999,"comment_status":"closed","ping_status":"closed","template":"","meta":{"wds_primary_product_brand":0,"wds_primary_product_cat":0},"product_brand":[],"product_cat":[339],"product_tag":[834,835,825,828,836,831],"class_list":{"0":"post-36059","1":"product","2":"type-product","3":"status-publish","4":"has-post-thumbnail","6":"product_cat-bionia-premium-de","7":"product_tag-44-protein-de","8":"product_tag-brewers-yeast-flakes-de","9":"product_tag-eu-origin-de","10":"product_tag-non-gmo-de","11":"product_tag-saccharomyces-cerevisiae-de","12":"product_tag-vitamin-b-complex-de","13":"pa_product-size-1-kg-de","14":"pa_product-size-100-g-de","16":"first","17":"instock","18":"shipping-taxable","19":"purchasable","20":"product-type-variable"},"_links":{"self":[{"href":"https:\/\/bionia.bio\/de\/wp-json\/wp\/v2\/product\/36059","targetHints":{"allow":["GET"]}}],"collection":[{"href":"https:\/\/bionia.bio\/de\/wp-json\/wp\/v2\/product"}],"about":[{"href":"https:\/\/bionia.bio\/de\/wp-json\/wp\/v2\/types\/product"}],"replies":[{"embeddable":true,"href":"https:\/\/bionia.bio\/de\/wp-json\/wp\/v2\/comments?post=36059"}],"wp:featuredmedia":[{"embeddable":true,"href":"https:\/\/bionia.bio\/de\/wp-json\/wp\/v2\/media\/38999"}],"wp:attachment":[{"href":"https:\/\/bionia.bio\/de\/wp-json\/wp\/v2\/media?parent=36059"}],"wp:term":[{"taxonomy":"product_brand","embeddable":true,"href":"https:\/\/bionia.bio\/de\/wp-json\/wp\/v2\/product_brand?post=36059"},{"taxonomy":"product_cat","embeddable":true,"href":"https:\/\/bionia.bio\/de\/wp-json\/wp\/v2\/product_cat?post=36059"},{"taxonomy":"product_tag","embeddable":true,"href":"https:\/\/bionia.bio\/de\/wp-json\/wp\/v2\/product_tag?post=36059"}],"curies":[{"name":"wp","href":"https:\/\/api.w.org\/{rel}","templated":true}]}}