{"id":36058,"date":"2024-04-17T19:41:51","date_gmt":"2024-04-17T16:41:51","guid":{"rendered":"https:\/\/bionia2.ivexto.net\/product\/hefeflocken-engevita-b12\/"},"modified":"2025-06-14T20:01:07","modified_gmt":"2025-06-14T17:01:07","slug":"hefeflocken-engevita-b12","status":"publish","type":"product","link":"https:\/\/bionia.bio\/de\/product\/hefeflocken-engevita-b12\/","title":{"rendered":"Hefeflocken Engevita\u00ae+ B12"},"content":{"rendered":"<p><strong>BIONIA<\/strong> <strong>HEFEFLOCKEN<\/strong>\u00a0<strong>Engevita<\/strong><strong>\u00ae<\/strong><\/p>\n<p>Nahrungserg\u00e4nzungsmittel<\/p>\n<p>GMO-frei, GLUTENFREI<\/p>\n<p>Nat\u00fcrliche Quelle von:<\/p>\n<ul>\n<li><strong>Vitamin B-Komplex: <\/strong>\u0412\u2081, \u0412\u2082, \u0412\u2083, \u0412\u2085, \u0412\u2086, \u0412\u2089, \u0412\u2081\u2082<\/li>\n<li><strong>Mineralien: <\/strong>Natrium, Kalzium, Eisen, Zink, Magnesium, Kupfer<\/li>\n<\/ul>\n<p>100 g \u212e<\/p>\n<p>100% Naturprodukt f\u00fcr eine vollwertige vegetarische und vegane Ern\u00e4hrung.<\/p>\n<table width=\"601\">\n<tbody>\n<tr>\n<td colspan=\"2\" width=\"601\"><strong>Nutritional data \/ Durchschnittliche N\u00e4hrwerte pro 100 g<\/strong><\/td>\n<\/tr>\n<tr>\n<td width=\"363\">Energy in kcal \/ Energie<\/td>\n<td width=\"238\">34.4 kcal \/ 10 g<\/td>\n<\/tr>\n<tr>\n<td width=\"363\">Protein \/ Eiwei\u00df<\/td>\n<td width=\"238\">5.1 g \/ 10 g<\/td>\n<\/tr>\n<tr>\n<td width=\"363\">Carbohydrates \/ Kohlenhydrate<\/td>\n<td width=\"238\">3.7 g \/ 10 g<\/td>\n<\/tr>\n<tr>\n<td width=\"363\">of which sugars \/ davon Zucker<\/td>\n<td width=\"238\">1.2 g \/ 10 g<\/td>\n<\/tr>\n<tr>\n<td width=\"363\">Dietary Fiber \/ Ballaststoffe<\/td>\n<td width=\"238\">2.2 g \/ 10 g<\/td>\n<\/tr>\n<tr>\n<td width=\"363\">Fat \/ Gesamtfett<\/td>\n<td width=\"238\">0.4 g \/ 10 g<\/td>\n<\/tr>\n<tr>\n<td width=\"363\">Salt \/ Salz<\/td>\n<td width=\"238\">7 mg \/ 10 g<\/td>\n<\/tr>\n<\/tbody>\n<\/table>\n<p><strong>\u00a0<\/strong><\/p>\n<p><strong>Zutaten: N\u00e4hrhefe <\/strong><em>Saccharomyces cerevisiae.<\/em> Die N\u00e4hrhefe von Bionia ist eine k\u00f6stliche <strong>inaktivierte Hefe<\/strong> (keine lebenden Mikroorganismen), eine reichhaltige nat\u00fcrliche Quelle der f\u00fcr den K\u00f6rper ben\u00f6tigten <strong>B-Gruppe-Vitamine:<\/strong> \u0412\u2081\u2082 (Cobalamin), \u0412\u2089 (Folic acid), \u0412\u2081 (Thiamine), \u0412\u2082 (Riboflavin), \u0412\u2083 (Niacin), \u0412\u2085 (Pantothenic acid), \u0412\u2086 (Pyridoxine) u.a. Es enth\u00e4lt auch organische Mineralien wie Zink, Kalzium, Eisen, Magnesium u.a. <strong>Glutenfrei. <\/strong><\/p>\n<p><strong>Empfohlene Tagesdosis: <\/strong>Dreimal t\u00e4glich 1 Essl\u00f6ffel mit etwas Fl\u00fcssigkeit (1 Essl\u00f6ffel \u2248 3 g).<\/p>\n<p>Die N\u00e4hrhefe von Bionia ist reich an <strong>Proteine (51%)<\/strong>. Diese Proteine sind pflanzlichen Ursprungs, enthalten alle essentiellen Aminos\u00e4uren und werden vom menschlichen K\u00f6rper leicht aufgenommen.<\/p>\n<p>Die <strong>Hefeflocken von Bionia<\/strong> sind speziell\u00a0 entwickelt, um die Bed\u00fcrfnisse vom Vitamin B-Komplex bei einer vegetarischen oder veganen Ern\u00e4hrung zu erg\u00e4nzen.<\/p>\n<p><strong>Gebrauchsanweisung:<\/strong> Der angenehme umami Geschmack der Hefeflocken von Bionia macht sie <strong>ideal<\/strong> S\u00e4ften, Smoothies oder Extrakten aus Obst und Gem\u00fcse zu w\u00fcrzen. Sie <strong>kann zu jedem Gericht hinzugef\u00fcgt werden, <\/strong>um seinen Geschmack zu betonen. Streuen Sie sie auf Suppen, Salate, gekochte Gerichte, M\u00fcsli, Popcorn, Spaghetti, Pizza oder Kartoffelgerichte. Bei Suppen, Saucen und P\u00fcrees wirkt sie verdickend. Sie hilft auch, Fleischb\u00e4llchen leichter zu formen. Die N\u00e4hrhefe ist ein guter Salzersatz.<\/p>\n<p><strong>Rezept f\u00fcr hausgemachten, veganen Parmesan:<\/strong> 1 Teel\u00f6ffel rohe Mandeln, 2 Essl\u00f6ffel Hefeflocken, 1 Teel\u00f6ffel Knoblauchpulver mahlen, um die gew\u00fcnschte Konsistenz zu erhalten. Der Knoblauch kann durch ein anderes Gew\u00fcrz (Bohnenkraut, Oregano usw.) zur Geschmacksabwechslung oder Anpassung an ein anderes Gericht ersetzt werden.<\/p>\n<p>Die N\u00e4hrhefe von Bionia ist eine pflanzliche Quelle von Vitamin\u00a0 \u0412\u2081\u2082 und versorgt den menschlichen K\u00f6rper mit hochwertigen Eiwei\u00dfstoffen und nat\u00fcrlichen Ballaststoffen.<\/p>\n<table width=\"544\">\n<tbody>\n<tr>\n<td width=\"325\"><strong>Vitamins &amp; Minerals \/ Vitamine &amp; Mineralien<\/strong><\/td>\n<td width=\"115\"><strong>In daily dose 3 tb. sp. \/ Tagesdosis 3 Teel\u00f6fel<\/strong><\/p>\n<p><strong>\u2248 10 g<\/strong><\/td>\n<td width=\"104\"><strong>\u0412 \/ In \/ Pro 100 g<\/strong><\/td>\n<\/tr>\n<tr>\n<td width=\"325\">Vitamin B3 (Niacin)<\/td>\n<td width=\"115\">34.1 mg NE\/ 10 g<\/td>\n<td width=\"104\">341 mg<\/td>\n<\/tr>\n<tr>\n<td width=\"325\">Vitamin B5 (Pantothenic acid)<\/td>\n<td width=\"115\">14 mg \/ 10 g<\/td>\n<td width=\"104\">140 mg<\/td>\n<\/tr>\n<tr>\n<td width=\"325\">Vitamin B1 (Thiamine)<\/td>\n<td width=\"115\">4.5 mg \/ 10 g<\/td>\n<td width=\"104\">45 mg<\/td>\n<\/tr>\n<tr>\n<td width=\"325\">Vitamin B6 (Pyridoxine)<\/td>\n<td width=\"115\">3.4 mg \/ 10 g<\/td>\n<td width=\"104\">34 mg<\/td>\n<\/tr>\n<tr>\n<td width=\"325\">Vitamin B2 (Riboflavin)<\/td>\n<td width=\"115\">1.8 mg \/ 10 g<\/td>\n<td width=\"104\">18 mg<\/td>\n<\/tr>\n<tr>\n<td width=\"325\">Vitamin B9 (Folic acid)<\/td>\n<td width=\"115\">440 \u00b5g \/ 10 g<\/td>\n<td width=\"104\">4400 \u00b5g<\/td>\n<\/tr>\n<tr>\n<td width=\"325\">Vitamin B7 (Biotin)<\/td>\n<td width=\"115\">19.6 \u00b5g \/ 10 g<\/td>\n<td width=\"104\">196 \u00b5g<\/td>\n<\/tr>\n<tr>\n<td width=\"325\">Vitamin B12(Cobalamin)<\/td>\n<td width=\"115\">4.4 \u00b5g \/ 10 g<\/td>\n<td width=\"104\">44 \u00b5g<\/td>\n<\/tr>\n<tr>\n<td width=\"325\">Magnesium<\/td>\n<td width=\"115\">12.9 mg \/ 10 g<\/td>\n<td width=\"104\">129 mg<\/td>\n<\/tr>\n<tr>\n<td width=\"325\">Zinc \/ Zink<\/td>\n<td width=\"115\">12 mg \/ 10 g<\/td>\n<td width=\"104\">120 mg<\/td>\n<\/tr>\n<\/tbody>\n<\/table>\n<p>&nbsp;<\/p>\n<p><strong>Bioverf\u00fcgbarkeit<\/strong> \u2013 die N\u00e4hrhefe von Bionia zeichnet sich durch eine sehr hohe Absorption von N\u00e4hrstoffen (Proteine, Vitamine, Mineralien) aus: das Verh\u00e4ltnis zwischen der Nahrung, die f\u00fcr physiologische Funktionen und die Versorgung des K\u00f6rpers aufgenommen und verwendet wird.<\/p>\n<p>Ein h\u00e4ufig verwendetes Produkt in der vegetarischen, veganen und Rohkostern\u00e4hrung zur Anreicherung von Gerichten mit Vitaminen und Mineralien sowie aufgrund des delikaten, angenehmen Aromas.<\/p>\n<p>Die N\u00e4hrhefe ist kein Arzneimittel, sondern wird als Nahrungserg\u00e4nzungsmittel zum Tagesmen\u00fc empfohlen. Nicht als Ersatz f\u00fcr eine ausgewogene und abwechslungsreiche Ern\u00e4hrung verwenden. Die empfohlene Tagesdosis nicht \u00fcberschreiten. Das Produkt ist kein Medikament.<\/p>\n<p><strong>Aufbewahrungsbedingungen:<\/strong> An einem trockenen und k\u00fchlen Ort au\u00dferhalb der Reichweite von kleinen Kindern aufbewahren.<\/p>\n<p><strong>Hergestellt in der EU.<\/strong><\/p>\n<p>&nbsp;<\/p>\n","protected":false},"excerpt":{"rendered":"<p><strong>BIONIA<\/strong> <strong>HEFEFLOCKEN<\/strong>\u00a0<strong>Engevita<\/strong><strong>\u00ae<\/strong><\/p>\n<p>Nahrungserg\u00e4nzungsmittel<\/p>\n<p>GMO-frei, GLUTENFREI<\/p>\n<p>Nat\u00fcrliche Quelle von:<\/p>\n<ul>\n<li><strong>Vitamin B-Komplex: <\/strong>\u0412\u2081, \u0412\u2082, \u0412\u2083, \u0412\u2085, \u0412\u2086, \u0412\u2089, \u0412\u2081\u2082<\/li>\n<li><strong>Mineralien: <\/strong>Natrium, Kalzium, Eisen, Zink, Magnesium, Kupfer<\/li>\n<li><strong><strong>51% <\/strong>Proteine<\/strong><\/li>\n<li><strong>Hohe Bioverf\u00fcgbarkeit<\/strong><\/li>\n<\/ul>\n<p><strong>Inaktivierte Hefeflocken<\/strong><\/p>\n<p><strong>EU Herkunft<\/strong><\/p>\n<p>&nbsp;<\/p>\n","protected":false},"featured_media":39001,"comment_status":"closed","ping_status":"closed","template":"","meta":{"wds_primary_product_brand":0,"wds_primary_product_cat":0},"product_brand":[],"product_cat":[339],"product_tag":[823,824,825,826,827,828,829,830,831,832],"class_list":{"0":"post-36058","1":"product","2":"type-product","3":"status-publish","4":"has-post-thumbnail","6":"product_cat-bionia-premium-de","7":"product_tag-51-proteins-de","8":"product_tag-direct-consumption-de","9":"product_tag-eu-origin-de","10":"product_tag-inactivated-yeast-de","11":"product_tag-minerals-de","12":"product_tag-non-gmo-de","13":"product_tag-nutritional-yeast-engevita-de","14":"product_tag-umami-taste-de","15":"product_tag-vitamin-b-complex-de","16":"product_tag-vitamin-b12-de","17":"pa_product-size-1-kg-de","18":"pa_product-size-100-g-de","20":"first","21":"instock","22":"shipping-taxable","23":"purchasable","24":"product-type-variable"},"_links":{"self":[{"href":"https:\/\/bionia.bio\/de\/wp-json\/wp\/v2\/product\/36058","targetHints":{"allow":["GET"]}}],"collection":[{"href":"https:\/\/bionia.bio\/de\/wp-json\/wp\/v2\/product"}],"about":[{"href":"https:\/\/bionia.bio\/de\/wp-json\/wp\/v2\/types\/product"}],"replies":[{"embeddable":true,"href":"https:\/\/bionia.bio\/de\/wp-json\/wp\/v2\/comments?post=36058"}],"wp:featuredmedia":[{"embeddable":true,"href":"https:\/\/bionia.bio\/de\/wp-json\/wp\/v2\/media\/39001"}],"wp:attachment":[{"href":"https:\/\/bionia.bio\/de\/wp-json\/wp\/v2\/media?parent=36058"}],"wp:term":[{"taxonomy":"product_brand","embeddable":true,"href":"https:\/\/bionia.bio\/de\/wp-json\/wp\/v2\/product_brand?post=36058"},{"taxonomy":"product_cat","embeddable":true,"href":"https:\/\/bionia.bio\/de\/wp-json\/wp\/v2\/product_cat?post=36058"},{"taxonomy":"product_tag","embeddable":true,"href":"https:\/\/bionia.bio\/de\/wp-json\/wp\/v2\/product_tag?post=36058"}],"curies":[{"name":"wp","href":"https:\/\/api.w.org\/{rel}","templated":true}]}}