{"id":36057,"date":"2024-04-17T19:50:43","date_gmt":"2024-04-17T16:50:43","guid":{"rendered":"https:\/\/bionia2.ivexto.net\/product\/hagebutte-mit-nelke\/"},"modified":"2025-06-14T20:01:06","modified_gmt":"2025-06-14T17:01:06","slug":"hagebutte-mit-nelke","status":"publish","type":"product","link":"https:\/\/bionia.bio\/de\/product\/hagebutte-mit-nelke\/","title":{"rendered":"HAGEBUTTE mit Nelke"},"content":{"rendered":"<p><strong>HAGEBUTTE mit Nelke<\/strong> (<em><strong>Rosa<\/strong> <strong>canina<\/strong> <strong>L<\/strong><strong>.<\/strong><\/em>)<\/p>\n<p>Nahrungserg\u00e4nzungsmittel<\/p>\n<p><strong>Nat\u00fcrliche Quelle von:<\/strong><\/p>\n<ul>\n<li>Vitaminen: E, K, A<\/li>\n<li>Pektin, Flavonoide, Zucker<\/li>\n<li>Mineralien<\/li>\n<\/ul>\n<p>100% Naturprodukt ohne Zus\u00e4tze<\/p>\n<table width=\"428\">\n<tbody>\n<tr>\n<td colspan=\"3\" width=\"428\">Empfohlene Tagesdosis: 3 Essl\u00f6ffel t\u00e4glich<\/td>\n<\/tr>\n<tr>\n<td width=\"188\"><\/td>\n<td width=\"152\">1 Essl\u00f6ffel = 6 g<\/td>\n<td width=\"88\"><\/td>\n<\/tr>\n<tr>\n<td width=\"188\">Vitamine<\/td>\n<td width=\"152\">In der Tagesdosis 3 Essl\u00f6ffel ~18 g<\/td>\n<td width=\"88\">F\u00fcr 150 g<\/td>\n<\/tr>\n<tr>\n<td width=\"188\">Vitamin E<\/td>\n<td width=\"152\">2,1 mg<\/td>\n<td width=\"88\">17,5 mg<\/td>\n<\/tr>\n<tr>\n<td width=\"188\">Vitamin A (Beta-Carotin)<\/td>\n<td width=\"152\">277 \u00b5g<\/td>\n<td width=\"88\">2 308 \u00b5g<\/td>\n<\/tr>\n<tr>\n<td width=\"188\">Vitamin K<\/td>\n<td width=\"152\">79,65 \u00b5g<\/td>\n<td width=\"88\">664 \u00b5g<\/td>\n<\/tr>\n<\/tbody>\n<\/table>\n<p><strong>\u00a0<\/strong><\/p>\n<p><strong>Empfohlene Tagesdosis und Gebrauchsanweisung:<\/strong> 3 Essl\u00f6ffel t\u00e4glich als Tee, mit frischem Fruchtsaft, Shake, Joghurt, in kaltem Wasser gel\u00f6st oder als Abkochung mit hei\u00dfem Wasser. Geeignet zum W\u00fcrzen von Suppen und Gerichten.<\/p>\n<p>Die Hagebutte von Bionia ist mit garantierter <strong>EU Herkunft<\/strong> und Qualit\u00e4t.<\/p>\n<p><strong>Zutaten:<\/strong> fein gemahlene St\u00fccke aus ganzen Hagebutten, &lt;1% nat\u00fcrliche Nelke. Die Fr\u00fcchte sind mit einer speziellen Technologie zum leichteren Verzehr und\u00a0 Langzeitlagerung getrocknet. Aufgrund ihres reichen Gehalts an Vitaminen und Omega-Fetts\u00e4uren sind auch die Kerne verwendet.<\/p>\n<p>Die Hagebutte von Bionia ist ein 100% Naturprodukt, deshalb k\u00f6nnen die angegebenen Werte f\u00fcr Vitamine und Mineralien variieren.<\/p>\n<p>Die Hagebutten enthalten einen einzigartigen nat\u00fcrlichen Komplex aus nat\u00fcrlichem Vitamin A, Vitamin E und Vitamin K in Kombination mit starken Antioxidantien \u2013 Flavonoiden.<\/p>\n<p><strong>Hagebutte wirkt sich auf das Ausscheidungssystem g\u00fcnstig aus:<\/strong> Nieren, Gallenblase, Harnleiter, Harnblase.<\/p>\n<p><strong>Hagebutte wirkt sich auf das Kreislaufsystem g\u00fcnstig aus.<\/strong> Die darin enthaltenen Flavonoide erhalten die Gesundheit der Kapillaren, das Silizium in der Hagebutte ist wichtig f\u00fcr die Gesundheit der Blutgef\u00e4\u00dfw\u00e4nde und das Vitamin K unterst\u00fctzt die normale Blutgerinnung. Dies erh\u00e4lt die Gesundheit des Herz-Kreislauf-Systems.<\/p>\n<p><strong>Hagebutte wirkt sich auf die Funktion des Verdauungs- und Atmungssystems g\u00fcnstig aus.<\/strong> Sie wirkt sich auf die auf die Darmperistaltik positiv aus. Das darin enthaltene Pektin wirkt sich auf die Magen-Darm- und Bronchialschleimhaut g\u00fcnstig aus, da sie eine Deckschicht auf ihnen bildet.<\/p>\n<p><strong>Die Hagebutte erh\u00e4lt die Immunit\u00e4t<\/strong> und die Widerstandsf\u00e4higkeit des K\u00f6rpers aufgrund seines reichen Gehalts an Vitaminen. <strong>Der Komplex von Antioxidantien:<\/strong> Die Vitamine C, E, A, die Flavonoide und die essentiellen Fetts\u00e4uren <strong>verhindern das Altern<\/strong> und halten die Haut gesund, geschmeidig und jugendlich.<\/p>\n<p>Die Hagebutte ist geeignet f\u00fcr Kinder und Erwachsene, schwangere und stillende Frauen, Raucher, nach Trauma oder Infektion, wenn Sie starken k\u00f6rperlichen oder geistigen Belastungen ausgesetzt sind, und bei hei\u00dfem Klima.<\/p>\n<p>Als Multivitaminprodukt wird die Hagebutte als Nahrungserg\u00e4nzungsmittel zum Tagesmen\u00fc verwendet und ist kein Ersatz f\u00fcr eine abwechslungsreiche Ern\u00e4hrung. Die empfohlene Tagesdosis nicht \u00fcberschreiten. Das Produkt ist kein Medikament.<\/p>\n<p>Net weight: \u212e 150 g<\/p>\n","protected":false},"excerpt":{"rendered":"<p><strong>HAGEBUTTE mit Nelke<\/strong> (<em><strong>Rosa<\/strong> <strong>canina<\/strong> <strong>L<\/strong><strong>.<\/strong><\/em>)<\/p>\n<ul>\n<li><strong> EU Herkunft<\/strong><\/li>\n<\/ul>\n<p><strong>Nat\u00fcrliche Quelle von:<\/strong><\/p>\n<ul>\n<li>Vitaminen: E, K, A<\/li>\n<li>Pektin, Flavonoide, Zucker<\/li>\n<li>Mineralien<\/li>\n<\/ul>\n<p>100% Naturprodukt ohne Zus\u00e4tze<\/p>\n<p>Die Hagebutte ist geeignet f\u00fcr Kinder und Erwachsene, schwangere und stillende Frauen, Raucher, nach Trauma oder Infektion, wenn Sie starken k\u00f6rperlichen oder geistigen Belastungen ausgesetzt sind, und bei hei\u00dfem Klima.<\/p>\n","protected":false},"featured_media":39002,"comment_status":"closed","ping_status":"closed","template":"","meta":{"wds_primary_product_brand":0,"wds_primary_product_cat":0},"product_brand":[],"product_cat":[339],"product_tag":[812,813,814,815,816,817,818,819],"class_list":{"0":"post-36057","1":"product","2":"type-product","3":"status-publish","4":"has-post-thumbnail","6":"product_cat-bionia-premium-de","7":"product_tag-flavonoids-de","8":"product_tag-made-by-nature-de","9":"product_tag-natural-clove-de","10":"product_tag-pectin-de","11":"product_tag-rosa-canina-l-de","12":"product_tag-rose-hip-de","13":"product_tag-rose-hip-fruit-de","14":"product_tag-vitamin-a-e-and-k-de","15":"pa_product-size-150-g-de","16":"pa_product-size-900-g-de","18":"first","19":"instock","20":"shipping-taxable","21":"purchasable","22":"product-type-variable"},"_links":{"self":[{"href":"https:\/\/bionia.bio\/de\/wp-json\/wp\/v2\/product\/36057","targetHints":{"allow":["GET"]}}],"collection":[{"href":"https:\/\/bionia.bio\/de\/wp-json\/wp\/v2\/product"}],"about":[{"href":"https:\/\/bionia.bio\/de\/wp-json\/wp\/v2\/types\/product"}],"replies":[{"embeddable":true,"href":"https:\/\/bionia.bio\/de\/wp-json\/wp\/v2\/comments?post=36057"}],"wp:featuredmedia":[{"embeddable":true,"href":"https:\/\/bionia.bio\/de\/wp-json\/wp\/v2\/media\/39002"}],"wp:attachment":[{"href":"https:\/\/bionia.bio\/de\/wp-json\/wp\/v2\/media?parent=36057"}],"wp:term":[{"taxonomy":"product_brand","embeddable":true,"href":"https:\/\/bionia.bio\/de\/wp-json\/wp\/v2\/product_brand?post=36057"},{"taxonomy":"product_cat","embeddable":true,"href":"https:\/\/bionia.bio\/de\/wp-json\/wp\/v2\/product_cat?post=36057"},{"taxonomy":"product_tag","embeddable":true,"href":"https:\/\/bionia.bio\/de\/wp-json\/wp\/v2\/product_tag?post=36057"}],"curies":[{"name":"wp","href":"https:\/\/api.w.org\/{rel}","templated":true}]}}