{"id":36022,"date":"2023-11-02T18:34:09","date_gmt":"2023-11-02T15:34:09","guid":{"rendered":"https:\/\/bionia2.ivexto.net\/product\/vegetamin-bio-folsaeure-vitamin-b9-protein\/"},"modified":"2025-06-14T20:01:24","modified_gmt":"2025-06-14T17:01:24","slug":"vegetamin-bio-folsaeure-vitamin-b9-protein","status":"publish","type":"product","link":"https:\/\/bionia.bio\/de\/product\/vegetamin-bio-folsaeure-vitamin-b9-protein\/","title":{"rendered":"VEGETAMIN\u2122 &#8211; BIO Fols\u00e4ure (Vitamin B9) + Protein"},"content":{"rendered":"<p><strong>G\u00fcnstige Wirkung bei: Schwangerschaft, Energie, Zellregeneration, H\u00e4matopoese (An\u00e4mie)<\/strong><\/p>\n<p><strong>BIO Fols\u00e4ure (Vitamin B9) + Protein<\/strong><\/p>\n<p>Nur nat\u00fcrliche Zutaten<\/p>\n<p>60 Vegetarische Kapseln<\/p>\n<p>Nahrungserg\u00e4nzungsmittel<\/p>\n<p><strong>Zutaten:<\/strong><\/p>\n<ul>\n<li>Bio-Folat-Fols\u00e4ure (Vitamin B9) aus Zitronenextrakt;<\/li>\n<li>Bio-Sojaprotein mit nat\u00fcrlichen Isoflavonen.<\/li>\n<\/ul>\n<p><strong>Nettof\u00fcllmenge: 9 g \u212e<\/strong><\/p>\n<table>\n<tbody>\n<tr>\n<td colspan=\"3\" width=\"508\"><strong>Tagesdosis f\u00fcr Personen ab 16 Jahren: 1 Kapsel<\/strong><\/td>\n<\/tr>\n<tr>\n<td width=\"299\"><\/td>\n<td width=\"105\">Menge pro Tagesdosis<\/td>\n<td width=\"104\">Menge pro 100g<\/td>\n<\/tr>\n<tr>\n<td width=\"299\">BIO Fols\u00e4ure &#8211; Folat (aus Zitronenextrakt)<\/td>\n<td width=\"105\">400 \u03bcg<\/td>\n<td width=\"104\">263 mg<\/td>\n<\/tr>\n<tr>\n<td width=\"299\">Bio Sojaprotein<\/td>\n<td width=\"105\">150 mg<\/td>\n<td width=\"104\">95 g<\/td>\n<\/tr>\n<\/tbody>\n<\/table>\n<p>&nbsp;<\/p>\n<p>Pflanzliches Vitamin mit hoher Bioverf\u00fcgbarkeit!<\/p>\n<p><strong>Verwendung:<\/strong> Die BIO Fols\u00e4ure-Folat (Vitamin B9) von Bionia ist entwickelt, den t\u00e4glichen physiologischen Bedarf des K\u00f6rpers an Fols\u00e4ure zu erg\u00e4nzen, das Risiko von Fols\u00e4uremangel zu reduzieren, und hat g\u00fcnstige Wirkung auf:<\/p>\n<ul>\n<li>Vor, w\u00e4hrend und nach der Schwangerschaft;<\/li>\n<li>Wertvolle Ern\u00e4hrung;<\/li>\n<li>Bei Einnahme von hormonellen Verh\u00fctungsmitteln;<\/li>\n<li>Leber- und Nierenfunktion;<\/li>\n<li>Beim Alkohol und Rauchen.<\/li>\n<\/ul>\n<p><strong>Empfohlene Tagesdosis: <\/strong>1 Kapsel t\u00e4glich<\/p>\n<p><strong>Gebrauchsanweisung:<\/strong> Eine Kapsel oral (\u00fcber den Mund) mit hei\u00dfem oder kaltem Wasser einnehmen. Die Kapseln erhalten die Reinheit des Produkts ohne den Zusatz von Klebstoffen, F\u00fcllstoffen und anderen Hilfsstoffen.<\/p>\n<p><strong>Produkt mit 100% pflanzlichem Ursprung, geeignet f\u00fcr<\/strong> Veganer, Vegetarier, schwangere Frauen, Kinder, \u00e4ltere Menschen u.a.<\/p>\n<p>Die empfohlene Tagesdosis nicht \u00fcberschreiten! Nicht als Ersatz f\u00fcr eine ausgewogene und abwechslungsreiche Ern\u00e4hrung verwenden. Als Nahrungserg\u00e4nzungsmittel zum Tagesmen\u00fc empfohlen. Das Produkt ist kein Medikament.<\/p>\n<p><strong>Herkunft: EU<\/strong><\/p>\n","protected":false},"excerpt":{"rendered":"<p><strong>Bionia&#8217;s BIO folate (vitamin B9) is designed to supplement the body&#8217;s daily physiological need for folic acid, reduces the risk of folic acid deficiency and has a beneficial effect on:<\/strong><\/p>\n<ul>\n<li style=\"font-weight: 400;\" aria-level=\"1\"><span style=\"font-weight: 400;\">Before, during and after pregnancy;<\/span><\/li>\n<li style=\"font-weight: 400;\" aria-level=\"1\"><span style=\"font-weight: 400;\">Valuable nutrition;<\/span><\/li>\n<li style=\"font-weight: 400;\" aria-level=\"1\"><span style=\"font-weight: 400;\">When taking hormonal contraceptives;<\/span><\/li>\n<li style=\"font-weight: 400;\" aria-level=\"1\"><span style=\"font-weight: 400;\">Liver and kidney function.<\/span><\/li>\n<\/ul>\n<p><b>Bio Folat (Vitamin B9) + Protein<\/b><\/p>\n<p><span style=\"font-weight: 400;\">Only natural ingredients<\/span><\/p>\n<p><span style=\"font-weight: 400;\">60 Vegetarian Capsules<\/span><\/p>\n<p><span style=\"font-weight: 400;\">Dietary supplement<\/span><\/p>\n","protected":false},"featured_media":35925,"comment_status":"closed","ping_status":"closed","template":"","meta":{"wds_primary_product_brand":0,"wds_primary_product_cat":0},"product_brand":[],"product_cat":[335],"product_tag":[724,591,725,726,727,728,655,729],"class_list":{"0":"post-36022","1":"product","2":"type-product","3":"status-publish","4":"has-post-thumbnail","6":"product_cat-vegetamin-de","7":"product_tag-bio-folate-de","8":"product_tag-bionia-de","9":"product_tag-folic-acid-de","10":"product_tag-healthy-baby-de","11":"product_tag-liver-and-kidney-function-de","12":"product_tag-valuable-nutrition-de","13":"product_tag-vegetamin-de","14":"product_tag-vitamin-b9-de","16":"first","17":"outofstock","18":"shipping-taxable","19":"purchasable","20":"product-type-simple"},"_links":{"self":[{"href":"https:\/\/bionia.bio\/de\/wp-json\/wp\/v2\/product\/36022","targetHints":{"allow":["GET"]}}],"collection":[{"href":"https:\/\/bionia.bio\/de\/wp-json\/wp\/v2\/product"}],"about":[{"href":"https:\/\/bionia.bio\/de\/wp-json\/wp\/v2\/types\/product"}],"replies":[{"embeddable":true,"href":"https:\/\/bionia.bio\/de\/wp-json\/wp\/v2\/comments?post=36022"}],"wp:featuredmedia":[{"embeddable":true,"href":"https:\/\/bionia.bio\/de\/wp-json\/wp\/v2\/media\/35925"}],"wp:attachment":[{"href":"https:\/\/bionia.bio\/de\/wp-json\/wp\/v2\/media?parent=36022"}],"wp:term":[{"taxonomy":"product_brand","embeddable":true,"href":"https:\/\/bionia.bio\/de\/wp-json\/wp\/v2\/product_brand?post=36022"},{"taxonomy":"product_cat","embeddable":true,"href":"https:\/\/bionia.bio\/de\/wp-json\/wp\/v2\/product_cat?post=36022"},{"taxonomy":"product_tag","embeddable":true,"href":"https:\/\/bionia.bio\/de\/wp-json\/wp\/v2\/product_tag?post=36022"}],"curies":[{"name":"wp","href":"https:\/\/api.w.org\/{rel}","templated":true}]}}