{"id":36021,"date":"2023-11-02T18:41:08","date_gmt":"2023-11-02T15:41:08","guid":{"rendered":"https:\/\/bionia2.ivexto.net\/product\/vegetamin-bierhefe\/"},"modified":"2025-06-14T20:01:23","modified_gmt":"2025-06-14T17:01:23","slug":"vegetamin-bierhefe","status":"publish","type":"product","link":"https:\/\/bionia.bio\/de\/product\/vegetamin-bierhefe\/","title":{"rendered":"VEGETAMIN\u2122 &#8211; Bierhefe"},"content":{"rendered":"<p><strong>G\u00fcnstige Wirkung auf: Immunit\u00e4t, Energie, Haare, Haut, N\u00e4gel<\/strong><\/p>\n<p><strong>Bierhefe mit Vitaminen der B-Gruppe und Mineralien<\/strong><\/p>\n<p>GMO-frei<\/p>\n<p>Nur nat\u00fcrliche Zutaten<\/p>\n<p>60 Vegetarische Kapseln<\/p>\n<p>Nahrungserg\u00e4nzungsmittel<\/p>\n<p><strong>Zutaten:<\/strong> Nat\u00fcrliche Bierhefe aus Hopfen, Malz und Wasser. Quelle des Vitamin B-Komplexes und von Mineralien. Es enth\u00e4lt KEINE F\u00fcllstoffe und Klebstoffe.<\/p>\n<p><strong>Nettof\u00fcllmenge: <\/strong>25 g \u212e<\/p>\n<table width=\"452\">\n<tbody>\n<tr>\n<td colspan=\"3\" width=\"452\"><strong>Tagesdosis f\u00fcr Personen unter 12 Jahren*: 1 Kapsel<\/strong><\/td>\n<\/tr>\n<tr>\n<td colspan=\"3\" width=\"452\"><strong>Tagesdosis f\u00fcr Personen ab 12 Jahren: 4 Kapseln<\/strong><\/td>\n<\/tr>\n<tr>\n<td width=\"135\"><\/td>\n<td width=\"180\">Menge pro Tagesdosis<\/td>\n<td width=\"137\">Menge pro 100 g<\/td>\n<\/tr>\n<tr>\n<td width=\"135\">Bierhefe<\/td>\n<td width=\"180\">420*\/1680 mg<\/td>\n<td width=\"137\">100 g<\/td>\n<\/tr>\n<\/tbody>\n<\/table>\n<p>&nbsp;<\/p>\n<p>Nat\u00fcrliche Vitamine und Mineralien mit hoher Bioverf\u00fcgbarkeit!<\/p>\n<p><strong>Verwendung:<\/strong> Die nat\u00fcrliche Bierhefe von Bionia ist entwickelt, den t\u00e4glichen physiologischen Bedarf des K\u00f6rpers an Vitamin B-Komplexes, Aminos\u00e4uren und Mineralien zu erg\u00e4nzen, und hat g\u00fcnstige Wirkung auf:<\/p>\n<ul>\n<li>Das Immunsystem und die Widerstandskr\u00e4fte;<\/li>\n<li>Die Erholung nach harter k\u00f6rperlicher Arbeit, Sport und nach Krankheiten;<\/li>\n<li>Den Stoffwechsel.<\/li>\n<\/ul>\n<p><strong>Empfohlene Tagesdosis: <\/strong>F\u00fcr Erwachsene &#8211; 4 Kapseln t\u00e4glich; f\u00fcr Kinder (unter 12 Jahren) \u2013 1 Kapsel t\u00e4glich.<\/p>\n<p><strong>Gebrauchsanweisung:<\/strong> Die entsprechende Anzahl von Kapseln \u00fcber den Mund mit Fl\u00fcssigkeit einnehmen. Die Kapseln erhalten die Reinheit des Produkts ohne den Zusatz von Klebstoffen, F\u00fcllstoffen und anderen Hilfsstoffen.<\/p>\n<p><strong>Produkt mit 100% pflanzlichem Ursprung, geeignet f\u00fcr<\/strong> Veganer, Vegetarier, schwangere Frauen, Kinder, \u00e4ltere Menschen u.a.<\/p>\n<p>Die empfohlene Tagesdosis nicht \u00fcberschreiten! Nicht als Ersatz f\u00fcr eine ausgewogene und abwechslungsreiche Ern\u00e4hrung verwenden. Als Nahrungserg\u00e4nzungsmittel zum Tagesmen\u00fc empfohlen. Das Produkt ist kein Medikament.<\/p>\n<p><strong>Herkunft: Deutschland<\/strong><\/p>\n","protected":false},"excerpt":{"rendered":"<p><strong>Bionia&#8217;s natural brewer&#8217;s yeast is designed to supplement the body&#8217;s daily physiological needs for vitamin B complex, amino acids and minerals and has a beneficial effect on:<\/strong><\/p>\n<ul>\n<li style=\"font-weight: 400;\" aria-level=\"1\"><span style=\"font-weight: 400;\">The immune system and resistance;<\/span><\/li>\n<li style=\"font-weight: 400;\" aria-level=\"1\"><span style=\"font-weight: 400;\">Recovery after hard physical work, sports and after illnesses;<\/span><\/li>\n<li style=\"font-weight: 400;\" aria-level=\"1\"><span style=\"font-weight: 400;\">The metabolism.<\/span><\/li>\n<\/ul>\n<p><b>Brewer\u2019s yeast with <\/b><strong>B group vitamins and minerals<\/strong><\/p>\n<p><span style=\"font-weight: 400;\">Only natural ingredients, <\/span>GMO free<\/p>\n<p><span style=\"font-weight: 400;\">60 Vegetarian Capsules<\/span><\/p>\n<p><span style=\"font-weight: 400;\">Dietary supplement<\/span><\/p>\n","protected":false},"featured_media":35928,"comment_status":"closed","ping_status":"open","template":"","meta":{"wds_primary_product_brand":0,"wds_primary_product_cat":0},"product_brand":[],"product_cat":[335],"product_tag":[721,722,591,702,649,678,655],"class_list":{"0":"post-36021","1":"product","2":"type-product","3":"status-publish","4":"has-post-thumbnail","6":"product_cat-vegetamin-de","7":"product_tag-b-group-vitamins-de","8":"product_tag-b-group-vitamins-and-minerals-de","9":"product_tag-bionia-de","10":"product_tag-brewers-yeast-de","11":"product_tag-immune-system-de","12":"product_tag-metabolism-de","13":"product_tag-vegetamin-de","15":"first","16":"instock","17":"shipping-taxable","18":"purchasable","19":"product-type-simple"},"_links":{"self":[{"href":"https:\/\/bionia.bio\/de\/wp-json\/wp\/v2\/product\/36021","targetHints":{"allow":["GET"]}}],"collection":[{"href":"https:\/\/bionia.bio\/de\/wp-json\/wp\/v2\/product"}],"about":[{"href":"https:\/\/bionia.bio\/de\/wp-json\/wp\/v2\/types\/product"}],"replies":[{"embeddable":true,"href":"https:\/\/bionia.bio\/de\/wp-json\/wp\/v2\/comments?post=36021"}],"wp:featuredmedia":[{"embeddable":true,"href":"https:\/\/bionia.bio\/de\/wp-json\/wp\/v2\/media\/35928"}],"wp:attachment":[{"href":"https:\/\/bionia.bio\/de\/wp-json\/wp\/v2\/media?parent=36021"}],"wp:term":[{"taxonomy":"product_brand","embeddable":true,"href":"https:\/\/bionia.bio\/de\/wp-json\/wp\/v2\/product_brand?post=36021"},{"taxonomy":"product_cat","embeddable":true,"href":"https:\/\/bionia.bio\/de\/wp-json\/wp\/v2\/product_cat?post=36021"},{"taxonomy":"product_tag","embeddable":true,"href":"https:\/\/bionia.bio\/de\/wp-json\/wp\/v2\/product_tag?post=36021"}],"curies":[{"name":"wp","href":"https:\/\/api.w.org\/{rel}","templated":true}]}}