{"id":36020,"date":"2023-11-02T18:45:48","date_gmt":"2023-11-02T15:45:48","guid":{"rendered":"https:\/\/bionia2.ivexto.net\/product\/vegetamin-immunitaet-komplex\/"},"modified":"2025-06-14T20:01:23","modified_gmt":"2025-06-14T17:01:23","slug":"vegetamin-immunitaet-komplex","status":"publish","type":"product","link":"https:\/\/bionia.bio\/de\/product\/vegetamin-immunitaet-komplex\/","title":{"rendered":"VEGETAMIN\u2122 &#8211; IMMUNIT\u00c4T KOMPLEX"},"content":{"rendered":"<p><strong>IMMUNIT\u00c4T KOMPLEX: Yestimun\u00ae\u00a0 Beta-Glucan + nat\u00fcrliches VITAMIN C aus <em>Malpighia glabra L.<\/em>+ Zink-Bisglycinat Chelat<\/strong><\/p>\n<p>GMO-frei<\/p>\n<p>60 Vegetarische Kapseln<\/p>\n<p>Nahrungserg\u00e4nzungsmittel<\/p>\n<p><strong>G\u00fcnstige Wirkung auf:<\/strong> <strong>Cholesterin, Antioxidans, Vitalit\u00e4t, Immunit\u00e4t<\/strong><\/p>\n<p><strong>Zutaten:<\/strong><\/p>\n<ul>\n<li>Yestimun\u00ae Beta-Glucan mit Reinheitsgrad von mindestens 85%<\/li>\n<li>Nat\u00fcrliches Vitamin C, gewonnen aus der Pflanze <em>Malpighia glabra L<\/em>.<\/li>\n<li>Zink-Bisglycinat Chelat<\/li>\n<\/ul>\n<p><strong>Nettof\u00fcllmenge: 33 g <\/strong>\u212e<\/p>\n<table>\n<tbody>\n<tr>\n<td colspan=\"3\" width=\"619\"><strong>Tagesdosis f\u00fcr Personen ab 12 Jahren: 2 Kapseln<\/strong><\/td>\n<\/tr>\n<tr>\n<td colspan=\"3\" width=\"619\"><strong>Tagesdosis f\u00fcr Personen unter 12 Jahren*: 1 Kapsel<\/strong><\/td>\n<\/tr>\n<tr>\n<td width=\"324\">&nbsp;<\/td>\n<td width=\"191\">Menge pro Tagesdosis<\/td>\n<td width=\"105\">Menge pro 100 g<\/td>\n<\/tr>\n<tr>\n<td width=\"324\">Yestimun\u00ae Beta-Glucan<\/td>\n<td width=\"191\">400 mg \/ 200 mg*<\/td>\n<td width=\"105\">73 g \/ 36,5 g*<\/td>\n<\/tr>\n<tr>\n<td width=\"324\">Nat\u00fcrliches Vitamin C (Extrakt aus <em>Malpighia glabra L.<\/em>)<\/td>\n<td width=\"191\">126 mg \/ 63 mg*<\/td>\n<td width=\"105\">23 g \/ 11,5 g*<\/td>\n<\/tr>\n<tr>\n<td width=\"324\">Zink-Bisglycinat Chelat<\/td>\n<td width=\"191\">15 mg \/ 7,5 mg*<\/td>\n<td width=\"105\">2,73 g \/ 1,36 g*<\/td>\n<\/tr>\n<\/tbody>\n<\/table>\n<p>&nbsp;<\/p>\n<p>Komplex aus Vitaminen und Mineralstoffen mit hoher Bioverf\u00fcgbarkeit!<\/p>\n<p><strong>Verwendung:<\/strong><\/p>\n<p>Das Yestimun\u00ae Beta-Glucan + nat\u00fcrliches VITAMIN C aus Malpighia glabra L.+ Zink-Bisglycinat Chelat von Bionia sind entwickelt, den t\u00e4glichen physiologischen Bedarf des K\u00f6rpers an Vitaminen und Mineralien zu erg\u00e4nzen, und haben g\u00fcnstige Wirkung auf:<\/p>\n<ul>\n<li>Das Immunsystem;<\/li>\n<li>Die Ausdauer des K\u00f6rpers unter Stress, gro\u00dfer k\u00f6rperlicher und geistiger Belastung;<\/li>\n<li>Die antioxidativen Prozesse;<\/li>\n<li>Den Cholesterinspiegel.<\/li>\n<\/ul>\n<p><strong>Empfohlene Tagesdosis:<\/strong> F\u00fcr Erwachsene \u2013 2 Kapseln t\u00e4glich; f\u00fcr Kinder (unter 12 Jahren) \u2013 1 Kapsel t\u00e4glich.<\/p>\n<p><strong>Gebrauchsanweisung:<\/strong> Die entsprechende Anzahl von Kapseln vor den Mahlzeiten oral (\u00fcber den Mund) einnehmen. Sie k\u00f6nnen diese zu jeder Tageszeit einnehmen. Die Kapseln erhalten die Reinheit des Produkts ohne den Zusatz von Klebstoffen, F\u00fcllstoffen und anderen Hilfsstoffen.<\/p>\n<p>Das Produkt ist geeignet f\u00fcr Veganer, Vegetarier, Kinder, \u00e4ltere Menschen, Raucher u.a.<\/p>\n<p>Die empfohlene Tagesdosis nicht \u00fcberschreiten! Nicht als Ersatz f\u00fcr eine ausgewogene und abwechslungsreiche Ern\u00e4hrung verwenden. Als Nahrungserg\u00e4nzungsmittel zum Tagesmen\u00fc empfohlen. Das Produkt ist kein Medikament.<\/p>\n<p><strong>Herkunft: EU<\/strong><\/p>\n","protected":false},"excerpt":{"rendered":"<p><strong>Das Yestimun\u00ae Beta-Glucan + nat\u00fcrliches VITAMIN C aus Malpighia glabra L.+ Zink-Bisglycinat Chelat von Bionia sind entwickelt, den t\u00e4glichen physiologischen Bedarf des K\u00f6rpers an Vitaminen und Mineralien zu erg\u00e4nzen, und haben g\u00fcnstige Wirkung auf:<\/strong><\/p>\n<ul>\n<li>Das Immunsystem;<\/li>\n<li>Die Ausdauer des K\u00f6rpers unter Stress, gro\u00dfer k\u00f6rperlicher und geistiger Belastung;<\/li>\n<li>Die antioxidativen Prozesse;<\/li>\n<li>Den Cholesterinspiegel.<\/li>\n<\/ul>\n<p><strong>IMMUNIT\u00c4T KOMPLEX: Yestimun\u00ae\u00a0 Beta-Glucan + nat\u00fcrliches VITAMIN C aus <em>Malpighia glabra L.<\/em>+ Zink-Bisglycinat Chelat<\/strong><\/p>\n<p>GMO-frei<\/p>\n<p>60 Vegetarische Kapseln<\/p>\n<p>Nahrungserg\u00e4nzungsmittel<\/p>\n","protected":false},"featured_media":39884,"comment_status":"closed","ping_status":"closed","template":"","meta":{"wds_primary_product_brand":0,"wds_primary_product_cat":0},"product_brand":[],"product_cat":[335],"product_tag":[701,591,693,719,695,696,655,704,705,713,714],"class_list":{"0":"post-36020","1":"product","2":"type-product","3":"status-publish","4":"has-post-thumbnail","6":"product_cat-vegetamin-de","7":"product_tag-beta-glucan-de","8":"product_tag-bionia-de","9":"product_tag-immunity-de","10":"product_tag-immunity-complex-de","11":"product_tag-malpighia-glabra-l-de","12":"product_tag-natural-vitamin-c-de","13":"product_tag-vegetamin-de","14":"product_tag-yestimun-de","15":"product_tag-yestimun-beta-glucan-de","16":"product_tag-zinc-de","17":"product_tag-zinc-bisglycinate-chelate-de","19":"first","20":"instock","21":"shipping-taxable","22":"purchasable","23":"product-type-simple"},"_links":{"self":[{"href":"https:\/\/bionia.bio\/de\/wp-json\/wp\/v2\/product\/36020","targetHints":{"allow":["GET"]}}],"collection":[{"href":"https:\/\/bionia.bio\/de\/wp-json\/wp\/v2\/product"}],"about":[{"href":"https:\/\/bionia.bio\/de\/wp-json\/wp\/v2\/types\/product"}],"replies":[{"embeddable":true,"href":"https:\/\/bionia.bio\/de\/wp-json\/wp\/v2\/comments?post=36020"}],"wp:featuredmedia":[{"embeddable":true,"href":"https:\/\/bionia.bio\/de\/wp-json\/wp\/v2\/media\/39884"}],"wp:attachment":[{"href":"https:\/\/bionia.bio\/de\/wp-json\/wp\/v2\/media?parent=36020"}],"wp:term":[{"taxonomy":"product_brand","embeddable":true,"href":"https:\/\/bionia.bio\/de\/wp-json\/wp\/v2\/product_brand?post=36020"},{"taxonomy":"product_cat","embeddable":true,"href":"https:\/\/bionia.bio\/de\/wp-json\/wp\/v2\/product_cat?post=36020"},{"taxonomy":"product_tag","embeddable":true,"href":"https:\/\/bionia.bio\/de\/wp-json\/wp\/v2\/product_tag?post=36020"}],"curies":[{"name":"wp","href":"https:\/\/api.w.org\/{rel}","templated":true}]}}