{"id":36019,"date":"2023-11-02T18:49:43","date_gmt":"2023-11-02T15:49:43","guid":{"rendered":"https:\/\/bionia2.ivexto.net\/product\/vegetamin-zinc-bisglycinate-chelate-2\/"},"modified":"2025-06-14T20:01:23","modified_gmt":"2025-06-14T17:01:23","slug":"vegetamin-zinc-bisglycinate-chelate-2","status":"publish","type":"product","link":"https:\/\/bionia.bio\/de\/product\/vegetamin-zinc-bisglycinate-chelate-2\/","title":{"rendered":"VEGETAMIN\u2122 &#8211; Zink-Bisglycinat Chelat"},"content":{"rendered":"<p><strong>G\u00fcnstige Wirkung auf:<\/strong> <strong>Haut, Wunden, Gehirn, Spermatogenese, Antioxidans, Immunit\u00e4t<\/strong><\/p>\n<p><strong>Zink-Bisglycinat Chelat <\/strong><strong>+ Acerola-Extrakt (<em>Malpighia glabra L.)<\/em><\/strong><\/p>\n<p>GMO-frei<\/p>\n<p>60 Vegetarische Kapseln<\/p>\n<p>Nahrungserg\u00e4nzungsmittel<\/p>\n<p><strong>Zutaten:<\/strong><\/p>\n<ul>\n<li>Zink-Bisglycinat Chelat<\/li>\n<li>Acerola-Extrakt <em>Malpighia glabra L<\/em>.<\/li>\n<\/ul>\n<p><strong>Nettof\u00fcllmenge: 9 g <\/strong>\u212e<\/p>\n<table>\n<tbody>\n<tr>\n<td colspan=\"3\" width=\"619\"><strong>Tagesdosis f\u00fcr Personen ab 12 Jahren: 1 Kapsel<\/strong><\/td>\n<\/tr>\n<tr>\n<td width=\"324\">&nbsp;<\/td>\n<td width=\"191\">Menge pro Tagesdosis<\/td>\n<td width=\"105\">Menge pro 100 g<\/td>\n<\/tr>\n<tr>\n<td width=\"324\">Zink-Bisglycinat Chelat<\/td>\n<td width=\"191\">15 mg<\/td>\n<td width=\"105\">10 g<\/td>\n<\/tr>\n<tr>\n<td width=\"324\">Acerola-Extrakt (<em>Malpighia glabra L<\/em>.)<\/td>\n<td width=\"191\">90 mg<\/td>\n<td width=\"105\">64 g<\/td>\n<\/tr>\n<\/tbody>\n<\/table>\n<p>&nbsp;<\/p>\n<p>Komplex aus Vitaminen und Mineralstoffen mit hoher Bioverf\u00fcgbarkeit!<\/p>\n<p><strong>Das Zink-Bisglycinat Chelat + Acerola-Extrakt aus <em>Malpighia glabra L<\/em>. von Bionia sind entwickelt, den t\u00e4glichen physiologischen Bedarf des K\u00f6rpers an Vitaminen und Mineralien zu erg\u00e4nzen, und haben g\u00fcnstige Wirkung auf:<\/strong><\/p>\n<ul>\n<li>Das Immunsystem;<\/li>\n<li>Die antioxidativen Prozesse;<\/li>\n<li>Die Spermatogenese;<\/li>\n<li>Die Gehirnfunktion;<\/li>\n<li>Die Heilung von Wunden und Verletzungen;<\/li>\n<li>Haut, Haare, N\u00e4gel.<\/li>\n<\/ul>\n<p><strong>Empfohlene Tagesdosis:<\/strong> F\u00fcr Erwachsene \u2013 1 Kapsel t\u00e4glich.<\/p>\n<p><strong>Gebrauchsanweisung:<\/strong> Die entsprechende Anzahl von Kapseln vor den Mahlzeiten oral (\u00fcber den Mund) einnehmen. Sie k\u00f6nnen diese zu jeder Tageszeit einnehmen. Die Kapseln erhalten die Reinheit des Produkts ohne den Zusatz von Klebstoffen, F\u00fcllstoffen und anderen Hilfsstoffen.<\/p>\n<p>Das Produkt ist geeignet f\u00fcr Veganer, Vegetarier, \u00e4ltere Menschen, Raucher u.a.<\/p>\n<p><strong>ACHTUNG: Das Produkt darf von schwangeren und stillenden Frauen nicht eingenommen werden. Nehmen Sie kein Zink ein, wenn Sie Antibiotika einnehmen.<\/strong><\/p>\n<p>Die empfohlene Tagesdosis nicht \u00fcberschreiten! Nicht als Ersatz f\u00fcr eine ausgewogene und abwechslungsreiche Ern\u00e4hrung verwenden. Als Nahrungserg\u00e4nzungsmittel zum Tagesmen\u00fc empfohlen. Das Produkt ist kein Medikament.<\/p>\n<p><strong>Herkunft: EU<\/strong><\/p>\n","protected":false},"excerpt":{"rendered":"<p><strong>Das Zink-Bisglycinat Chelat + Acerola-Extrakt aus <em>Malpighia glabra L<\/em>. von Bionia sind entwickelt, den t\u00e4glichen physiologischen Bedarf des K\u00f6rpers an Vitaminen und Mineralien zu erg\u00e4nzen, und haben g\u00fcnstige Wirkung auf:<\/strong><\/p>\n<ul>\n<li>Das Immunsystem;<\/li>\n<li>Die antioxidativen Prozesse;<\/li>\n<li>Die Spermatogenese;<\/li>\n<li>Die Gehirnfunktion;<\/li>\n<li>Die Heilung von Wunden und Verletzungen;<\/li>\n<li>Haut, Haare, N\u00e4gel.<\/li>\n<\/ul>\n<p><strong>Zink-Bisglycinat Chelat <\/strong><strong>+ Acerola-Extrakt (<em>Malpighia glabra L.)<\/em><\/strong><\/p>\n<p>GMO-frei<\/p>\n<p>60 Vegetarische Kapseln<\/p>\n<p>Nahrungserg\u00e4nzungsmittel<\/p>\n","protected":false},"featured_media":39890,"comment_status":"closed","ping_status":"closed","template":"","meta":{"wds_primary_product_brand":0,"wds_primary_product_cat":0},"product_brand":[],"product_cat":[335],"product_tag":[691,591,708,662,709,649,710,711,712,655,713,714],"class_list":{"0":"post-36019","1":"product","2":"type-product","3":"status-publish","4":"has-post-thumbnail","6":"product_cat-vegetamin-de","7":"product_tag-antioxidant-de","8":"product_tag-bionia-de","9":"product_tag-brain-function-de","10":"product_tag-hair-de","11":"product_tag-healing-of-wounds-and-injuries-de","12":"product_tag-immune-system-de","13":"product_tag-nails-de","14":"product_tag-skin-de","15":"product_tag-spermatogenesis-de","16":"product_tag-vegetamin-de","17":"product_tag-zinc-de","18":"product_tag-zinc-bisglycinate-chelate-de","20":"first","21":"outofstock","22":"shipping-taxable","23":"purchasable","24":"product-type-simple"},"_links":{"self":[{"href":"https:\/\/bionia.bio\/de\/wp-json\/wp\/v2\/product\/36019","targetHints":{"allow":["GET"]}}],"collection":[{"href":"https:\/\/bionia.bio\/de\/wp-json\/wp\/v2\/product"}],"about":[{"href":"https:\/\/bionia.bio\/de\/wp-json\/wp\/v2\/types\/product"}],"replies":[{"embeddable":true,"href":"https:\/\/bionia.bio\/de\/wp-json\/wp\/v2\/comments?post=36019"}],"wp:featuredmedia":[{"embeddable":true,"href":"https:\/\/bionia.bio\/de\/wp-json\/wp\/v2\/media\/39890"}],"wp:attachment":[{"href":"https:\/\/bionia.bio\/de\/wp-json\/wp\/v2\/media?parent=36019"}],"wp:term":[{"taxonomy":"product_brand","embeddable":true,"href":"https:\/\/bionia.bio\/de\/wp-json\/wp\/v2\/product_brand?post=36019"},{"taxonomy":"product_cat","embeddable":true,"href":"https:\/\/bionia.bio\/de\/wp-json\/wp\/v2\/product_cat?post=36019"},{"taxonomy":"product_tag","embeddable":true,"href":"https:\/\/bionia.bio\/de\/wp-json\/wp\/v2\/product_tag?post=36019"}],"curies":[{"name":"wp","href":"https:\/\/api.w.org\/{rel}","templated":true}]}}