{"id":36018,"date":"2023-11-02T18:53:46","date_gmt":"2023-11-02T15:53:46","guid":{"rendered":"https:\/\/bionia2.ivexto.net\/product\/vegetamin-yestimun-beta-glucan-2\/"},"modified":"2025-06-14T20:01:22","modified_gmt":"2025-06-14T17:01:22","slug":"vegetamin-yestimun-beta-glucan-2","status":"publish","type":"product","link":"https:\/\/bionia.bio\/de\/product\/vegetamin-yestimun-beta-glucan-2\/","title":{"rendered":"VEGETAMIN\u2122 &#8211; Yestimun\u00ae Beta-Glucan"},"content":{"rendered":"<h4>G\u00fcnstige Wirkung auf das Immunsystem<\/h4>\n<p><b>Yestimun\u00ae\u00a0Beta-Glucan<\/b><\/p>\n<p>GMO-frei<\/p>\n<p>60 Vegetarische Kapseln<\/p>\n<p>Nahrungserg\u00e4nzungsmittel<\/p>\n<p><strong>Zutaten:<\/strong><\/p>\n<ul>\n<li>Yestimun\u00ae\u00a0Beta-Glucan<\/li>\n<\/ul>\n<p><strong>Nettof\u00fcllmenge: 24 g <\/strong>\u212e<\/p>\n<table>\n<tbody>\n<tr>\n<td colspan=\"3\" width=\"619\"><strong>Tagesdosis f\u00fcr Personen ab 12 Jahren: 1 Kapsel<\/strong><\/td>\n<\/tr>\n<tr>\n<td width=\"324\">&nbsp;<\/td>\n<td width=\"191\">Menge pro Tagesdosis<\/td>\n<td width=\"105\">Menge pro 100 g<\/td>\n<\/tr>\n<tr>\n<td width=\"324\">Yestimun\u00ae\u00a0Beta-Glucan<\/td>\n<td width=\"191\">400 mg<\/td>\n<td width=\"105\">100 g<\/td>\n<\/tr>\n<\/tbody>\n<\/table>\n<p>&nbsp;<\/p>\n<p><strong>Verwendung: <\/strong>Yestimun\u00ae\u00a0Beta-Glucan ist ein nat\u00fcrlicher, effektiver und hoch qualitativer Inhaltsstoff aus Bierhefe mit einer immun-unterst\u00fctzenden Wirkung.<\/p>\n<p>Die Bierhefe f\u00fcr die Herstellung von Yestimun\u00ae\u00a0wird auf nat\u00fcrlicher Basis von Gerste, Hopfen und Wasser ohne Zusatzstoffe vermehrt. W\u00e4hrend des Herstellungsprozesses von Yestimun\u00ae\u00a0wird eine hohe Reinheit der dreidimensionalen Struktur der Beta-Glucane erreicht und dadurch f\u00fcr die Immunzellen im Darm erkennbar gemacht.<\/p>\n<p><strong>Empfohlene Tagesdosis:<\/strong> F\u00fcr Erwachsene \u2013 1 Kapsel t\u00e4glich. Verzehrsempfehlung nicht \u00fcberschreiten.<\/p>\n<p><strong>Gebrauchsanweisung:<\/strong> Die entsprechende Anzahl von Kapseln vor den Mahlzeiten oral (\u00fcber den Mund) einnehmen. Sie k\u00f6nnen diese zu jeder Tageszeit einnehmen. Das Produkt nicht als Ersatz f\u00fcr eine ausgewogene und abwechslungsreiche Ern\u00e4hrung sowie gesunde Lebensweise betrachten. Yestimun\u00ae\u00a0Beta-Glucan ist frei von Zusatzstoffen. Die Kapseln erhalten die Reinheit des Produkts ohne den Zusatz von Klebstoffen, F\u00fcllstoffen und anderen Hilfsstoffen. K\u00fchl und trocken au\u00dferhalb der Reichweite kleiner Kinder lagern.<\/p>\n<p>Das Produkt ist geeignet f\u00fcr Veganer, Vegetarier, \u00e4ltere Menschen, Kinder, Sportler, gestresste Personen u.a. zur Unterst\u00fctzung der nat\u00fcrlichen Abwehrkr\u00e4fte.<\/p>\n<p>Die empfohlene Tagesdosis nicht \u00fcberschreiten! Nicht als Ersatz f\u00fcr eine ausgewogene und abwechslungsreiche Ern\u00e4hrung verwenden. Als Nahrungserg\u00e4nzungsmittel zum Tagesmen\u00fc empfohlen. Das Produkt ist kein Medikament.<\/p>\n<p><strong>Herkunft: Deutschland<\/strong><\/p>\n","protected":false},"excerpt":{"rendered":"<p><strong>Yestimun\u00ae\u00a0Beta-Glucan ist ein nat\u00fcrlicher, effektiver und hoch qualitativer Inhaltsstoff aus Bierhefe mit einer immun-unterst\u00fctzenden Wirkung.<\/strong><\/p>\n<p>GMO-frei<\/p>\n<p>60 Vegetarische Kapseln<\/p>\n<p>Nahrungserg\u00e4nzungsmittel<\/p>\n<p>Hergestellt von der Natur\u00ae<\/p>\n","protected":false},"featured_media":39033,"comment_status":"closed","ping_status":"closed","template":"","meta":{"wds_primary_product_brand":0,"wds_primary_product_cat":0},"product_brand":[],"product_cat":[335],"product_tag":[701,591,702,703,655,704,705],"class_list":{"0":"post-36018","1":"product","2":"type-product","3":"status-publish","4":"has-post-thumbnail","6":"product_cat-vegetamin-de","7":"product_tag-beta-glucan-de","8":"product_tag-bionia-de","9":"product_tag-brewers-yeast-de","10":"product_tag-immune-supporting-effect-de","11":"product_tag-vegetamin-de","12":"product_tag-yestimun-de","13":"product_tag-yestimun-beta-glucan-de","15":"first","16":"instock","17":"shipping-taxable","18":"purchasable","19":"product-type-simple"},"_links":{"self":[{"href":"https:\/\/bionia.bio\/de\/wp-json\/wp\/v2\/product\/36018","targetHints":{"allow":["GET"]}}],"collection":[{"href":"https:\/\/bionia.bio\/de\/wp-json\/wp\/v2\/product"}],"about":[{"href":"https:\/\/bionia.bio\/de\/wp-json\/wp\/v2\/types\/product"}],"replies":[{"embeddable":true,"href":"https:\/\/bionia.bio\/de\/wp-json\/wp\/v2\/comments?post=36018"}],"wp:featuredmedia":[{"embeddable":true,"href":"https:\/\/bionia.bio\/de\/wp-json\/wp\/v2\/media\/39033"}],"wp:attachment":[{"href":"https:\/\/bionia.bio\/de\/wp-json\/wp\/v2\/media?parent=36018"}],"wp:term":[{"taxonomy":"product_brand","embeddable":true,"href":"https:\/\/bionia.bio\/de\/wp-json\/wp\/v2\/product_brand?post=36018"},{"taxonomy":"product_cat","embeddable":true,"href":"https:\/\/bionia.bio\/de\/wp-json\/wp\/v2\/product_cat?post=36018"},{"taxonomy":"product_tag","embeddable":true,"href":"https:\/\/bionia.bio\/de\/wp-json\/wp\/v2\/product_tag?post=36018"}],"curies":[{"name":"wp","href":"https:\/\/api.w.org\/{rel}","templated":true}]}}