{"id":36017,"date":"2023-11-02T18:58:07","date_gmt":"2023-11-02T15:58:07","guid":{"rendered":"https:\/\/bionia2.ivexto.net\/product\/vegetamin-vitamin-c-malpighia-glabra-l\/"},"modified":"2025-06-14T20:01:22","modified_gmt":"2025-06-14T17:01:22","slug":"vegetamin-vitamin-c-malpighia-glabra-l","status":"publish","type":"product","link":"https:\/\/bionia.bio\/de\/product\/vegetamin-vitamin-c-malpighia-glabra-l\/","title":{"rendered":"VEGETAMIN\u2122 &#8211; Nat\u00fcrliches VITAMIN C aus Malpighia glabra L."},"content":{"rendered":"<p><strong>G\u00fcnstige Wirkung auf:<\/strong> <strong>Gelenke, Herz, Vitalit\u00e4t, Immunit\u00e4t<\/strong><\/p>\n<p><strong>Nat\u00fcrliches VITAMIN C aus <em>Malpighia glabra L.<\/em><\/strong><\/p>\n<p><em>Malpighia glabra L.<\/em> Vitamin C<\/p>\n<p>Vitamin C 600 mg<\/p>\n<p>GMO-frei<\/p>\n<p>Nur nat\u00fcrliche Zutaten<\/p>\n<p>10 Beutel<\/p>\n<p>Nahrungserg\u00e4nzungsmittel<\/p>\n<p><strong>Zutaten:<\/strong><\/p>\n<ul>\n<li>Nat\u00fcrliches Vitamin C, gewonnen aus der Pflanze <em>Malpighia glabra L<\/em>.<\/li>\n<\/ul>\n<p><strong>Nettof\u00fcllmenge: 24 g <\/strong>\u212e<\/p>\n<table>\n<tbody>\n<tr>\n<td colspan=\"3\" width=\"619\"><strong>Tagesdosis f\u00fcr Personen unter 12 Jahren: 1\/2 Beutel<\/strong><\/td>\n<\/tr>\n<tr>\n<td colspan=\"3\" width=\"619\"><strong>Tagesdosis f\u00fcr Personen ab 12 Jahren: 1 Beutel<\/strong><\/td>\n<\/tr>\n<tr>\n<td width=\"324\">&nbsp;<\/td>\n<td width=\"191\">Menge pro Tagesdosis<\/td>\n<td width=\"105\">Menge pro 100 g<\/td>\n<\/tr>\n<tr>\n<td width=\"324\">Vitamin C (Extrakt aus <em>Malpighia glabra L.<\/em>)<\/td>\n<td width=\"191\">600 mg<\/td>\n<td width=\"105\">25 g<\/td>\n<\/tr>\n<\/tbody>\n<\/table>\n<p>&nbsp;<\/p>\n<p>Pflanzliches Vitamin C mit hoher Bioverf\u00fcgbarkeit!<\/p>\n<p><strong>Das nat\u00fcrliche Vitamin C von Bionia ist entwickelt, den t\u00e4glichen physiologischen Bedarf des K\u00f6rpers an Vitamin C zu erg\u00e4nzen, und hat g\u00fcnstige Wirkung auf:<\/strong><\/p>\n<ul>\n<li>Das Immunsystem;<\/li>\n<li>Die Herz-Kreislauf-Gesundheit;<\/li>\n<li>Gelenke und Sehnen;<\/li>\n<li>Die antioxidativen Prozesse;<\/li>\n<li>Die Aufnahme von Eisen.<\/li>\n<\/ul>\n<p><strong>Empfohlene Tagesdosis:<\/strong> F\u00fcr Erwachsene &#8211; 1 Beutel t\u00e4glich; f\u00fcr Kinder (unter 12 Jahren) \u2013 \u00bd Beutel t\u00e4glich.<\/p>\n<p><strong>Gebrauchsanweisung:<\/strong> Ein in lauwarmem Wasser, Tee oder Saft gel\u00f6ster Beutel vor den Mahlzeiten oral (\u00fcber den Mund) einnehmen. Die Beutel erhalten die Reinheit des Produkts ohne den Zusatz von Klebstoffen, F\u00fcllstoffen und anderen Hilfsstoffen. Produkt mit 100% pflanzlichem Ursprung, geeignet f\u00fcr Veganer, Vegetarier, schwangere Frauen, Raucher, Kinder, \u00e4ltere Menschen u.a.<\/p>\n<p><strong>ACHTUNG: <\/strong>Bei \u00dcberschreitung der empfohlenen Tagesdosis ist eine Magenverstimmung m\u00f6glich.<\/p>\n<p>Die empfohlene Tagesdosis nicht \u00fcberschreiten! Nicht als Ersatz f\u00fcr eine ausgewogene und abwechslungsreiche Ern\u00e4hrung verwenden. Als Nahrungserg\u00e4nzungsmittel zum Tagesmen\u00fc empfohlen. Das Produkt ist kein Medikament.<\/p>\n<p><strong>Herkunft: EU<\/strong><\/p>\n","protected":false},"excerpt":{"rendered":"<p><strong>Das nat\u00fcrliche Vitamin C von Bionia ist entwickelt, den t\u00e4glichen physiologischen Bedarf des K\u00f6rpers an Vitamin C zu erg\u00e4nzen, und hat g\u00fcnstige Wirkung auf:<\/strong><\/p>\n<ul>\n<li>Das Immunsystem;<\/li>\n<li>Die Herz-Kreislauf-Gesundheit;<\/li>\n<li>Gelenke und Sehnen;<\/li>\n<li>Die antioxidativen Prozesse;<\/li>\n<li>Die Aufnahme von Eisen.<\/li>\n<\/ul>\n<p><strong>Nat\u00fcrliches VITAMIN C aus <em>Malpighia glabra L.<\/em><\/strong><\/p>\n<p><em>Malpighia glabra L.<\/em> Vitamin C<\/p>\n<p>Vitamin C 600 mg<\/p>\n<p>GMO-frei<\/p>\n<p>Nur nat\u00fcrliche Zutaten<\/p>\n<p>10 Beutel<\/p>\n<p>Nahrungserg\u00e4nzungsmittel<\/p>\n","protected":false},"featured_media":35921,"comment_status":"closed","ping_status":"closed","template":"","meta":{"wds_primary_product_brand":0,"wds_primary_product_cat":0},"product_brand":[],"product_cat":[335],"product_tag":[690,691,591,692,693,694,695,696,697,655,698],"class_list":{"0":"post-36017","1":"product","2":"type-product","3":"status-publish","4":"has-post-thumbnail","6":"product_cat-vegetamin-de","7":"product_tag-absorption-of-iron-de","8":"product_tag-antioxidant-de","9":"product_tag-bionia-de","10":"product_tag-cardiovascular-health-de","11":"product_tag-immunity-de","12":"product_tag-joints-and-tendons-de","13":"product_tag-malpighia-glabra-l-de","14":"product_tag-natural-vitamin-c-de","15":"product_tag-natural-vitamin-c-malpighia-glabra-l-de","16":"product_tag-vegetamin-de","17":"product_tag-vitamin-c-de","19":"first","20":"outofstock","21":"shipping-taxable","22":"purchasable","23":"product-type-simple"},"_links":{"self":[{"href":"https:\/\/bionia.bio\/de\/wp-json\/wp\/v2\/product\/36017","targetHints":{"allow":["GET"]}}],"collection":[{"href":"https:\/\/bionia.bio\/de\/wp-json\/wp\/v2\/product"}],"about":[{"href":"https:\/\/bionia.bio\/de\/wp-json\/wp\/v2\/types\/product"}],"replies":[{"embeddable":true,"href":"https:\/\/bionia.bio\/de\/wp-json\/wp\/v2\/comments?post=36017"}],"wp:featuredmedia":[{"embeddable":true,"href":"https:\/\/bionia.bio\/de\/wp-json\/wp\/v2\/media\/35921"}],"wp:attachment":[{"href":"https:\/\/bionia.bio\/de\/wp-json\/wp\/v2\/media?parent=36017"}],"wp:term":[{"taxonomy":"product_brand","embeddable":true,"href":"https:\/\/bionia.bio\/de\/wp-json\/wp\/v2\/product_brand?post=36017"},{"taxonomy":"product_cat","embeddable":true,"href":"https:\/\/bionia.bio\/de\/wp-json\/wp\/v2\/product_cat?post=36017"},{"taxonomy":"product_tag","embeddable":true,"href":"https:\/\/bionia.bio\/de\/wp-json\/wp\/v2\/product_tag?post=36017"}],"curies":[{"name":"wp","href":"https:\/\/api.w.org\/{rel}","templated":true}]}}