{"id":36016,"date":"2023-11-02T19:02:01","date_gmt":"2023-11-02T16:02:01","guid":{"rendered":"https:\/\/bionia2.ivexto.net\/product\/vegetamin-vitamin-d3-tropfen-cholecalciferol\/"},"modified":"2025-06-14T20:01:21","modified_gmt":"2025-06-14T17:01:21","slug":"vegetamin-vitamin-d3-tropfen-cholecalciferol","status":"publish","type":"product","link":"https:\/\/bionia.bio\/de\/product\/vegetamin-vitamin-d3-tropfen-cholecalciferol\/","title":{"rendered":"VEGETAMIN\u2122 &#8211; Vitamin D3 Tropfen Cholecalciferol"},"content":{"rendered":"<p><strong>G\u00fcnstige Wirkung auf: <\/strong>\u00a0<strong>Z\u00e4hne, Knochen, Muskeln, Immunit\u00e4t, Zellteilung<\/strong><\/p>\n<p><strong>Vitamin<\/strong> <strong>D<\/strong><strong>3 <\/strong><strong>Tropfen<\/strong> <strong>Cholecalciferol<\/strong><\/p>\n<p>GMO-FREI, ALLERGENFREI, TSE\/BSE-FREI, NICHT BESTRAHLT<\/p>\n<p>F\u00fcr Vegetarier geeignet<\/p>\n<p>Nur nat\u00fcrliche Zutaten<\/p>\n<p>840 Trofen x 400 I.E.<\/p>\n<p><strong>336 000 I.E. in Verpackung<\/strong><\/p>\n<p>Nahrungserg\u00e4nzungsmittel<\/p>\n<p><strong>Zutaten:<\/strong><\/p>\n<ul>\n<li>Vitamin D3 Cholecalciferol aus Lanolin (hergestellt aus Wolle) 400 I.E.\/10 \u03bcg<\/li>\n<li>Traubenkern\u00f6l<\/li>\n<\/ul>\n<p><strong>Nettof\u00fcllmenge: 20 ml <\/strong>\u212e<\/p>\n<table>\n<tbody>\n<tr>\n<td colspan=\"3\" width=\"619\"><strong>Tagesdosis: 1 Tropfen &#8211; <\/strong>0,022 g<\/td>\n<\/tr>\n<tr>\n<td width=\"324\"><\/td>\n<td width=\"191\">Menge pro Tagesdosis<\/p>\n<p>(1 Tropfen)<\/td>\n<td width=\"105\">Menge pro 100 g<\/td>\n<\/tr>\n<tr>\n<td width=\"324\">Vitamin D3 Cholecalciferol<\/td>\n<td width=\"191\">400 I.E.\/10 \u03bcg<\/td>\n<td width=\"105\">45,90 mg<\/td>\n<\/tr>\n<tr>\n<td width=\"324\">Traubenkern\u00f6l<\/td>\n<td width=\"191\">0,022 g<\/td>\n<td width=\"105\">99,95 g<\/td>\n<\/tr>\n<\/tbody>\n<\/table>\n<p>&nbsp;<\/p>\n<p><strong>Aufbewahrungsbedingungen:<\/strong> In der Originalverpackung an einem trockenen, dunklen Ort bei einer Temperatur von bis zu 25\u00b0 C au\u00dferhalb der Reichweite von Kindern aufbewahren.<\/p>\n<p><strong>Vitamin D3 von Bionia ist entwickelt, den t\u00e4glichen physiologischen Bedarf des K\u00f6rpers an Vitamin D3 zu erg\u00e4nzen, und hat g\u00fcnstige Wirkung auf:<\/strong><\/p>\n<ul>\n<li>Die normale Aufnahme von Kalzium und Phosphor;<\/li>\n<li>Den Zustand der Knochen und Z\u00e4hne;<\/li>\n<li>Die Muskelfunktion;<\/li>\n<li>Das Immunsystem;<\/li>\n<li>Der Prozess der Zellteilung.<\/li>\n<\/ul>\n<p><strong>Verzehrempfehlung:<\/strong> F\u00fcr Erwachsene \u2013 1 Tropfen t\u00e4glich unverd\u00fcnnt einnehmen.<\/p>\n<p><strong>Gebrauchsanweisung:<\/strong> Die entsprechende Anzahl von Tropfen zu einer Mahlzeit oral (\u00fcber den Mund) einnehmen. Es empfiehlt sich eine regelm\u00e4\u00dfige Einnahme gem\u00e4\u00df Verzehrempfehlung \u00fcber einen l\u00e4ngeren Zeitraum.<\/p>\n<p>Die Tropfen erhalten die Reinheit des Produkts ohne den Zusatz von Klebstoffen, F\u00fcllstoffen und anderen Hilfsstoffen. Das Vitamin D3 \u00d6l wird in einer Braunglasflasche optimal vor Licht gesch\u00fctzt. Geeignet f\u00fcr Vegetarier, schwangere Frauen, Kinder, Diabetiker, \u00e4ltere Menschen u.a.<\/p>\n<p>Die angegebene empfohlene t\u00e4gliche Verzehrmenge darf nicht \u00fcberschritten werden. Kein Ersatz f\u00fcr eine ausgewogene und abwechslungsreiche Ern\u00e4hrung und eine gesunde Lebensweise. Als Nahrungserg\u00e4nzungsmittel zum Tagesmen\u00fc empfohlen. Das Produkt ist kein Medikament.<\/p>\n<p>Dargereichte Informationen sind keine Heilaussagen oder Aufforderungen zur Selbstmedikation.<\/p>\n<p><strong>Herkunft: EU<\/strong><\/p>\n","protected":false},"excerpt":{"rendered":"<p><strong>Vitamin D3 von Bionia ist entwickelt, den t\u00e4glichen physiologischen Bedarf des K\u00f6rpers an Vitamin D3 zu erg\u00e4nzen, und hat g\u00fcnstige Wirkung auf:<\/strong><\/p>\n<ul>\n<li>Die normale Aufnahme von Kalzium und Phosphor;<\/li>\n<li>Den Zustand der Knochen und Z\u00e4hne;<\/li>\n<li>Die Muskelfunktion;<\/li>\n<li>Das Immunsystem;<\/li>\n<li>Der Prozess der Zellteilung.<\/li>\n<\/ul>\n<p><strong>Vitamin<\/strong> <strong>D<\/strong><strong>3 <\/strong><strong>Tropfen<\/strong> <strong>Cholecalciferol<\/strong><\/p>\n<p>GMO-FREI, ALLERGENFREI, TSE\/BSE-FREI, NICHT BESTRAHLT<\/p>\n<p>F\u00fcr Vegetarier geeignet<\/p>\n<p>Nur nat\u00fcrliche Zutaten<\/p>\n<p>840 Trofen x 400 I.E.<\/p>\n<p><strong>336 000 I.E. in Verpackung<\/strong><\/p>\n<p>Nahrungserg\u00e4nzungsmittel<\/p>\n","protected":false},"featured_media":35922,"comment_status":"closed","ping_status":"closed","template":"","meta":{"wds_primary_product_brand":0,"wds_primary_product_cat":0},"product_brand":[],"product_cat":[335],"product_tag":[682,591,683,648,684,649,652,655,685],"class_list":{"0":"post-36016","1":"product","2":"type-product","3":"status-publish","4":"has-post-thumbnail","6":"product_cat-vegetamin-de","7":"product_tag-absorption-of-calcium-and-phosphorus-de","8":"product_tag-bionia-de","9":"product_tag-bones-and-teeth-de","10":"product_tag-cell-division-de","11":"product_tag-cholecalciferol-de","12":"product_tag-immune-system-de","13":"product_tag-muscle-function-de","14":"product_tag-vegetamin-de","15":"product_tag-vitamin-d3-drops-de","17":"first","18":"outofstock","19":"shipping-taxable","20":"purchasable","21":"product-type-simple"},"_links":{"self":[{"href":"https:\/\/bionia.bio\/de\/wp-json\/wp\/v2\/product\/36016","targetHints":{"allow":["GET"]}}],"collection":[{"href":"https:\/\/bionia.bio\/de\/wp-json\/wp\/v2\/product"}],"about":[{"href":"https:\/\/bionia.bio\/de\/wp-json\/wp\/v2\/types\/product"}],"replies":[{"embeddable":true,"href":"https:\/\/bionia.bio\/de\/wp-json\/wp\/v2\/comments?post=36016"}],"wp:featuredmedia":[{"embeddable":true,"href":"https:\/\/bionia.bio\/de\/wp-json\/wp\/v2\/media\/35922"}],"wp:attachment":[{"href":"https:\/\/bionia.bio\/de\/wp-json\/wp\/v2\/media?parent=36016"}],"wp:term":[{"taxonomy":"product_brand","embeddable":true,"href":"https:\/\/bionia.bio\/de\/wp-json\/wp\/v2\/product_brand?post=36016"},{"taxonomy":"product_cat","embeddable":true,"href":"https:\/\/bionia.bio\/de\/wp-json\/wp\/v2\/product_cat?post=36016"},{"taxonomy":"product_tag","embeddable":true,"href":"https:\/\/bionia.bio\/de\/wp-json\/wp\/v2\/product_tag?post=36016"}],"curies":[{"name":"wp","href":"https:\/\/api.w.org\/{rel}","templated":true}]}}