{"id":36015,"date":"2023-11-02T18:37:43","date_gmt":"2023-11-02T15:37:43","guid":{"rendered":"https:\/\/bionia2.ivexto.net\/product\/vegetamin-mg-meeresmagnesium\/"},"modified":"2025-06-14T20:01:24","modified_gmt":"2025-06-14T17:01:24","slug":"vegetamin-mg-meeresmagnesium","status":"publish","type":"product","link":"https:\/\/bionia.bio\/de\/product\/vegetamin-mg-meeresmagnesium\/","title":{"rendered":"VEGETAMIN\u2122 &#8211; Mg Meeresmagnesium"},"content":{"rendered":"<p><strong>Mg Meeresmagnesium<\/strong><\/p>\n<p>GMO-frei<\/p>\n<p>Nur nat\u00fcrliche Zutaten<\/p>\n<p>60 Vegetarische Kapseln<\/p>\n<p>Nahrungserg\u00e4nzungsmittel<\/p>\n<p><strong>G\u00fcnstige Wirkung auf: Nervensystem, Muskeln, Herz, Stoffwechsel, Energie<\/strong><\/p>\n<p><strong>Zutaten:<\/strong> <strong>Magnesium aus Meerwasser<\/strong><\/p>\n<p><strong>Nettof\u00fcllmenge:<\/strong> 27 g \u212e<\/p>\n<table width=\"452\">\n<tbody>\n<tr>\n<td colspan=\"3\" width=\"452\"><strong>Tagesdosis f\u00fcr Personen unter 12 Jahren*: 1\/2 Kapsel<\/strong><\/td>\n<\/tr>\n<tr>\n<td colspan=\"3\" width=\"452\"><strong>Tagesdosis f\u00fcr Personen ab 12 Jahren: 1 Kapsel<\/strong><\/td>\n<\/tr>\n<tr>\n<td width=\"243\"><\/td>\n<td width=\"117\">Menge pro Tagesdosis<\/td>\n<td width=\"92\">Menge pro 100 g<\/td>\n<\/tr>\n<tr>\n<td width=\"243\">Magnesium (aus Meerwasser)<\/td>\n<td width=\"117\">125*\/250 mg<\/td>\n<td width=\"92\">55 g<\/td>\n<\/tr>\n<\/tbody>\n<\/table>\n<p><strong>\u00a0<\/strong><\/p>\n<p>Nat\u00fcrliches Mineral mit hoher Bioverf\u00fcgbarkeit!<\/p>\n<p><strong>Verwendung:<\/strong> Das nat\u00fcrliche Meeresmagnesium von Bionia ist entwickelt, den t\u00e4glichen physiologischen Bedarf des K\u00f6rpers an Magnesium Mg zu erg\u00e4nzen, und hat g\u00fcnstige Wirkung auf:<\/p>\n<ul>\n<li>Muskeln und Knochen;<\/li>\n<li>Das Nervensystem;<\/li>\n<li>Erholung bei k\u00f6rperlicher M\u00fcdigkeit und Belastung;<\/li>\n<li>Metabolismus (Stoffwechsel);<\/li>\n<li>Energieerzeugung und Aufrechterhaltung des Elektrolythaushalts;<\/li>\n<li>Gehirn- und Nervenfunktionen;<\/li>\n<li>Den psychischen und emotionalen Zustand des Menschen.<\/li>\n<\/ul>\n<p><strong>Empfohlene Tagesdosis:<\/strong> F\u00fcr Erwachsene &#8211; 1 Kapsel t\u00e4glich; f\u00fcr Kinder (unter 12 Jahren) \u2013 1\/2 Kapsel t\u00e4glich.<\/p>\n<p><strong>Gebrauchsanweisung:<\/strong> Eine Kapsel oral (\u00fcber den Mund) mit hei\u00dfem oder kaltem Wasser einnehmen. Die Kapseln erhalten die Reinheit des Produkts ohne den Zusatz von Klebstoffen, F\u00fcllstoffen und anderen Hilfsstoffen.<\/p>\n<p><strong>Produkt mit 100% pflanzlichem Ursprung, geeignet f\u00fcr<\/strong> Veganer, Vegetarier, schwangere Frauen, Kinder, \u00e4ltere Menschen u.a.<\/p>\n<p>Die empfohlene Tagesdosis nicht \u00fcberschreiten! Nicht als Ersatz f\u00fcr eine ausgewogene und abwechslungsreiche Ern\u00e4hrung verwenden. Als Nahrungserg\u00e4nzungsmittel zum Tagesmen\u00fc empfohlen. Das Produkt ist kein Medikament.<\/p>\n<p><strong>Herkunft: EU<\/strong><\/p>\n","protected":false},"excerpt":{"rendered":"<p><strong>Mg Meeresmagnesium<\/strong><\/p>\n<p>G\u00fcnstige Wirkung auf: <strong>Nervensystem, Muskeln, Herz, Stoffwechsel, Energie<\/strong><\/p>\n<p>Zutaten: <strong>Magnesium aus Meerwasser<\/strong><\/p>\n<p><strong>Nettof\u00fcllmenge:<\/strong> 27 g \u212e<\/p>\n<p>GMO-frei<\/p>\n<p>Nur nat\u00fcrliche Zutaten<\/p>\n<p>60 Vegetarische Kapseln<\/p>\n<p>Nahrungserg\u00e4nzungsmittel<\/p>\n","protected":false},"featured_media":39875,"comment_status":"closed","ping_status":"closed","template":"","meta":{"wds_primary_product_brand":0,"wds_primary_product_cat":0},"product_brand":[],"product_cat":[335],"product_tag":[672,673,674,675,676,677,678,679,680,681],"class_list":{"0":"post-36015","1":"product","2":"type-product","3":"status-publish","4":"has-post-thumbnail","6":"product_cat-vegetamin-de","7":"product_tag-brain-and-nerve-functions-de","8":"product_tag-electrolyte-balance-de","9":"product_tag-energy-production-de","10":"product_tag-magnesium-aus-meerwasser-de","11":"product_tag-marine-magnesium-de","12":"product_tag-meeresmagnesium-de","13":"product_tag-metabolism-de","14":"product_tag-mg-de","15":"product_tag-muscles-and-bones-de","16":"product_tag-nervous-system-de","18":"first","19":"instock","20":"shipping-taxable","21":"purchasable","22":"product-type-simple"},"_links":{"self":[{"href":"https:\/\/bionia.bio\/de\/wp-json\/wp\/v2\/product\/36015","targetHints":{"allow":["GET"]}}],"collection":[{"href":"https:\/\/bionia.bio\/de\/wp-json\/wp\/v2\/product"}],"about":[{"href":"https:\/\/bionia.bio\/de\/wp-json\/wp\/v2\/types\/product"}],"replies":[{"embeddable":true,"href":"https:\/\/bionia.bio\/de\/wp-json\/wp\/v2\/comments?post=36015"}],"wp:featuredmedia":[{"embeddable":true,"href":"https:\/\/bionia.bio\/de\/wp-json\/wp\/v2\/media\/39875"}],"wp:attachment":[{"href":"https:\/\/bionia.bio\/de\/wp-json\/wp\/v2\/media?parent=36015"}],"wp:term":[{"taxonomy":"product_brand","embeddable":true,"href":"https:\/\/bionia.bio\/de\/wp-json\/wp\/v2\/product_brand?post=36015"},{"taxonomy":"product_cat","embeddable":true,"href":"https:\/\/bionia.bio\/de\/wp-json\/wp\/v2\/product_cat?post=36015"},{"taxonomy":"product_tag","embeddable":true,"href":"https:\/\/bionia.bio\/de\/wp-json\/wp\/v2\/product_tag?post=36015"}],"curies":[{"name":"wp","href":"https:\/\/api.w.org\/{rel}","templated":true}]}}