{"id":36014,"date":"2023-11-02T18:30:09","date_gmt":"2023-11-02T15:30:09","guid":{"rendered":"https:\/\/bionia2.ivexto.net\/product\/vegetamin-ca-lithothamnion-calcareum-vitamine-d3-k2-mk-7\/"},"modified":"2025-06-14T20:01:25","modified_gmt":"2025-06-14T17:01:25","slug":"vegetamin-ca-lithothamnion-calcareum-vitamine-d3-k2-mk-7","status":"publish","type":"product","link":"https:\/\/bionia.bio\/de\/product\/vegetamin-ca-lithothamnion-calcareum-vitamine-d3-k2-mk-7\/","title":{"rendered":"VEGETAMIN\u2122 &#8211; Ca Lithothamnion calcareum + Vitamine D3 + K2 MK-7"},"content":{"rendered":"<p><strong>Kalzium + Vitamine D3 + K2 MK-7<\/strong><\/p>\n<p>Ca + D3 + K2 MK-7<\/p>\n<p>GMO-frei<\/p>\n<p>Nur nat\u00fcrliche Zutaten<\/p>\n<p>60 Vegetarische Kapseln<\/p>\n<p>Nahrungserg\u00e4nzungsmittel<\/p>\n<p><strong>G\u00fcnstige Wirkung auf: Knochen, Gelenke, Haut, Haare, N\u00e4gel, Z\u00e4hne<\/strong><\/p>\n<p><strong>Zutaten:<\/strong><\/p>\n<ul>\n<li>nat\u00fcrliches Kalzium aus Rotalgen;<\/li>\n<li>nat\u00fcrliches Vitamin D3 als Cholecalciferol, gewonnen aus Gebirgsflechten;<\/li>\n<li>nat\u00fcrliches Vitamin K2 als MK-7, gewonnen aus Kichererbsen.<\/li>\n<\/ul>\n<p><strong>Nettof\u00fcllmenge:<\/strong> 31 g \u212e<\/p>\n<table width=\"452\">\n<tbody>\n<tr>\n<td colspan=\"3\" width=\"452\"><strong>Tagesdosis f\u00fcr Personen unter 12 Jahren*: 1 Kapsel<\/strong><\/td>\n<\/tr>\n<tr>\n<td colspan=\"3\" width=\"452\"><strong>Tagesdosis f\u00fcr Personen ab 12 Jahren: 3 Kapseln<\/strong><\/td>\n<\/tr>\n<tr>\n<td width=\"266\"><\/td>\n<td width=\"104\">Menge pro Tagesdosis<\/td>\n<td width=\"82\">Menge pro 100 g<\/td>\n<\/tr>\n<tr>\n<td width=\"266\">Kalzium (aus Rotalgen)<\/td>\n<td width=\"104\">150*\/450 mg<\/td>\n<td width=\"82\">30 g<\/td>\n<\/tr>\n<tr>\n<td width=\"266\">Vitamin D3 (aus Gebirgsflechten)<\/td>\n<td width=\"104\">100*\/300 I.E.<\/td>\n<td width=\"82\">&nbsp;<\/td>\n<\/tr>\n<tr>\n<td width=\"266\"><\/td>\n<td width=\"104\">2.5*\/ 7.5 \u03bcg<\/td>\n<td width=\"82\">500 \u03bcg<\/td>\n<\/tr>\n<tr>\n<td width=\"266\">Vitamin K2 MK-7 (aus Kichererbsenextrakt)<\/td>\n<td width=\"104\">15*\/45 \u03bcg<\/td>\n<td width=\"82\">3 mg<\/td>\n<\/tr>\n<\/tbody>\n<\/table>\n<p>&nbsp;<\/p>\n<p>Pflanzenkomplex aus Vitaminen und Mineralstoffen mit hoher Bioverf\u00fcgbarkeit!<\/p>\n<p><strong>Verwendung:<\/strong><\/p>\n<p>Das nat\u00fcrliche Kalzium aus Rotalgen <em>Lithothamnion calcareum <\/em>+ die Vitamine D3 + K2 MK-7 von Bionia sind entwickelt, den t\u00e4glichen physiologischen Bedarf des K\u00f6rpers an Kalzium, Vitaminen D3 + K2 zu erg\u00e4nzen, und haben g\u00fcnstige Wirkung auf:<\/p>\n<ul>\n<li>Knochenstruktur und -dichte;<\/li>\n<li>Erholung nach Frakturen und Br\u00fcchen mit dem Alter;<\/li>\n<li>Beweglichkeit der Gelenke und Wiederherstellungskr\u00e4fte des K\u00f6rpers nach schwerer k\u00f6rperlicher Aktivit\u00e4t und Belastung;<\/li>\n<li>Haare, Haut und N\u00e4gel.<\/li>\n<\/ul>\n<p><strong>Empfohlene Tagesdosis:<\/strong> F\u00fcr Erwachsene &#8211; 3 Kapseln t\u00e4glich; f\u00fcr Kinder (unter 12 Jahren) \u2013 1 Kapsel t\u00e4glich.<\/p>\n<p><strong>Gebrauchsanweisung:<\/strong> Die entsprechende Anzahl von Kapseln oral (\u00fcber den Mund) mit hei\u00dfem oder kaltem Wasser einnehmen. Die Kapseln erhalten die Reinheit des Produkts ohne den Zusatz von Klebstoffen, F\u00fcllstoffen und anderen Hilfsstoffen.<\/p>\n<p><strong>ACHTUNG: Lassen Sie sich bitte von einem Arzt beraten, bevor Sie dieses Produkt verwenden, wenn Sie Antikoagulanzien (Mittel zur Hemmung der Blutgerinnung) wie Warfarin einnehmen!<\/strong><\/p>\n<p>Produkt mit 100% pflanzlichem Ursprung, geeignet f\u00fcr Veganer, Vegetarier, schwangere Frauen, Kinder, \u00e4ltere Menschen u.a.<\/p>\n<p>Die empfohlene Tagesdosis nicht \u00fcberschreiten! Nicht als Ersatz f\u00fcr eine ausgewogene und abwechslungsreiche Ern\u00e4hrung verwenden. Als Nahrungserg\u00e4nzungsmittel zum Tagesmen\u00fc empfohlen. Das Produkt ist kein Medikament.<\/p>\n<p><strong>Herkunft: EU<\/strong><\/p>\n","protected":false},"excerpt":{"rendered":"<p><strong>Kalzium + Vitamine D3 + K2 MK-7<\/strong><\/p>\n<p><strong>G\u00fcnstige Wirkung auf: Knochen, Gelenke, Haut, Haare, N\u00e4gel, Z\u00e4hne<\/strong><\/p>\n<p><strong>Zutaten:<\/strong><\/p>\n<ul>\n<li>nat\u00fcrliches Kalzium aus Rotalgen;<\/li>\n<li>nat\u00fcrliches Vitamin D3 als Cholecalciferol, gewonnen aus Gebirgsflechten;<\/li>\n<li>nat\u00fcrliches Vitamin K2 als MK-7, gewonnen aus Kichererbsen.<\/li>\n<\/ul>\n<p><strong>Nettof\u00fcllmenge:<\/strong> 31 g \u212e<\/p>\n<p>GMO-frei<\/p>\n<p>Nur nat\u00fcrliche Zutaten<\/p>\n<p>60 Vegetarische Kapseln<\/p>\n<p>Nahrungserg\u00e4nzungsmittel<\/p>\n","protected":false},"featured_media":35926,"comment_status":"closed","ping_status":"open","template":"","meta":{"wds_primary_product_brand":0,"wds_primary_product_cat":0},"product_brand":[],"product_cat":[335],"product_tag":[660,661,662,663,664,665,666,667,668],"class_list":{"0":"post-36014","1":"product","2":"type-product","3":"status-publish","4":"has-post-thumbnail","6":"product_cat-vegetamin-de","7":"product_tag-bone-structure-and-density-de","8":"product_tag-calcium-de","9":"product_tag-hair-de","10":"product_tag-joints-mobility-de","11":"product_tag-recovery-from-fractures-and-breaks-de","12":"product_tag-red-algae-lithothamnion-calcareum-de","13":"product_tag-skin-and-nails-de","14":"product_tag-vitamin-d3-de","15":"product_tag-vitamin-k2-mk-7-de","17":"first","18":"instock","19":"shipping-taxable","20":"purchasable","21":"product-type-simple"},"_links":{"self":[{"href":"https:\/\/bionia.bio\/de\/wp-json\/wp\/v2\/product\/36014","targetHints":{"allow":["GET"]}}],"collection":[{"href":"https:\/\/bionia.bio\/de\/wp-json\/wp\/v2\/product"}],"about":[{"href":"https:\/\/bionia.bio\/de\/wp-json\/wp\/v2\/types\/product"}],"replies":[{"embeddable":true,"href":"https:\/\/bionia.bio\/de\/wp-json\/wp\/v2\/comments?post=36014"}],"wp:featuredmedia":[{"embeddable":true,"href":"https:\/\/bionia.bio\/de\/wp-json\/wp\/v2\/media\/35926"}],"wp:attachment":[{"href":"https:\/\/bionia.bio\/de\/wp-json\/wp\/v2\/media?parent=36014"}],"wp:term":[{"taxonomy":"product_brand","embeddable":true,"href":"https:\/\/bionia.bio\/de\/wp-json\/wp\/v2\/product_brand?post=36014"},{"taxonomy":"product_cat","embeddable":true,"href":"https:\/\/bionia.bio\/de\/wp-json\/wp\/v2\/product_cat?post=36014"},{"taxonomy":"product_tag","embeddable":true,"href":"https:\/\/bionia.bio\/de\/wp-json\/wp\/v2\/product_tag?post=36014"}],"curies":[{"name":"wp","href":"https:\/\/api.w.org\/{rel}","templated":true}]}}