{"id":36013,"date":"2023-11-02T18:25:28","date_gmt":"2023-11-02T15:25:28","guid":{"rendered":"https:\/\/bionia2.ivexto.net\/product\/vegetamin-vitamine-d3-k2-mk-7-lithothamnion-calcareum\/"},"modified":"2025-06-14T20:01:25","modified_gmt":"2025-06-14T17:01:25","slug":"vegetamin-vitamine-d3-k2-mk-7-lithothamnion-calcareum","status":"publish","type":"product","link":"https:\/\/bionia.bio\/de\/product\/vegetamin-vitamine-d3-k2-mk-7-lithothamnion-calcareum\/","title":{"rendered":"VEGETAMIN\u2122 &#8211; Vitamine D3 + K2 MK-7 + Lithothamnion calcareum"},"content":{"rendered":"<p><strong>Vitamine D3 + K2 MK-7 + Lithothamnion calcareum<\/strong><\/p>\n<p>GMO-frei<\/p>\n<p>Nur nat\u00fcrliche Zutaten<\/p>\n<p>60 Vegetarische Kapseln<\/p>\n<p>Nahrungserg\u00e4nzungsmittel<\/p>\n<p><strong>G\u00fcnstige Wirkung auf:\u00a0 Z\u00e4hne, Knochen, Muskeln, Blutgef\u00e4\u00dfe, Immunit\u00e4t<\/strong><\/p>\n<p><strong>Zutaten:<\/strong><\/p>\n<ul>\n<li>nat\u00fcrliches Vitamin D3 als Cholecalciferol, gewonnen aus Gebirgsflechten;<\/li>\n<li>nat\u00fcrliches Vitamin K2 als MK-7, gewonnen aus Kichererbsen;<\/li>\n<li>nat\u00fcrliches Kalzium aus Rotalgen.<\/li>\n<\/ul>\n<p><strong>Nettof\u00fcllmenge: 27 g <\/strong>\u212e<\/p>\n<table>\n<tbody>\n<tr>\n<td colspan=\"3\" width=\"705\"><strong>Tagesdosis f\u00fcr Personen unter 12 Jahren: 1\/2 Kapsel<\/strong><\/td>\n<\/tr>\n<tr>\n<td colspan=\"3\" width=\"705\"><strong>Tagesdosis f\u00fcr Personen ab 12 Jahren: 1 Kapsel<\/strong><\/td>\n<\/tr>\n<tr>\n<td width=\"370\"><\/td>\n<td width=\"217\">Menge pro Tagesdosis<\/td>\n<td width=\"118\">Menge pro 100 g<\/td>\n<\/tr>\n<tr>\n<td width=\"370\">Vitamin D3 Vitashine(aus Gebirgsflechten)<\/td>\n<td width=\"217\">400 I.E.\/10 \u03bcg<\/td>\n<td width=\"118\">2,20 mg<\/td>\n<\/tr>\n<tr>\n<td width=\"370\">Vitamin K2 MK-7 (MenaQ7 &#8211; aus Kichererbsenextrakt)<\/td>\n<td width=\"217\">100 \u03bcg<\/td>\n<td width=\"118\">22 mg<\/td>\n<\/tr>\n<tr>\n<td width=\"370\">Rotalgen (Lithothamnion calcareum)<\/td>\n<td width=\"217\">400 mg<\/td>\n<td width=\"118\">88 mg<\/td>\n<\/tr>\n<\/tbody>\n<\/table>\n<p>&nbsp;<\/p>\n<p><strong>Aufbewahrungsbedingungen:<\/strong> In der Originalverpackung an einem trockenen und bel\u00fcfteten Ort bei einer Temperatur von bis zu 25\u00b0 C au\u00dferhalb der Reichweite von Kindern aufbewahren.<\/p>\n<p>Pflanzenkomplex aus Vitaminen und Mineralstoffen mit hoher Bioverf\u00fcgbarkeit!<\/p>\n<p><strong>Verwendung:<\/strong><\/p>\n<p>Die nat\u00fcrlichen Vitamine D3 + K2 MK-7 + Rotalgen &#8211; Lithothamnion calcareum von Bionia sind entwickelt, den t\u00e4glichen physiologischen Bedarf des K\u00f6rpers an Vitaminen D3 + K2 MK-7 zu erg\u00e4nzen, und haben g\u00fcnstige Wirkung auf:<\/p>\n<ul>\n<li>Die normale Aufnahme von Kalzium und Phosphor;<\/li>\n<li>Den Zustand der Knochen und Z\u00e4hne;<\/li>\n<li>Die Muskelfunktion;<\/li>\n<li>Das Immunsystem;<\/li>\n<li>Normale Blutgerinnung;<\/li>\n<li>Der Prozess der Zellteilung.<\/li>\n<\/ul>\n<p><strong>Empfohlene Tagesdosis:<\/strong> F\u00fcr Erwachsene \u2013 1 Kapsel t\u00e4glich; f\u00fcr Kinder (unter 12 Jahren) \u2013 \u00bd Kapsel t\u00e4glich.<\/p>\n<p><strong>Gebrauchsanweisung:<\/strong> Die entsprechende Anzahl von Kapseln w\u00e4hrend einer Mahlzeit oral (\u00fcber den Mund) einnehmen. Die Kapseln erhalten die Reinheit des Produkts ohne den Zusatz von Klebstoffen, F\u00fcllstoffen und anderen Hilfsstoffen. Produkt mit 100% pflanzlichem Ursprung, geeignet f\u00fcr Veganer, Vegetarier, schwangere Frauen, Kinder, \u00e4ltere Menschen u.a.<\/p>\n<p><strong>ACHTUNG: Lassen Sie sich bitte von einem Arzt beraten, bevor Sie dieses Produkt verwenden, wenn Sie Antikoagulanzien (Mittel zur Hemmung der Blutgerinnung) wie Warfarin einnehmen!<\/strong><\/p>\n<p>Die empfohlene Tagesdosis nicht \u00fcberschreiten! Nicht als Ersatz f\u00fcr eine ausgewogene und abwechslungsreiche Ern\u00e4hrung verwenden. Als Nahrungserg\u00e4nzungsmittel zum Tagesmen\u00fc empfohlen. Das Produkt ist kein Medikament.<\/p>\n<p><strong>Herkunft: EU<\/strong><\/p>\n","protected":false},"excerpt":{"rendered":"<p><strong>Vitamine D3 + K2 MK-7 + Lithothamnion calcareum<\/strong><\/p>\n<p><strong>G\u00fcnstige Wirkung auf:\u00a0 Z\u00e4hne, Knochen, Muskeln, Blutgef\u00e4\u00dfe, Immunit\u00e4t<\/strong><\/p>\n<p><strong>Zutaten:<\/strong><\/p>\n<ul>\n<li>nat\u00fcrliches Vitamin D3 als Cholecalciferol, gewonnen aus Gebirgsflechten;<\/li>\n<li>nat\u00fcrliches Vitamin K2 als MK-7, gewonnen aus Kichererbsen;<\/li>\n<li>nat\u00fcrliches Kalzium aus Rotalgen.<\/li>\n<\/ul>\n<p><strong>Nettof\u00fcllmenge: 27 g <\/strong>\u212e<\/p>\n<p>GMO-frei<\/p>\n<p>Nur nat\u00fcrliche Zutaten<\/p>\n<p>60 Vegetarische Kapseln<\/p>\n<p>Nahrungserg\u00e4nzungsmittel<\/p>\n","protected":false},"featured_media":39893,"comment_status":"closed","ping_status":"closed","template":"","meta":{"wds_primary_product_brand":0,"wds_primary_product_cat":0},"product_brand":[],"product_cat":[335],"product_tag":[591,645,646,647,648,649,650,651,652,653,654,655],"class_list":{"0":"post-36013","1":"product","2":"type-product","3":"status-publish","4":"has-post-thumbnail","6":"product_cat-vegetamin-de","7":"product_tag-bionia-de","8":"product_tag-blood-coagulation-de","9":"product_tag-bones-and-teeth-health-de","10":"product_tag-calcium-absorption-de","11":"product_tag-cell-division-de","12":"product_tag-immune-system-de","13":"product_tag-k2-mk-7-de","14":"product_tag-lithothamnion-calcareum-de","15":"product_tag-muscle-function-de","16":"product_tag-natural-vitamin-d3-de","17":"product_tag-red-algae-de","18":"product_tag-vegetamin-de","20":"first","21":"outofstock","22":"shipping-taxable","23":"purchasable","24":"product-type-simple"},"_links":{"self":[{"href":"https:\/\/bionia.bio\/de\/wp-json\/wp\/v2\/product\/36013","targetHints":{"allow":["GET"]}}],"collection":[{"href":"https:\/\/bionia.bio\/de\/wp-json\/wp\/v2\/product"}],"about":[{"href":"https:\/\/bionia.bio\/de\/wp-json\/wp\/v2\/types\/product"}],"replies":[{"embeddable":true,"href":"https:\/\/bionia.bio\/de\/wp-json\/wp\/v2\/comments?post=36013"}],"wp:featuredmedia":[{"embeddable":true,"href":"https:\/\/bionia.bio\/de\/wp-json\/wp\/v2\/media\/39893"}],"wp:attachment":[{"href":"https:\/\/bionia.bio\/de\/wp-json\/wp\/v2\/media?parent=36013"}],"wp:term":[{"taxonomy":"product_brand","embeddable":true,"href":"https:\/\/bionia.bio\/de\/wp-json\/wp\/v2\/product_brand?post=36013"},{"taxonomy":"product_cat","embeddable":true,"href":"https:\/\/bionia.bio\/de\/wp-json\/wp\/v2\/product_cat?post=36013"},{"taxonomy":"product_tag","embeddable":true,"href":"https:\/\/bionia.bio\/de\/wp-json\/wp\/v2\/product_tag?post=36013"}],"curies":[{"name":"wp","href":"https:\/\/api.w.org\/{rel}","templated":true}]}}