{"id":36006,"date":"2023-12-05T09:41:20","date_gmt":"2023-12-05T06:41:20","guid":{"rendered":"https:\/\/bionia2.ivexto.net\/product\/bio-hanfprotein\/"},"modified":"2025-06-14T20:01:19","modified_gmt":"2025-06-14T17:01:19","slug":"bio-hanfprotein","status":"publish","type":"product","link":"https:\/\/bionia.bio\/de\/product\/bio-hanfprotein\/","title":{"rendered":"BIO HANFPROTEIN"},"content":{"rendered":"<p><strong>BIO HANFPROTEIN Pulver, HEMP PROTEIN<\/strong><\/p>\n<p><strong>50% Eiwei\u00dfe<\/strong><\/p>\n<p><strong>Nat\u00fcrliche Quelle von:<\/strong><\/p>\n<ul>\n<li>50% Proteinen<\/li>\n<li>18 Aminos\u00e4uren<\/li>\n<li>8% Omega-3 &amp; Omega-6<\/li>\n<li>20% Fasern<\/li>\n<li>Eisen, Magnesium, Zink<\/li>\n<\/ul>\n<p><strong>OHNE Konservierungsstoffe. Vegan. GLUTENFREI.<\/strong><\/p>\n<p><strong>Zutaten: 100% Hanfproteinpulver*. *Aus biologischem Anbau. <\/strong>Es kann Spuren von Schuppen enthalten.<\/p>\n<p>Protein mit graugr\u00fcner Farbe.\u00a0 Das Hanfprotein wird aus den Samen der Hanfpflanze extrahiert.\u00a0 <strong>\u212e 200 g\/Verpackung<\/strong><\/p>\n<p><strong>Empfohlene Tagesdosis: 20-30 g (3-4 Essl\u00f6ffel). <\/strong>Die Menge entspricht etwa 30% der empfohlenen Proteinaufnahme pro Tag. Holen Sie sich den Rest durch eine vollst\u00e4ndige Di\u00e4t. Die angegebene Menge ist eine Durchschnittsmenge und kann je nach individuellem Bedarf variieren.<\/p>\n<p><strong>Aufbewahrungs- und Verwendungsbedingungen:<\/strong> Ideal f\u00fcr die Zubereitung von Proteinriegeln, Smoothies und Shakes, knusprige Vorspeisen. Es kann zu Gerichten, Suppen u.a. hinzugef\u00fcgt werden. Gut kombinierbar mit N\u00fcssen, Gem\u00fcse, Getreide u.a. An einem trockenen und k\u00fchlen Ort bei einer Temperatur bis zu 18\u00b0 C ohne direkte Sonneneinstrahlung aufbewahren.<\/p>\n<p><strong>Herkunft:<\/strong> EU. Produkt mit garantierter Qualit\u00e4t.<\/p>\n<p><strong>Rezept: Gr\u00fcner Smoothie mit Hanf: <\/strong><br \/>\nZutaten: 1 Tasse Nuss- oder Sojamilch, Banane, 2 Teel\u00f6ffel Hanfprotein, 1 Teel\u00f6ffel gesch\u00e4lte Hanfsamen, eine Handvoll Spinat, 3-4 gesch\u00e4lte Datteln ohne Kern, eine Prise Ceylon-Zimt, eine Prise Ingwer.<br \/>\nZubereitung: Alle Zutaten in einem Mixer mahlen, um eine cremige Konsistenz zu erhalten. Guten Appetit!<\/p>\n","protected":false},"excerpt":{"rendered":"<p><strong>BIO HANFPROTEIN Pulver, HEMP PROTEIN<\/strong><\/p>\n<p><strong>50% Eiwei\u00dfe<\/strong><\/p>\n<p><strong>Nat\u00fcrliche Quelle von:<\/strong><\/p>\n<ul>\n<li>50% Proteinen<\/li>\n<li>18 Aminos\u00e4uren<\/li>\n<li>8% Omega-3 &amp; Omega-6<\/li>\n<li>20% Fasern<\/li>\n<li>Eisen, Magnesium, Zink<\/li>\n<\/ul>\n<p><strong>OHNE Konservierungsstoffe. Vegan. GLUTENFREI.<\/strong><\/p>\n<p><strong>Zutaten: 100% Hanfproteinpulver*. *Aus biologischem Anbau. <\/strong>Es kann Spuren von Schuppen enthalten.<\/p>\n","protected":false},"featured_media":35941,"comment_status":"closed","ping_status":"open","template":"","meta":{"wds_primary_product_brand":0,"wds_primary_product_cat":0},"product_brand":[],"product_cat":[333],"product_tag":[596,597,598,599],"class_list":{"0":"post-36006","1":"product","2":"type-product","3":"status-publish","4":"has-post-thumbnail","6":"product_cat-bionia-bio-products-de","7":"product_tag-bio-hemp-protein-de","8":"product_tag-hemp-protein-de","9":"product_tag-organic-hemp-de","10":"product_tag-protein-powder-de","11":"pa_product-size-1-kg-de","12":"pa_product-size-200-g-de","14":"first","15":"instock","16":"sale","17":"shipping-taxable","18":"purchasable","19":"product-type-variable"},"_links":{"self":[{"href":"https:\/\/bionia.bio\/de\/wp-json\/wp\/v2\/product\/36006","targetHints":{"allow":["GET"]}}],"collection":[{"href":"https:\/\/bionia.bio\/de\/wp-json\/wp\/v2\/product"}],"about":[{"href":"https:\/\/bionia.bio\/de\/wp-json\/wp\/v2\/types\/product"}],"replies":[{"embeddable":true,"href":"https:\/\/bionia.bio\/de\/wp-json\/wp\/v2\/comments?post=36006"}],"wp:featuredmedia":[{"embeddable":true,"href":"https:\/\/bionia.bio\/de\/wp-json\/wp\/v2\/media\/35941"}],"wp:attachment":[{"href":"https:\/\/bionia.bio\/de\/wp-json\/wp\/v2\/media?parent=36006"}],"wp:term":[{"taxonomy":"product_brand","embeddable":true,"href":"https:\/\/bionia.bio\/de\/wp-json\/wp\/v2\/product_brand?post=36006"},{"taxonomy":"product_cat","embeddable":true,"href":"https:\/\/bionia.bio\/de\/wp-json\/wp\/v2\/product_cat?post=36006"},{"taxonomy":"product_tag","embeddable":true,"href":"https:\/\/bionia.bio\/de\/wp-json\/wp\/v2\/product_tag?post=36006"}],"curies":[{"name":"wp","href":"https:\/\/api.w.org\/{rel}","templated":true}]}}