{"id":36005,"date":"2023-12-05T10:19:06","date_gmt":"2023-12-05T07:19:06","guid":{"rendered":"https:\/\/bionia2.ivexto.net\/product\/bio-erbsenprotein\/"},"modified":"2025-06-14T20:01:19","modified_gmt":"2025-06-14T17:01:19","slug":"bio-erbsenprotein","status":"publish","type":"product","link":"https:\/\/bionia.bio\/de\/product\/bio-erbsenprotein\/","title":{"rendered":"BIO ERBSENPROTEIN"},"content":{"rendered":"<p>ERBSENPROTEIN organisch Pulver, PEA PROTEIN\u00a0 \/ PISUM SATIVUM L.<\/p>\n<p><strong>GLUTENFREI. KEINE Allergene. Vegan.<br \/>\nZutaten:<\/strong> <strong>100% organisches Erbsenprotein aus gelben Erbsen *. <\/strong>\u212e 200 g\/Verpackung<br \/>\nDie gelbe Erbse (Pisum sativum) ist eine Pflanze aus der Familie der H\u00fclsenfr\u00fcchte mit einem milden, angenehmen Geschmack.<\/p>\n<p>*Produkt aus biologischem Anbau.<\/p>\n<p><strong>Nat\u00fcrliche Quelle von:<\/strong><\/p>\n<ul>\n<li>85% leicht verdaulichem Eiwei\u00df<\/li>\n<li>18 Aminos\u00e4uren<\/li>\n<li>0% Zucker<\/li>\n<\/ul>\n<p><strong>Empfohlene Tagesdosis: 20-30 g (3-4 Essl\u00f6ffel). <\/strong>Die Menge entspricht etwa 30% der empfohlenen Proteinaufnahme pro Tag. Holen Sie sich den Rest durch eine vollst\u00e4ndige Di\u00e4t. Die angegebene Menge ist eine Durchschnittsmenge und kann je nach individuellem Bedarf variieren.<\/p>\n<p><strong>Aufbewahrungs- und Verwendungsbedingungen: <\/strong>Geeignet f\u00fcr Kinder und Erwachsene sowie zur St\u00e4rkung des K\u00f6rpers. Ideal f\u00fcr die Zubereitung von Proteinriegeln und Shakes, knusprige Vorspeisen. Es kann zu Mehl, hei\u00dfen Getr\u00e4nken u.a. hinzugef\u00fcgt werden. Gut kombinierbar mit N\u00fcssen, Gem\u00fcse, Getreide u.a. Es wird im K\u00f6rper nicht in Form von Fett gespeichert. An einem trockenen und k\u00fchlen Ort bei Raumtemperatur aufbewahren.<\/p>\n<p>Herkunft: Rohstoff aus den USA und Kanada, hergestellt in China.<\/p>\n<p><strong>Rezept: Pflazlicher Proteinriegel:<\/strong><br \/>\nZutaten: \u00bd Tasse gemahlene N\u00fcsse, \u00bd Tasse Kokosflocken, 1 M\u00f6hre, 3-4 Blumenkohlrosen, 1 Tasse frischer Babyspinat, 3-4 Essl\u00f6ffel Erbsenprotein, \u00bd Tasse gesch\u00e4lte Hanfsamen, 6-7 gesch\u00e4lte frische Datteln ohne Kern, \u00bd Tasse Kokos\u00f6l, , eine Prise Kaliumsalz.<\/p>\n<p>Zubereitung: M\u00f6hren, Blumenkohl und Spinat in einem Chopper mahlen. Kokos\u00f6l in einem Wasserbad schmelzen und zusammen mit den anderen Zutaten in den Chopper zum Gem\u00fcse geben und mahlen. Aus der fertigen Mischung Rechtecke bilden und zum Aush\u00e4rten in den K\u00fchlschrank stellen. Guten Appetit!<\/p>\n","protected":false},"excerpt":{"rendered":"<p>ERBSENPROTEIN organisch Pulver, PEA PROTEIN\u00a0 \/ PISUM SATIVUM L.<\/p>\n<p><strong>GLUTENFREI. KEINE Allergene. Vegan.<br \/>\nZutaten:<\/strong> <strong>100% organisches Erbsenprotein aus gelben Erbsen *. <\/strong>\u212e 200 g\/Verpackung<br \/>\nDie gelbe Erbse (Pisum sativum) ist eine Pflanze aus der Familie der H\u00fclsenfr\u00fcchte mit einem milden, angenehmen Geschmack.<\/p>\n<p>*Produkt aus biologischem Anbau.<\/p>\n<p><strong>Nat\u00fcrliche Quelle von:<\/strong><\/p>\n<ul>\n<li>85% leicht verdaulichem Eiwei\u00df<\/li>\n<li>18 Aminos\u00e4uren<\/li>\n<li>0% Zucker<\/li>\n<\/ul>\n","protected":false},"featured_media":35254,"comment_status":"closed","ping_status":"open","template":"","meta":{"wds_primary_product_brand":0,"wds_primary_product_cat":0},"product_brand":[],"product_cat":[333],"product_tag":[589,590,591,592,593,594],"class_list":{"0":"post-36005","1":"product","2":"type-product","3":"status-publish","4":"has-post-thumbnail","6":"product_cat-bionia-bio-products-de","7":"product_tag-bio-pea-protein-de","8":"product_tag-bio-plant-protein-de","9":"product_tag-bionia-de","10":"product_tag-organic-pea-de","11":"product_tag-organic-pea-protein-de","12":"product_tag-pea-protein-powder-de","13":"pa_product-size-1-kg-de","14":"pa_product-size-200-g-de","16":"first","17":"instock","18":"sale","19":"shipping-taxable","20":"purchasable","21":"product-type-variable"},"_links":{"self":[{"href":"https:\/\/bionia.bio\/de\/wp-json\/wp\/v2\/product\/36005","targetHints":{"allow":["GET"]}}],"collection":[{"href":"https:\/\/bionia.bio\/de\/wp-json\/wp\/v2\/product"}],"about":[{"href":"https:\/\/bionia.bio\/de\/wp-json\/wp\/v2\/types\/product"}],"replies":[{"embeddable":true,"href":"https:\/\/bionia.bio\/de\/wp-json\/wp\/v2\/comments?post=36005"}],"wp:featuredmedia":[{"embeddable":true,"href":"https:\/\/bionia.bio\/de\/wp-json\/wp\/v2\/media\/35254"}],"wp:attachment":[{"href":"https:\/\/bionia.bio\/de\/wp-json\/wp\/v2\/media?parent=36005"}],"wp:term":[{"taxonomy":"product_brand","embeddable":true,"href":"https:\/\/bionia.bio\/de\/wp-json\/wp\/v2\/product_brand?post=36005"},{"taxonomy":"product_cat","embeddable":true,"href":"https:\/\/bionia.bio\/de\/wp-json\/wp\/v2\/product_cat?post=36005"},{"taxonomy":"product_tag","embeddable":true,"href":"https:\/\/bionia.bio\/de\/wp-json\/wp\/v2\/product_tag?post=36005"}],"curies":[{"name":"wp","href":"https:\/\/api.w.org\/{rel}","templated":true}]}}