{"id":36004,"date":"2023-12-05T10:32:43","date_gmt":"2023-12-05T07:32:43","guid":{"rendered":"https:\/\/bionia2.ivexto.net\/product\/bio-lupinenprotein\/"},"modified":"2025-06-14T20:01:18","modified_gmt":"2025-06-14T17:01:18","slug":"bio-lupinenprotein","status":"publish","type":"product","link":"https:\/\/bionia.bio\/de\/product\/bio-lupinenprotein\/","title":{"rendered":"BIO LUPINENPROTEIN"},"content":{"rendered":"<p>ORGANISCHES LUPINENPROTEIN Pulver, LUPINE PROTEIN<\/p>\n<p><strong>GMO-frei. Vegan.<\/strong><br \/>\n<strong>Zutaten:<\/strong> 100% organisches <strong>Lupinenprotein <\/strong>aus der Lupine Pflanze<strong>*. \u212e 200 g\/Verpackung<br \/>\n<\/strong>Die Lupine ist eine Pflanze aus der Familie der H\u00fclsenfr\u00fcchte mit einem milden, angenehmen Geschmack.<\/p>\n<p>*Produkt aus biologischem Anbau. Die Lupine ist ein <strong>Allergen<\/strong>.<\/p>\n<p><strong>Nat\u00fcrliche Quelle von:<\/strong><\/p>\n<ul>\n<li>40% Proteinen<\/li>\n<li>35% Fasern<\/li>\n<li>Mildem, angenehmem Geschmack<\/li>\n<\/ul>\n<p><strong>Empfohlene Tagesdosis: 20-30 g (3-4 Essl\u00f6ffel). <\/strong>Die Menge entspricht etwa 30% der empfohlenen Proteinaufnahme pro Tag. Holen Sie sich den Rest durch eine vollst\u00e4ndige Di\u00e4t. Die angegebene Menge ist eine Durchschnittsmenge und kann je nach individuellem Bedarf variieren.<\/p>\n<p><strong>Aufbewahrungs- und Verwendungsbedingungen:<\/strong> Geeignet f\u00fcr Kinder und Erwachsene sowie zur St\u00e4rkung des K\u00f6rpers. Ideal f\u00fcr die Zubereitung von Proteinriegeln und Shakes, Brot, Keksen, rohen S\u00fc\u00dfigkeiten u.a. Gut kombinierbar mit N\u00fcssen, Gem\u00fcse, Obst u.a. Es f\u00e4rbt das Essen in eigelber Farbe. An einem trockenen und k\u00fchlen Ort bei Raumtemperatur aufbewahren.<\/p>\n<p><strong>Herkunft:<\/strong> Rohstoff au\u00dferhalb der EU, hergestellt in der EU. Produkt mit garantierter Qualit\u00e4t.<\/p>\n<p><strong>Einfaches Tortilla-Rezept:<br \/>\n<\/strong>Zutaten: 4 Essl\u00f6ffel Lupinenprotein, \u00bd Tasse Soja-, Kokos- oder andere Milch, 1 Ei, eine Prise Kaliumsalz, etwas Kokos\u00f6l.<br \/>\nZubereitung: Zuerst das Ei schlagen und in einem Blender umr\u00fchren lassen. Dann das Protein, die Milch und das Salz nacheinander hinzuf\u00fcgen. Die Mischung ruhen lassen und eine Keramikpfanne erhitzen. Mit etwas Kokos\u00f6l bestreichen und die Tortilla auf beiden Seiten backen. Eine F\u00fcllung mit Gem\u00fcse und Avocados nach Wahl zubereiten. Guten Appetit!<\/p>\n<p><strong>Rezept f\u00fcr Lupinensauce:<br \/>\n<\/strong>Zutaten: 1 Essl\u00f6ffel Lupinenprotein, 1 rohes Eigelb, 1 Essl\u00f6ffel gemahlene N\u00fcsse, Sellerie-\/Zitronensaft nach Geschmack, Gew\u00fcrze. Zubereitung: Alle Zutaten mischen und gut r\u00fchren. Die Dichte h\u00e4ngt von der Anwendung ab. Zum W\u00fcrzen der Gem\u00fcsetortilla verwenden.<\/p>\n","protected":false},"excerpt":{"rendered":"<p>ORGANISCHES LUPINENPROTEIN Pulver, LUPINE PROTEIN<\/p>\n<p><strong>GMO-frei. Vegan.<\/strong><br \/>\n<strong>Zutaten:<\/strong> 100% organisches <strong>Lupinenprotein <\/strong>aus der Lupine Pflanze<strong>*. \u212e 200 g\/Verpackung<br \/>\n<\/strong>Die Lupine ist eine Pflanze aus der Familie der H\u00fclsenfr\u00fcchte mit einem milden, angenehmen Geschmack.<\/p>\n<p>*Produkt aus biologischem Anbau. Die Lupine ist ein <strong>Allergen<\/strong>.<\/p>\n<p><strong>Nat\u00fcrliche Quelle von:<\/strong><\/p>\n<ul>\n<li>40% Proteinen<\/li>\n<li>35% Fasern<\/li>\n<li>Mildem, angenehmem Geschmack<\/li>\n<\/ul>\n","protected":false},"featured_media":35968,"comment_status":"closed","ping_status":"open","template":"","meta":{"wds_primary_product_brand":0,"wds_primary_product_cat":0},"product_brand":[],"product_cat":[333],"product_tag":[583,584,585,586,541],"class_list":{"0":"post-36004","1":"product","2":"type-product","3":"status-publish","4":"has-post-thumbnail","6":"product_cat-bionia-bio-products-de","7":"product_tag-bio-lupine-protein-powder-de","8":"product_tag-lupine-bionia-de","9":"product_tag-lupine-protein-de","10":"product_tag-organic-lupine-protein-de","11":"product_tag-plant-protein-de","12":"pa_product-size-1-kg-de","13":"pa_product-size-200-g-de","15":"first","16":"instock","17":"sale","18":"shipping-taxable","19":"purchasable","20":"product-type-variable"},"_links":{"self":[{"href":"https:\/\/bionia.bio\/de\/wp-json\/wp\/v2\/product\/36004","targetHints":{"allow":["GET"]}}],"collection":[{"href":"https:\/\/bionia.bio\/de\/wp-json\/wp\/v2\/product"}],"about":[{"href":"https:\/\/bionia.bio\/de\/wp-json\/wp\/v2\/types\/product"}],"replies":[{"embeddable":true,"href":"https:\/\/bionia.bio\/de\/wp-json\/wp\/v2\/comments?post=36004"}],"wp:featuredmedia":[{"embeddable":true,"href":"https:\/\/bionia.bio\/de\/wp-json\/wp\/v2\/media\/35968"}],"wp:attachment":[{"href":"https:\/\/bionia.bio\/de\/wp-json\/wp\/v2\/media?parent=36004"}],"wp:term":[{"taxonomy":"product_brand","embeddable":true,"href":"https:\/\/bionia.bio\/de\/wp-json\/wp\/v2\/product_brand?post=36004"},{"taxonomy":"product_cat","embeddable":true,"href":"https:\/\/bionia.bio\/de\/wp-json\/wp\/v2\/product_cat?post=36004"},{"taxonomy":"product_tag","embeddable":true,"href":"https:\/\/bionia.bio\/de\/wp-json\/wp\/v2\/product_tag?post=36004"}],"curies":[{"name":"wp","href":"https:\/\/api.w.org\/{rel}","templated":true}]}}