{"id":36003,"date":"2024-03-27T13:19:41","date_gmt":"2024-03-27T10:19:41","guid":{"rendered":"https:\/\/bionia2.ivexto.net\/product\/bio-proteinmischung-fuer-maenner\/"},"modified":"2025-06-14T20:01:14","modified_gmt":"2025-06-14T17:01:14","slug":"bio-proteinmischung-fuer-maenner","status":"publish","type":"product","link":"https:\/\/bionia.bio\/de\/product\/bio-proteinmischung-fuer-maenner\/","title":{"rendered":"BIO PROTEINMISCHUNG f\u00fcr M\u00c4NNER"},"content":{"rendered":"<p>BIO PROTEINMISCHUNG f\u00fcr M\u00c4NNER<\/p>\n<p><strong>66% Protein<\/strong><\/p>\n<p><strong>GMO-frei. Vegan.<\/strong><\/p>\n<p><strong>Zutaten:<\/strong><\/p>\n<ul>\n<li>Bio Erbsenprotein*<\/li>\n<li>Bio Hanfprotein*<\/li>\n<li><strong>Bio Lupinenprotein*<\/strong><\/li>\n<li>Bio K\u00fcrbisprotein*<\/li>\n<li>Bio Guarana*<\/li>\n<\/ul>\n<p>*Produkt aus biologischem Anbau. Informationen zu Allergenen entnehmen Sie den <strong>fettgedruckten<\/strong> Zutaten. Es kann Spuren von Schuppen enthalten. \u212e 200 g\/Packung<\/p>\n<p>Hergestellt von der NATUR:\u00ae<\/p>\n<p>Die Proteinmischung f\u00fcr M\u00e4nner ist eine vollwertige Superfoodskombination von. Es f\u00f6rdert die M\u00e4nnlichkeit und die Libido dank des nat\u00fcrlichen Gehalts an allen essentiellen Aminos\u00e4uren, Mineralien und Phyton\u00e4hrstoffe. Geeignet bei einer erh\u00f6hten Muskelbelastung und einer k\u00f6rperlichen Erholung.<\/p>\n<p><strong>Empfohlene Tagesdosis: 20-30 g (3-4 Essl\u00f6ffel). <\/strong>Die Menge entspricht etwa 30% der empfohlenen Proteinaufnahme pro Tag. Holen Sie sich den Rest durch eine vollst\u00e4ndige Di\u00e4t. Die angegebene Menge ist eine Durchschnittsmenge und kann je nach individuellem Bedarf variieren.<\/p>\n<p><strong>Aufbewahrungs- und Verwendungsbedingungen:<\/strong> Geeignet f\u00fcr Kinder und Erwachsene sowie zur St\u00e4rkung des K\u00f6rpers. Ideal f\u00fcr die Zubereitung von Proteinriegeln und Smoothies, salzigen Lebensmitteln und Hauptgerichten. Gut kombinierbar mit N\u00fcssen, Getreide u.a. Es wird im K\u00f6rper nicht in Form von Fett gespeichert. An einem trockenen und k\u00fchlen Ort bei Raumtemperatur aufbewahren.<\/p>\n<p><strong>Herkunft:<\/strong> Produkt mit garantierter Qualit\u00e4t. Herkunft des Rohstoffs in\/au\u00dferhalb der EU, hergestellt in der EU.<\/p>\n","protected":false},"excerpt":{"rendered":"<p>BIO PROTEINMISCHUNG f\u00fcr M\u00c4NNER<\/p>\n<p><strong>66% Protein<\/strong><\/p>\n<p><strong>GMO-frei. Vegan.<\/strong><\/p>\n<p><strong>Zutaten:<\/strong><\/p>\n<ul>\n<li>Bio Erbsenprotein*<\/li>\n<li>Bio Hanfprotein*<\/li>\n<li><strong>Bio Lupinenprotein*<\/strong><\/li>\n<li>Bio K\u00fcrbisprotein*<\/li>\n<li>Bio Guarana*<\/li>\n<\/ul>\n<p>*Produkt aus biologischem Anbau. Informationen zu Allergenen entnehmen Sie den <strong>fettgedruckten<\/strong> Zutaten. Es kann Spuren von Schuppen enthalten. \u212e 200 g\/Packung<\/p>\n<p>Hergestellt von der NATUR:\u00ae<\/p>\n<p>Die Proteinmischung f\u00fcr M\u00e4nner ist eine vollwertige Superfoodskombination von. Es f\u00f6rdert die M\u00e4nnlichkeit und die Libido dank des nat\u00fcrlichen Gehalts an allen essentiellen Aminos\u00e4uren, Mineralien und Phyton\u00e4hrstoffe. Geeignet bei einer erh\u00f6hten Muskelbelastung und einer k\u00f6rperlichen Erholung.<\/p>\n","protected":false},"featured_media":35281,"comment_status":"closed","ping_status":"open","template":"","meta":{"wds_primary_product_brand":0,"wds_primary_product_cat":0},"product_brand":[],"product_cat":[333],"product_tag":[577,578,539,579,580,581],"class_list":{"0":"post-36003","1":"product","2":"type-product","3":"status-publish","4":"has-post-thumbnail","6":"product_cat-bionia-bio-products-de","7":"product_tag-66-protein-de","8":"product_tag-men-protein-de","9":"product_tag-men-workout-de","10":"product_tag-organic-protein-blend-for-men-de","11":"product_tag-training-and-nutrition-de","12":"product_tag-workout-nutrition-men-de","13":"pa_product-size-1-kg-de","14":"pa_product-size-200-g-de","16":"first","17":"instock","18":"sale","19":"shipping-taxable","20":"purchasable","21":"product-type-variable"},"_links":{"self":[{"href":"https:\/\/bionia.bio\/de\/wp-json\/wp\/v2\/product\/36003","targetHints":{"allow":["GET"]}}],"collection":[{"href":"https:\/\/bionia.bio\/de\/wp-json\/wp\/v2\/product"}],"about":[{"href":"https:\/\/bionia.bio\/de\/wp-json\/wp\/v2\/types\/product"}],"replies":[{"embeddable":true,"href":"https:\/\/bionia.bio\/de\/wp-json\/wp\/v2\/comments?post=36003"}],"wp:featuredmedia":[{"embeddable":true,"href":"https:\/\/bionia.bio\/de\/wp-json\/wp\/v2\/media\/35281"}],"wp:attachment":[{"href":"https:\/\/bionia.bio\/de\/wp-json\/wp\/v2\/media?parent=36003"}],"wp:term":[{"taxonomy":"product_brand","embeddable":true,"href":"https:\/\/bionia.bio\/de\/wp-json\/wp\/v2\/product_brand?post=36003"},{"taxonomy":"product_cat","embeddable":true,"href":"https:\/\/bionia.bio\/de\/wp-json\/wp\/v2\/product_cat?post=36003"},{"taxonomy":"product_tag","embeddable":true,"href":"https:\/\/bionia.bio\/de\/wp-json\/wp\/v2\/product_tag?post=36003"}],"curies":[{"name":"wp","href":"https:\/\/api.w.org\/{rel}","templated":true}]}}