{"id":36002,"date":"2023-12-05T10:44:01","date_gmt":"2023-12-05T07:44:01","guid":{"rendered":"https:\/\/bionia2.ivexto.net\/product\/bio-kakao\/"},"modified":"2025-06-14T20:01:16","modified_gmt":"2025-06-14T17:01:16","slug":"bio-kakao","status":"publish","type":"product","link":"https:\/\/bionia.bio\/de\/product\/bio-kakao\/","title":{"rendered":"BIO KAKAO"},"content":{"rendered":"<p>ORGANISCHES ROHES KAKAOPULVER, THEOBROMA CACAO L.<\/p>\n<p><strong>GLUTENFREI. KEINE Allergene. Vegan.<br \/>\nZutaten:<\/strong> <strong>100% organisches rohes Kakaopulver* mit 22% Fettgehalt. \u212e 200 g\/Verpackung<br \/>\n<\/strong>Der spezifische Produktionsprozess bewahrt einen wesentlichen Teil des N\u00e4hrwerts der Kakaobohnen ohne Zusatzstoffe. Es wurde keine ionisierende Strahlung verwendet.<br \/>\n*Produkt aus biologischem Anbau.<\/p>\n<p><strong>Nat\u00fcrliche Quelle von:<\/strong><\/p>\n<ul>\n<li>Eisen, Magnesium, Phosphor, Zink, Kupfer, Mangan, Kalium, Kalzium, Selen<\/li>\n<li>32% Naturfasern<\/li>\n<\/ul>\n<p><strong>Aufbewahrungs- und Verwendungsbedingungen:<\/strong> Geeignet f\u00fcr Kinder und Erwachsene. Ideal f\u00fcr die Zubereitung von Desserts, Shakes, rohen Kuchen, Kuchen, hei\u00dfen Getr\u00e4nken u.a. Charakteristischer Kakaogeschmack. Gut kombinierbar mit N\u00fcssen und Nussmilch, Obst u.a. An einem trockenen und k\u00fchlen Ort bei Raumtemperatur aufbewahren.<\/p>\n<p><strong>Herkunft:<\/strong>\u00a0 Peru. Produkt mit garantierter Qualit\u00e4t.<\/p>\n<p><strong>Rezept f\u00fcr rohe hausgemachte Schokolade:<\/strong><br \/>\nZutaten: 1 Essl\u00f6ffel Kakaobutter, 1 Avocado, 6-7 Essl\u00f6ffel Kakaopulver, 3-4 frische Datteln, \u00bd Banane auf Wunsch. Zubereitung: Die Butter im Wasserbad schmelzen. Die Datteln sch\u00e4len und entkernen. Alle Zutaten in einem Mixer mahlen, um eine glatte Mischung zu erhalten. Im K\u00fchlschrank aush\u00e4rten lassen oder sofort verzehren.<\/p>\n<p><strong>Rezept f\u00fcr hausgemachte Bonbons:<br \/>\n<\/strong>Zutaten: 1 Teel\u00f6ffel Waln\u00fcsse (oder Haseln\u00fcsse), 2-3 Teel\u00f6ffel Kakao, 3-4 Datteln, eine Prise Ceylon-Zimt, Ingwer nach Geschmack. Zubereitung: Die Zutaten in einen Mixer geben. Einige Minuten mahlen, um eine teigartige Mischung zu erhalten. Aus diesem Teig Kugeln formen. Einige Stunden in den K\u00fchlschrank stellen, bis sie fest werden. Sie werden nicht gebacken.<\/p>\n<p><strong>Rezept f\u00fcr Schokoladenshake:<br \/>\n<\/strong>Zutaten: 1 Banane, 2 Teel\u00f6ffel Kakao, 4-3 gesch\u00e4lte frische Datteln, eine Prise Bourbon Vanille, Ingwer nach Geschmack, 3 Teel\u00f6ffel Nuss- oder Sojamilch.\u00a0 Zubereitung: Alle Zutaten in einem Mixer mahlen, um ein glattes Getr\u00e4nk zu erhalten.<\/p>\n","protected":false},"excerpt":{"rendered":"<p>ORGANISCHES ROHES KAKAOPULVER, THEOBROMA CACAO L.<\/p>\n<p><strong>GLUTENFREI. KEINE Allergene. Vegan.<br \/>\nZutaten:<\/strong> <strong>100% organisches rohes Kakaopulver* mit 22% Fettgehalt. \u212e 200 g\/Verpackung<br \/>\n<\/strong>Der spezifische Produktionsprozess bewahrt einen wesentlichen Teil des N\u00e4hrwerts der Kakaobohnen ohne Zusatzstoffe. Es wurde keine ionisierende Strahlung verwendet.<br \/>\n*Produkt aus biologischem Anbau.<\/p>\n<p><strong>Nat\u00fcrliche Quelle von:<\/strong><\/p>\n<ul>\n<li>Eisen, Magnesium, Phosphor, Zink, Kupfer, Mangan, Kalium, Kalzium, Selen<\/li>\n<li>32% Naturfasern<\/li>\n<\/ul>\n<p><strong>Herkunft:<\/strong>\u00a0 Peru. Produkt mit garantierter Qualit\u00e4t.<\/p>\n","protected":false},"featured_media":35950,"comment_status":"closed","ping_status":"closed","template":"","meta":{"wds_primary_product_brand":0,"wds_primary_product_cat":0},"product_brand":[],"product_cat":[333],"product_tag":[570,571,572,573,574],"class_list":{"0":"post-36002","1":"product","2":"type-product","3":"status-publish","4":"has-post-thumbnail","6":"product_cat-bionia-bio-products-de","7":"product_tag-bio-cacao-de","8":"product_tag-bionia-bio-cacao-de","9":"product_tag-cacao-22-fat-de","10":"product_tag-organic-cacao-powder-de","11":"product_tag-raw-cacao-de","12":"pa_product-size-1-kg-de","13":"pa_product-size-200-g-de","15":"first","16":"outofstock","17":"sale","18":"shipping-taxable","19":"purchasable","20":"product-type-variable"},"_links":{"self":[{"href":"https:\/\/bionia.bio\/de\/wp-json\/wp\/v2\/product\/36002","targetHints":{"allow":["GET"]}}],"collection":[{"href":"https:\/\/bionia.bio\/de\/wp-json\/wp\/v2\/product"}],"about":[{"href":"https:\/\/bionia.bio\/de\/wp-json\/wp\/v2\/types\/product"}],"replies":[{"embeddable":true,"href":"https:\/\/bionia.bio\/de\/wp-json\/wp\/v2\/comments?post=36002"}],"wp:featuredmedia":[{"embeddable":true,"href":"https:\/\/bionia.bio\/de\/wp-json\/wp\/v2\/media\/35950"}],"wp:attachment":[{"href":"https:\/\/bionia.bio\/de\/wp-json\/wp\/v2\/media?parent=36002"}],"wp:term":[{"taxonomy":"product_brand","embeddable":true,"href":"https:\/\/bionia.bio\/de\/wp-json\/wp\/v2\/product_brand?post=36002"},{"taxonomy":"product_cat","embeddable":true,"href":"https:\/\/bionia.bio\/de\/wp-json\/wp\/v2\/product_cat?post=36002"},{"taxonomy":"product_tag","embeddable":true,"href":"https:\/\/bionia.bio\/de\/wp-json\/wp\/v2\/product_tag?post=36002"}],"curies":[{"name":"wp","href":"https:\/\/api.w.org\/{rel}","templated":true}]}}