{"id":36001,"date":"2023-12-05T10:50:07","date_gmt":"2023-12-05T07:50:07","guid":{"rendered":"https:\/\/bionia2.ivexto.net\/product\/bio-maca-2\/"},"modified":"2025-06-14T20:01:16","modified_gmt":"2025-06-14T17:01:16","slug":"bio-maca-2","status":"publish","type":"product","link":"https:\/\/bionia.bio\/de\/product\/bio-maca-2\/","title":{"rendered":"BIO Maca"},"content":{"rendered":"<p>ORGANISCHE ROHE MACA Pulver, MACA \/ LEPIDIUM PERUVIANUM<\/p>\n<p><strong>GLUTENFREI. KEINE Allergene. Vegan.<\/strong><\/p>\n<p><strong>Nat\u00fcrliche Quelle von:<\/strong><\/p>\n<ul>\n<li>Kalzium, Kupfer, Eisen, Kalium, Zink<\/li>\n<li>Vitamin B12, Vitamin B6 und Vitamin C<\/li>\n<\/ul>\n<p><strong>Zutaten:<\/strong> <strong>100% organisches rohes Macapulver. \u212e 200 g\/Verpackung<br \/>\n<\/strong>Maca ist ein kleines Wurzelgem\u00fcse, das auf \u00fcber 3.500 m \u00fcber dem Meeresspiegel angebaut wird. Maca wird als \u201eSuperfood der Anden\u201c bezeichnet und ist bei der lokalen Bev\u00f6lkerung der peruanischen Anden beliebt.<\/p>\n<p>*Produkt aus biologischem Anbau.<\/p>\n<p><strong>Empfohlene Tagesdosis: <\/strong>T\u00e4glich 3 &#8211; 5 g (\u22481 Essl\u00f6ffel) in Smoothies, Shakes, hei\u00dfen Getr\u00e4nken, Desserts usw. Es wird empfohlen, mit der Mindestmenge anzufangen und die Dosis im Laufe der Zeit schrittweise zu erh\u00f6hen.<\/p>\n<p><strong>Aufbewahrungs- und Verwendungsbedingungen:<\/strong> Geeignet f\u00fcr Kinder und Erwachsene. Ideal f\u00fcr die Zubereitung von Desserts, Getr\u00e4nken, rohen Kuchen, Eis u.a. Maca hat einen leicht malzigen Geschmack mit einer Karamellnuance. Gut kombinierbar mit Kakao, N\u00fcssen und Nussmilch, Obst u.a. An einem trockenen und k\u00fchlen Ort bei Raumtemperatur aufbewahren.<\/p>\n<p><strong>Herkunft:<\/strong>\u00a0 Peru. Produkt mit garantierter Qualit\u00e4t.<\/p>\n<p><strong>Rezept f\u00fcr rohes hausgemachtes Eis:<br \/>\n<\/strong>Zutaten: 2-3 Bananen, 4-5 Essl\u00f6ffel Macapulver, 4-5 frische Datteln, eine Prise Bourbon-Vanille, Lupinenprotein (auf Wunsch).<br \/>\nZubereitung: Die Datteln sch\u00e4len und entkernen. Die Bananen f\u00fcr einige Stunden im Gefrierschrank einfrieren. Danach alle Zutaten in einem Mixer\/Chopper mahlen, um eine glatte Mischung zu erhalten. Im Gefrierschrank f\u00fcr kurze Zeit wieder aush\u00e4rten lassen oder sofort verzehren.<\/p>\n<p><strong>Rezept f\u00fcr Vanilleshake:<\/strong><br \/>\nZutaten: 1 Banane, 2 Teel\u00f6ffel Macapulver, 4-3 gesch\u00e4lte frische Datteln, eine Prise Bourbon Vanille, Ingwer nach Geschmack, 3 Teel\u00f6ffel Nuss- oder Sojamilch.\u00a0 Zubereitung: Alle Zutaten in einem Mixer mahlen, um ein glattes Getr\u00e4nk zu erhalten.<\/p>\n","protected":false},"excerpt":{"rendered":"<p>ORGANISCHE ROHE MACA Pulver, MACA \/ LEPIDIUM PERUVIANUM<\/p>\n<p><strong>GLUTENFREI. KEINE Allergene. Vegan.<\/strong><\/p>\n<p><strong>Nat\u00fcrliche Quelle von:<\/strong><\/p>\n<ul>\n<li>Kalzium, Kupfer, Eisen, Kalium, Zink<\/li>\n<li>Vitamin B12, Vitamin B6 und Vitamin C<\/li>\n<\/ul>\n<p><strong>Zutaten:<\/strong> <strong>100% organisches rohes Macapulver. \u212e 200 g\/Verpackung<br \/>\n<\/strong>Maca ist ein kleines Wurzelgem\u00fcse, das auf \u00fcber 3.500 m \u00fcber dem Meeresspiegel angebaut wird. Maca wird als \u201eSuperfood der Anden\u201c bezeichnet und ist bei der lokalen Bev\u00f6lkerung der peruanischen Anden beliebt.<\/p>\n<p>*Produkt aus biologischem Anbau.<\/p>\n","protected":false},"featured_media":35974,"comment_status":"closed","ping_status":"open","template":"","meta":{"wds_primary_product_brand":0,"wds_primary_product_cat":0},"product_brand":[],"product_cat":[333],"product_tag":[565,566,567,568],"class_list":{"0":"post-36001","1":"product","2":"type-product","3":"status-publish","4":"has-post-thumbnail","6":"product_cat-bionia-bio-products-de","7":"product_tag-bio-maca-de","8":"product_tag-bionia-bio-maca-de","9":"product_tag-maca-peru-de","10":"product_tag-organic-maca-powder-de","11":"pa_product-size-1-kg-de","12":"pa_product-size-200-g-de","14":"first","15":"instock","16":"sale","17":"shipping-taxable","18":"purchasable","19":"product-type-variable"},"_links":{"self":[{"href":"https:\/\/bionia.bio\/de\/wp-json\/wp\/v2\/product\/36001","targetHints":{"allow":["GET"]}}],"collection":[{"href":"https:\/\/bionia.bio\/de\/wp-json\/wp\/v2\/product"}],"about":[{"href":"https:\/\/bionia.bio\/de\/wp-json\/wp\/v2\/types\/product"}],"replies":[{"embeddable":true,"href":"https:\/\/bionia.bio\/de\/wp-json\/wp\/v2\/comments?post=36001"}],"wp:featuredmedia":[{"embeddable":true,"href":"https:\/\/bionia.bio\/de\/wp-json\/wp\/v2\/media\/35974"}],"wp:attachment":[{"href":"https:\/\/bionia.bio\/de\/wp-json\/wp\/v2\/media?parent=36001"}],"wp:term":[{"taxonomy":"product_brand","embeddable":true,"href":"https:\/\/bionia.bio\/de\/wp-json\/wp\/v2\/product_brand?post=36001"},{"taxonomy":"product_cat","embeddable":true,"href":"https:\/\/bionia.bio\/de\/wp-json\/wp\/v2\/product_cat?post=36001"},{"taxonomy":"product_tag","embeddable":true,"href":"https:\/\/bionia.bio\/de\/wp-json\/wp\/v2\/product_tag?post=36001"}],"curies":[{"name":"wp","href":"https:\/\/api.w.org\/{rel}","templated":true}]}}